{"id":38,"date":"2015-02-20T16:01:50","date_gmt":"2015-02-20T16:01:50","guid":{"rendered":"https:\/\/www.medicina.ufmg.br\/alo\/?page_id=38"},"modified":"2025-07-17T15:41:30","modified_gmt":"2025-07-17T15:41:30","slug":"ensino-2","status":"publish","type":"page","link":"https:\/\/www.medicina.ufmg.br\/alo\/ensino-2\/","title":{"rendered":"Ensino"},"content":{"rendered":"<h3><a href=\"http:\/\/www.medicina.ufmg.br\/alo\/wp-content\/uploads\/sites\/23\/2025\/07\/FLYER-Live-Tissue-Experience-Hands-on-Fresh-Cadaver-1.pdf\">Cadaver Lab &#8211; acessar<\/a><\/h3>\n<h2>Medicina<\/h2>\n<table>\n<tbody>\n<tr>\n<td><span style=\"font-weight: bold;\">Disciplina<\/span><\/td>\n<td><span style=\"font-weight: bold;\">Categoria<\/span><\/td>\n<td><span style=\"font-weight: bold;\">Per\u00edodo<\/span><\/td>\n<td><span style=\"font-weight: bold;\">Coordenador<\/span><\/td>\n<td><strong>Arquivos<\/strong><\/td>\n<\/tr>\n<tr>\n<td>Atendimento Pr\u00e9-Hospitalar (APH)- M\u00f3dulo em Ortopedia<\/td>\n<td>Obrigat\u00f3ria<\/td>\n<td>1\u00ba<\/td>\n<td>Jefferson Soares Leal<\/td>\n<td>\u00a0<\/td>\n<\/tr>\n<tr>\n<td>Turoria<\/td>\n<td>Obrigat\u00f3ria<\/td>\n<td>2\u00ba<\/td>\n<td>Cristina Costa Duarte Lanna<\/td>\n<td>\u00a0<\/td>\n<\/tr>\n<tr>\n<td>\u00c9tica M\u00e9dica<\/td>\n<td>Obrigat\u00f3ria<\/td>\n<td>7\u00ba<\/td>\n<td>Ubiratan Brum De Castro<\/td>\n<td>\u00a0<\/td>\n<\/tr>\n<tr>\n<td>Suporte De Vida Em Urgencia E Emerg\u00eancia Ii (Svue) \u2013 M\u00f3dulo Ortopedia<\/td>\n<td>Obrigat\u00f3ria<\/td>\n<td>8\u00ba<\/td>\n<td>T\u00falio Vinicius De Oliveira Campos<\/td>\n<td>\u00a0<\/td>\n<\/tr>\n<tr>\n<td>Reumatologia<\/td>\n<td>Optativa<\/td>\n<td>9\u00ba<\/td>\n<td>Cristina Costa Duarte Lanna<\/td>\n<td>\u00a0<\/td>\n<\/tr>\n<tr>\n<td>Ortopedia<\/td>\n<td>Optativa<\/td>\n<td>9\u00ba<\/td>\n<td>Marco Ant\u00f4nio Percope de AndradeL\u00facio Hon\u00f3rio de Carvalho J\u00fanior\n<p>Ubiratan Brum de Castro<\/p>\n<p>Robinson Esteves Santos Pires<\/p>\n<\/td>\n<td>\u00a0<\/td>\n<\/tr>\n<tr>\n<td>Aten\u00e7\u00e3o Secund\u00e1ria em Reumatologia<\/td>\n<td>Obrigat\u00f3ria<\/td>\n<td>10\u00ba<\/td>\n<td>Fabiana De Miranda Moura Dos Santos<\/td>\n<td><a href=\"http:\/\/ftp.medicina.ufmg.br\/alo\/arquivos\/2015\/AtencaoSecundariaEmReumatologia_13022015.pdf\">Programa<\/a><a href=\"https:\/\/www.medicina.ufmg.br\/alo\/wp-content\/uploads\/sites\/23\/2015\/02\/Anamnese-atual0001-28-06-2017.pdf\" target=\"_blank\" rel=\"noopener noreferrer\">Anamnese<\/a>\n<p><a href=\"https:\/\/www.medicina.ufmg.br\/alo\/wp-content\/uploads\/sites\/23\/2018\/02\/Atencao-secundaria-1-tri.pdf\">Plano de ensino<\/a><br \/>*atualizado em 01\/02\/2018<\/p>\n<\/td>\n<\/tr>\n<tr>\n<td>Aten\u00e7\u00e3o Secund\u00e1ria em Ortopedia<\/td>\n<td>Obrigat\u00f3ria<\/td>\n<td>10\u00ba<\/td>\n<td>Daniel Soares Baumfeld<\/td>\n<td>\n<p style=\"text-align: center;\"><a href=\"https:\/\/www.medicina.ufmg.br\/alo\/wp-content\/uploads\/sites\/23\/2017\/12\/Plano_ATEN\u00c7\u00c3O-SECUNDARIA-EM-ORTOPEDIA-E-TRAUMATOLOGIA-ALO007-05-12-2017.pdf\" target=\"_blank\" rel=\"noopener noreferrer\">Plano de ensino<\/a><br \/>*atualizado em 05\/12\/2017<\/p>\n<p><a href=\"http:\/\/ftp.medicina.ufmg.br\/alo\/arquivos\/2015\/AtencaoSecundariaEmReumatologia_13022015.pdf\">Programa<\/a><\/p>\n<\/td>\n<\/tr>\n<\/tbody>\n<\/table>\n<h2>\u00a0Fisioterapia e Terapia Ocupacional<\/h2>\n<table>\n<tbody>\n<tr>\n<td><span style=\"font-weight: bold;\">Disciplina<\/span><\/td>\n<td><span style=\"font-weight: bold;\">Categoria<\/span><\/td>\n<td><span style=\"font-weight: bold;\">Per\u00edodo<\/span><\/td>\n<td><span style=\"font-weight: bold;\">Coordenador<\/span><\/td>\n<td><strong>Arquivos<\/strong><\/td>\n<\/tr>\n<tr>\n<td>Aparelho Locomotor para Terapia Ocupacional<\/td>\n<td>Obrigat\u00f3ria<\/td>\n<td>4\u00ba<\/td>\n<td>D\u00e9bora Cerqueira Calderaro<\/td>\n<td>\u00a0<a href=\"https:\/\/www.medicina.ufmg.br\/alo\/wp-content\/uploads\/sites\/23\/2017\/12\/Plano_T.O-corrigido-05-12-2017.pdf\" target=\"_blank\" rel=\"noopener noreferrer\">Plano de ensino<\/a><br \/>*atualizado em 05\/12\/2017<\/td>\n<\/tr>\n<\/tbody>\n<\/table>\n\n\n<p><a href=\"https:\/\/www.medicina.ufmg.br\/alo\/wp-content\/uploads\/sites\/23\/2017\/11\/QUADRO-DE-HORARIO-28-11-2017.pdf\" target=\"_blank\" rel=\"noreferrer noopener\">Quadro de hor\u00e1rios<\/a> *atualizado em 28\/11\/2017<\/p>\n","protected":false},"excerpt":{"rendered":"<p>Cadaver Lab &#8211; acessar Medicina Disciplina Categoria Per\u00edodo Coordenador Arquivos Atendimento Pr\u00e9-Hospitalar (APH)- M\u00f3dulo em Ortopedia Obrigat\u00f3ria 1\u00ba Jefferson Soares Leal \u00a0 Turoria Obrigat\u00f3ria 2\u00ba Cristina Costa Duarte Lanna \u00a0 \u00c9tica M\u00e9dica Obrigat\u00f3ria 7\u00ba Ubiratan Brum De Castro \u00a0 Suporte De Vida Em Urgencia E Emerg\u00eancia Ii (Svue) \u2013 M\u00f3dulo Ortopedia Obrigat\u00f3ria 8\u00ba T\u00falio Vinicius [&hellip;]<\/p>\n","protected":false},"author":27,"featured_media":0,"parent":0,"menu_order":0,"comment_status":"closed","ping_status":"closed","template":"","meta":{"footnotes":""},"class_list":["post-38","page","type-page","status-publish","hentry"],"_links":{"self":[{"href":"https:\/\/www.medicina.ufmg.br\/alo\/wp-json\/wp\/v2\/pages\/38","targetHints":{"allow":["GET"]}}],"collection":[{"href":"https:\/\/www.medicina.ufmg.br\/alo\/wp-json\/wp\/v2\/pages"}],"about":[{"href":"https:\/\/www.medicina.ufmg.br\/alo\/wp-json\/wp\/v2\/types\/page"}],"author":[{"embeddable":true,"href":"https:\/\/www.medicina.ufmg.br\/alo\/wp-json\/wp\/v2\/users\/27"}],"replies":[{"embeddable":true,"href":"https:\/\/www.medicina.ufmg.br\/alo\/wp-json\/wp\/v2\/comments?post=38"}],"version-history":[{"count":21,"href":"https:\/\/www.medicina.ufmg.br\/alo\/wp-json\/wp\/v2\/pages\/38\/revisions"}],"predecessor-version":[{"id":500,"href":"https:\/\/www.medicina.ufmg.br\/alo\/wp-json\/wp\/v2\/pages\/38\/revisions\/500"}],"wp:attachment":[{"href":"https:\/\/www.medicina.ufmg.br\/alo\/wp-json\/wp\/v2\/media?parent=38"}],"curies":[{"name":"wp","href":"https:\/\/api.w.org\/{rel}","templated":true}]}}