{"id":26,"date":"2015-02-03T18:16:22","date_gmt":"2015-02-03T18:16:22","guid":{"rendered":"https:\/\/www.medicina.ufmg.br\/apm\/?page_id=26"},"modified":"2022-06-14T19:58:16","modified_gmt":"2022-06-14T19:58:16","slug":"sobre","status":"publish","type":"page","link":"https:\/\/www.medicina.ufmg.br\/apm\/sobre\/","title":{"rendered":"Sobre"},"content":{"rendered":"\n<p>Atualmente as disciplinas de Anatomia Patol\u00f3gica M\u00e9dica (APM I e II) ocupam carga did\u00e1tica no quinto e sexto per\u00edodo da Gradua\u00e7\u00e3o em Medicina.<\/p>\n\n\n\n<!--more-->\n\n\n\n<p>A hist\u00f3ria da Anatomia Patol\u00f3gica na Faculdade de Medicina da Universidade Federal de Minas Gerais iniciou-se em 10 de mar\u00e7o de 1912 com a contrata\u00e7\u00e3o do Professor Walter Haberfeld da Alemanha. O Prof. Haberfeld foi substituido pelo Prof. Roberto de Almeida Cunha, cujo nome aparece no quadro de professores da Faculdade em 1918, ano do seu reconhecimento oficial. O Prof. Almeida Cunha aposentou-se em 1958 como catedr\u00e1tico de Microbiologia, sua definitiva voca\u00e7\u00e3o. Neste per\u00edodo manteve-se ativo o Servi\u00e7o de Necr\u00f3psias, sendo expressiva a participa\u00e7\u00e3o de docentes da \u00e1rea cl\u00ednica, especialmente os professores Jo\u00e3o Afonso Moreira e Mello Leit\u00e3o, aparecendo, ainda, os nomes dos Drs. Ary Ferreira e Evandro Ferreira Barros.<\/p>\n\n\n\n<p>Em 1919 h\u00e1 registro do Dr. Carlos Pinheiro Chagas como Docente-Livre das Cadeiras de Histologia e Anatomia Patol\u00f3gica. Em 1927 o Prof. Carlos Pinheiro Chagas consta como licenciado, aparecendo o nome do Dr. Yvon Rodrigues Vieira como respons\u00e1vel pela disciplina. Dentro do primeiro esbo\u00e7o da estrutura departamental, em 1931 criou-se o Departamento de Patologia, constitu\u00eddo pelas disciplinas Patologia Geral, Anatomia e Fisiologia Patol\u00f3gicas, Microbiologia e Parasitologia.<\/p>\n\n\n\n<p>Em 1933 foi indicado o Prof. Roberto de Almeida Cunha como Professor Substituto da disciplina Anatomia Patol\u00f3gica. At\u00e9 o ano de 1936 foi constante a presen\u00e7a nos registros de necr\u00f3psias dos nomes dos Drs. Evandro Fonseca Barros e Yvon Rodrigues Vieira e, a partir de 1942, tornou-se freq\u00fcente a atua\u00e7\u00e3o dos professores Jos\u00e9 Lopes de Faria, Paulo R.F. Borges e, principalmente, do Prof. Moacyr A. Junqueira. A Faculdade, em 1938, reconhecendo o alto interesse para o ensino m\u00e9dico, providenciou instala\u00e7\u00f5es adequadas para a Cadeira de Anatomia Patol\u00f3gica e entregou sua reg\u00eancia, mediante contrato, ao patologista Prof. Osvino Alvares Pena. Este permaneceu por pouco tempo, retornando ao Instituto Oswaldo Cruz (Rio de Janeiro). Assumiu, ent\u00e3o, interinamente o Dr. Paulo Elejalde, entre 9 de fevereiro de 1939 e janeiro de 1941, \u00e9poca na qual a reg\u00eancia passou a ser ocupada pelo Prof. Oct\u00e1vio de Magalh\u00e3es.<\/p>\n\n\n\n<p>Sens\u00edvel \u00e0 necessidade de contrata\u00e7\u00e3o de um \u201cespecialista\u201d para uma disciplina fundamental ao curso m\u00e9dico, a Congrega\u00e7\u00e3o deliberou autorizar a Diretoria manter contato com o Prof. Luigi Bogliolo, Patologista italiano com passagem pelas Universidades de Pisa e Bari (Italia), na \u00e9poca radicado no Rio de Janeiro. Esta contrata\u00e7\u00e3o somente se concretizaria em 31 de janeiro de 1944, havendo permanecido interinamente no cargo o Prof. Oct\u00e1vio de Magalh\u00e3es. O Conselho Universit\u00e1rio da UFMG aprovou a contrata\u00e7\u00e3o e sua posterior renova\u00e7\u00e3o em 1952, quando recomendou \u00e0 Faculdade melhor aparelhamento do laborat\u00f3rio de Anatomia Patol\u00f3gica.<\/p>\n\n\n\n<p>O Prof. Bogliolo, com o objetivo de alcan\u00e7ar a C\u00e1tedra, submeteu-se \u00e0 revalida\u00e7\u00e3o do seu diploma de m\u00e9dico entre os anos de 1953 e 1957. Em 1958 apresentou tese de Doutoramento e em 1959 tornou-se Catedr\u00e1tico em Anatomia Patol\u00f3gica. O Departamento de Anatomia Patol\u00f3gica (a partir de 1970, Departamento de Anatomia Patol\u00f3gica e Medicina Legal) foi chefiado pelo Prof. Bogliolo at\u00e9 o final de 1975, ocorrendo sua aposentadoria compuls\u00f3ria em abril de 1978, quando recebeu da Faculdade o t\u00edtulo de Professor Em\u00e9rito.<\/p>\n\n\n\n<p>Durante 34 anos Bogliolo consolidou respeitada Escola de Anatomia Patol\u00f3gica, contando com a colabora\u00e7\u00e3o de numerosos professores: Paulo Roberto Ferreira Borges, Jo\u00e3o Henriques Freitas Filho (posteriormente Catedr\u00e1tico e Professor Titular de Medicina Legal), Nello de Moura Rangel (ocupou a C\u00e1tedra de Histologia e Embriologia), Edmundo Chapadeiro (Professor Titular de Anatomia Patol\u00f3gica e Diretor da Faculdade de Medicina do Tri\u00e2ngulo Mineiro), Iracema Mathilde Baccarini (Professora Adjunta em Anatomia Patol\u00f3gica e Cl\u00ednica Obst\u00e9trica), Washington Luiz Tafuri (Professor Titular e Em\u00e9rito, Chefe do Centro de Microscopia Eletr\u00f4nica), Pedro Raso (Professor Titular e Em\u00e9rito), Celso Pedro Tafuri (Professor Adjunto), P\u00e9rsio Godoy (Professor Adjunto), Alberto Nicolau Raick (Professor Titular na Universidade de Brasilia), Jos\u00e9 Geraldo Albernaz (Catedr\u00e1tico de Cl\u00ednica Neurol\u00f3gica), Guilherme Cabral Filho (Professor Titular de Neurologia), Abadio Marques Neder, Isauro Epiphaneo Pereira, Jader Teixeira de Siqueira, Evil\u00e1zio Teubner Ferreira, Waldemar Ladosky, Alu\u00edzio Molinar, Neide Garcia de Lima, Ayrton Garcia Le\u00e3o (Professor Assistente), Romeu Cardoso Guimar\u00e0es (Professor Titular de Gen\u00e9tica em Botucatu), Luiz Ot\u00e1vio Savassi Rocha (Professor Adjunto de Cl\u00ednica M\u00e9dica), Jos\u00e9 Eymard Homem Pittella (Professor Titular), Alfredo Jos\u00e9 Afonso Barbosa (Professor Titular), Eduardo Alves Bambirra (Professor Titular), Geraldo Brasileiro Filho (Professor Titular).<\/p>\n\n\n\n<p>Ap\u00f3s o afastamento do Prof. Bogliolo, o APM continuou destacando-se como um dos Departamentos mais produtivos da Universidade, particularmente pela cont\u00ednua titula\u00e7\u00e3o dos seus docentes e expressivo n\u00famero de pesquisas, principalmente considerando o n\u00famero de docentes. \u00c9 significativa a participa\u00e7\u00e3o dos discentes neste esfor\u00e7o, atrav\u00e9s dos programas de bolsas ou voluntariamente. No ano de 1996, foram publicados 23 artigos cient\u00edficos, 11 em peri\u00f3dicos estrangeiros e 12 em nacionais, al\u00e9m de 30 resumos em anais de eventos nacionais e internacionais.<\/p>\n\n\n\n<p>Na d\u00e9cada de 90 e no in\u00edcio da \u00faltima d\u00e9cada ficaram fortalecidos os diversos segmentos (especialidades) do APM, muitos dos quais constituem not\u00f3ria refer\u00eancia, que ultrapassa os limites da Faculdade (Laborat\u00f3rio de Neuropatologia, Patologia Digestiva e Neuroend\u00f3crina, Patologia G\u00e1strica, Patologia Hep\u00e1tica, Patologia End\u00f3crina, Patologia Fetal e Perinatal, Patologia da Medula \u00d3ssea, Nefropatologia, Biologia Molecular, Patologia da Mama).<\/p>\n\n\n\n<p>O livro Patologia (Bogliolo), de autoria do Professor Bogliolo, teve garantida a continuidade de suas edi\u00e7\u00f5es, com a efetiva colabora\u00e7\u00e3o do APM, atualmente com a editoria do Prof. Geraldo Brasileiro Filho, tornando-se publica\u00e7\u00e3o importante na \u00e1rea de ensino em Patologia no Brasil. A obra conta agora com maior n\u00famero de colaboradores de express\u00e3o nas diversas \u00e1reas da Patalogia em todo o territ\u00f3rio nacional.<\/p>\n\n\n\n<p><strong>Disciplina Medicina Legal e Deontologia<\/strong><\/p>\n\n\n\n<p>Entre os professores fundadores da Faculdade de Medicina em 25 de junho de 1911, figura o Prof. C\u00edcero Ribeiro Rodrigues Ferreira como ocupante da Cadeira de Medicina Legal, permaneceu no cargo at\u00e9 31 de julho 1920. O Prof. C\u00edcero Ferreira representou o grande articulador do reconhecimento da Faculdade, fato concretizado em 20 de fevereiro de 1918. Em 1921 registra-se o Dr. Leontino Cunha, como professor substituto,Criou-se, em 4 de mar\u00e7o de 1931, o Departamento de Medicina P\u00fcblica, composto das disciplinas Higiene e Medicina Legal. No mesmo ano, em 31 de outubro, foi empossado como Livre Docente em Medicina Legal o Dr. Oscar Negr\u00e3o de Lima; este professor, em 25 de fevereiro de 1933, foi indicado para reg\u00eancia, ocupando, finalmente, a C\u00e1tedra da Medicina Legal em 16 de setembro de 1935. Em 1963 faziam parte da rela\u00e7\u00e3o de docentes do Departamento de Medicina Legal, al\u00e9m do catedr\u00e1tico, Prof. Oscar Negr\u00e3o de Lima, os Drs. Geraldo Roedel, Jos\u00e9 Barbosa e Jo\u00e3o Henriques de Freitas Filho .<\/p>\n\n\n\n<p>A partir de 1964, a disciplina de Medicina Legal e Deontologia veio ser ministrada pelo Prof. Jo\u00e3o de Freitas (Jo\u00e3o Henriques de Freitas Filho), a principio assistente volunt\u00e1rio, depois livre-docente, quando defendeu a tese Aspectos da morte t\u00edmica, dedicada ao Prof. Liberato J.A. DiDio, e professor titular. Na d\u00e9cada de setenta, o Dr. Roberto Pereira Campos (auxiliar de ensino) substituiu Geraldo Roedel (aposentado), e Jos\u00e9 Frank Wyebrek Marotta (auxiliar de ensino) substituiu Jos\u00e9 Barbosa (demiss\u00e3o a pedido). Na mesma d\u00e9cada, Dr. Ivan Lage (auxiliar de ensino) substituiu Jos\u00e9 Frank W. Marotta (demiss\u00e3o volunt\u00e1ria). Em julho de 1988 o Prof. Jo\u00e3o de Freitas foi jubilado (aposentadoria compuls\u00f3ria).<\/p>\n\n\n\n<p>Atualmente a Disciplina Medicina Legal e Deontologia M\u00e9dica \u00e9 composta pelos Profs. Jos\u00e9 Mauro de Moraes e Vanessa Fortes Zschaber Marinho, al\u00e9m de eventuais professores substitutos. Exercem suas atividades did\u00e1ticas na Faculdade de Medicina e de Direito.<\/p>\n\n\n\n<h2 class=\"wp-block-heading\">Administra\u00e7\u00e3o<\/h2>\n\n\n\n<p><strong>Chefe do Departamento<\/strong><br>Prof. Eduardo Paulino J\u00fanior<\/p>\n\n\n\n<p><strong>Vice chefe do Departamento<\/strong><br>Prof\u00aa Cristiana Buzelin Nunes<\/p>\n\n\n\n<p><strong>Coordenador da Gradua\u00e7\u00e3o \u2013 \u00e1rea de Anatomia Patol\u00f3gica<\/strong><br>Prof\u00aa. M\u00f4nica Maria Demas \u00c1lvares Cabral<br>Prof\u00aa. Paula Vieira Teixeira Vidigal<\/p>\n\n\n\n<p><strong>Coordenador da Gradua\u00e7\u00e3o \u2013 \u00e1rea de Medicina Legal&nbsp;<\/strong><br>Prof. Jos\u00e9 Mauro de Moraes<\/p>\n\n\n\n<p><strong>Coordenador dos Programas de Monitoria de Gradua\u00e7\u00e3o \u2013 PMG APM<\/strong><br>Prof\u00aa. Paula Vieira Teixeira Vidigal<\/p>\n\n\n\n<p><strong>Coordenador dos Programas de Gradua\u00e7\u00e3o (monitoria)&nbsp;<\/strong><br>Prof. Marcelo Ant\u00f4nio Pascoal Xavier<\/p>\n\n\n\n<p><strong>Secret\u00e1ria Administrativa&nbsp;<\/strong><br>Maria C\u00e9lia Graveli Neves<\/p>\n\n\n\n<p><strong>Coordenador da P\u00f3s-gradua\u00e7\u00e3o em Patologia \u2013 (mestrado e doutorado)\u00a02020\/2022<\/strong><br>Prof\u00aa. Dra. Tatiane Alves da Paix\u00e3o<br>Prof\u00aa. Dra. Milene Alvarenga Rachid<\/p>\n\n\n\n<h2 class=\"wp-block-heading\">Laborat\u00f3rios e servi\u00e7os especializados<\/h2>\n\n\n\n<p><strong>Coordena\u00e7\u00e3o<\/strong><\/p>\n\n\n\n<p>Laborat\u00f3rio de Patologia Mam\u00e1ria \u2013 Profa. Cristiana Buzelin Nunes<\/p>\n\n\n\n<p>Laborat\u00f3rio de Patologia G\u00e1strica \u2013 Profa M\u00f4nica Maria Demas \u00c1lvares Cabral<\/p>\n\n\n\n<p>Laborat\u00f3rio de Patologia Hep\u00e1tica \u2013 Profa. Paula Vieira Teixeira Vidigal<\/p>\n\n\n\n<p>Laborat\u00f3rio de Citopatologia Vaginal \u2013 Prof. Marcelo Ant\u00f4nio Pascoal Xavier<\/p>\n\n\n\n<p>Laborat\u00f3rio de Patologia Molecular \u2013 Profs. Marcelo Ant\u00f4nio Pascoal Xavier e Paula Vieira Teixeira Vidigal<\/p>\n\n\n\n<p>Ambulat\u00f3rio de pun\u00e7\u00e3o de Tire\u00f3ide \u2013 Prof. Eduardo Paulino J\u00fanior<\/p>\n","protected":false},"excerpt":{"rendered":"<p>Atualmente as disciplinas de Anatomia Patol\u00f3gica M\u00e9dica (APM I e II) ocupam carga did\u00e1tica no quinto e sexto per\u00edodo da Gradua\u00e7\u00e3o em Medicina.<\/p>\n","protected":false},"author":16,"featured_media":0,"parent":0,"menu_order":0,"comment_status":"closed","ping_status":"closed","template":"","meta":{"footnotes":""},"class_list":["post-26","page","type-page","status-publish","hentry"],"_links":{"self":[{"href":"https:\/\/www.medicina.ufmg.br\/apm\/wp-json\/wp\/v2\/pages\/26","targetHints":{"allow":["GET"]}}],"collection":[{"href":"https:\/\/www.medicina.ufmg.br\/apm\/wp-json\/wp\/v2\/pages"}],"about":[{"href":"https:\/\/www.medicina.ufmg.br\/apm\/wp-json\/wp\/v2\/types\/page"}],"author":[{"embeddable":true,"href":"https:\/\/www.medicina.ufmg.br\/apm\/wp-json\/wp\/v2\/users\/16"}],"replies":[{"embeddable":true,"href":"https:\/\/www.medicina.ufmg.br\/apm\/wp-json\/wp\/v2\/comments?post=26"}],"version-history":[{"count":13,"href":"https:\/\/www.medicina.ufmg.br\/apm\/wp-json\/wp\/v2\/pages\/26\/revisions"}],"predecessor-version":[{"id":233,"href":"https:\/\/www.medicina.ufmg.br\/apm\/wp-json\/wp\/v2\/pages\/26\/revisions\/233"}],"wp:attachment":[{"href":"https:\/\/www.medicina.ufmg.br\/apm\/wp-json\/wp\/v2\/media?parent=26"}],"curies":[{"name":"wp","href":"https:\/\/api.w.org\/{rel}","templated":true}]}}