{"id":29,"date":"2015-02-03T18:17:02","date_gmt":"2015-02-03T18:17:02","guid":{"rendered":"https:\/\/www.medicina.ufmg.br\/apm\/?page_id=29"},"modified":"2022-06-14T20:04:35","modified_gmt":"2022-06-14T20:04:35","slug":"corpo-docente","status":"publish","type":"page","link":"https:\/\/www.medicina.ufmg.br\/apm\/corpo-docente\/","title":{"rendered":"Corpo Docente"},"content":{"rendered":"<p><strong>\u00c1rea Anatomia Patol\u00f3gica<\/strong><\/p>\n<table width=\"665\">\n<tbody>\n<tr>\n<td><strong>PROFESSOR(A)<\/strong><\/td>\n<td><strong>TITULA\u00c7\u00c3O<\/strong><\/td>\n<td><strong>CARGO<\/strong><\/td>\n<td><strong>E-MAIL<\/strong><\/td>\n<\/tr>\n<tr>\n<td>Camila Fran\u00e7a Campos<\/td>\n<td>Doutor<\/td>\n<td>Prof. Adjunto<\/td>\n<td>milla012004@yahoo.com.br<\/td>\n<\/tr>\n<tr>\n<td>&nbsp;Cristiana Buzelin Nunes<\/td>\n<td>Doutor<\/td>\n<td>Profa. Associada<\/td>\n<td>&nbsp;cristianabnunes@gmail.com<\/td>\n<\/tr>\n<tr>\n<td>&nbsp;Eduardo Paulino Junior<\/td>\n<td>&nbsp;Mestre<\/td>\n<td>&nbsp;Prof. Assistente<\/td>\n<td>edupatol@gmail.com<\/td>\n<\/tr>\n<tr>\n<td>&nbsp;Geraldo Brasileiro Filho<\/td>\n<td>&nbsp;Doutor<\/td>\n<td>&nbsp;Prof. Titular<\/td>\n<td>&nbsp;gbrasil@medicina.ufmg.br<\/td>\n<\/tr>\n<tr>\n<td>&nbsp;Marcelo Ant\u00f4nio Pascoal Xavier<\/td>\n<td>&nbsp;Doutor<\/td>\n<td>Prof. Associado<\/td>\n<td>&nbsp;mpascoal@medicina.ufmg.br<\/td>\n<\/tr>\n<tr>\n<td>&nbsp;M\u00f4nica Maria \u00c1lvares Cabral<\/td>\n<td>&nbsp;Doutor<\/td>\n<td>Profa. Associada<\/td>\n<td>&nbsp;mgalvarescabral@hotmail.com<\/td>\n<\/tr>\n<tr>\n<td>Paula Piedade Garcia<\/td>\n<td>Mestre<\/td>\n<td>Profa. Assistente<\/td>\n<td>paula3pontas@hotmail.com<\/td>\n<\/tr>\n<tr>\n<td>Paula Vieira Teixeira Vidigal<\/td>\n<td>Doutor<\/td>\n<td>&nbsp;Profa. Associada<\/td>\n<td>pvidigal@medicina.ufmg.br<\/td>\n<\/tr>\n<tr>\n<td>Renato Santos Laboissi\u00e8re<\/td>\n<td>Doutor<\/td>\n<td>Prof. Adjunto<\/td>\n<td>&nbsp;renatoslab@gmail.com<\/td>\n<\/tr>\n<\/tbody>\n<\/table>\n<p><strong>\u00c1rea Anatomia Patol\u00f3gica<\/strong><\/p>\n<table width=\"665\">\n<tbody>\n<tr>\n<td><strong>&nbsp;PROFESSOR(A)<\/strong><\/td>\n<td><strong>&nbsp;TITULA\u00c7\u00c3O<\/strong><\/td>\n<td><strong>&nbsp;CARGO<\/strong><\/td>\n<td><strong>E-MAIL<\/strong><\/td>\n<\/tr>\n<tr>\n<td>&nbsp;Jos\u00e9 Mauro de Moraes<\/td>\n<td>&nbsp;Mestre<\/td>\n<td>&nbsp;Professor Assistente<\/td>\n<td>&nbsp;jomaraes@bol.com.br<\/td>\n<\/tr>\n<tr>\n<td>Gustavo Nogueira<br \/>\nCardoso<\/td>\n<td>Mestre<\/td>\n<td>Prof. Volunt\u00e1rio<\/td>\n<td>gustavoncard@hotmail.com<\/td>\n<\/tr>\n<tr>\n<td>Luciana de Paula Lima<br \/>\nGazzola<\/td>\n<td>Doutor<\/td>\n<td>Profa. Adjunto<\/td>\n<td>lugazzola@gmail.com<\/td>\n<\/tr>\n<\/tbody>\n<\/table>\n","protected":false},"excerpt":{"rendered":"<p>\u00c1rea Anatomia Patol\u00f3gica PROFESSOR(A) TITULA\u00c7\u00c3O CARGO E-MAIL Camila Fran\u00e7a Campos Doutor Prof. Adjunto milla012004@yahoo.com.br &nbsp;Cristiana Buzelin Nunes Doutor Profa. Associada &nbsp;cristianabnunes@gmail.com &nbsp;Eduardo Paulino Junior &nbsp;Mestre &nbsp;Prof. Assistente edupatol@gmail.com &nbsp;Geraldo Brasileiro Filho &nbsp;Doutor &nbsp;Prof. Titular &nbsp;gbrasil@medicina.ufmg.br &nbsp;Marcelo Ant\u00f4nio Pascoal Xavier &nbsp;Doutor Prof. Associado &nbsp;mpascoal@medicina.ufmg.br &nbsp;M\u00f4nica Maria \u00c1lvares Cabral &nbsp;Doutor Profa. Associada &nbsp;mgalvarescabral@hotmail.com Paula Piedade Garcia Mestre [&hellip;]<\/p>\n","protected":false},"author":16,"featured_media":0,"parent":0,"menu_order":0,"comment_status":"closed","ping_status":"closed","template":"","meta":{"footnotes":""},"class_list":["post-29","page","type-page","status-publish","hentry"],"_links":{"self":[{"href":"https:\/\/www.medicina.ufmg.br\/apm\/wp-json\/wp\/v2\/pages\/29","targetHints":{"allow":["GET"]}}],"collection":[{"href":"https:\/\/www.medicina.ufmg.br\/apm\/wp-json\/wp\/v2\/pages"}],"about":[{"href":"https:\/\/www.medicina.ufmg.br\/apm\/wp-json\/wp\/v2\/types\/page"}],"author":[{"embeddable":true,"href":"https:\/\/www.medicina.ufmg.br\/apm\/wp-json\/wp\/v2\/users\/16"}],"replies":[{"embeddable":true,"href":"https:\/\/www.medicina.ufmg.br\/apm\/wp-json\/wp\/v2\/comments?post=29"}],"version-history":[{"count":10,"href":"https:\/\/www.medicina.ufmg.br\/apm\/wp-json\/wp\/v2\/pages\/29\/revisions"}],"predecessor-version":[{"id":235,"href":"https:\/\/www.medicina.ufmg.br\/apm\/wp-json\/wp\/v2\/pages\/29\/revisions\/235"}],"wp:attachment":[{"href":"https:\/\/www.medicina.ufmg.br\/apm\/wp-json\/wp\/v2\/media?parent=29"}],"curies":[{"name":"wp","href":"https:\/\/api.w.org\/{rel}","templated":true}]}}