{"id":32,"date":"2015-02-03T18:17:15","date_gmt":"2015-02-03T18:17:15","guid":{"rendered":"https:\/\/www.medicina.ufmg.br\/apm\/?page_id=32"},"modified":"2022-06-14T20:07:38","modified_gmt":"2022-06-14T20:07:38","slug":"ensino","status":"publish","type":"page","link":"https:\/\/www.medicina.ufmg.br\/apm\/ensino\/","title":{"rendered":"Ensino"},"content":{"rendered":"\n<figure class=\"wp-block-table\"><table><tbody><tr><td><strong>DISCIPLINA<\/strong><\/td><td><strong>CATEGORIA<\/strong><\/td><td><strong>PER\u00cdODO<\/strong><\/td><td><strong>COORDENADOR(A)<\/strong><\/td><td><strong>ARQUIVOS<\/strong><\/td><\/tr><tr><td>Anatomia Patol\u00f3gica I<\/td><td>Obrigat\u00f3ria<\/td><td>5\u00b0<\/td><td>Profa. M\u00f4nica Maria Demas \u00c1lvares Cabral<\/td><td><a href=\"https:\/\/www.medicina.ufmg.br\/apm\/wp-content\/uploads\/sites\/21\/2019\/04\/2019-1o-semestre-Programa-da-Disciplina-Anatomia-Patol%C3%B3gica-I-APM-001-5o-per%C3%ADodo-roteiro-do-aluno.pdf\" target=\"_blank\" rel=\"noreferrer noopener\" aria-label=\" (abre em uma nova aba)\">Programa<\/a> <p><br><\/p><br><\/td><\/tr><tr><td>Anatomia Patol\u00f3gica II<\/td><td>Obrigat\u00f3ria<\/td><td>6\u00ba<\/td><td>Profa. Paula Vieira Teixeira Vidigal<\/td><td><a rel=\"noreferrer noopener\" aria-label=\" (abre em uma nova aba)\" href=\"https:\/\/www.medicina.ufmg.br\/apm\/wp-content\/uploads\/sites\/21\/2019\/04\/2019-1o-semestre-Programa-da-Disciplina-Anatomia-Patol\u00f3gica-II-APM-002-6o-per\u00edodo.pdf\" target=\"_blank\">Programa<\/a> <p><br><\/p> <\/td><\/tr><tr><td>Medicina Legal<\/td><td>Obrigat\u00f3ria<\/td><td>8\u00ba<\/td><td>Prof. Jos\u00e9 Mauro de Moraes<\/td><td><a href=\"https:\/\/www.medicina.ufmg.br\/apm\/wp-content\/uploads\/sites\/21\/2017\/12\/Cronograma-Medicina-Legal-Turmas-A-e-B-2-semestre-2017.pdf\"><\/a><a rel=\"noreferrer noopener\" aria-label=\"Cronograma TAB (abre em uma nova aba)\" href=\"https:\/\/www.medicina.ufmg.br\/apm\/wp-content\/uploads\/sites\/21\/2019\/04\/Cronograma-Medicina-Legal-TA-e-TB-1-Semestre-2019.pdf\" target=\"_blank\">Cronograma TAB<\/a><br><br><a rel=\"noreferrer noopener\" aria-label=\"Cronograma TC (abre em uma nova aba)\" href=\"https:\/\/www.medicina.ufmg.br\/apm\/wp-content\/uploads\/sites\/21\/2019\/04\/Cronograma-MedicinaLegal-1sem-2019-8per\u00edodo-TC-manha.pdf\" target=\"_blank\">Cronograma TC<\/a><br><br><a href=\"https:\/\/www.medicina.ufmg.br\/apm\/wp-content\/uploads\/sites\/21\/2019\/04\/Cronograma-MedicinaLegal-1sem-2019-8per\u00edodo-TD-tarde.pdf\" target=\"_blank\" rel=\"noreferrer noopener\" aria-label=\"Cronograma TD (abre em uma nova aba)\">Cronograma TD<\/a><\/td><\/tr><tr><td>Proped\u00eautica Contextualizada III<\/td><td>Obrigat\u00f3ria<\/td><td>10\u00ba<\/td><td>Profa. M\u00f4nica Maria Demas \u00c1lvares Cabral<\/td><td><a href=\"https:\/\/www.medicina.ufmg.br\/apm\/wp-content\/uploads\/sites\/21\/2019\/04\/Cronograma-PRO3-e-PRO4_-2\u00baTRI-19.jpg\" target=\"_blank\" rel=\"noreferrer noopener\" aria-label=\" (abre em uma nova aba)\">Cronograma<\/a><\/td><\/tr><tr><td>Proped\u00eautica Contextualizada <span style=\"font-family: inherit; font-weight: inherit;\">IV<\/span><br> <\/td><td>Obrigat\u00f3ria<\/td><td>10\u00ba<\/td><td>Profa. Cristiana Buzelin Nunes<\/td><td><a href=\"https:\/\/www.medicina.ufmg.br\/apm\/wp-content\/uploads\/sites\/21\/2019\/04\/Cronograma-PRO3-e-PRO4_-2\u00baTRI-19.jpg\" target=\"_blank\" rel=\"noreferrer noopener\" aria-label=\" (abre em uma nova aba)\">Cronograma<\/a><\/td><\/tr><tr><td>Est\u00e1gio Opcional em Anatomia Patol\u00f3gica<\/td><td>Optativa<\/td><td>12\u00ba<\/td><td>Profa. Cristiana Buzelin Nunes<\/td><td>&nbsp;<\/td><\/tr><tr><td>Pr\u00e1ticas em Anatomia Patol\u00f3gica<\/td><td>Optativa<\/td><td>A partir 6\u00ba<\/td><td>Profa. Cristiana Buzelin Nunes<\/td><td>&nbsp;<\/td><\/tr><tr><td>T\u00f3picos Patologia das Doen\u00e7as Infecciosas II<\/td><td>Optativa<\/td><td>A partir 6\u00ba<\/td><td>Prof. Marcelo Antonio Pascoal Xavier<\/td><td>&nbsp;<a href=\"https:\/\/www.medicina.ufmg.br\/apm\/wp-content\/uploads\/sites\/21\/2019\/04\/Plano-de-Curso-T\u00f3picos-PATOLOGIA-DAS-DOEN\u00c7AS-INFECCIOSAS-II-2019-1.pdf\" target=\"_blank\" rel=\"noreferrer noopener\" aria-label=\" (abre em uma nova aba)\">Plano de Curso<\/a><br><br><br><\/td><\/tr><\/tbody><\/table><\/figure>\n\n\n\n<p><strong>P\u00f3s-Gradua\u00e7\u00e3o<\/strong><\/p>\n\n\n\n<p><a href=\"http:\/\/medicina.ufmg.br\/cpg\/programas\/patologia\/\">Programa de P\u00f3s-Gradua\u00e7\u00e3o em Patologia<\/a><br><a rel=\"noreferrer noopener\" href=\"https:\/\/www.medicina.ufmg.br\/apm\/wp-content\/uploads\/sites\/21\/2019\/04\/2019-1o-semestre-Programa-da-Disciplina-Anatomia-Patol%C3%B3gica-I-APM-001-5o-per%C3%ADodo-roteiro-do-aluno.pdf\" target=\"_blank\">R<\/a><\/p>\n","protected":false},"excerpt":{"rendered":"<p>DISCIPLINA CATEGORIA PER\u00cdODO COORDENADOR(A) ARQUIVOS Anatomia Patol\u00f3gica I Obrigat\u00f3ria 5\u00b0 Profa. M\u00f4nica Maria Demas \u00c1lvares Cabral Programa Anatomia Patol\u00f3gica II Obrigat\u00f3ria 6\u00ba Profa. Paula Vieira Teixeira Vidigal Programa Medicina Legal Obrigat\u00f3ria 8\u00ba Prof. Jos\u00e9 Mauro de Moraes Cronograma TAB Cronograma TC Cronograma TD Proped\u00eautica Contextualizada III Obrigat\u00f3ria 10\u00ba Profa. M\u00f4nica Maria Demas \u00c1lvares Cabral Cronograma [&hellip;]<\/p>\n","protected":false},"author":16,"featured_media":0,"parent":0,"menu_order":0,"comment_status":"closed","ping_status":"closed","template":"","meta":{"footnotes":""},"class_list":["post-32","page","type-page","status-publish","hentry"],"_links":{"self":[{"href":"https:\/\/www.medicina.ufmg.br\/apm\/wp-json\/wp\/v2\/pages\/32","targetHints":{"allow":["GET"]}}],"collection":[{"href":"https:\/\/www.medicina.ufmg.br\/apm\/wp-json\/wp\/v2\/pages"}],"about":[{"href":"https:\/\/www.medicina.ufmg.br\/apm\/wp-json\/wp\/v2\/types\/page"}],"author":[{"embeddable":true,"href":"https:\/\/www.medicina.ufmg.br\/apm\/wp-json\/wp\/v2\/users\/16"}],"replies":[{"embeddable":true,"href":"https:\/\/www.medicina.ufmg.br\/apm\/wp-json\/wp\/v2\/comments?post=32"}],"version-history":[{"count":21,"href":"https:\/\/www.medicina.ufmg.br\/apm\/wp-json\/wp\/v2\/pages\/32\/revisions"}],"predecessor-version":[{"id":237,"href":"https:\/\/www.medicina.ufmg.br\/apm\/wp-json\/wp\/v2\/pages\/32\/revisions\/237"}],"wp:attachment":[{"href":"https:\/\/www.medicina.ufmg.br\/apm\/wp-json\/wp\/v2\/media?parent=32"}],"curies":[{"name":"wp","href":"https:\/\/api.w.org\/{rel}","templated":true}]}}