{"id":38,"date":"2015-02-03T18:17:45","date_gmt":"2015-02-03T18:17:45","guid":{"rendered":"https:\/\/www.medicina.ufmg.br\/apm\/?page_id=38"},"modified":"2017-12-07T15:41:38","modified_gmt":"2017-12-07T15:41:38","slug":"links","status":"publish","type":"page","link":"https:\/\/www.medicina.ufmg.br\/apm\/links\/","title":{"rendered":"Links"},"content":{"rendered":"<p><a href=\"http:\/\/www.pathmax.com\/main.html\">www.pathmax.com<\/a><br \/>\n3rd Annual Yale Nephrogenic Systemic Fibrosis Conference<\/p>\n<p><a href=\"http:\/\/www.bioscience.org\/atlases\/tumpath\/index.htm\">www.bioscience.org\/atlases\/tumpath\u00a0<\/a><br \/>\nA Tumor Atlas<\/p>\n<p><a href=\"http:\/\/www.afip.org\/Departments\/telepathology\/archive\/index.html\">www.afip.org\/Departments\/telepathology\/archive<\/a><br \/>\nArmed Forces Institute of Pathology<\/p>\n<p><a href=\"http:\/\/www.med.uiuc.edu\/PathAtlasf\/titlepage.html\">www.med.uiuc.edu\/PathAtlasf\/titlepage.html<\/a><br \/>\nCollege of Medicine \u2013 University of Illinois at Urbana-Champaign<\/p>\n<p><a href=\"http:\/\/www.geocities.com\/HotSprings\/Falls\/7780\/index.html\">www.geocities.com\/HotSprings\/Falls\/7780\/index.html<\/a><br \/>\nEd Uthman<\/p>\n<p><a href=\"http:\/\/www.diesis.com\/fabrizio\/atlas\/\">www.diesis.com\/fabrizio\/atlas\/<\/a><br \/>\nMed Asylum<\/p>\n<p><a href=\"http:\/\/www.mednet.gr\/pim\/pim.htm\">www.mednet.gr\/pim\/pim.htm<\/a><br \/>\nMedNet Hellas<\/p>\n<p><a href=\"http:\/\/www.uftm.edu.br\/instpub\/fmtm\/patge\/index.htm\">www.uftm.edu.br\/instpub\/fmtm\/patge\/index.htm<\/a><br \/>\nMinist\u00e9rio da Educa\u00e7\u00e3o \u2013 Faculdade de Medicina do Tri\u00e2ngulo Mineiro<\/p>\n<p><a href=\"http:\/\/www.uftm.edu.br\/instpub\/fmtm\/patge\/mic-um.htm#c\">www.uftm.edu.br\/instpub\/fmtm\/patge\/mic-um.htm#c<\/a><br \/>\nMorte Celular<\/p>\n<p><a href=\"http:\/\/library.med.utah.edu\/WebPath\/webpath.html#MENU\">library.med.utah.edu\/WebPath\/webpath.html<\/a><br \/>\nThe Internet Pathology Laboratory for Medical Education<\/p>\n<p><a href=\"http:\/\/www.le.ac.uk\/pathology\/teach\/va\/howto.html\">www.le.ac.uk\/pathology\/teach\/va\/howto.html<\/a><br \/>\nThe Virtual Autopsy<\/p>\n<p><a href=\"http:\/\/www.som.tulane.edu\/classware\/pathology\/medical_pathology\/McPath\/\">www.som.tulane.edu\/classware\/pathology\/medical_pathology\/McPath\/<\/a><br \/>\nTulane Gross Pathology Tutorial<\/p>\n<p><a href=\"http:\/\/www.tumorboard.com\/\">www.tumorboard.com\/<\/a><br \/>\nTumorboard.com<\/p>\n<p><a href=\"http:\/\/www.path.uiowa.edu\/virtualslidebox\/iowa_histopathology\/content_index_db.html\">www.path.uiowa.edu\/virtualslidebox\/iowa_histopathology\/content_index_db.html<\/a><br \/>\nVirtual Slidebox of Histopathology<\/p>\n<p><a href=\"http:\/\/pathweb.uchc.edu\/\">pathweb.uchc.edu\/<\/a><br \/>\nVirtual Pathology Museum<\/p>\n","protected":false},"excerpt":{"rendered":"<p>www.pathmax.com 3rd Annual Yale Nephrogenic Systemic Fibrosis Conference www.bioscience.org\/atlases\/tumpath\u00a0 A Tumor Atlas www.afip.org\/Departments\/telepathology\/archive Armed Forces Institute of Pathology www.med.uiuc.edu\/PathAtlasf\/titlepage.html College of Medicine \u2013 University of Illinois at Urbana-Champaign www.geocities.com\/HotSprings\/Falls\/7780\/index.html Ed Uthman www.diesis.com\/fabrizio\/atlas\/ Med Asylum www.mednet.gr\/pim\/pim.htm MedNet Hellas www.uftm.edu.br\/instpub\/fmtm\/patge\/index.htm Minist\u00e9rio da Educa\u00e7\u00e3o \u2013 Faculdade de Medicina do Tri\u00e2ngulo Mineiro www.uftm.edu.br\/instpub\/fmtm\/patge\/mic-um.htm#c Morte Celular library.med.utah.edu\/WebPath\/webpath.html The Internet Pathology [&hellip;]<\/p>\n","protected":false},"author":16,"featured_media":0,"parent":0,"menu_order":0,"comment_status":"closed","ping_status":"closed","template":"","meta":{"footnotes":""},"class_list":["post-38","page","type-page","status-publish","hentry"],"_links":{"self":[{"href":"https:\/\/www.medicina.ufmg.br\/apm\/wp-json\/wp\/v2\/pages\/38","targetHints":{"allow":["GET"]}}],"collection":[{"href":"https:\/\/www.medicina.ufmg.br\/apm\/wp-json\/wp\/v2\/pages"}],"about":[{"href":"https:\/\/www.medicina.ufmg.br\/apm\/wp-json\/wp\/v2\/types\/page"}],"author":[{"embeddable":true,"href":"https:\/\/www.medicina.ufmg.br\/apm\/wp-json\/wp\/v2\/users\/16"}],"replies":[{"embeddable":true,"href":"https:\/\/www.medicina.ufmg.br\/apm\/wp-json\/wp\/v2\/comments?post=38"}],"version-history":[{"count":7,"href":"https:\/\/www.medicina.ufmg.br\/apm\/wp-json\/wp\/v2\/pages\/38\/revisions"}],"predecessor-version":[{"id":143,"href":"https:\/\/www.medicina.ufmg.br\/apm\/wp-json\/wp\/v2\/pages\/38\/revisions\/143"}],"wp:attachment":[{"href":"https:\/\/www.medicina.ufmg.br\/apm\/wp-json\/wp\/v2\/media?parent=38"}],"curies":[{"name":"wp","href":"https:\/\/api.w.org\/{rel}","templated":true}]}}