{"id":162,"date":"2022-07-25T12:36:50","date_gmt":"2022-07-25T15:36:50","guid":{"rendered":"https:\/\/www.medicina.ufmg.br\/cegradnovo\/?page_id=162"},"modified":"2022-07-25T15:48:47","modified_gmt":"2022-07-25T18:48:47","slug":"sobre-o-curso-de-fonoaudiologia-da-ufmg","status":"publish","type":"page","link":"https:\/\/www.medicina.ufmg.br\/cegrad\/fonoaudiologia\/sobre-o-curso-de-fonoaudiologia-da-ufmg\/","title":{"rendered":"Sobre o Curso de Fonoaudiologia da UFMG"},"content":{"rendered":"\n<p><strong>A PROFISS\u00c3O DO FONOAUDI\u00d3LOGO<\/strong><\/p>\n\n\n\n<p>Entre 1960 e 1970, foram criados os primeiros cursos de gradua\u00e7\u00e3o em Fonoaudiologia, com o objetivo de legitimar o perfil de um profissional especializado nas pr\u00e1ticas de habilita\u00e7\u00e3o e reabilita\u00e7\u00e3o de linguagem.<\/p>\n\n\n\n<p>Por todo este per\u00edodo, a atua\u00e7\u00e3o de in\u00fameros profissionais inseridos em diversos campos de atendimento \u00e0 educa\u00e7\u00e3o e \u00e0 sa\u00fade, n\u00e3o apenas como interventores, mas principalmente valorizando a\u00e7\u00f5es preventivas, consolidaram o car\u00e1ter cient\u00edfico da Fonoaudiologia.<\/p>\n\n\n\n<p>Em nove de dezembro de 1981, a Lei N\u00ba 6965 regulamentou a Fonoaudiologia como profiss\u00e3o. Segundo a lei, o fonoaudi\u00f3logo \u201c\u00e9 o profissional com gradua\u00e7\u00e3o plena em Fonoaudiologia, que atua em pesquisas, preven\u00e7\u00e3o, avalia\u00e7\u00e3o e terapias fonoaudiol\u00f3gicas; na \u00e1rea da comunica\u00e7\u00e3o oral e escrita, voz e audi\u00e7\u00e3o, bem como no aperfei\u00e7oamento dos padr\u00f5es da fala e da voz\u201d.<\/p>\n\n\n\n<p><strong>O CURSO DE FONOAUDIOLOGIA DA UFMG<\/strong><\/p>\n\n\n\n<p>O projeto de cria\u00e7\u00e3o do curso de Fonoaudiologia foi decorrente de uma proposta sugerida pelo Ex-reitor Professor Tom\u00e1s Aroldo da Mota Santos em 1995, o qual solicitou ao Professor Edson Jos\u00e9 Correa, ent\u00e3o Diretor da Faculdade de Medicina da UFMG, que levantasse a possibilidade de cria\u00e7\u00e3o do curso de gradua\u00e7\u00e3o em Fonoaudiologia.<\/p>\n\n\n\n<p>O Departamento de Oftalmologia e Otorrinolaringologia da Faculdade de Medicina da UFMG recebeu em 1995 a solicita\u00e7\u00e3o de detectar as possibilidades de cria\u00e7\u00e3o desse curso, uma vez que a Fonoaudiologia estava diretamente relacionada \u00e0 Otorrinolaringologia.<\/p>\n\n\n\n<p>A an\u00e1lise do curso de Fonoaudiologia ficou a cargo do Professor Celso Gon\u00e7alves Becker, ent\u00e3o subchefe do departamento e otorrinolaringologista.<\/p>\n\n\n\n<p>Para desenvolver a grade curricular do curso, foram tomados como base os cursos de Fono j\u00e1 existentes na \u00e9poca, as grades curriculares e as ementas dos cursos de gradua\u00e7\u00e3o da UFMG, em especial os da \u00e1rea de sa\u00fade. Da\u00ed realizou-se uma adequa\u00e7\u00e3o e foram agregadas disciplinas j\u00e1 existentes nas v\u00e1rias unidades envolvidas.<\/p>\n\n\n\n<p><strong>INTEGRALIZA\u00c7\u00c3O<\/strong><\/p>\n\n\n\n<p>Para a integraliza\u00e7\u00e3o curricular do curso de Fonoaudiologia s\u00e3o necess\u00e1rios 254 cr\u00e9ditos (3810 horas) que dependem da viv\u00eancia de disciplinas obrigat\u00f3rias, optativas, optativas complementares (disciplinas da \u00e1rea de humanas) e optativas direcionadas (pr\u00e1ticas cl\u00ednicas).<\/p>\n\n\n\n<p>No que se refere ao ensino, o curso compromete-se na forma\u00e7\u00e3o do profissional generalista, humanista, reflexivo e cr\u00edtico, capacitado a atuar com compet\u00eancia t\u00e9cnica, pautado em princ\u00edpios \u00e9ticos, com senso de responsabilidade social e compromisso com a cidadania.<\/p>\n\n\n\n<p>No que se refere \u00e0 pesquisa, o curso compromete-se em estimular o aluno na gera\u00e7\u00e3o de conhecimento cient\u00edfico voltada para a pesquisa dos problemas e solu\u00e7\u00f5es dos dist\u00farbios de comunica\u00e7\u00e3o humana, bem como do aperfei\u00e7oamento dos padr\u00f5es da fala e da voz.<\/p>\n\n\n\n<p>Na extens\u00e3o o curso de Fonoaudiologia compromete-se em propiciar um processo educativo, cultural e cient\u00edfico que articula o ensino e a pesquisa de forma indissoci\u00e1vel e viabiliza a rela\u00e7\u00e3o transformadora entre Universidade e Sociedade. Na pr\u00e1tica, essa articula\u00e7\u00e3o acontece por meio de programas, projetos, cursos e eventos promovidos pela comunidade acad\u00eamica que auxiliar\u00e3o a popula\u00e7\u00e3o com um todo.<\/p>\n","protected":false},"excerpt":{"rendered":"<p>A PROFISS\u00c3O DO FONOAUDI\u00d3LOGO Entre 1960 e 1970, foram criados os primeiros cursos de gradua\u00e7\u00e3o em Fonoaudiologia, com o objetivo de legitimar o perfil de um profissional especializado nas pr\u00e1ticas de habilita\u00e7\u00e3o e reabilita\u00e7\u00e3o de linguagem. Por todo este per\u00edodo, a atua\u00e7\u00e3o de in\u00fameros profissionais inseridos em diversos campos de atendimento \u00e0 educa\u00e7\u00e3o e \u00e0 [&hellip;]<\/p>\n","protected":false},"author":17,"featured_media":0,"parent":198,"menu_order":0,"comment_status":"closed","ping_status":"closed","template":"pagina-fono.php","meta":{"footnotes":""},"class_list":["post-162","page","type-page","status-publish","hentry"],"_links":{"self":[{"href":"https:\/\/www.medicina.ufmg.br\/cegrad\/wp-json\/wp\/v2\/pages\/162","targetHints":{"allow":["GET"]}}],"collection":[{"href":"https:\/\/www.medicina.ufmg.br\/cegrad\/wp-json\/wp\/v2\/pages"}],"about":[{"href":"https:\/\/www.medicina.ufmg.br\/cegrad\/wp-json\/wp\/v2\/types\/page"}],"author":[{"embeddable":true,"href":"https:\/\/www.medicina.ufmg.br\/cegrad\/wp-json\/wp\/v2\/users\/17"}],"replies":[{"embeddable":true,"href":"https:\/\/www.medicina.ufmg.br\/cegrad\/wp-json\/wp\/v2\/comments?post=162"}],"version-history":[{"count":5,"href":"https:\/\/www.medicina.ufmg.br\/cegrad\/wp-json\/wp\/v2\/pages\/162\/revisions"}],"predecessor-version":[{"id":261,"href":"https:\/\/www.medicina.ufmg.br\/cegrad\/wp-json\/wp\/v2\/pages\/162\/revisions\/261"}],"up":[{"embeddable":true,"href":"https:\/\/www.medicina.ufmg.br\/cegrad\/wp-json\/wp\/v2\/pages\/198"}],"wp:attachment":[{"href":"https:\/\/www.medicina.ufmg.br\/cegrad\/wp-json\/wp\/v2\/media?parent=162"}],"curies":[{"name":"wp","href":"https:\/\/api.w.org\/{rel}","templated":true}]}}