{"id":287,"date":"2022-07-25T16:00:22","date_gmt":"2022-07-25T19:00:22","guid":{"rendered":"https:\/\/www.medicina.ufmg.br\/cegradnovo\/?page_id=287"},"modified":"2026-03-24T15:54:15","modified_gmt":"2026-03-24T18:54:15","slug":"formularios","status":"publish","type":"page","link":"https:\/\/www.medicina.ufmg.br\/cegrad\/fonoaudiologia\/formularios\/","title":{"rendered":"Formul\u00e1rios"},"content":{"rendered":"\n<p>FORMUL\u00c1RIOS DE REQUERIMENTO PARA RECONHECIMENTO DE CR\u00c9DITO POR PARTICIPA\u00c7\u00c3O EM ATIVIDADES ACAD\u00caMICAS CIENT\u00cdFICAS E CULTURAIS, DE ACORDO COM A RESOLU\u00c7\u00c3O 01\/2016<\/p>\n\n\n\n<p><a href=\"https:\/\/ftp.medicina.ufmg.br\/cegrad\/arquivos\/2026\/1%20-%20Inicia%e7%e3o%20%e0%20pesquisa.docx\" data-type=\"link\" data-id=\"https:\/\/ftp.medicina.ufmg.br\/cegrad\/arquivos\/2026\/1%20-%20Inicia%e7%e3o%20%e0%20pesquisa.docx\">1 \u2013 Inicia\u00e7\u00e3o \u00e0 pesquisa<br><\/a><a href=\"https:\/\/ftp.medicina.ufmg.br\/cegrad\/arquivos\/2026\/2%20-%20Programas%20e%20projetos%20da%20gradua%e7%e3o.docx\" data-type=\"link\" data-id=\"https:\/\/ftp.medicina.ufmg.br\/cegrad\/arquivos\/2026\/2%20-%20Programas%20e%20projetos%20da%20gradua%e7%e3o.docx\">2 \u2013 Programas e projetos da gradua\u00e7\u00e3o<br><\/a><a href=\"https:\/\/ftp.medicina.ufmg.br\/cegrad\/arquivos\/2026\/3%20-%20Projeto%20de%20monitoria.docx\" data-type=\"link\" data-id=\"https:\/\/ftp.medicina.ufmg.br\/cegrad\/arquivos\/2026\/3%20-%20Projeto%20de%20monitoria.docx\">3 \u2013 Projeto de monitoria<br><\/a><a href=\"https:\/\/ftp.medicina.ufmg.br\/cegrad\/arquivos\/2026\/4%20-%20Projetos%20de%20extens%e3o.docx\" data-type=\"link\" data-id=\"https:\/\/ftp.medicina.ufmg.br\/cegrad\/arquivos\/2026\/4%20-%20Projetos%20de%20extens%e3o.docx\">4 \u2013 Projetos de extens\u00e3o<br><\/a><a href=\"https:\/\/ftp.medicina.ufmg.br\/cegrad\/arquivos\/2026\/5%20-%20Trabalho%20apresentado%20em%20Congresso%20e%20publicado%20em%20anais%20(2).docx\" data-type=\"link\" data-id=\"https:\/\/ftp.medicina.ufmg.br\/cegrad\/arquivos\/2026\/5%20-%20Trabalho%20apresentado%20em%20Congresso%20e%20publicado%20em%20anais%20(2).docx\">5 \u2013 Trabalho apresentado em Congresso e publicado em anais<br><\/a><a href=\"https:\/\/ftp.medicina.ufmg.br\/cegrad\/arquivos\/2026\/6%20-%20Publica%e7%e3o%20de%20artigos%20em%20peri%f3dico%20indexado%20(2).docx\" data-type=\"link\" data-id=\"https:\/\/ftp.medicina.ufmg.br\/cegrad\/arquivos\/2026\/6%20-%20Publica%e7%e3o%20de%20artigos%20em%20peri%f3dico%20indexado%20(2).docx\">6 \u2013 Publica\u00e7\u00e3o de artigos em peri\u00f3dico indexado<br><\/a><a href=\"https:\/\/ftp.medicina.ufmg.br\/cegrad\/arquivos\/2026\/7%20-%20Participa%e7%e3o%20em%20eventos%20de%20fonoaudiologia%20ou%20%e1reas%20afins.docx\" data-type=\"link\" data-id=\"https:\/\/ftp.medicina.ufmg.br\/cegrad\/arquivos\/2026\/7%20-%20Participa%e7%e3o%20em%20eventos%20de%20fonoaudiologia%20ou%20%e1reas%20afins.docx\">7 \u2013 Participa\u00e7\u00e3o em eventos de fonoaudiologia ou \u00e1reas afins<br><\/a><a href=\"https:\/\/ftp.medicina.ufmg.br\/cegrad\/arquivos\/2026\/8-%20Participa%e7%e3o%20em%20comiss%e3o%20organizadora%20%20de%20eventos%20de%20fonoaudiologia.docx\" data-type=\"link\" data-id=\"https:\/\/ftp.medicina.ufmg.br\/cegrad\/arquivos\/2026\/8-%20Participa%e7%e3o%20em%20comiss%e3o%20organizadora%20%20de%20eventos%20de%20fonoaudiologia.docx\">8 \u2013 Participa\u00e7\u00e3o em comiss\u00e3o organizadora de eventos de fonoaudiologia<br><\/a><a href=\"https:\/\/ftp.medicina.ufmg.br\/cegrad\/arquivos\/2026\/9%20-%20Participa%e7%e3o%20em%20cursos%20presenciais%20de%20curta%20dura%e7%e3o%20na%20%e1rea%20de%20Fonoaudiologia%20ou%20%e1reas%20afins.docx\" data-type=\"link\" data-id=\"https:\/\/ftp.medicina.ufmg.br\/cegrad\/arquivos\/2026\/9%20-%20Participa%e7%e3o%20em%20cursos%20presenciais%20de%20curta%20dura%e7%e3o%20na%20%e1rea%20de%20Fonoaudiologia%20ou%20%e1reas%20afins.docx\">9 \u2013 Participa\u00e7\u00e3o em cursos presenciais de curta dura\u00e7\u00e3o na \u00e1rea de Fonoaudiologia ou \u00e1reas afins<br><\/a><a href=\"https:\/\/ftp.medicina.ufmg.br\/cegrad\/arquivos\/2026\/10-%20Aprendizado%20%e0%20dist%e2ncia.docx\" data-type=\"link\" data-id=\"https:\/\/ftp.medicina.ufmg.br\/cegrad\/arquivos\/2026\/10-%20Aprendizado%20%e0%20dist%e2ncia.docx\">10 \u2013 Aprendizado \u00e0 dist\u00e2ncia<br><\/a><a href=\"https:\/\/ftp.medicina.ufmg.br\/cegrad\/arquivos\/2026\/11-%20Projeto%20MedCINE.docx\" data-type=\"link\" data-id=\"https:\/\/ftp.medicina.ufmg.br\/cegrad\/arquivos\/2026\/11-%20Projeto%20MedCINE.docx\">11- Projeto MedCINE<br><\/a><a href=\"https:\/\/ftp.medicina.ufmg.br\/cegrad\/arquivos\/2026\/12%20-%20Campanhas%20de%20promo%e7%e3o%20da%20Fonoaudiologia.docx\" data-type=\"link\" data-id=\"https:\/\/ftp.medicina.ufmg.br\/cegrad\/arquivos\/2026\/12%20-%20Campanhas%20de%20promo%e7%e3o%20da%20Fonoaudiologia.docx\">12 \u2013 Campanhas de promo\u00e7\u00e3o da Fonoaudiologia<br><\/a><a href=\"https:\/\/ftp.medicina.ufmg.br\/cegrad\/arquivos\/2026\/13%20-%20Est%e1gio%20de%20enriquecimento%20curricular.docx\" data-type=\"link\" data-id=\"https:\/\/ftp.medicina.ufmg.br\/cegrad\/arquivos\/2026\/13%20-%20Est%e1gio%20de%20enriquecimento%20curricular.docx\">13 \u2013 Est\u00e1gio de enriquecimento curricular<br><\/a><a href=\"https:\/\/ftp.medicina.ufmg.br\/cegrad\/arquivos\/2026\/14%20-%20Participa%e7%e3o%20em%20projeto%20de%20tutoria.docx\" data-type=\"link\" data-id=\"https:\/\/ftp.medicina.ufmg.br\/cegrad\/arquivos\/2026\/14%20-%20Participa%e7%e3o%20em%20projeto%20de%20tutoria.docx\">14 \u2013 Participa\u00e7\u00e3o em projeto de tutoria<br><\/a><a href=\"https:\/\/ftp.medicina.ufmg.br\/cegrad\/arquivos\/2026\/15%20-%20Membro%20do%20diret%f3rio%20acad%eamico.docx\" data-type=\"link\" data-id=\"https:\/\/ftp.medicina.ufmg.br\/cegrad\/arquivos\/2026\/15%20-%20Membro%20do%20diret%f3rio%20acad%eamico.docx\">15 \u2013 Membro do diret\u00f3rio acad\u00eamico<br><\/a><a href=\"https:\/\/ftp.medicina.ufmg.br\/cegrad\/arquivos\/2026\/16%20-%20Membro%20de%20liga%20acad%eamica.docx\" data-type=\"link\" data-id=\"https:\/\/ftp.medicina.ufmg.br\/cegrad\/arquivos\/2026\/16%20-%20Membro%20de%20liga%20acad%eamica.docx\">16 \u2013 Membro de liga acad\u00eamica<br><\/a><a href=\"https:\/\/ftp.medicina.ufmg.br\/cegrad\/arquivos\/2026\/17%20-%20Membro%20da%20Empresa%20J%fanior%20da%20Fonoaudiologia.docx\" data-type=\"link\" data-id=\"https:\/\/ftp.medicina.ufmg.br\/cegrad\/arquivos\/2026\/17%20-%20Membro%20da%20Empresa%20J%fanior%20da%20Fonoaudiologia.docx\">17 \u2013 Membro da Empresa J\u00fanior da Fonoaudiologia<br><\/a><a href=\"https:\/\/ftp.medicina.ufmg.br\/cegrad\/arquivos\/2026\/18%20-Profici%eancia%20em%20l%edngua%20estrangeira.docx\" data-type=\"link\" data-id=\"https:\/\/ftp.medicina.ufmg.br\/cegrad\/arquivos\/2026\/18%20-Profici%eancia%20em%20l%edngua%20estrangeira.docx\">18 -Profici\u00eancia em l\u00edngua estrangeira<br><\/a><a href=\"https:\/\/ftp.medicina.ufmg.br\/cegrad\/arquivos\/2026\/19%20-%20Interc%e2mbio.docx\" data-type=\"link\" data-id=\"https:\/\/ftp.medicina.ufmg.br\/cegrad\/arquivos\/2026\/19%20-%20Interc%e2mbio.docx\">19 \u2013 Interc\u00e2mbio<br><\/a><a href=\"https:\/\/ftp.medicina.ufmg.br\/cegrad\/arquivos\/2026\/20%20-%20Cr%e9ditos%20especiais.docx\" data-type=\"link\" data-id=\"https:\/\/ftp.medicina.ufmg.br\/cegrad\/arquivos\/2026\/20%20-%20Cr%e9ditos%20especiais.docx\">20 \u2013 Cr\u00e9ditos especiais<br><\/a><a href=\"https:\/\/ftp.medicina.ufmg.br\/cegrad\/arquivos\/2026\/21%20-%20%20Participa%e7%e3o%20em%20atividades%20culturais%20ou%20esportivas.docx\" data-type=\"link\" data-id=\"https:\/\/ftp.medicina.ufmg.br\/cegrad\/arquivos\/2026\/21%20-%20%20Participa%e7%e3o%20em%20atividades%20culturais%20ou%20esportivas.docx\">21 \u2013 Participa\u00e7\u00e3o em atividades culturais ou esportivas<br><\/a><a href=\"https:\/\/ftp.medicina.ufmg.br\/cegrad\/arquivos\/2026\/Modelo%20de%20RELATORIO%20ALUNO%2022.doc\" data-type=\"link\" data-id=\"https:\/\/ftp.medicina.ufmg.br\/cegrad\/arquivos\/2026\/Modelo%20de%20RELATORIO%20ALUNO%2022.doc\">22 \u2013 Modelo de relat\u00f3rio itens cursos e eventos \u2013 ALUNO<br><\/a><a href=\"https:\/\/ftp.medicina.ufmg.br\/cegrad\/arquivos\/2026\/Modelo%20de%20declara%e7%e3o%20%20para%20PROFESSOR.doc\" data-type=\"link\" data-id=\"https:\/\/ftp.medicina.ufmg.br\/cegrad\/arquivos\/2026\/Modelo%20de%20declara%e7%e3o%20%20para%20PROFESSOR.doc\">23 \u2013 MODELO DECLARA\u00c7\u00c3O PROFESSOR<\/a><br><a href=\"https:\/\/www.medicina.ufmg.br\/cegrad\/wp-content\/uploads\/sites\/102\/2024\/10\/relatoriofinal.pdf\" data-type=\"link\" data-id=\"https:\/\/www.medicina.ufmg.br\/cegrad\/wp-content\/uploads\/sites\/102\/2024\/10\/relatoriofinal.pdf\">24 \u2013 Relat\u00f3rio Final do Aluno \u2013 Projetos de Pesquisa \u2013 Extens\u00e3o e Monitoria<\/a><\/p>\n\n\n\n<p><\/p>\n","protected":false},"excerpt":{"rendered":"<p>FORMUL\u00c1RIOS DE REQUERIMENTO PARA RECONHECIMENTO DE CR\u00c9DITO POR PARTICIPA\u00c7\u00c3O EM ATIVIDADES ACAD\u00caMICAS CIENT\u00cdFICAS E CULTURAIS, DE ACORDO COM A RESOLU\u00c7\u00c3O 01\/2016 1 \u2013 Inicia\u00e7\u00e3o \u00e0 pesquisa2 \u2013 Programas e projetos da gradua\u00e7\u00e3o3 \u2013 Projeto de monitoria4 \u2013 Projetos de extens\u00e3o5 \u2013 Trabalho apresentado em Congresso e publicado em anais6 \u2013 Publica\u00e7\u00e3o de artigos em peri\u00f3dico [&hellip;]<\/p>\n","protected":false},"author":17,"featured_media":0,"parent":198,"menu_order":0,"comment_status":"closed","ping_status":"closed","template":"pagina-fono.php","meta":{"footnotes":""},"class_list":["post-287","page","type-page","status-publish","hentry"],"_links":{"self":[{"href":"https:\/\/www.medicina.ufmg.br\/cegrad\/wp-json\/wp\/v2\/pages\/287","targetHints":{"allow":["GET"]}}],"collection":[{"href":"https:\/\/www.medicina.ufmg.br\/cegrad\/wp-json\/wp\/v2\/pages"}],"about":[{"href":"https:\/\/www.medicina.ufmg.br\/cegrad\/wp-json\/wp\/v2\/types\/page"}],"author":[{"embeddable":true,"href":"https:\/\/www.medicina.ufmg.br\/cegrad\/wp-json\/wp\/v2\/users\/17"}],"replies":[{"embeddable":true,"href":"https:\/\/www.medicina.ufmg.br\/cegrad\/wp-json\/wp\/v2\/comments?post=287"}],"version-history":[{"count":5,"href":"https:\/\/www.medicina.ufmg.br\/cegrad\/wp-json\/wp\/v2\/pages\/287\/revisions"}],"predecessor-version":[{"id":6024,"href":"https:\/\/www.medicina.ufmg.br\/cegrad\/wp-json\/wp\/v2\/pages\/287\/revisions\/6024"}],"up":[{"embeddable":true,"href":"https:\/\/www.medicina.ufmg.br\/cegrad\/wp-json\/wp\/v2\/pages\/198"}],"wp:attachment":[{"href":"https:\/\/www.medicina.ufmg.br\/cegrad\/wp-json\/wp\/v2\/media?parent=287"}],"curies":[{"name":"wp","href":"https:\/\/api.w.org\/{rel}","templated":true}]}}