{"id":427,"date":"2022-07-28T15:43:26","date_gmt":"2022-07-28T18:43:26","guid":{"rendered":"https:\/\/www.medicina.ufmg.br\/cegradnovo\/?page_id=427"},"modified":"2022-07-28T16:25:35","modified_gmt":"2022-07-28T19:25:35","slug":"objetivos","status":"publish","type":"page","link":"https:\/\/www.medicina.ufmg.br\/cegrad\/escuta-academica\/objetivos\/","title":{"rendered":"Objetivos"},"content":{"rendered":"\n<ul class=\"wp-block-list\"><li><strong>ACOLHIMENTO&nbsp;<\/strong>aos estudantes que demandem necessidades espec\u00edficas, como trancamentos de matr\u00edcula recorrentes; situa\u00e7\u00f5es de sofrimento ps\u00edquico; dificuldades encontradas no percurso acad\u00eamico e outros;<\/li><li><strong>ESCUTA DIFERENCIADA&nbsp;<\/strong>para quest\u00f5es que ultrapassem os tr\u00e2mites exclusivamente administrativos e que possam revelar situa\u00e7\u00f5es subjetivas de dificuldades pessoais e sofrimento;<\/li><li><strong>ORIENTA\u00c7\u00c3O<\/strong>&nbsp;aos estudantes em processo de cancelamento do registro na Universidade, Regime Especial, trancamentos de matr\u00edcula, normas institucionais, quando solicitado;<\/li><li><strong>ORIENTA\u00c7\u00c3O E SUGEST\u00c3O DE ENCAMINHAMENTOS&nbsp;<\/strong>poss\u00edveis, considerando o interesse de quem procura e as possibilidades da Universidade.<\/li><\/ul>\n","protected":false},"excerpt":{"rendered":"<p>ACOLHIMENTO&nbsp;aos estudantes que demandem necessidades espec\u00edficas, como trancamentos de matr\u00edcula recorrentes; situa\u00e7\u00f5es de sofrimento ps\u00edquico; dificuldades encontradas no percurso acad\u00eamico e outros; ESCUTA DIFERENCIADA&nbsp;para quest\u00f5es que ultrapassem os tr\u00e2mites exclusivamente administrativos e que possam revelar situa\u00e7\u00f5es subjetivas de dificuldades pessoais e sofrimento; ORIENTA\u00c7\u00c3O&nbsp;aos estudantes em processo de cancelamento do registro na Universidade, Regime Especial, trancamentos [&hellip;]<\/p>\n","protected":false},"author":17,"featured_media":0,"parent":403,"menu_order":0,"comment_status":"closed","ping_status":"closed","template":"pagina-escuta.php","meta":{"footnotes":""},"class_list":["post-427","page","type-page","status-publish","hentry"],"_links":{"self":[{"href":"https:\/\/www.medicina.ufmg.br\/cegrad\/wp-json\/wp\/v2\/pages\/427","targetHints":{"allow":["GET"]}}],"collection":[{"href":"https:\/\/www.medicina.ufmg.br\/cegrad\/wp-json\/wp\/v2\/pages"}],"about":[{"href":"https:\/\/www.medicina.ufmg.br\/cegrad\/wp-json\/wp\/v2\/types\/page"}],"author":[{"embeddable":true,"href":"https:\/\/www.medicina.ufmg.br\/cegrad\/wp-json\/wp\/v2\/users\/17"}],"replies":[{"embeddable":true,"href":"https:\/\/www.medicina.ufmg.br\/cegrad\/wp-json\/wp\/v2\/comments?post=427"}],"version-history":[{"count":1,"href":"https:\/\/www.medicina.ufmg.br\/cegrad\/wp-json\/wp\/v2\/pages\/427\/revisions"}],"predecessor-version":[{"id":428,"href":"https:\/\/www.medicina.ufmg.br\/cegrad\/wp-json\/wp\/v2\/pages\/427\/revisions\/428"}],"up":[{"embeddable":true,"href":"https:\/\/www.medicina.ufmg.br\/cegrad\/wp-json\/wp\/v2\/pages\/403"}],"wp:attachment":[{"href":"https:\/\/www.medicina.ufmg.br\/cegrad\/wp-json\/wp\/v2\/media?parent=427"}],"curies":[{"name":"wp","href":"https:\/\/api.w.org\/{rel}","templated":true}]}}