{"id":5466,"date":"2024-11-01T15:19:22","date_gmt":"2024-11-01T18:19:22","guid":{"rendered":"https:\/\/www.medicina.ufmg.br\/cegrad\/?page_id=5466"},"modified":"2025-12-09T14:52:16","modified_gmt":"2025-12-09T17:52:16","slug":"programas-das-aacs","status":"publish","type":"page","link":"https:\/\/www.medicina.ufmg.br\/cegrad\/programas-das-aacs\/","title":{"rendered":"Programas das AACs"},"content":{"rendered":"<p><strong>1\u00ba PER\u00cdODO<\/strong><\/p>\n<p><a href=\"https:\/\/www.medicina.ufmg.br\/cegrad\/wp-content\/uploads\/sites\/102\/2024\/11\/01-Bioquimica-I.pdf\">BIQ119 &#8211; BIOQU\u00cdMICA I<\/a><br \/><a href=\"https:\/\/www.medicina.ufmg.br\/cegrad\/wp-content\/uploads\/sites\/102\/2024\/11\/01-Genetica.pdf\">GEE060 &#8211; GEN\u00c9TICA<\/a><br \/><a href=\"https:\/\/www.medicina.ufmg.br\/cegrad\/wp-content\/uploads\/sites\/102\/2024\/11\/01-Anatomia-Sistemica.pdf\">IMA175 &#8211; ANATOMIA SIST\u00caMICA<\/a><br \/><a href=\"https:\/\/www.medicina.ufmg.br\/cegrad\/wp-content\/uploads\/sites\/102\/2024\/11\/01-Introducao-a-Pesquisa-Cientifica-I.pdf\">MED143 &#8211; INTRODU\u00c7\u00c3O A PESQUISA CIENT\u00cdFICA I<\/a><br \/><a href=\"https:\/\/www.medicina.ufmg.br\/cegrad\/wp-content\/uploads\/sites\/102\/2024\/11\/APHPS-MED144-2024-2.pdf\">MED144 &#8211; ATENDIMENTO PR\u00c9-HOSPITALAR E PRIMEIROS SOCORROS<\/a><br \/><a href=\"https:\/\/www.medicina.ufmg.br\/cegrad\/wp-content\/uploads\/sites\/102\/2024\/11\/01-Biologia-Celular-Aplicada-a-Medicina.pdf\">MOF057 &#8211; BIOLOGIA CELULAR APLICADA \u00c0 MEDICINA<\/a><br \/><a href=\"https:\/\/www.medicina.ufmg.br\/cegrad\/wp-content\/uploads\/sites\/102\/2024\/11\/01-Embriologia-Medica.pdf\">MOF611 &#8211; EMBRIOLOGIA MEDICA<\/a><br \/><a href=\"https:\/\/www.medicina.ufmg.br\/cegrad\/wp-content\/uploads\/sites\/102\/2024\/11\/01-Ciencias-Sociais-Aplicadas-a-Saude.pdf\">MPS118 &#8211; CIENCIAS SOCIAIS APLICADAS A SAUDE<\/a><\/p>\n<p><strong>2\u00ba PER\u00cdODO<\/strong><\/p>\n<p><a href=\"https:\/\/www.medicina.ufmg.br\/cegrad\/wp-content\/uploads\/sites\/102\/2024\/11\/02-Imunologia-Medica.pdf\">BIQ608 &#8211; IMUNOLOGIA MEDICA<\/a><br \/><a href=\"https:\/\/www.medicina.ufmg.br\/cegrad\/wp-content\/uploads\/sites\/102\/2024\/11\/02-Biofisica-e-Fisologia.pdf\">FIB124 &#8211; BIOF\u00cdSICA E FISIOLOGIA<\/a><br \/><a href=\"https:\/\/www.medicina.ufmg.br\/cegrad\/wp-content\/uploads\/sites\/102\/2024\/11\/IAPS-1-programa.pdf\">MED145 &#8211; INICIA\u00c7\u00c3O \u00c0 ATEN\u00c7\u00c3O PRIM\u00c1RIA \u00c0 SA\u00daDE I<\/a><br \/><a href=\"https:\/\/www.medicina.ufmg.br\/cegrad\/wp-content\/uploads\/sites\/102\/2024\/11\/Tutoria-2024.pdf\">MED146 &#8211; TUTORIA<\/a><br \/><a href=\"https:\/\/www.medicina.ufmg.br\/cegrad\/wp-content\/uploads\/sites\/102\/2024\/11\/02-Neuroanatomia-Medica.pdf\">MOF005 &#8211; NEUROANATOMIA MEDICA<\/a><br \/><a href=\"https:\/\/www.medicina.ufmg.br\/cegrad\/wp-content\/uploads\/sites\/102\/2024\/11\/02-Histofisiologia-dos-Sistemas-Aplicada-a-Medicina.pdf\">MOF058 &#8211; HISTOFISIOLOGIA DOS SISTEMAS APLICADA \u00c0 MEDICINA<\/a><br \/><a href=\"https:\/\/www.medicina.ufmg.br\/cegrad\/wp-content\/uploads\/sites\/102\/2024\/11\/02-Bases-Humanisticas-e-Introducao-a-Psicologia-Medica.pdf\">PSQ001 &#8211; BASES HUMAN\u00cdSTICAS E INTRODU\u00c7\u00c3O A PSICOLOGIA M\u00c9DICA<\/a><\/p>\n<p><strong>3\u00ba PER\u00cdODO<\/strong><\/p>\n<p><a href=\"https:\/\/www.medicina.ufmg.br\/cegrad\/wp-content\/uploads\/sites\/102\/2024\/11\/03-Bioquimica-II.pdf\">BIQ064 &#8211; BIOQU\u00cdMICA II<\/a><br \/><a href=\"https:\/\/www.medicina.ufmg.br\/cegrad\/wp-content\/uploads\/sites\/102\/2024\/11\/03-Farmacologia-Medica-I.pdf\">FAR120 &#8211; FARMACOLOGIA M\u00c9DICA I<\/a><br \/><a href=\"https:\/\/www.medicina.ufmg.br\/cegrad\/wp-content\/uploads\/sites\/102\/2024\/11\/03-Fisiologia-Medica.pdf\">FIB125 &#8211; FISIOLOGIA M\u00c9DICA<\/a><br \/><a href=\"https:\/\/www.medicina.ufmg.br\/cegrad\/wp-content\/uploads\/sites\/102\/2024\/11\/IAPS2-PROGRAMA-2024.pdf\">MED147 &#8211; INICIA\u00c7\u00c3O \u00c0 ATEN\u00c7\u00c3O PRIM\u00c1RIA \u00c0 SA\u00daDE II<\/a><br \/><a href=\"https:\/\/www.medicina.ufmg.br\/cegrad\/wp-content\/uploads\/sites\/102\/2024\/11\/03-Microbiologia-Medica.pdf\">MIC121 &#8211; MICROBIOLOGIA M\u00c9DICA<\/a><br \/><a href=\"https:\/\/www.medicina.ufmg.br\/cegrad\/wp-content\/uploads\/sites\/102\/2024\/11\/03-Parasitologia-Medica.pdf\">PAR025 &#8211; PARASITOLOGIA M\u00c9DICA<\/a><\/p>\n<p><strong>4\u00ba PER\u00cdODO<\/strong><\/p>\n<p><a href=\"https:\/\/www.medicina.ufmg.br\/cegrad\/wp-content\/uploads\/sites\/102\/2024\/11\/04-Clinica-Medica-I.pdf\">CLM145 &#8211; CL\u00cdNICA M\u00c9DICA I<\/a><br \/><a href=\"https:\/\/www.medicina.ufmg.br\/cegrad\/wp-content\/uploads\/sites\/102\/2024\/11\/04-Farmacologia-Medica-II.pdf\">FAR121 &#8211; FARMACOLOGIA M\u00c9DICA II<\/a><br \/><a href=\"https:\/\/www.medicina.ufmg.br\/cegrad\/wp-content\/uploads\/sites\/102\/2024\/11\/04-Anatomia-Topografica-e-Imagem.pdf\">IMA176 &#8211; ANATOMIA TOPOGR\u00c1FICA E IMAGEM<\/a><br \/><a href=\"https:\/\/www.medicina.ufmg.br\/cegrad\/wp-content\/uploads\/sites\/102\/2024\/11\/04-Iniciacao-a-Atencao-Primaria-a-Saude-III.pdf\">MED148 &#8211; INICIA\u00c7\u00c3O \u00c0 ATEN\u00c7\u00c3O PRIM\u00c1RIA \u00c0 SA\u00daDE III<\/a><br \/><a href=\"https:\/\/www.medicina.ufmg.br\/cegrad\/wp-content\/uploads\/sites\/102\/2024\/11\/04-Introducao-a-Pesquisa-Cientifica-II.pdf\">MED149 &#8211; INTRODU\u00c7\u00c3O A PESQUISA CIENT\u00cdFICA II<\/a><br \/><a href=\"https:\/\/www.medicina.ufmg.br\/cegrad\/wp-content\/uploads\/sites\/102\/2024\/11\/04-Patologia-Geral.pdf\">PAG017 &#8211; PATOLOGIA GERAL<\/a><br \/><a href=\"https:\/\/www.medicina.ufmg.br\/cegrad\/wp-content\/uploads\/sites\/102\/2024\/11\/04-Pediatria-I.pdf\">PED035 &#8211; PEDIATRIA I<\/a><\/p>\n<p><strong>5\u00ba PER\u00cdODO<\/strong><\/p>\n<p><a href=\"https:\/\/www.medicina.ufmg.br\/cegrad\/wp-content\/uploads\/sites\/102\/2024\/11\/05-Anatomia-Patologica-I.pdf\">APM001 &#8211; ANATOMIA PATOL\u00d3GICA I<\/a><br \/><a href=\"https:\/\/www.medicina.ufmg.br\/cegrad\/wp-content\/uploads\/sites\/102\/2024\/11\/05-Cirurgia-I.pdf\">CIR014 &#8211; CIRURGIA I<\/a><br \/><a href=\"https:\/\/www.medicina.ufmg.br\/cegrad\/wp-content\/uploads\/sites\/102\/2025\/12\/05-Clinica-Medica-II_v02.pdf\">CLM146 &#8211; CL\u00cdNICA M\u00c9DICA II<\/a><br \/><a href=\"https:\/\/www.medicina.ufmg.br\/cegrad\/wp-content\/uploads\/sites\/102\/2024\/11\/05-Imagem-I.pdf\">IMA177 &#8211; IMAGEM I<\/a><br \/><a href=\"https:\/\/www.medicina.ufmg.br\/cegrad\/wp-content\/uploads\/sites\/102\/2024\/11\/EPIDEMIOLOGIA-2024.pdf\">MPS119 &#8211; EPIDEMIOLOGIA<\/a><br \/><a href=\"https:\/\/www.medicina.ufmg.br\/cegrad\/wp-content\/uploads\/sites\/102\/2024\/11\/05-Pediatria-II.pdf\">PED036 &#8211; PEDIATRIA II<\/a><br \/><a href=\"https:\/\/www.medicina.ufmg.br\/cegrad\/wp-content\/uploads\/sites\/102\/2024\/11\/05-Patologia-Clinica-I.pdf\">PRO075 &#8211; PATOLOGIA CL\u00cdNICA I<\/a><br \/><a href=\"https:\/\/www.medicina.ufmg.br\/cegrad\/wp-content\/uploads\/sites\/102\/2024\/11\/05-Semiologia-e-Nosologia-Psiquiatrica.pdf\">PSQ002 &#8211; SEMIOLOGIA E NOSOLOGIA PSIQUI\u00c1TRICA<\/a><\/p>\n<p><strong>6\u00ba PER\u00cdODO<\/strong><\/p>\n<p><a href=\"https:\/\/www.medicina.ufmg.br\/cegrad\/wp-content\/uploads\/sites\/102\/2024\/11\/06-Anatomia-Patologica-II-1.pdf\">AMP002 &#8211; ANATOMIA PATOL\u00d3GICA II<\/a><br \/><a href=\"https:\/\/www.medicina.ufmg.br\/cegrad\/wp-content\/uploads\/sites\/102\/2024\/11\/06-Cirurgia-II-1.pdf\">CIR035 &#8211; CIRURGIA II<\/a><br \/><a href=\"https:\/\/www.medicina.ufmg.br\/cegrad\/wp-content\/uploads\/sites\/102\/2024\/11\/06-Clinica-Medica-III-1.pdf\">CLM147 &#8211; CL\u00cdNICA M\u00c9DICA III<\/a><br \/><a href=\"https:\/\/www.medicina.ufmg.br\/cegrad\/wp-content\/uploads\/sites\/102\/2024\/11\/06-Ginecologia-Basica-1.pdf\">GOB015 &#8211; GINECOLOGIA B\u00c1SICA<\/a><br \/><a href=\"https:\/\/www.medicina.ufmg.br\/cegrad\/wp-content\/uploads\/sites\/102\/2024\/11\/06-Imagem-II-1.pdf\">IMA178 &#8211; IMAGEM II<\/a><br \/><a href=\"https:\/\/www.medicina.ufmg.br\/cegrad\/wp-content\/uploads\/sites\/102\/2024\/11\/Conferencias-de-Etica-e-Bioetica-2024-1.pdf\">MED070 &#8211; CONFER\u00caNCIAS DE \u00c9TICA E BIO\u00c9TICA<\/a><br \/><a href=\"https:\/\/www.medicina.ufmg.br\/cegrad\/wp-content\/uploads\/sites\/102\/2024\/11\/06-Pediatria-III-1.pdf\">PED037 &#8211; PEDIATRIA III<\/a><br \/><a href=\"https:\/\/www.medicina.ufmg.br\/cegrad\/wp-content\/uploads\/sites\/102\/2024\/11\/06-Patologia-Clinica-II-1.pdf\">PRO076 &#8211; PATOLOGIA CL\u00cdNICA II<\/a><\/p>\n<p><strong>7\u00ba PER\u00cdODO<\/strong><\/p>\n<p><a href=\"https:\/\/www.medicina.ufmg.br\/cegrad\/wp-content\/uploads\/sites\/102\/2024\/11\/07-Cirurgia-III.pdf\">CIR036 &#8211; CIRURGIA III<\/a><br \/><a href=\"https:\/\/www.medicina.ufmg.br\/cegrad\/wp-content\/uploads\/sites\/102\/2024\/11\/07-Clinica-Medica-IV.pdf\">CLM148 &#8211; CL\u00cdNICA M\u00c9DICA IV<\/a><br \/><a href=\"https:\/\/www.medicina.ufmg.br\/cegrad\/wp-content\/uploads\/sites\/102\/2024\/11\/07-Obstetricia-Basica.pdf\">GOB016 &#8211; OBSTETR\u00cdCIA B\u00c1SICA<\/a><br \/><a href=\"https:\/\/www.medicina.ufmg.br\/cegrad\/wp-content\/uploads\/sites\/102\/2024\/11\/Etica-Medica-2024-programa.pdf\">MED150 &#8211; \u00c9TICA M\u00c9DICA<\/a><br \/><a href=\"https:\/\/www.medicina.ufmg.br\/cegrad\/wp-content\/uploads\/sites\/102\/2024\/11\/07-Saude-do-Trabalhador.pdf\">MPS006 &#8211; SA\u00daDE DO TRABALHADOR<\/a><br \/><a href=\"https:\/\/www.medicina.ufmg.br\/cegrad\/wp-content\/uploads\/sites\/102\/2024\/11\/07-Pediatria-IV.pdf\">PED038 &#8211; PEDIATRIA IV<\/a><br \/><a href=\"https:\/\/www.medicina.ufmg.br\/cegrad\/wp-content\/uploads\/sites\/102\/2024\/11\/07-Psicologia-Medica.pdf\">PSQ003 &#8211; PSICOLOGIA M\u00c9DICA<\/a><\/p>\n<p><strong>8\u00ba PER\u00cdODO<\/strong><\/p>\n<p><a href=\"https:\/\/www.medicina.ufmg.br\/cegrad\/wp-content\/uploads\/sites\/102\/2024\/11\/08-Medicina-Legal.pdf\">APM010 &#8211; MEDICINA LEGAL<\/a><br \/><a href=\"https:\/\/www.medicina.ufmg.br\/cegrad\/wp-content\/uploads\/sites\/102\/2024\/11\/08-Cirurgia-IIV.pdf\">CIR037 &#8211; CIRURGIA IV<\/a><br \/><a href=\"https:\/\/www.medicina.ufmg.br\/cegrad\/wp-content\/uploads\/sites\/102\/2024\/11\/08-Clinica-Medica-V.pdf\">CLM149 &#8211; CL\u00cdNICA M\u00c9DICA V<\/a><br \/><a href=\"https:\/\/www.medicina.ufmg.br\/cegrad\/wp-content\/uploads\/sites\/102\/2024\/11\/08-Atencao-Primaria-a-Saude-da-Mulher.pdf\">GOB017 &#8211; ATEN\u00c7\u00c3O PRIM\u00c1RIA \u00c0 SA\u00daDE DA MULHER<\/a><br \/><a href=\"https:\/\/www.medicina.ufmg.br\/cegrad\/wp-content\/uploads\/sites\/102\/2024\/11\/Programa-SVUE-MED-151-.pdf\">MED151 &#8211; SUPORTE DE VIDA EM URG\u00caNCIA E EMERG\u00caNCIA<\/a><br \/><a href=\"https:\/\/www.medicina.ufmg.br\/cegrad\/wp-content\/uploads\/sites\/102\/2024\/11\/08-Politica-de-Saude-e-Planejamento.pdf\">MPS120 &#8211; POLITICA DE SAUDE E PLANEJAMENTO<\/a><br \/><a href=\"https:\/\/www.medicina.ufmg.br\/cegrad\/wp-content\/uploads\/sites\/102\/2024\/11\/08-Pediatria-V.pdf\">PED039 &#8211; PEDIATRIA V<\/a><br \/><a href=\"https:\/\/www.medicina.ufmg.br\/cegrad\/wp-content\/uploads\/sites\/102\/2024\/11\/08-Psiquiatria-na-Atencao-Primaria.pdf\">PSQ004 &#8211; PSIQUIATRIA NA ATEN\u00c7\u00c3O PRIM\u00c1RIA<\/a><\/p>\n<p><strong>9\u00ba PER\u00cdODO<\/strong><\/p>\n<p><a href=\"https:\/\/www.medicina.ufmg.br\/cegrad\/wp-content\/uploads\/sites\/102\/2024\/11\/09-Atencao-Secundaria-em-Dermatologia.pdf\">CLM150 &#8211; ATEN\u00c7\u00c3O SECUND\u00c1RIA EM DERMATOLOGIA<\/a><br \/><a href=\"https:\/\/www.medicina.ufmg.br\/cegrad\/wp-content\/uploads\/sites\/102\/2024\/11\/09-Atencao-Secundaria-em-Neurologia.pdf\">CLM151 &#8211; ATEN\u00c7\u00c3O SECUND\u00c1RIA EM NEUROLOGIA<\/a><br \/><a href=\"https:\/\/www.medicina.ufmg.br\/cegrad\/wp-content\/uploads\/sites\/102\/2024\/11\/09-Estagio-em-Clinica-Medica.pdf\">CLM152 &#8211; EST\u00c1GIO EM CL\u00cdNICA M\u00c9DICA<\/a><br \/><a href=\"https:\/\/www.medicina.ufmg.br\/cegrad\/wp-content\/uploads\/sites\/102\/2024\/11\/09-Propedeutica-Contextualizada-I-Clinica-Medica.pdf\">MED152 &#8211; PROPED\u00caUTICA CONTEXTUALIZADA I : CL\u00cdNICA M\u00c9DICA<\/a><br \/><a href=\"https:\/\/www.medicina.ufmg.br\/cegrad\/wp-content\/uploads\/sites\/102\/2024\/11\/09-Propedeutica-Contextualizada-II-Clinica-Pediatrica.pdf\">MED153 &#8211; PROPED\u00caUTICA CONTEXTUALIZADA II: CL\u00cdNICA PEDI\u00c1TRICA<\/a><br \/><a href=\"https:\/\/www.medicina.ufmg.br\/cegrad\/wp-content\/uploads\/sites\/102\/2024\/11\/09-Estagio-em-Clinica-Pediatrica.pdf\">PED040 &#8211; EST\u00c1GIO EM CL\u00cdNICA PEDI\u00c1TRICA<\/a><br \/><a href=\"https:\/\/www.medicina.ufmg.br\/cegrad\/wp-content\/uploads\/sites\/102\/2024\/11\/09-Interconsulta-Psiquiatrica-I-Clinica-Medica.pdf\">PSQ005 &#8211; INTERCONSULTA PSIQUI\u00c1TRICA I: CL\u00cdNICA M\u00c9DICA<\/a><br \/><a href=\"https:\/\/www.medicina.ufmg.br\/cegrad\/wp-content\/uploads\/sites\/102\/2024\/11\/09-Interconsulta-Psiquiatrica-II-Pediatria.pdf\">PSQ006 &#8211; INTERCONSULTA PSIQUI\u00c1TRICA II: PEDIATRIA<\/a><\/p>\n<p><strong>10\u00ba PER\u00cdODO<\/strong><\/p>\n<p><a href=\"https:\/\/www.medicina.ufmg.br\/cegrad\/wp-content\/uploads\/sites\/102\/2024\/11\/10-Atencao-Secundaria-em-Reumatologia.pdf\">ALO012 &#8211; ATEN\u00c7\u00c3O SECUND\u00c1RIA EM REUMATOLOGIA<\/a><br \/><a href=\"https:\/\/www.medicina.ufmg.br\/cegrad\/wp-content\/uploads\/sites\/102\/2024\/11\/10-Atencao-Secundaria-em-Ortopedia.pdf\">ALO013 &#8211; ATEN\u00c7\u00c3O SECUND\u00c1RIA EM ORTOPEDIA<\/a><br \/><a href=\"https:\/\/www.medicina.ufmg.br\/cegrad\/wp-content\/uploads\/sites\/102\/2024\/11\/10-Estagio-em-Clinica-Cirurgica.pdf\">CIR025 &#8211; EST\u00c1GIO EM CL\u00cdNICA CIR\u00daRGICA<\/a><br \/><a href=\"https:\/\/www.medicina.ufmg.br\/cegrad\/wp-content\/uploads\/sites\/102\/2024\/11\/10-Estagio-em-Ginecologia-e-Obstetricia.pdf\">GOB018 &#8211; EST\u00c1GIO EM GINECOLOGIA E OBSTETR\u00cdCIA<\/a><br \/><a href=\"https:\/\/www.medicina.ufmg.br\/cegrad\/wp-content\/uploads\/sites\/102\/2024\/11\/10-Propedeutica-Contextualizada-Propedeutica-Contextualizada-III-Ginecologia-e-Obstetricia.pdf\">MED154 &#8211; PROPED\u00caUTICA CONTEXTUALIZADA III: GINECOLOGIA E OBSTETR\u00cdCIA<\/a><br \/><a href=\"https:\/\/www.medicina.ufmg.br\/cegrad\/wp-content\/uploads\/sites\/102\/2024\/11\/10-Propedeutica-Contextualizada-Propedeutica-Contextualizada-IV-Clinica-Cirurgica.pdf\">MED155 &#8211; PROPED\u00caUTICA CONTEXTUALIZADA IV: CL\u00cdNICA CIR\u00daRGICA<\/a><br \/><a href=\"https:\/\/www.medicina.ufmg.br\/cegrad\/wp-content\/uploads\/sites\/102\/2024\/11\/10-Atencao-Secundaria-em-Oftalmologia.pdf\">OFT046 &#8211; ATEN\u00c7\u00c3O SECUND\u00c1RIA EM OFTALMOLOGIA<\/a><br \/><a href=\"https:\/\/www.medicina.ufmg.br\/cegrad\/wp-content\/uploads\/sites\/102\/2024\/11\/10-Atencao-Secundaria-em-Otorrinolaringologia.pdf\">OFT047 &#8211; ATEN\u00c7\u00c3O SECUND\u00c1RIA EM OTORRINOLARINGOLOGIA<\/a><\/p>\n<p><strong>11\u00ba PER\u00cdODO<\/strong><\/p>\n<p><a href=\"https:\/\/www.medicina.ufmg.br\/cegrad\/wp-content\/uploads\/sites\/102\/2024\/11\/11-Estagio-em-Urgencia-e-Emergencia-I.pdf\">MED156 &#8211; EST\u00c1GIO EM URG\u00caNCIA E EMERG\u00caNCIA<\/a><br \/><a href=\"https:\/\/www.medicina.ufmg.br\/cegrad\/wp-content\/uploads\/sites\/102\/2024\/11\/GESTAO-DO-SISTEMA-DE-SAUDE_-2024.pdf\">MPS040 &#8211; GEST\u00c3O DO SISTEMA DE SA\u00daDE<\/a><br \/><a href=\"https:\/\/www.medicina.ufmg.br\/cegrad\/wp-content\/uploads\/sites\/102\/2024\/11\/11-Estagio-em-Saude-Coletiva.pdf\">MPS121 &#8211; EST\u00c1GIO EM SA\u00daDE COLETIVA<\/a><\/p>\n<p><strong>12\u00ba PER\u00cdODO<\/strong><br \/><a href=\"https:\/\/www.medicina.ufmg.br\/cegrad\/wp-content\/uploads\/sites\/102\/2024\/11\/12-Estagio-em-Urgencia-e-Emergencia-II.pdf\">MED157 &#8211; EST\u00c1GIO EM URG\u00caNCIA E EMERG\u00caNCIA II<\/a><br \/><a href=\"https:\/\/www.medicina.ufmg.br\/cegrad\/wp-content\/uploads\/sites\/102\/2025\/03\/Programa-ExtensaSo-12op-25mar25.pdf\">MED158 &#8211; EXTENS\u00c3O EM SA\u00daDE E MEDICINA<\/a><\/p>\n\n\n<p><\/p>\n","protected":false},"excerpt":{"rendered":"<p>1\u00ba PER\u00cdODO BIQ119 &#8211; BIOQU\u00cdMICA IGEE060 &#8211; GEN\u00c9TICAIMA175 &#8211; ANATOMIA SIST\u00caMICAMED143 &#8211; INTRODU\u00c7\u00c3O A PESQUISA CIENT\u00cdFICA IMED144 &#8211; ATENDIMENTO PR\u00c9-HOSPITALAR E PRIMEIROS SOCORROSMOF057 &#8211; BIOLOGIA CELULAR APLICADA \u00c0 MEDICINAMOF611 &#8211; EMBRIOLOGIA MEDICAMPS118 &#8211; CIENCIAS SOCIAIS APLICADAS A SAUDE 2\u00ba PER\u00cdODO BIQ608 &#8211; IMUNOLOGIA MEDICAFIB124 &#8211; BIOF\u00cdSICA E FISIOLOGIAMED145 &#8211; INICIA\u00c7\u00c3O \u00c0 ATEN\u00c7\u00c3O PRIM\u00c1RIA \u00c0 SA\u00daDE [&hellip;]<\/p>\n","protected":false},"author":17,"featured_media":0,"parent":0,"menu_order":0,"comment_status":"closed","ping_status":"closed","template":"pagina-medicina.php","meta":{"footnotes":""},"class_list":["post-5466","page","type-page","status-publish","hentry"],"_links":{"self":[{"href":"https:\/\/www.medicina.ufmg.br\/cegrad\/wp-json\/wp\/v2\/pages\/5466","targetHints":{"allow":["GET"]}}],"collection":[{"href":"https:\/\/www.medicina.ufmg.br\/cegrad\/wp-json\/wp\/v2\/pages"}],"about":[{"href":"https:\/\/www.medicina.ufmg.br\/cegrad\/wp-json\/wp\/v2\/types\/page"}],"author":[{"embeddable":true,"href":"https:\/\/www.medicina.ufmg.br\/cegrad\/wp-json\/wp\/v2\/users\/17"}],"replies":[{"embeddable":true,"href":"https:\/\/www.medicina.ufmg.br\/cegrad\/wp-json\/wp\/v2\/comments?post=5466"}],"version-history":[{"count":24,"href":"https:\/\/www.medicina.ufmg.br\/cegrad\/wp-json\/wp\/v2\/pages\/5466\/revisions"}],"predecessor-version":[{"id":5902,"href":"https:\/\/www.medicina.ufmg.br\/cegrad\/wp-json\/wp\/v2\/pages\/5466\/revisions\/5902"}],"wp:attachment":[{"href":"https:\/\/www.medicina.ufmg.br\/cegrad\/wp-json\/wp\/v2\/media?parent=5466"}],"curies":[{"name":"wp","href":"https:\/\/api.w.org\/{rel}","templated":true}]}}