{"id":548,"date":"2022-07-29T10:14:32","date_gmt":"2022-07-29T13:14:32","guid":{"rendered":"https:\/\/www.medicina.ufmg.br\/cegradnovo\/?page_id=548"},"modified":"2024-07-31T11:38:39","modified_gmt":"2024-07-31T14:38:39","slug":"pagina-inicial","status":"publish","type":"page","link":"https:\/\/www.medicina.ufmg.br\/cegrad\/","title":{"rendered":"P\u00e1gina Inicial"},"content":{"rendered":"\t\t<div data-elementor-type=\"wp-page\" data-elementor-id=\"548\" class=\"elementor elementor-548\">\n\t\t\t\t\t\t<section class=\"elementor-section elementor-top-section elementor-element elementor-element-4f97314 elementor-section-boxed elementor-section-height-default elementor-section-height-default\" data-id=\"4f97314\" data-element_type=\"section\">\n\t\t\t\t\t\t<div class=\"elementor-container elementor-column-gap-default\">\n\t\t\t\t\t<div class=\"elementor-column elementor-col-50 elementor-top-column elementor-element elementor-element-6882999\" data-id=\"6882999\" data-element_type=\"column\">\n\t\t\t<div class=\"elementor-widget-wrap elementor-element-populated\">\n\t\t\t\t\t\t<div class=\"elementor-element elementor-element-894e5a6 elementor-widget elementor-widget-shortcode\" data-id=\"894e5a6\" data-element_type=\"widget\" data-widget_type=\"shortcode.default\">\n\t\t\t\t<div class=\"elementor-widget-container\">\n\t\t\t\t\t\t\t<div class=\"elementor-shortcode\"><div id=\"metaslider-id-562\" style=\"width: 100%;\" class=\"ml-slider-3-97-0 metaslider metaslider-flex metaslider-562 ml-slider ms-theme-default\" role=\"region\" aria-roledescription=\"Slideshow\" aria-label=\"GRADUCAO CEGRAD\" data-width=\"650\">\n    <div id=\"metaslider_container_562\">\n        <div id=\"metaslider_562\">\n            <ul class='slides'>\n                <li style=\"display: block; width: 100%;\" class=\"slide-567 ms-image \" aria-roledescription=\"slide\" aria-label=\"slide-567\" data-date=\"2022-07-29 10:20:55\"><a href=\"https:\/\/www.medicina.ufmg.br\/crinter\/\" target=\"_self\" class=\"metaslider_image_link\"><img fetchpriority=\"high\" decoding=\"async\" src=\"https:\/\/www.medicina.ufmg.br\/cegrad\/wp-content\/uploads\/sites\/102\/2022\/07\/Banner-site-da-graduacao-04-650x400-1.png\" height=\"400\" width=\"650\" alt=\"\" class=\"slider-562 slide-567\" title=\"Banner-site-da-gradua\u00e7\u00e3o-04-650x400\" \/><\/a><\/li>\n                <li style=\"display: none; width: 100%;\" class=\"slide-568 ms-image \" aria-roledescription=\"slide\" aria-label=\"slide-568\" data-date=\"2022-07-29 10:20:55\"><a href=\"https:\/\/www.medicina.ufmg.br\/cegrad\/escuta-academica\/\" target=\"_self\" class=\"metaslider_image_link\"><img decoding=\"async\" src=\"https:\/\/www.medicina.ufmg.br\/cegrad\/wp-content\/uploads\/sites\/102\/2022\/07\/Banner-site-da-graduacao-03-650x400-1.png\" height=\"400\" width=\"650\" alt=\"\" class=\"slider-562 slide-568\" title=\"Banner-site-da-gradua\u00e7\u00e3o-03-650x400\" \/><\/a><\/li>\n                <li style=\"display: none; width: 100%;\" class=\"slide-569 ms-image \" aria-roledescription=\"slide\" aria-label=\"slide-569\" data-date=\"2022-07-29 10:20:55\"><a href=\"https:\/\/medicina.ufmg.br\/biblio\/\" target=\"_self\" class=\"metaslider_image_link\"><img decoding=\"async\" src=\"https:\/\/www.medicina.ufmg.br\/cegrad\/wp-content\/uploads\/sites\/102\/2022\/07\/Banner-site-da-graduacao-02-650x400-1.png\" height=\"400\" width=\"650\" alt=\"\" class=\"slider-562 slide-569\" title=\"Banner-site-da-gradua\u00e7\u00e3o-02-650x400\" \/><\/a><\/li>\n                <li style=\"display: none; width: 100%;\" class=\"slide-570 ms-image \" aria-roledescription=\"slide\" aria-label=\"slide-570\" data-date=\"2022-07-29 10:20:56\"><a href=\"https:\/\/ufmg.br\/cursos\/formas-de-ingresso\/ingresso-em-graduacao\" target=\"_self\" class=\"metaslider_image_link\"><img loading=\"lazy\" decoding=\"async\" src=\"https:\/\/www.medicina.ufmg.br\/cegrad\/wp-content\/uploads\/sites\/102\/2022\/07\/Banner-site-da-graduacao-01-650x400-1.png\" height=\"400\" width=\"650\" alt=\"\" class=\"slider-562 slide-570\" title=\"Banner-site-da-gradua\u00e7\u00e3o-01-650x400\" \/><\/a><\/li>\n            <\/ul>\n        <\/div>\n        \n    <\/div>\n<\/div><\/div>\n\t\t\t\t\t\t<\/div>\n\t\t\t\t<\/div>\n\t\t\t\t\t<\/div>\n\t\t<\/div>\n\t\t\t\t<div class=\"elementor-column elementor-col-50 elementor-top-column elementor-element elementor-element-3fefa0d\" data-id=\"3fefa0d\" data-element_type=\"column\">\n\t\t\t<div class=\"elementor-widget-wrap elementor-element-populated\">\n\t\t\t\t\t\t<div class=\"elementor-element elementor-element-7130752 elementor-widget elementor-widget-wp-widget-search\" data-id=\"7130752\" data-element_type=\"widget\" data-widget_type=\"wp-widget-search.default\">\n\t\t\t\t<div class=\"elementor-widget-container\">\n\t\t\t\t\t<form role=\"search\" method=\"get\" class=\"search-form\" action=\"https:\/\/www.medicina.ufmg.br\/cegrad\/\">\r\n\t<label for=\"search-form\">\r\n\t\t<input id=\"search-form\" type=\"search\" class=\"busca\" placeholder=\"BUSCAR\" value=\"\" name=\"s\" title=\"Pesquisar por:\" \/>\r\n\t<\/label>\r\n\t<button type=\"submit\" class=\"pesquisa\"><\/button>\r\n<\/form>\r\n\t\t\t\t<\/div>\n\t\t\t\t<\/div>\n\t\t\t\t<section class=\"elementor-section elementor-inner-section elementor-element elementor-element-d79791d elementor-section-boxed elementor-section-height-default elementor-section-height-default\" data-id=\"d79791d\" data-element_type=\"section\">\n\t\t\t\t\t\t<div class=\"elementor-container elementor-column-gap-default\">\n\t\t\t\t\t<div class=\"elementor-column elementor-col-100 elementor-inner-column elementor-element elementor-element-82b88c8\" data-id=\"82b88c8\" data-element_type=\"column\" data-settings=\"{&quot;background_background&quot;:&quot;classic&quot;}\">\n\t\t\t<div class=\"elementor-widget-wrap elementor-element-populated\">\n\t\t\t\t\t\t<div class=\"elementor-element elementor-element-fd21195 elementor-widget elementor-widget-heading\" data-id=\"fd21195\" data-element_type=\"widget\" data-widget_type=\"heading.default\">\n\t\t\t\t<div class=\"elementor-widget-container\">\n\t\t\t\t\t<h2 class=\"elementor-heading-title elementor-size-medium\"><a href=\"https:\/\/www.medicina.ufmg.br\/cegrad\/inicio\">CENTRO DE gradua\u00e7\u00e3o (CEGRAD)<\/a><\/h2>\t\t\t\t<\/div>\n\t\t\t\t<\/div>\n\t\t\t\t\t<\/div>\n\t\t<\/div>\n\t\t\t\t\t<\/div>\n\t\t<\/section>\n\t\t\t\t<section class=\"elementor-section elementor-inner-section elementor-element elementor-element-98ff6d5 elementor-section-boxed elementor-section-height-default elementor-section-height-default\" data-id=\"98ff6d5\" data-element_type=\"section\">\n\t\t\t\t\t\t<div class=\"elementor-container elementor-column-gap-default\">\n\t\t\t\t\t<div class=\"elementor-column elementor-col-100 elementor-inner-column elementor-element elementor-element-387bdab\" data-id=\"387bdab\" data-element_type=\"column\" data-settings=\"{&quot;background_background&quot;:&quot;classic&quot;}\">\n\t\t\t<div class=\"elementor-widget-wrap elementor-element-populated\">\n\t\t\t\t\t\t<div class=\"elementor-element elementor-element-6c52f59 elementor-widget elementor-widget-heading\" data-id=\"6c52f59\" data-element_type=\"widget\" data-widget_type=\"heading.default\">\n\t\t\t\t<div class=\"elementor-widget-container\">\n\t\t\t\t\t<h2 class=\"elementor-heading-title elementor-size-medium\"><a href=\"https:\/\/www.medicina.ufmg.br\/cegrad\/centro-de-educacao-em-saude\/\">CENTRO DE EDUCA\u00c7\u00c3O EM SA\u00daDE<\/a><\/h2>\t\t\t\t<\/div>\n\t\t\t\t<\/div>\n\t\t\t\t\t<\/div>\n\t\t<\/div>\n\t\t\t\t\t<\/div>\n\t\t<\/section>\n\t\t\t\t<section class=\"elementor-section elementor-inner-section elementor-element elementor-element-77489b5 elementor-section-boxed elementor-section-height-default elementor-section-height-default\" data-id=\"77489b5\" data-element_type=\"section\">\n\t\t\t\t\t\t<div class=\"elementor-container elementor-column-gap-default\">\n\t\t\t\t\t<div class=\"elementor-column elementor-col-100 elementor-inner-column elementor-element elementor-element-98f3df9\" data-id=\"98f3df9\" data-element_type=\"column\" data-settings=\"{&quot;background_background&quot;:&quot;classic&quot;}\">\n\t\t\t<div class=\"elementor-widget-wrap elementor-element-populated\">\n\t\t\t\t\t\t<div class=\"elementor-element elementor-element-7ed8c72 elementor-widget elementor-widget-heading\" data-id=\"7ed8c72\" data-element_type=\"widget\" data-widget_type=\"heading.default\">\n\t\t\t\t<div class=\"elementor-widget-container\">\n\t\t\t\t\t<h2 class=\"elementor-heading-title elementor-size-medium\"><a href=\"https:\/\/www.medicina.ufmg.br\/crinter\">CENTRO DE RELA\u00c7\u00d5ES INTERNACIONAIS<\/a><\/h2>\t\t\t\t<\/div>\n\t\t\t\t<\/div>\n\t\t\t\t\t<\/div>\n\t\t<\/div>\n\t\t\t\t\t<\/div>\n\t\t<\/section>\n\t\t\t\t<section class=\"elementor-section elementor-inner-section elementor-element elementor-element-67ad149 elementor-section-boxed elementor-section-height-default elementor-section-height-default\" data-id=\"67ad149\" data-element_type=\"section\">\n\t\t\t\t\t\t<div class=\"elementor-container elementor-column-gap-default\">\n\t\t\t\t\t<div class=\"elementor-column elementor-col-100 elementor-inner-column elementor-element elementor-element-69f7deb\" data-id=\"69f7deb\" data-element_type=\"column\" data-settings=\"{&quot;background_background&quot;:&quot;classic&quot;}\">\n\t\t\t<div class=\"elementor-widget-wrap elementor-element-populated\">\n\t\t\t\t\t\t<div class=\"elementor-element elementor-element-f4ba83a elementor-widget elementor-widget-heading\" data-id=\"f4ba83a\" data-element_type=\"widget\" data-widget_type=\"heading.default\">\n\t\t\t\t<div class=\"elementor-widget-container\">\n\t\t\t\t\t<h2 class=\"elementor-heading-title elementor-size-medium\"><a href=\"https:\/\/medicina.ufmg.br\/biblio\">BIBLIOTECA<\/a><\/h2>\t\t\t\t<\/div>\n\t\t\t\t<\/div>\n\t\t\t\t\t<\/div>\n\t\t<\/div>\n\t\t\t\t\t<\/div>\n\t\t<\/section>\n\t\t\t\t<section class=\"elementor-section elementor-inner-section elementor-element elementor-element-97852d7 elementor-section-boxed elementor-section-height-default elementor-section-height-default\" data-id=\"97852d7\" data-element_type=\"section\">\n\t\t\t\t\t\t<div class=\"elementor-container elementor-column-gap-default\">\n\t\t\t\t\t<div class=\"elementor-column elementor-col-100 elementor-inner-column elementor-element elementor-element-3e5d48e\" data-id=\"3e5d48e\" data-element_type=\"column\" data-settings=\"{&quot;background_background&quot;:&quot;classic&quot;}\">\n\t\t\t<div class=\"elementor-widget-wrap elementor-element-populated\">\n\t\t\t\t\t\t<div class=\"elementor-element elementor-element-33643f3 elementor-widget elementor-widget-heading\" data-id=\"33643f3\" data-element_type=\"widget\" data-widget_type=\"heading.default\">\n\t\t\t\t<div class=\"elementor-widget-container\">\n\t\t\t\t\t<h2 class=\"elementor-heading-title elementor-size-medium\"><a href=\"https:\/\/www.medicina.ufmg.br\/cegrad\/escuta-academica\/\">ESCUTA ACAD\u00caMICA<\/a><\/h2>\t\t\t\t<\/div>\n\t\t\t\t<\/div>\n\t\t\t\t\t<\/div>\n\t\t<\/div>\n\t\t\t\t\t<\/div>\n\t\t<\/section>\n\t\t\t\t<section class=\"elementor-section elementor-inner-section elementor-element elementor-element-9b94546 elementor-section-boxed elementor-section-height-default elementor-section-height-default\" data-id=\"9b94546\" data-element_type=\"section\">\n\t\t\t\t\t\t<div class=\"elementor-container elementor-column-gap-default\">\n\t\t\t\t\t<div class=\"elementor-column elementor-col-100 elementor-inner-column elementor-element elementor-element-8ca11f1\" data-id=\"8ca11f1\" data-element_type=\"column\" data-settings=\"{&quot;background_background&quot;:&quot;classic&quot;}\">\n\t\t\t<div class=\"elementor-widget-wrap elementor-element-populated\">\n\t\t\t\t\t\t<div class=\"elementor-element elementor-element-684426f elementor-widget elementor-widget-heading\" data-id=\"684426f\" data-element_type=\"widget\" data-widget_type=\"heading.default\">\n\t\t\t\t<div class=\"elementor-widget-container\">\n\t\t\t\t\t<h2 class=\"elementor-heading-title elementor-size-medium\"><a href=\"https:\/\/www.medicina.ufmg.br\/cegrad\/departamentos\/\">DEPARTAMENTOS<\/a><\/h2>\t\t\t\t<\/div>\n\t\t\t\t<\/div>\n\t\t\t\t\t<\/div>\n\t\t<\/div>\n\t\t\t\t\t<\/div>\n\t\t<\/section>\n\t\t\t\t\t<\/div>\n\t\t<\/div>\n\t\t\t\t\t<\/div>\n\t\t<\/section>\n\t\t\t\t<section class=\"elementor-section elementor-top-section elementor-element elementor-element-cdbd0f7 elementor-section-boxed elementor-section-height-default elementor-section-height-default\" data-id=\"cdbd0f7\" data-element_type=\"section\">\n\t\t\t\t\t\t<div class=\"elementor-container elementor-column-gap-default\">\n\t\t\t\t\t<div class=\"elementor-column elementor-col-100 elementor-top-column elementor-element elementor-element-3da044c\" data-id=\"3da044c\" data-element_type=\"column\">\n\t\t\t<div class=\"elementor-widget-wrap elementor-element-populated\">\n\t\t\t\t\t\t<div class=\"elementor-element elementor-element-78406ca elementor-widget elementor-widget-heading\" data-id=\"78406ca\" data-element_type=\"widget\" data-widget_type=\"heading.default\">\n\t\t\t\t<div class=\"elementor-widget-container\">\n\t\t\t\t\t<h1 class=\"elementor-heading-title elementor-size-default\">SERVI\u00c7OS E INFORMA\u00c7\u00d5ES<\/h1>\t\t\t\t<\/div>\n\t\t\t\t<\/div>\n\t\t\t\t<section class=\"elementor-section elementor-inner-section elementor-element elementor-element-7f57031 elementor-section-boxed elementor-section-height-default elementor-section-height-default\" data-id=\"7f57031\" data-element_type=\"section\">\n\t\t\t\t\t\t<div class=\"elementor-container elementor-column-gap-default\">\n\t\t\t\t\t<div class=\"elementor-column elementor-col-20 elementor-inner-column elementor-element elementor-element-85efb03\" data-id=\"85efb03\" data-element_type=\"column\">\n\t\t\t<div class=\"elementor-widget-wrap elementor-element-populated\">\n\t\t\t\t\t\t<div class=\"elementor-element elementor-element-749cdca elementor-widget elementor-widget-html\" data-id=\"749cdca\" data-element_type=\"widget\" data-widget_type=\"html.default\">\n\t\t\t\t<div class=\"elementor-widget-container\">\n\t\t\t\t\t<div class=\"col-mini\">\r\n\t\t\t\t<a href=\"https:\/\/ufmg.br\/cursos\/formas-de-ingresso\/ingresso-em-graduacao\" class=\"botao-servicos\" id=\"botao-acesso\">\r\n\t\t\t\t\t<div class=\"icon-botao\"><div class=\"icon-img\"><\/div><\/div>\r\n\t\t\t\t\tComo<br>Ingressar\r\n\t\t\t\t<\/a>\r\n\t\t\t<\/div>\t\t\t\t<\/div>\n\t\t\t\t<\/div>\n\t\t\t\t\t<\/div>\n\t\t<\/div>\n\t\t\t\t<div class=\"elementor-column elementor-col-20 elementor-inner-column elementor-element elementor-element-03775cb\" data-id=\"03775cb\" data-element_type=\"column\">\n\t\t\t<div class=\"elementor-widget-wrap elementor-element-populated\">\n\t\t\t\t\t\t<div class=\"elementor-element elementor-element-1dc128e elementor-widget elementor-widget-html\" data-id=\"1dc128e\" data-element_type=\"widget\" data-widget_type=\"html.default\">\n\t\t\t\t<div class=\"elementor-widget-container\">\n\t\t\t\t\t<div class=\"col-mini\">\r\n\t\t\t\t<a href=\"https:\/\/www.medicina.ufmg.br\/crinter\/\" class=\"botao-servicos\" id=\"botao-trip\">\r\n\t\t\t\t\t<div class=\"icon-botao\"><div class=\"icon-img\"><\/div><\/div>\r\n\t\t\t\t\tInterc\u00e2mbio<br>Internacional\r\n\t\t\t\t<\/a>\r\n\t\t\t<\/div>\t\t\t\t<\/div>\n\t\t\t\t<\/div>\n\t\t\t\t\t<\/div>\n\t\t<\/div>\n\t\t\t\t<div class=\"elementor-column elementor-col-20 elementor-inner-column elementor-element elementor-element-11f4f95\" data-id=\"11f4f95\" data-element_type=\"column\">\n\t\t\t<div class=\"elementor-widget-wrap elementor-element-populated\">\n\t\t\t\t\t\t<div class=\"elementor-element elementor-element-cb2acef elementor-widget elementor-widget-html\" data-id=\"cb2acef\" data-element_type=\"widget\" data-widget_type=\"html.default\">\n\t\t\t\t<div class=\"elementor-widget-container\">\n\t\t\t\t\t<div class=\"col-mini\">\r\n\t\t\t\t<a href=\"https:\/\/www.medicina.ufmg.br\/napem\" class=\"botao-servicos\" id=\"botao-pessoa\">\r\n\t\t\t\t\t<div class=\"icon-botao\"><div class=\"icon-img\"><\/div><\/div>\r\n\t\t\t\t\tApoio Psico-<br>pedag\u00f3gico\r\n\t\t\t\t<\/a>\r\n\t\t\t<\/div>\t\t\t\t<\/div>\n\t\t\t\t<\/div>\n\t\t\t\t\t<\/div>\n\t\t<\/div>\n\t\t\t\t<div class=\"elementor-column elementor-col-20 elementor-inner-column elementor-element elementor-element-25a4a52 elementor-hidden-mobile\" data-id=\"25a4a52\" data-element_type=\"column\">\n\t\t\t<div class=\"elementor-widget-wrap elementor-element-populated\">\n\t\t\t\t\t\t<div class=\"elementor-element elementor-element-d3834d9 elementor-widget elementor-widget-html\" data-id=\"d3834d9\" data-element_type=\"widget\" data-widget_type=\"html.default\">\n\t\t\t\t<div class=\"elementor-widget-container\">\n\t\t\t\t\t<div class=\"col-mini\">\r\n\t\t\t\t<a href=\"https:\/\/www.medicina.ufmg.br\/biblio\/\" class=\"botao-servicos\" id=\"botao-biblioteca\">\r\n\t\t\t\t\t<div class=\"icon-botao\"><div class=\"icon-img\"><\/div><\/div>\r\n\t\t\t\t\tAcesso<br>Biblioteca\r\n\t\t\t\t<\/a>\r\n\t\t\t<\/div>\t\t\t\t<\/div>\n\t\t\t\t<\/div>\n\t\t\t\t\t<\/div>\n\t\t<\/div>\n\t\t\t\t<div class=\"elementor-column elementor-col-20 elementor-inner-column elementor-element elementor-element-c6ef7dc\" data-id=\"c6ef7dc\" data-element_type=\"column\">\n\t\t\t<div class=\"elementor-widget-wrap elementor-element-populated\">\n\t\t\t\t\t\t<div class=\"elementor-element elementor-element-14e0ae6 elementor-widget elementor-widget-html\" data-id=\"14e0ae6\" data-element_type=\"widget\" data-widget_type=\"html.default\">\n\t\t\t\t<div class=\"elementor-widget-container\">\n\t\t\t\t\t<div class=\"col-mini\">\r\n\t\t\t\t<a href=\"https:\/\/www2.ufmg.br\/drca\/drca\/Home\/Registro-de-Diplomas\" class=\"botao-servicos\" id=\"botao-certificado\">\r\n\t\t\t\t\t<div class=\"icon-botao\"><div class=\"icon-img\"><\/div><\/div>\r\n\t\t\t\t\tEmiss\u00e3o de<br>Diplomas\r\n\t\t\t\t<\/a>\r\n\t\t\t<\/div>\t\t\t\t<\/div>\n\t\t\t\t<\/div>\n\t\t\t\t\t<\/div>\n\t\t<\/div>\n\t\t\t\t\t<\/div>\n\t\t<\/section>\n\t\t\t\t\t<\/div>\n\t\t<\/div>\n\t\t\t\t\t<\/div>\n\t\t<\/section>\n\t\t\t\t<section class=\"elementor-section elementor-top-section elementor-element elementor-element-762a4c9 elementor-section-boxed elementor-section-height-default elementor-section-height-default\" data-id=\"762a4c9\" data-element_type=\"section\">\n\t\t\t\t\t\t<div class=\"elementor-container elementor-column-gap-default\">\n\t\t\t\t\t<div class=\"elementor-column elementor-col-100 elementor-top-column elementor-element elementor-element-15b396b\" data-id=\"15b396b\" data-element_type=\"column\">\n\t\t\t<div class=\"elementor-widget-wrap\">\n\t\t\t\t\t\t\t<\/div>\n\t\t<\/div>\n\t\t\t\t\t<\/div>\n\t\t<\/section>\n\t\t\t\t<section class=\"elementor-section elementor-top-section elementor-element elementor-element-733983e elementor-section-boxed elementor-section-height-default elementor-section-height-default\" data-id=\"733983e\" data-element_type=\"section\">\n\t\t\t\t\t\t<div class=\"elementor-container elementor-column-gap-default\">\n\t\t\t\t\t<div class=\"elementor-column elementor-col-100 elementor-top-column elementor-element elementor-element-a48c8b5\" data-id=\"a48c8b5\" data-element_type=\"column\">\n\t\t\t<div class=\"elementor-widget-wrap\">\n\t\t\t\t\t\t\t<\/div>\n\t\t<\/div>\n\t\t\t\t\t<\/div>\n\t\t<\/section>\n\t\t\t\t<\/div>\n\t\t","protected":false},"excerpt":{"rendered":"<p>CENTRO DE gradua\u00e7\u00e3o (CEGRAD) CENTRO DE EDUCA\u00c7\u00c3O EM SA\u00daDE CENTRO DE RELA\u00c7\u00d5ES INTERNACIONAIS BIBLIOTECA ESCUTA ACAD\u00caMICA DEPARTAMENTOS SERVI\u00c7OS E INFORMA\u00c7\u00d5ES ComoIngressar Interc\u00e2mbioInternacional Apoio Psico-pedag\u00f3gico AcessoBiblioteca Emiss\u00e3o deDiplomas<\/p>\n","protected":false},"author":17,"featured_media":0,"parent":0,"menu_order":0,"comment_status":"closed","ping_status":"closed","template":"inicial-graduacao.php","meta":{"footnotes":""},"class_list":["post-548","page","type-page","status-publish","hentry"],"_links":{"self":[{"href":"https:\/\/www.medicina.ufmg.br\/cegrad\/wp-json\/wp\/v2\/pages\/548","targetHints":{"allow":["GET"]}}],"collection":[{"href":"https:\/\/www.medicina.ufmg.br\/cegrad\/wp-json\/wp\/v2\/pages"}],"about":[{"href":"https:\/\/www.medicina.ufmg.br\/cegrad\/wp-json\/wp\/v2\/types\/page"}],"author":[{"embeddable":true,"href":"https:\/\/www.medicina.ufmg.br\/cegrad\/wp-json\/wp\/v2\/users\/17"}],"replies":[{"embeddable":true,"href":"https:\/\/www.medicina.ufmg.br\/cegrad\/wp-json\/wp\/v2\/comments?post=548"}],"version-history":[{"count":107,"href":"https:\/\/www.medicina.ufmg.br\/cegrad\/wp-json\/wp\/v2\/pages\/548\/revisions"}],"predecessor-version":[{"id":5286,"href":"https:\/\/www.medicina.ufmg.br\/cegrad\/wp-json\/wp\/v2\/pages\/548\/revisions\/5286"}],"wp:attachment":[{"href":"https:\/\/www.medicina.ufmg.br\/cegrad\/wp-json\/wp\/v2\/media?parent=548"}],"curies":[{"name":"wp","href":"https:\/\/api.w.org\/{rel}","templated":true}]}}