{"id":624,"date":"2022-07-29T11:44:32","date_gmt":"2022-07-29T14:44:32","guid":{"rendered":"https:\/\/www.medicina.ufmg.br\/cegradnovo\/?page_id=624"},"modified":"2022-09-12T16:48:35","modified_gmt":"2022-09-12T19:48:35","slug":"comprovacao-de-conhecimentos","status":"publish","type":"page","link":"https:\/\/www.medicina.ufmg.br\/cegrad\/inicio\/comprovacao-de-conhecimentos\/","title":{"rendered":"Comprova\u00e7\u00e3o de Conhecimentos"},"content":{"rendered":"\n<p><strong>Exame de Comprova\u00e7\u00e3o de Conhecimentos<\/strong><\/p>\n\n\n\n<p>Conforme a&nbsp;<strong><a href=\"https:\/\/www.medicina.ufmg.br\/cegrad\/wp-content\/uploads\/sites\/10\/2019\/09\/Resolu%C3%A7%C3%A3o-CEPE-N%C2%BA-04-2019.pdf\" target=\"_blank\" rel=\"noreferrer noopener\">Resolu\u00e7\u00e3o<\/a><\/strong><a href=\"https:\/\/www.medicina.ufmg.br\/cegrad\/wp-content\/uploads\/sites\/10\/2019\/09\/Resolu%C3%A7%C3%A3o-CEPE-N%C2%BA-04-2019.pdf\" target=\"_blank\" rel=\"noreferrer noopener\">&nbsp;<\/a><strong><a href=\"https:\/\/www.medicina.ufmg.br\/cegrad\/wp-content\/uploads\/sites\/10\/2019\/09\/Resolu%C3%A7%C3%A3o-CEPE-N%C2%BA-04-2019.pdf\" target=\"_blank\" rel=\"noreferrer noopener\">CEPE N\u00ba 04\/2019<\/a>,&nbsp;<\/strong>\u00e9 facultado ao(\u00e0) estudante de gradua\u00e7\u00e3o da UFMG prestar exame de comprova\u00e7\u00e3o de conhecimentos para avaliar o dom\u00ednio dos conhecimentos, das habilidades e das atitudes que uma dada atividade acad\u00eamica curricular visa formar e, em caso de aprova\u00e7\u00e3o no exame, integralizar a referida atividade.<\/p>\n\n\n\n<p><strong>Crit\u00e9rios para solicitar o exame de comprova\u00e7\u00e3o de conhecimentos<\/strong><\/p>\n\n\n\n<p>I \u2013 O&nbsp;<strong><a href=\"https:\/\/www.medicina.ufmg.br\/cegrad\/wp-content\/uploads\/sites\/10\/2019\/09\/Formul%C3%A1rio-de-Exame-de-Comprova%C3%A7%C3%A3o-de-Conhecimentos.pdf\" target=\"_blank\" rel=\"noreferrer noopener\">requerimento&nbsp;<\/a>dever\u00e1 ser preenchido&nbsp;<\/strong>no SIGA,&nbsp; no per\u00edodo estipulado pelo&nbsp;<a href=\"https:\/\/ufmg.br\/a-universidade\/calendario-academico\" target=\"_blank\" rel=\"noreferrer noopener\">Calend\u00e1rio Acad\u00eamico da UFMG<\/a>;<\/p>\n\n\n\n<p><strong>COMO SOLICITAR<\/strong><\/p>\n\n\n\n<ol class=\"wp-block-list\"><li>Acesse o SIGA e clique no \u00edcone \u201c<strong>Meus requerimentos de Ocorr\u00eancias<\/strong>\u201d;<\/li><li>Clique no comando \u201c<strong>Criar novo requerimento<\/strong>\u201d;<\/li><li>Selecione o tipo de requerimento (\u201c<strong>Comprova\u00e7\u00e3o de Conhecimento<\/strong>\u201d) &nbsp;e clique no comando \u201c<strong>continua<\/strong>r\u201d;<\/li><li>Preencha os campos obrigat\u00f3rios e acione o comando \u201c<strong>Enviar o requerimento<\/strong>\u201d; a coordena\u00e7\u00e3o do Colegiado far\u00e1 an\u00e1lise do pedido e responder\u00e1 via SIGA. Se houver necessidade, far\u00e1 contato por e-mail ou telefone.<\/li><\/ol>\n\n\n\n<p>II \u2013 n\u00e3o ter sido matriculado(a), em qualquer tempo, na atividade acad\u00eamica curricular objeto da comprova\u00e7\u00e3o de conhecimentos;<\/p>\n\n\n\n<p>III \u2013 n\u00e3o ter sido reprovado(a) anteriormente em exame de comprova\u00e7\u00e3o de conhecimentos aplicado para a mesma atividade acad\u00eamica curricular;<\/p>\n\n\n\n<p>&nbsp;IV \u2013 n\u00e3o haver registro de trancamento total de matr\u00edcula no per\u00edodo letivo em que requer o exame de comprova\u00e7\u00e3o de conhecimentos.<\/p>\n\n\n\n<p><strong>Informa\u00e7\u00f5es adicionais<\/strong><\/p>\n\n\n\n<ul class=\"wp-block-list\"><li>O exame de comprova\u00e7\u00e3o de conhecimentos ser\u00e1 preparado e avaliado por Comiss\u00e3o de docentes vinculados(as) \u00e0 \u00e1rea de conhecimento em quest\u00e3o, indicados(as) pelo(s) Departamento(s) ou estrutura equivalente respons\u00e1vel(eis) pela oferta da atividade acad\u00eamica curricular;<\/li><li>O conte\u00fado a ser avaliado dever\u00e1 necessariamente constar do programa vigente da atividade acad\u00eamica curricular;<\/li><li>A nota final ser\u00e1 a m\u00e9dia aritm\u00e9tica das notas atribu\u00eddas por cada examinador(a) em uma escala de 0 (zero) a 100 (cem) pontos;<\/li><li>Ser\u00e1 considerado(a) aprovado(a) o(a) estudante que obtiver nota final maior ou igual a 60 (sessenta) pontos, conforme disposto no \u00a7 1 o do art. 12 das Normas Gerais de Gradua\u00e7\u00e3o;<\/li><li>Ser\u00e1 lan\u00e7ada nota final 0 (zero) para o(a) estudante que n\u00e3o comparecer ao exame de comprova\u00e7\u00e3o de conhecimentos, exceto nos casos de justificativa protocolizada at\u00e9 10 (dez) dias, contados de modo cont\u00ednuo, nos termos no art. 146 do Regimento Geral da UFMG, a partir da data prevista para realiza\u00e7\u00e3o do exame e aceita pelo Colegiado do Curso.<\/li><li>A nota final do exame de comprova\u00e7\u00e3o de conhecimentos integrar\u00e1 o c\u00e1lculo da Nota Semestral Global (NSG)\/Rendimento Semestral Global (RSG).<\/li><li>No curso de Medicina somente ser\u00e3o aceitas solicita\u00e7\u00f5es de Comprova\u00e7\u00e3o de Conhecimentos para disciplina que tiver carga hor\u00e1ria pr\u00e1tica menor ou igual a 40% da carga hor\u00e1ria total da disciplina na matriz curricular. (Reuni\u00e3o do Colegiado do Curso M\u00e9dico de 21-05-08).<\/li><\/ul>\n","protected":false},"excerpt":{"rendered":"<p>Exame de Comprova\u00e7\u00e3o de Conhecimentos Conforme a&nbsp;Resolu\u00e7\u00e3o&nbsp;CEPE N\u00ba 04\/2019,&nbsp;\u00e9 facultado ao(\u00e0) estudante de gradua\u00e7\u00e3o da UFMG prestar exame de comprova\u00e7\u00e3o de conhecimentos para avaliar o dom\u00ednio dos conhecimentos, das habilidades e das atitudes que uma dada atividade acad\u00eamica curricular visa formar e, em caso de aprova\u00e7\u00e3o no exame, integralizar a referida atividade. Crit\u00e9rios para solicitar [&hellip;]<\/p>\n","protected":false},"author":17,"featured_media":0,"parent":603,"menu_order":0,"comment_status":"closed","ping_status":"closed","template":"pagina-cegrad.php","meta":{"footnotes":""},"class_list":["post-624","page","type-page","status-publish","hentry"],"_links":{"self":[{"href":"https:\/\/www.medicina.ufmg.br\/cegrad\/wp-json\/wp\/v2\/pages\/624","targetHints":{"allow":["GET"]}}],"collection":[{"href":"https:\/\/www.medicina.ufmg.br\/cegrad\/wp-json\/wp\/v2\/pages"}],"about":[{"href":"https:\/\/www.medicina.ufmg.br\/cegrad\/wp-json\/wp\/v2\/types\/page"}],"author":[{"embeddable":true,"href":"https:\/\/www.medicina.ufmg.br\/cegrad\/wp-json\/wp\/v2\/users\/17"}],"replies":[{"embeddable":true,"href":"https:\/\/www.medicina.ufmg.br\/cegrad\/wp-json\/wp\/v2\/comments?post=624"}],"version-history":[{"count":2,"href":"https:\/\/www.medicina.ufmg.br\/cegrad\/wp-json\/wp\/v2\/pages\/624\/revisions"}],"predecessor-version":[{"id":4538,"href":"https:\/\/www.medicina.ufmg.br\/cegrad\/wp-json\/wp\/v2\/pages\/624\/revisions\/4538"}],"up":[{"embeddable":true,"href":"https:\/\/www.medicina.ufmg.br\/cegrad\/wp-json\/wp\/v2\/pages\/603"}],"wp:attachment":[{"href":"https:\/\/www.medicina.ufmg.br\/cegrad\/wp-json\/wp\/v2\/media?parent=624"}],"curies":[{"name":"wp","href":"https:\/\/api.w.org\/{rel}","templated":true}]}}