{"id":626,"date":"2022-07-29T11:45:56","date_gmt":"2022-07-29T14:45:56","guid":{"rendered":"https:\/\/www.medicina.ufmg.br\/cegradnovo\/?page_id=626"},"modified":"2025-08-14T16:26:20","modified_gmt":"2025-08-14T19:26:20","slug":"equipe","status":"publish","type":"page","link":"https:\/\/www.medicina.ufmg.br\/cegrad\/inicio\/equipe\/","title":{"rendered":"Equipe"},"content":{"rendered":"\n<p><strong>Coordena\u00e7\u00e3o Administrativa do Centro de Gradua\u00e7\u00e3o<\/strong><\/p>\n\n\n\n<p>Rodrigo Ferreira de Oliveira<\/p>\n\n\n\n<p>E-mail: cegrad@medicina.ufmg.br \u2013 Telefone: 3409-9953<\/p>\n\n\n\n<p><strong>Secretaria acad\u00eamica do Curso Superior de Tecnologia em Radiologia<\/strong><\/p>\n\n\n\n<p>Rafael Rodrigues Silva<\/p>\n\n\n\n<p>Deiziane Pereira<\/p>\n\n\n\n<p>E-mail: coltecrad@medicina.ufmg.br \u2013 Telefone: 3409-8063<\/p>\n\n\n\n<p><strong>Secretaria acad\u00eamica do Curso de Fonoaudiologia<\/strong><\/p>\n\n\n\n<p>Elma Maria Fernandes<\/p>\n\n\n\n<p>E-mail: colfono@medicina.ufmg.br \u2013 Telefone: 3409-9950<\/p>\n\n\n\n<p><strong>Secretaria acad\u00eamica do Curso de Medicina<\/strong><\/p>\n\n\n\n<p>C\u00edntia da Silva Maciel<\/p>\n\n\n\n<p>Deiziane Pereira<\/p>\n\n\n\n<p>Iraildes Rodrigues de Moura Castro<\/p>\n\n\n\n<p>Luciane Andrade Lejeune<\/p>\n\n\n\n<p>Nuna Fl\u00e1via Resende dos Santos<\/p>\n\n\n\n<p>Sebasti\u00e3o Resende<\/p>\n\n\n\n<p>E-mail: colgradmed@medicina.ufmg.br \u2013 Telefone: 3409-9637<\/p>\n\n\n\n<p><strong>Assessoria de Escuta Acad\u00eamica<\/strong><\/p>\n\n\n\n<p>Caroline Stumpf Buaes<\/p>\n\n\n\n<p>Jordan Diego Costa Melo<\/p>\n\n\n\n<p>Maria das Gra\u00e7as Santos Ribeiro<\/p>\n\n\n\n<p>E-mail: escutaacademica@medicina.ufmg.br<\/p>\n\n\n\n<p>Telefones: 3409-9659 e 3409-9664<\/p>\n\n\n\n<p><\/p>\n\n\n\n<p><\/p>\n\n\n\n<p><\/p>\n\n\n\n<p><\/p>\n\n\n\n<p><\/p>\n\n\n\n<p><\/p>\n\n\n\n<p><\/p>\n","protected":false},"excerpt":{"rendered":"<p>Coordena\u00e7\u00e3o Administrativa do Centro de Gradua\u00e7\u00e3o Rodrigo Ferreira de Oliveira E-mail: cegrad@medicina.ufmg.br \u2013 Telefone: 3409-9953 Secretaria acad\u00eamica do Curso Superior de Tecnologia em Radiologia Rafael Rodrigues Silva Deiziane Pereira E-mail: coltecrad@medicina.ufmg.br \u2013 Telefone: 3409-8063 Secretaria acad\u00eamica do Curso de Fonoaudiologia Elma Maria Fernandes E-mail: colfono@medicina.ufmg.br \u2013 Telefone: 3409-9950 Secretaria acad\u00eamica do Curso de Medicina C\u00edntia [&hellip;]<\/p>\n","protected":false},"author":17,"featured_media":0,"parent":603,"menu_order":0,"comment_status":"closed","ping_status":"closed","template":"pagina-cegrad.php","meta":{"footnotes":""},"class_list":["post-626","page","type-page","status-publish","hentry"],"_links":{"self":[{"href":"https:\/\/www.medicina.ufmg.br\/cegrad\/wp-json\/wp\/v2\/pages\/626","targetHints":{"allow":["GET"]}}],"collection":[{"href":"https:\/\/www.medicina.ufmg.br\/cegrad\/wp-json\/wp\/v2\/pages"}],"about":[{"href":"https:\/\/www.medicina.ufmg.br\/cegrad\/wp-json\/wp\/v2\/types\/page"}],"author":[{"embeddable":true,"href":"https:\/\/www.medicina.ufmg.br\/cegrad\/wp-json\/wp\/v2\/users\/17"}],"replies":[{"embeddable":true,"href":"https:\/\/www.medicina.ufmg.br\/cegrad\/wp-json\/wp\/v2\/comments?post=626"}],"version-history":[{"count":3,"href":"https:\/\/www.medicina.ufmg.br\/cegrad\/wp-json\/wp\/v2\/pages\/626\/revisions"}],"predecessor-version":[{"id":5843,"href":"https:\/\/www.medicina.ufmg.br\/cegrad\/wp-json\/wp\/v2\/pages\/626\/revisions\/5843"}],"up":[{"embeddable":true,"href":"https:\/\/www.medicina.ufmg.br\/cegrad\/wp-json\/wp\/v2\/pages\/603"}],"wp:attachment":[{"href":"https:\/\/www.medicina.ufmg.br\/cegrad\/wp-json\/wp\/v2\/media?parent=626"}],"curies":[{"name":"wp","href":"https:\/\/api.w.org\/{rel}","templated":true}]}}