{"id":640,"date":"2022-07-29T11:48:33","date_gmt":"2022-07-29T14:48:33","guid":{"rendered":"https:\/\/www.medicina.ufmg.br\/cegradnovo\/?page_id=640"},"modified":"2023-04-20T15:47:02","modified_gmt":"2023-04-20T18:47:02","slug":"mobilidade-academica-nacional","status":"publish","type":"page","link":"https:\/\/www.medicina.ufmg.br\/cegrad\/inicio\/mobilidade-academica-nacional\/","title":{"rendered":"Mobilidade Acad\u00eamica Nacional ANDIFES"},"content":{"rendered":"\n<p>Os alunos da Faculdade de Medicina\/UFMG interessados em participar do Programa de Mobilidade Acad\u00eamica, dever\u00e3o consultar a Coordena\u00e7\u00e3o do Colegiado do seu curso para elaborar o plano de estudos. Nessa etapa, o aluno dever\u00e1 estar de posse dos programas da(s) disciplina(s) a ser(em) cursada(s) na institui\u00e7\u00e3o receptora, de modo a subsidiar a an\u00e1lise de posterior e obrigat\u00f3ria concess\u00e3o de equival\u00eancia, em caso de aprova\u00e7\u00e3o do aluno.<\/p>\n\n\n\n<p>\u00a0Para mais informa\u00e7\u00f5es sobre Mobilidade Acad\u00eamica Nacional consulte a <a href=\"https:\/\/www.ufmg.br\/prograd\/mobilidade-academica\/\" data-type=\"URL\" data-id=\"https:\/\/www.ufmg.br\/prograd\/mobilidade-academica\/\" target=\"_blank\" rel=\"noreferrer noopener\">p\u00e1gina da Prograd.<\/a><\/p>\n","protected":false},"excerpt":{"rendered":"<p>Os alunos da Faculdade de Medicina\/UFMG interessados em participar do Programa de Mobilidade Acad\u00eamica, dever\u00e3o consultar a Coordena\u00e7\u00e3o do Colegiado do seu curso para elaborar o plano de estudos. Nessa etapa, o aluno dever\u00e1 estar de posse dos programas da(s) disciplina(s) a ser(em) cursada(s) na institui\u00e7\u00e3o receptora, de modo a subsidiar a an\u00e1lise de posterior [&hellip;]<\/p>\n","protected":false},"author":17,"featured_media":0,"parent":603,"menu_order":0,"comment_status":"closed","ping_status":"closed","template":"pagina-cegrad.php","meta":{"footnotes":""},"class_list":["post-640","page","type-page","status-publish","hentry"],"_links":{"self":[{"href":"https:\/\/www.medicina.ufmg.br\/cegrad\/wp-json\/wp\/v2\/pages\/640","targetHints":{"allow":["GET"]}}],"collection":[{"href":"https:\/\/www.medicina.ufmg.br\/cegrad\/wp-json\/wp\/v2\/pages"}],"about":[{"href":"https:\/\/www.medicina.ufmg.br\/cegrad\/wp-json\/wp\/v2\/types\/page"}],"author":[{"embeddable":true,"href":"https:\/\/www.medicina.ufmg.br\/cegrad\/wp-json\/wp\/v2\/users\/17"}],"replies":[{"embeddable":true,"href":"https:\/\/www.medicina.ufmg.br\/cegrad\/wp-json\/wp\/v2\/comments?post=640"}],"version-history":[{"count":2,"href":"https:\/\/www.medicina.ufmg.br\/cegrad\/wp-json\/wp\/v2\/pages\/640\/revisions"}],"predecessor-version":[{"id":4682,"href":"https:\/\/www.medicina.ufmg.br\/cegrad\/wp-json\/wp\/v2\/pages\/640\/revisions\/4682"}],"up":[{"embeddable":true,"href":"https:\/\/www.medicina.ufmg.br\/cegrad\/wp-json\/wp\/v2\/pages\/603"}],"wp:attachment":[{"href":"https:\/\/www.medicina.ufmg.br\/cegrad\/wp-json\/wp\/v2\/media?parent=640"}],"curies":[{"name":"wp","href":"https:\/\/api.w.org\/{rel}","templated":true}]}}