{"id":661,"date":"2022-07-29T11:54:24","date_gmt":"2022-07-29T14:54:24","guid":{"rendered":"https:\/\/www.medicina.ufmg.br\/cegradnovo\/?page_id=661"},"modified":"2023-05-03T09:57:29","modified_gmt":"2023-05-03T12:57:29","slug":"solicitacao-de-documentos","status":"publish","type":"page","link":"https:\/\/www.medicina.ufmg.br\/cegrad\/inicio\/solicitacao-de-documentos\/","title":{"rendered":"Solicita\u00e7\u00e3o de Documentos"},"content":{"rendered":"\n<h4 class=\"wp-block-heading\"><strong>(hist\u00f3ricos, declara\u00e7\u00f5es e programas de disciplinas)<\/strong><\/h4>\n\n\n\n<p>Comunicamos, de ordem da Reitoria, a&nbsp;<strong>gratuidade para emiss\u00e3o de documentos escolares nos cursos de gradua\u00e7\u00e3o e de p\u00f3s-gradua\u00e7\u00e3o&nbsp;strictu sensu<\/strong>.<\/p>\n\n\n\n<p>Salientamos que documentos como hist\u00f3rico escolar, comprovante de matr\u00edcula e declara\u00e7\u00e3o de interc\u00e2mbio, os quais est\u00e3o&nbsp;<strong>dispon\u00edveis no sistema<\/strong>&nbsp;<strong>SIGA UFMG<\/strong>, n\u00e3o ensejam o recolhimento de quaisquer taxas, tal como tamb\u00e9m ocorre com a primeira via do diploma escolar.<\/p>\n\n\n\n<p><strong>Os hist\u00f3ricos para os alunos da gradua\u00e7\u00e3o devem ser emitidos apenas pelo SIGA.<\/strong><\/p>\n\n\n\n<p>Outros documentos, expedidos em meio f\u00edsico pela Unidade Acad\u00eamica, a exemplo de certid\u00e3o de notas, declara\u00e7\u00e3o de dias de prova, declara\u00e7\u00e3o de hor\u00e1rio, declara\u00e7\u00e3o de est\u00e1gio, de plano de ensino, disciplinas cursadas, de conte\u00fado program\u00e1tico, declara\u00e7\u00e3o de transfer\u00eancia, de certificado para cola\u00e7\u00e3o de grau, de certificado de conclus\u00e3o de curso, de atestado de v\u00ednculo, de participa\u00e7\u00e3o em semin\u00e1rios, palestras e cong\u00eaneres podem ensejar&nbsp;<strong>somente o recolhimento do valor correspondente ao custo da impress\u00e3o<\/strong>.<\/p>\n\n\n\n<p>O pre\u00e7o selecionado em licita\u00e7\u00e3o pelo Departamento de Log\u00edstica Operacional (DLO) e praticado na Pra\u00e7a de Servi\u00e7os do Campus Pampulha encontra-se no link a seguir&nbsp;<a href=\"https:\/\/www.ufmg.br\/dlo\/arquivo\/disec\/Reprografia\/034_2019_Tabela%20de%20Pre%C3%A7os_PCA.pdf\" target=\"_blank\" rel=\"noreferrer noopener\">034_2019_Tabela de Pre\u00e7os_PCA.pdf (ufmg.br)<\/a>.<\/p>\n\n\n\n<p><strong>O valor da impress\u00e3o A4\/Carta em Papel Sulfite de 75g de gramatura em Preto &amp; Branco \u00e9 de R$0,17.&nbsp;<\/strong><\/p>\n\n\n\n<p><strong>Para efetivar o pedido do documento, voc\u00ea deve preencher o formul\u00e1rio e envi\u00e1-lo para o <\/strong><a href=\"https:\/\/www.medicina.ufmg.br\/cegrad\/contatos-2\/\"><strong>e-mail<\/strong> <strong>do seu Colegiado<\/strong><\/a>. <\/p>\n\n\n\n<p><a href=\"https:\/\/www.medicina.ufmg.br\/cegrad\/wp-content\/uploads\/sites\/10\/2021\/10\/Formulario-de-solicitacao-de-documentos.pdf\">Formul\u00e1rio de solicita\u00e7\u00e3o de documentos<\/a><\/p>\n","protected":false},"excerpt":{"rendered":"<p>(hist\u00f3ricos, declara\u00e7\u00f5es e programas de disciplinas) Comunicamos, de ordem da Reitoria, a&nbsp;gratuidade para emiss\u00e3o de documentos escolares nos cursos de gradua\u00e7\u00e3o e de p\u00f3s-gradua\u00e7\u00e3o&nbsp;strictu sensu. Salientamos que documentos como hist\u00f3rico escolar, comprovante de matr\u00edcula e declara\u00e7\u00e3o de interc\u00e2mbio, os quais est\u00e3o&nbsp;dispon\u00edveis no sistema&nbsp;SIGA UFMG, n\u00e3o ensejam o recolhimento de quaisquer taxas, tal como tamb\u00e9m ocorre [&hellip;]<\/p>\n","protected":false},"author":17,"featured_media":0,"parent":603,"menu_order":0,"comment_status":"closed","ping_status":"closed","template":"pagina-cegrad.php","meta":{"footnotes":""},"class_list":["post-661","page","type-page","status-publish","hentry"],"_links":{"self":[{"href":"https:\/\/www.medicina.ufmg.br\/cegrad\/wp-json\/wp\/v2\/pages\/661","targetHints":{"allow":["GET"]}}],"collection":[{"href":"https:\/\/www.medicina.ufmg.br\/cegrad\/wp-json\/wp\/v2\/pages"}],"about":[{"href":"https:\/\/www.medicina.ufmg.br\/cegrad\/wp-json\/wp\/v2\/types\/page"}],"author":[{"embeddable":true,"href":"https:\/\/www.medicina.ufmg.br\/cegrad\/wp-json\/wp\/v2\/users\/17"}],"replies":[{"embeddable":true,"href":"https:\/\/www.medicina.ufmg.br\/cegrad\/wp-json\/wp\/v2\/comments?post=661"}],"version-history":[{"count":2,"href":"https:\/\/www.medicina.ufmg.br\/cegrad\/wp-json\/wp\/v2\/pages\/661\/revisions"}],"predecessor-version":[{"id":4784,"href":"https:\/\/www.medicina.ufmg.br\/cegrad\/wp-json\/wp\/v2\/pages\/661\/revisions\/4784"}],"up":[{"embeddable":true,"href":"https:\/\/www.medicina.ufmg.br\/cegrad\/wp-json\/wp\/v2\/pages\/603"}],"wp:attachment":[{"href":"https:\/\/www.medicina.ufmg.br\/cegrad\/wp-json\/wp\/v2\/media?parent=661"}],"curies":[{"name":"wp","href":"https:\/\/api.w.org\/{rel}","templated":true}]}}