{"id":666,"date":"2022-07-29T11:55:52","date_gmt":"2022-07-29T14:55:52","guid":{"rendered":"https:\/\/www.medicina.ufmg.br\/cegradnovo\/?page_id=666"},"modified":"2026-01-06T16:15:35","modified_gmt":"2026-01-06T19:15:35","slug":"contatos-2","status":"publish","type":"page","link":"https:\/\/www.medicina.ufmg.br\/cegrad\/contatos-2\/","title":{"rendered":"Contatos"},"content":{"rendered":"\t\t<div data-elementor-type=\"wp-page\" data-elementor-id=\"666\" class=\"elementor elementor-666\">\n\t\t\t\t\t\t<section class=\"elementor-section elementor-top-section elementor-element elementor-element-1c7c13f7 elementor-section-boxed elementor-section-height-default elementor-section-height-default\" data-id=\"1c7c13f7\" data-element_type=\"section\">\n\t\t\t\t\t\t<div class=\"elementor-container elementor-column-gap-default\">\n\t\t\t\t\t<div class=\"elementor-column elementor-col-100 elementor-top-column elementor-element elementor-element-3b6c7a8a\" data-id=\"3b6c7a8a\" data-element_type=\"column\">\n\t\t\t<div class=\"elementor-widget-wrap elementor-element-populated\">\n\t\t\t\t\t\t<div class=\"elementor-element elementor-element-7b37284d elementor-widget elementor-widget-text-editor\" data-id=\"7b37284d\" data-element_type=\"widget\" data-widget_type=\"text-editor.default\">\n\t\t\t\t<div class=\"elementor-widget-container\">\n\t\t\t\t\t\t\t\t\t<p>\u00a0<\/p>\n<div>\n<p><span style=\"color: #5d5d5d;\"><span style=\"color: #333333;\"><strong>Colegiado de Fonoaudiologia:<\/strong><\/span><br \/><br \/>E-mail:\u00a0<a href=\"mailto:colgradmed@medicina.ufmg.br\" target=\"_blank\" rel=\"noopener\">colfono@medicina.ufmg.<wbr \/>br<\/a>\u00a0 <br \/>Fone: 3409-9950<br \/><\/span><span style=\"color: #5d5d5d;\"><br \/>Atendimento:<br \/><\/span><span style=\"color: #5d5d5d;\">Segunda a quinta: 10h30 \u00e0s 15h30 e 17h30 \u00e0s 19h30<br \/><\/span><span style=\"color: #5d5d5d;\">Sexta: 10h \u00e0s 16h<\/span><\/p>\n<\/div>\n<div><span style=\"color: #5d5d5d;\">\u00a0<\/span><\/div>\n<div>\n<p><span style=\"color: #333333;\"><strong>Colegiado de Medicina:<\/strong><\/span><br \/><br \/>E-mail:\u00a0<a href=\"mailto:colgradmed@medicina.ufmg.br\" target=\"_blank\" rel=\"noopener\">colgradmed@medicina.<wbr \/>ufmg.br<\/a>\u00a0 <br \/>Fone: (31) 3409-9660 \/ 9637<br \/><span style=\"color: #000000;\"><span style=\"color: #5d5d5d;\"><br \/>Atendimento: 10h \u00e0s 12h e 13h \u00e0s 16h<\/span><\/span><\/p>\n<div><span style=\"color: #000000;\"><span style=\"color: #5d5d5d;\">\u00a0<\/span><\/span><\/div>\n<div>\n<p><span style=\"color: #000000;\"><span style=\"color: #333333;\"><strong>Colegiado de Radiologia:<\/strong><\/span><br \/><br \/>e-mail:\u00a0<a href=\"mailto:colgradmed@medicina.ufmg.br\" target=\"_blank\" rel=\"noopener\">coltecrad@medicina.<wbr \/>ufmg.br<\/a>\u00a0 <br \/>Fone: 3409-8063<\/span><\/p>\n<div>\n<div>\n<div><span style=\"color: #5d5d5d;\">Atendimento:<\/span><\/div>\n<div><span style=\"color: #5d5d5d;\">Segunda a quinta: 10h30 \u00e0s 15h30 e 17h30 \u00e0s 19h30<\/span><\/div>\n<\/div>\n<div><span style=\"color: #000000;\"><span style=\"color: #5d5d5d;\">Sexta: 10h \u00e0s 16h<\/span><\/span><\/div>\n<\/div>\n<\/div>\n<\/div>\n<p>\u00a0<\/p>\n<p><!-- \/wp:paragraph --><\/p>\t\t\t\t\t\t\t\t<\/div>\n\t\t\t\t<\/div>\n\t\t\t\t\t<\/div>\n\t\t<\/div>\n\t\t\t\t\t<\/div>\n\t\t<\/section>\n\t\t\t\t<section class=\"elementor-section elementor-top-section elementor-element elementor-element-de43cc1 elementor-section-boxed elementor-section-height-default elementor-section-height-default\" data-id=\"de43cc1\" data-element_type=\"section\" data-settings=\"{&quot;background_background&quot;:&quot;classic&quot;}\">\n\t\t\t\t\t\t<div class=\"elementor-container elementor-column-gap-default\">\n\t\t\t\t\t<div class=\"elementor-column elementor-col-100 elementor-top-column elementor-element elementor-element-a7d739a\" data-id=\"a7d739a\" data-element_type=\"column\" data-settings=\"{&quot;background_background&quot;:&quot;classic&quot;}\">\n\t\t\t<div class=\"elementor-widget-wrap elementor-element-populated\">\n\t\t\t\t\t\t<div class=\"elementor-element elementor-element-a230b9b elementor-widget elementor-widget-heading\" data-id=\"a230b9b\" data-element_type=\"widget\" data-widget_type=\"heading.default\">\n\t\t\t\t<div class=\"elementor-widget-container\">\n\t\t\t\t\t<h1 class=\"elementor-heading-title elementor-size-default\">SOBRE O CEGRAD<\/h1>\t\t\t\t<\/div>\n\t\t\t\t<\/div>\n\t\t\t\t<div class=\"elementor-element elementor-element-aed78b5 elementor-widget elementor-widget-text-editor\" data-id=\"aed78b5\" data-element_type=\"widget\" data-widget_type=\"text-editor.default\">\n\t\t\t\t<div class=\"elementor-widget-container\">\n\t\t\t\t\t\t\t\t\t<p>O Centro de Gradua\u00e7\u00e3o \u00e9 respons\u00e1vel pela coordena\u00e7\u00e3o dos cursos de Medicina, Fonoaudiologia e Tecnologia em Radiologia e pelo atendimento aos estudantes. (Composto pela Se\u00e7\u00e3o de Ensino, pelo Colegiado de Fonoaudiologia, pelo Colegiado de Medicina e pelo Colegiado do Curso superior de Tecnologia em Radiologia, o setor auxilia o aluno oferecendo informa\u00e7\u00f5es e prestando servi\u00e7os acad\u00eamicos.)<\/p>\t\t\t\t\t\t\t\t<\/div>\n\t\t\t\t<\/div>\n\t\t\t\t<div class=\"elementor-element elementor-element-7cfcd2e elementor-align-right elementor-mobile-align-right elementor-widget elementor-widget-button\" data-id=\"7cfcd2e\" data-element_type=\"widget\" data-widget_type=\"button.default\">\n\t\t\t\t<div class=\"elementor-widget-container\">\n\t\t\t\t\t\t\t\t\t<div class=\"elementor-button-wrapper\">\n\t\t\t\t\t<a class=\"elementor-button elementor-button-link elementor-size-sm\" href=\"https:\/\/www.medicina.ufmg.br\/cegrad\/inicio\">\n\t\t\t\t\t\t<span class=\"elementor-button-content-wrapper\">\n\t\t\t\t\t\t\t\t\t<span class=\"elementor-button-text\">SAIBA MAIS<\/span>\n\t\t\t\t\t<\/span>\n\t\t\t\t\t<\/a>\n\t\t\t\t<\/div>\n\t\t\t\t\t\t\t\t<\/div>\n\t\t\t\t<\/div>\n\t\t\t\t\t<\/div>\n\t\t<\/div>\n\t\t\t\t\t<\/div>\n\t\t<\/section>\n\t\t\t\t<\/div>\n\t\t","protected":false},"excerpt":{"rendered":"<p>\u00a0 Colegiado de Fonoaudiologia: E-mail:\u00a0colfono@medicina.ufmg.br\u00a0 Fone: 3409-9950 Atendimento:Segunda a quinta: 10h30 \u00e0s 15h30 e 17h30 \u00e0s 19h30Sexta: 10h \u00e0s 16h \u00a0 Colegiado de Medicina: E-mail:\u00a0colgradmed@medicina.ufmg.br\u00a0 Fone: (31) 3409-9660 \/ 9637 Atendimento: 10h \u00e0s 12h e 13h \u00e0s 16h \u00a0 Colegiado de Radiologia: e-mail:\u00a0coltecrad@medicina.ufmg.br\u00a0 Fone: 3409-8063 Atendimento: Segunda a quinta: 10h30 \u00e0s 15h30 e 17h30 \u00e0s [&hellip;]<\/p>\n","protected":false},"author":17,"featured_media":0,"parent":0,"menu_order":0,"comment_status":"closed","ping_status":"closed","template":"pagina-cegrad.php","meta":{"footnotes":""},"class_list":["post-666","page","type-page","status-publish","hentry"],"_links":{"self":[{"href":"https:\/\/www.medicina.ufmg.br\/cegrad\/wp-json\/wp\/v2\/pages\/666","targetHints":{"allow":["GET"]}}],"collection":[{"href":"https:\/\/www.medicina.ufmg.br\/cegrad\/wp-json\/wp\/v2\/pages"}],"about":[{"href":"https:\/\/www.medicina.ufmg.br\/cegrad\/wp-json\/wp\/v2\/types\/page"}],"author":[{"embeddable":true,"href":"https:\/\/www.medicina.ufmg.br\/cegrad\/wp-json\/wp\/v2\/users\/17"}],"replies":[{"embeddable":true,"href":"https:\/\/www.medicina.ufmg.br\/cegrad\/wp-json\/wp\/v2\/comments?post=666"}],"version-history":[{"count":38,"href":"https:\/\/www.medicina.ufmg.br\/cegrad\/wp-json\/wp\/v2\/pages\/666\/revisions"}],"predecessor-version":[{"id":5909,"href":"https:\/\/www.medicina.ufmg.br\/cegrad\/wp-json\/wp\/v2\/pages\/666\/revisions\/5909"}],"wp:attachment":[{"href":"https:\/\/www.medicina.ufmg.br\/cegrad\/wp-json\/wp\/v2\/media?parent=666"}],"curies":[{"name":"wp","href":"https:\/\/api.w.org\/{rel}","templated":true}]}}