{"id":28,"date":"2016-06-07T18:37:16","date_gmt":"2016-06-07T18:37:16","guid":{"rendered":"https:\/\/www.medicina.ufmg.br\/cememor\/?page_id=28"},"modified":"2024-11-27T17:03:03","modified_gmt":"2024-11-27T17:03:03","slug":"como-visitar","status":"publish","type":"page","link":"https:\/\/www.medicina.ufmg.br\/cememor\/como-visitar\/","title":{"rendered":"Como Visitar?"},"content":{"rendered":"<p><strong>ATEN\u00c7\u00c3O!<\/strong><br \/>\nAs visita\u00e7\u00f5es ao Cememor encontram-se <strong>suspensas por tempo indeterminado<\/strong>. As consultas ao acervo para pesquisas devem ser agendadas pelo e-mail: <a href=\"mailto:cememor@medicina.ufmg.br\" target=\"_blank\" rel=\"noopener\">cememor@medicina.ufmg.br<\/a>.<\/p>\n<hr \/>\n<p><span style=\"font-weight: 400;\">O Centro de Mem\u00f3ria da Medicina, localizado na Avenida Professor Alfredo Balena, 190, no Pr\u00e9dio da Faculdade, funciona de segunda \u00e0 sexta-feira, das 8h \u00e0s 17h sem intervalo no hor\u00e1rio de almo\u00e7o.<\/span><\/p>\n<p><span style=\"font-weight: 400;\">N\u00e3o \u00e9 necess\u00e1rio agendamento pr\u00e9vio. Nossas galerias s\u00e3o auto-explicativas e proporcionam um mergulho na hist\u00f3ria institucional da Universidade. As visitas ao centro s\u00e3o gratuitas.<\/span><\/p>\n<p><span style=\"font-weight: 400;\">Realizamos tamb\u00e9m visitas guiadas, onde contamos cada detalhe da funda\u00e7\u00e3o e desenvolvimento educacional e cient\u00edfico da Institui\u00e7\u00e3o j\u00e1 centen\u00e1ria. Para estas visitas \u00e9 necess\u00e1rio agendamento.<br \/>\n<\/span><\/p>\n<p><span style=\"font-weight: 400;\"><strong>Entre em contato conosco pelo 31 3409-9106 ou 3409-9672 (Secretaria) ou pelo endere\u00e7o eletr\u00f4nico cememor@medicina.ufmg.br<\/strong><\/span><\/p>\n<div class=\"otw-sc-toggle\"><h3 class=\"toggle-trigger widget-title closed\">\u00c1rea do pesquisador<span class=\"icon\"><\/span><\/h3><div class=\"toggle-content\"><p><\/p><br \/>\n<p>Contamos com Centro de Pesquisa que possui Biblioteca Hist\u00f3rica e disponibiliza material para consulta local.<\/p><br \/>\n<p>Recomenda-se o uso de c\u00e2meras fotogr\u00e1ficas e dispositivos de armazenamento remov\u00edvel de dados.<\/p><br \/>\n<p>\u00c9 necess\u00e1rio o envio de comunica\u00e7\u00e3o informando o assunto a ser pesquisado e data e hora da visita para o endere\u00e7o eletr\u00f4nico cememor@medicina.ufmg.br<\/p><br \/>\n<p><\/p><\/div><\/div>\n","protected":false},"excerpt":{"rendered":"<p>ATEN\u00c7\u00c3O! As visita\u00e7\u00f5es ao Cememor encontram-se suspensas por tempo indeterminado. As consultas ao acervo para pesquisas devem ser agendadas pelo e-mail: cememor@medicina.ufmg.br. O Centro de Mem\u00f3ria da Medicina, localizado na Avenida Professor Alfredo Balena, 190, no Pr\u00e9dio da Faculdade, funciona de segunda \u00e0 sexta-feira, das 8h \u00e0s 17h sem intervalo no hor\u00e1rio de almo\u00e7o. N\u00e3o [&hellip;]<\/p>\n","protected":false},"author":16,"featured_media":0,"parent":0,"menu_order":0,"comment_status":"closed","ping_status":"closed","template":"templates\/fullwidth.php","meta":{"footnotes":""},"class_list":["post-28","page","type-page","status-publish","hentry","page-entry","loop-entry clr"],"_links":{"self":[{"href":"https:\/\/www.medicina.ufmg.br\/cememor\/wp-json\/wp\/v2\/pages\/28","targetHints":{"allow":["GET"]}}],"collection":[{"href":"https:\/\/www.medicina.ufmg.br\/cememor\/wp-json\/wp\/v2\/pages"}],"about":[{"href":"https:\/\/www.medicina.ufmg.br\/cememor\/wp-json\/wp\/v2\/types\/page"}],"author":[{"embeddable":true,"href":"https:\/\/www.medicina.ufmg.br\/cememor\/wp-json\/wp\/v2\/users\/16"}],"replies":[{"embeddable":true,"href":"https:\/\/www.medicina.ufmg.br\/cememor\/wp-json\/wp\/v2\/comments?post=28"}],"version-history":[{"count":6,"href":"https:\/\/www.medicina.ufmg.br\/cememor\/wp-json\/wp\/v2\/pages\/28\/revisions"}],"predecessor-version":[{"id":1966,"href":"https:\/\/www.medicina.ufmg.br\/cememor\/wp-json\/wp\/v2\/pages\/28\/revisions\/1966"}],"wp:attachment":[{"href":"https:\/\/www.medicina.ufmg.br\/cememor\/wp-json\/wp\/v2\/media?parent=28"}],"curies":[{"name":"wp","href":"https:\/\/api.w.org\/{rel}","templated":true}]}}