{"id":49,"date":"2016-06-08T18:14:35","date_gmt":"2016-06-08T18:14:35","guid":{"rendered":"https:\/\/www.medicina.ufmg.br\/cememor\/?page_id=49"},"modified":"2024-07-19T17:53:38","modified_gmt":"2024-07-19T17:53:38","slug":"exposicoes","status":"publish","type":"page","link":"https:\/\/www.medicina.ufmg.br\/cememor\/exposicoes\/","title":{"rendered":"Exposi\u00e7\u00f5es"},"content":{"rendered":"<h3>Exposi\u00e7\u00f5es realizadas no corredor da mem\u00f3ria<\/h3>\n<p><a href=\"https:\/\/www.youtube.com\/watch?v=v6K38-cords\">Exposi\u00e7\u00e3o Tour 3D pelo antigo pr\u00e9dio da Faculdade de Medicina<\/a><br \/><a href=\"https:\/\/www.youtube.com\/watch?v=RSjw4GJ7ppc\">Exposi\u00e7\u00e3o <span class=\"selectable-text copyable-text\">\u00c1rvores do Campus Sa\u00fade<\/span><\/a><br \/><a href=\"https:\/\/youtu.be\/GVexlxbl4bA\">Exposi\u00e7\u00e3o sobre Aleitamento Materno<\/a><br \/><a href=\"https:\/\/youtu.be\/bkVWBfOcHX4\">Exposi\u00e7\u00e3o 100 Anos do Instituto de Radium\/ Hospital Borges da Costa<\/a><br \/><a href=\"https:\/\/youtu.be\/Lb-RbvPBNMQ\">Exposi\u00e7\u00e3o Professores Em\u00e9ritos<\/a><br \/><a href=\"https:\/\/youtu.be\/2wM5EKkTr80\">Exposi\u00e7\u00e3o do JK<\/a><br \/><a href=\"https:\/\/www.youtube.com\/watch?v=i1ASKD4r4e8\"><span class=\"selectable-text copyable-text\">Exposi\u00e7\u00e3o virtual: &#8220;SUS, uma constru\u00e7\u00e3o em progresso&#8221;<\/span><\/a><br \/><a href=\"https:\/\/www.medicina.ufmg.br\/cememor\/exposicao-alzira-reis\/\">Alzira Reis &#8211; exibida em junho de 2020<\/a><br \/><a href=\"https:\/\/www.youtube.com\/watch?v=pXIfW6ZBaAI\">Pandemias &#8211; Crendices, Ci\u00eancia e Sociedade &#8211; exibida em setembro de 2020<\/a><br \/><a class=\"row-title\" href=\"https:\/\/www.medicina.ufmg.br\/cememor\/exposicoes\/o-erario-mineral\/\" target=\"_blank\" rel=\"noopener noreferrer\">O Er\u00e1rio Mineral<br \/><\/a><a href=\"https:\/\/www.medicina.ufmg.br\/cememor\/exposicoes\/borges-da-costa-um-legado-para-historia-da-medicina\/\" target=\"_blank\" rel=\"noopener noreferrer\">Borges da Costa \u2013 Um legado para hist\u00f3ria da medicina<br \/><\/a><a href=\"https:\/\/www.medicina.ufmg.br\/cememor\/colonia-santa-isabel\/\" target=\"_blank\" rel=\"noopener noreferrer\">Col\u00f4nia Santa Isabel<\/a><a href=\"https:\/\/www.medicina.ufmg.br\/cememor\/exposicoes\/borges-da-costa-um-legado-para-historia-da-medicina\/\" target=\"_blank\" rel=\"noopener noreferrer\"><br \/><\/a><a href=\"https:\/\/www.medicina.ufmg.br\/cememor\/exposicoes\/entre-paginas\/\" target=\"_blank\" rel=\"noopener noreferrer\">Entre P\u00e1ginas<br \/><\/a><a href=\"https:\/\/www.medicina.ufmg.br\/cememor\/exposicoes\/formas-de-vir-ao-mundo-no-ocidente\/\" target=\"_blank\" rel=\"noopener noreferrer\">Formas de vir ao mundo no Ocidente<br \/><\/a><a href=\"https:\/\/www.medicina.ufmg.br\/cememor\/exposicoes\/horto-frei-veloso\/\" target=\"_blank\" rel=\"noopener noreferrer\">Horto Frei Veloso<br \/><\/a><a href=\"https:\/\/www.medicina.ufmg.br\/cememor\/exposicoes\/medicina-na-copa\/\" target=\"_blank\" rel=\"noopener noreferrer\">Medicina na Copa<br \/><\/a><a href=\"https:\/\/www.medicina.ufmg.br\/cememor\/exposicoes\/quem-e-dora-sensibilidade-social-e-rumos-politicos\/\" target=\"_blank\" rel=\"noopener noreferrer\">Quem \u00e9 D\u00f4ra &#8211; Sensibilidade Social e Rumos Pol\u00edticos<\/a><br \/><a href=\"https:\/\/www.medicina.ufmg.br\/cememor\/exposicoes\/arte-e-ciencia-colecoes-que-geram-conexoes\/\" target=\"_blank\" rel=\"noopener noreferrer\">Arte e Ci\u00eancia &#8211; Cole\u00e7\u00f5es Que Geram Conex\u00f5es<\/a><\/p>\n\n\n<p><\/p>\n","protected":false},"excerpt":{"rendered":"<p>Exposi\u00e7\u00f5es realizadas no corredor da mem\u00f3ria Exposi\u00e7\u00e3o Tour 3D pelo antigo pr\u00e9dio da Faculdade de MedicinaExposi\u00e7\u00e3o \u00c1rvores do Campus Sa\u00fadeExposi\u00e7\u00e3o sobre Aleitamento MaternoExposi\u00e7\u00e3o 100 Anos do Instituto de Radium\/ Hospital Borges da CostaExposi\u00e7\u00e3o Professores Em\u00e9ritosExposi\u00e7\u00e3o do JKExposi\u00e7\u00e3o virtual: &#8220;SUS, uma constru\u00e7\u00e3o em progresso&#8221;Alzira Reis &#8211; exibida em junho de 2020Pandemias &#8211; Crendices, Ci\u00eancia e Sociedade [&hellip;]<\/p>\n","protected":false},"author":16,"featured_media":0,"parent":0,"menu_order":0,"comment_status":"closed","ping_status":"closed","template":"page2.php","meta":{"footnotes":""},"class_list":["post-49","page","type-page","status-publish","hentry","page-entry","loop-entry clr"],"_links":{"self":[{"href":"https:\/\/www.medicina.ufmg.br\/cememor\/wp-json\/wp\/v2\/pages\/49","targetHints":{"allow":["GET"]}}],"collection":[{"href":"https:\/\/www.medicina.ufmg.br\/cememor\/wp-json\/wp\/v2\/pages"}],"about":[{"href":"https:\/\/www.medicina.ufmg.br\/cememor\/wp-json\/wp\/v2\/types\/page"}],"author":[{"embeddable":true,"href":"https:\/\/www.medicina.ufmg.br\/cememor\/wp-json\/wp\/v2\/users\/16"}],"replies":[{"embeddable":true,"href":"https:\/\/www.medicina.ufmg.br\/cememor\/wp-json\/wp\/v2\/comments?post=49"}],"version-history":[{"count":25,"href":"https:\/\/www.medicina.ufmg.br\/cememor\/wp-json\/wp\/v2\/pages\/49\/revisions"}],"predecessor-version":[{"id":1950,"href":"https:\/\/www.medicina.ufmg.br\/cememor\/wp-json\/wp\/v2\/pages\/49\/revisions\/1950"}],"wp:attachment":[{"href":"https:\/\/www.medicina.ufmg.br\/cememor\/wp-json\/wp\/v2\/media?parent=49"}],"curies":[{"name":"wp","href":"https:\/\/api.w.org\/{rel}","templated":true}]}}