{"id":52,"date":"2016-06-08T18:15:06","date_gmt":"2016-06-08T18:15:06","guid":{"rendered":"https:\/\/www.medicina.ufmg.br\/cememor\/?page_id=52"},"modified":"2026-03-26T11:41:05","modified_gmt":"2026-03-26T11:41:05","slug":"acervo","status":"publish","type":"page","link":"https:\/\/www.medicina.ufmg.br\/cememor\/acervo\/","title":{"rendered":"Acervo"},"content":{"rendered":"<h3>Boletins<\/h3>\n<p><a href=\"https:\/\/www.medicina.ufmg.br\/cememor\/wp-content\/uploads\/sites\/51\/2016\/06\/boletim-cememor-01.pdf\" target=\"_blank\" rel=\"noopener noreferrer\">Edi\u00e7\u00e3o n\u00ba 01 &#8211; dez\/2016<br \/><\/a><a href=\"https:\/\/www.medicina.ufmg.br\/cememor\/wp-content\/uploads\/sites\/51\/2016\/06\/boletim-cememor-02.pdf\" target=\"_blank\" rel=\"noopener noreferrer\">Edi\u00e7\u00e3o n\u00ba 02 &#8211; fev-mar\/2017<br \/><\/a><a href=\"https:\/\/www.medicina.ufmg.br\/cememor\/wp-content\/uploads\/sites\/51\/2016\/06\/boletim-cememor-3.pdf\" target=\"_blank\" rel=\"noopener noreferrer\">Edi\u00e7\u00e3o n\u00ba 03 &#8211; abr-mai\/2017<br \/><\/a><a href=\"https:\/\/www.medicina.ufmg.br\/cememor\/wp-content\/uploads\/sites\/51\/2016\/06\/boletim_cememor_n4.pdf\" target=\"_blank\" rel=\"noopener noreferrer\">Edi\u00e7\u00e3o n\u00ba 04 &#8211; jun-jul\/2017<br \/><\/a><a href=\"https:\/\/www.medicina.ufmg.br\/cememor\/wp-content\/uploads\/sites\/51\/2016\/06\/boletim-cememor-n5.pdf\" target=\"_blank\" rel=\"noopener noreferrer\">Edi\u00e7\u00e3o n\u00ba 05 &#8211; ago-set\/2017<br \/><\/a><a href=\"https:\/\/www.medicina.ufmg.br\/cememor\/wp-content\/uploads\/sites\/51\/2016\/06\/boletim-cememor-n6.pdf\" target=\"_blank\" rel=\"noopener noreferrer\">Edi\u00e7\u00e3o n\u00ba 06 &#8211; nov-dez\/2017<br \/><\/a><a href=\"https:\/\/www.medicina.ufmg.br\/cememor\/wp-content\/uploads\/sites\/51\/2018\/02\/boletim-cememor-n7.pdf\" target=\"_blank\" rel=\"noopener noreferrer\">Edi\u00e7\u00e3o n\u00ba 07 &#8211; jan-fev\/2018<br \/><\/a><a href=\"https:\/\/www.medicina.ufmg.br\/cememor\/wp-content\/uploads\/sites\/51\/2018\/05\/boletimcememor.pdf\" target=\"_blank\" rel=\"noreferrer noopener\" aria-label=\" (abre numa nova aba)\">Edi\u00e7\u00e3o n\u00ba 08 &#8211; mar-abr\/2018<br \/><\/a><a href=\"https:\/\/www.medicina.ufmg.br\/cememor\/wp-content\/uploads\/sites\/51\/2018\/07\/bolteim-cememor-n9.pdf\" target=\"_blank\" rel=\"noopener noreferrer\">Edi\u00e7\u00e3o\u00a0n\u00ba 09 &#8211; mai-jun\/2018<\/a><br \/><a href=\"https:\/\/www.medicina.ufmg.br\/cememor\/wp-content\/uploads\/sites\/51\/2018\/08\/bolteim-cememor-n10.pdf\" target=\"_blank\" rel=\"noopener noreferrer\">Edi\u00e7\u00e3o n\u00ba 10 &#8211; jul-ago\/2018<\/a><br \/><a href=\"https:\/\/www.medicina.ufmg.br\/cememor\/wp-content\/uploads\/sites\/51\/2018\/09\/EDI\u00c7\u00c3OESPECIAL-inform.pdf\" target=\"_blank\" rel=\"noopener noreferrer\">Edi\u00e7\u00e3o Especial &#8211; set\/2018<\/a><br \/><a href=\"https:\/\/www.medicina.ufmg.br\/cememor\/wp-content\/uploads\/sites\/51\/2018\/10\/boletim-cememor-n11.pdf\" target=\"_blank\" rel=\"noopener noreferrer\">Edi\u00e7\u00e3o n\u00ba 11 &#8211; set-out\/2018<\/a><br \/><a href=\"https:\/\/www.medicina.ufmg.br\/cememor\/wp-content\/uploads\/sites\/51\/2018\/12\/boletim-cememor-n12.pdf\" target=\"_blank\" rel=\"noopener noreferrer\">Edi\u00e7\u00e3o n\u00ba 12 &#8211; nov-dez\/2018<\/a><br \/><a href=\"https:\/\/www.medicina.ufmg.br\/cememor\/wp-content\/uploads\/sites\/51\/2019\/02\/boletim-cememor-n13.pdf\" target=\"_blank\" rel=\"noreferrer noopener\" aria-label=\" (abre em uma nova aba)\">Edi\u00e7\u00e3o n\u00ba 13 &#8211; jan-fev\/2019<\/a><br \/><a href=\"https:\/\/www.medicina.ufmg.br\/cememor\/wp-content\/uploads\/sites\/51\/2019\/04\/Boletim14.pdf\" target=\"_blank\" rel=\"noreferrer noopener\" aria-label=\" (abre numa nova aba)\">Edi\u00e7\u00e3o n\u00ba 14 &#8211; mar\/abr 2019<\/a><br \/><a href=\"https:\/\/www.medicina.ufmg.br\/cememor\/wp-content\/uploads\/sites\/51\/2019\/07\/Boletim_15.pdf\" target=\"_blank\" rel=\"noreferrer noopener\" aria-label=\" (abre numa nova aba)\">Edi\u00e7\u00e3o n\u00ba 15 &#8211; mai\/jun 2019<\/a><br \/><a href=\"https:\/\/www.medicina.ufmg.br\/cememor\/wp-content\/uploads\/sites\/51\/2019\/08\/Boletim_16.pdf\" target=\"_blank\" rel=\"noreferrer noopener\" aria-label=\"Edi\u00e7\u00e3o n\u00ba16 - jul\/set 2019 (abre numa nova aba)\">Edi\u00e7\u00e3o n\u00ba 16 &#8211; jul\/ago 2019<\/a><br \/><a href=\"http:\/\/www.medicina.ufmg.br\/cememor\/wp-content\/uploads\/sites\/51\/2021\/10\/Boletim_17.pdf\">Edi\u00e7\u00e3o n\u00ba 17 &#8211; set\/out 2019<\/a><br \/><a href=\"https:\/\/www.medicina.ufmg.br\/cememor\/wp-content\/uploads\/sites\/51\/2019\/12\/Boletim17.pdf\" target=\"_blank\" rel=\"noreferrer noopener\" aria-label=\"Edi\u00e7\u00e3o n\u00ba17 \u2013 nov\/dez 2019 (abre numa nova aba)\">Edi\u00e7\u00e3o n\u00ba 18 \u2013 nov\/dez 2019<\/a><br \/><a href=\"https:\/\/www.medicina.ufmg.br\/cememor\/wp-content\/uploads\/sites\/51\/2021\/04\/Boletim_N21_Mar-Abr-110-Anos-da-Faculdade-de-Medicina-Frente-1FINALv21.pdf\">Edi\u00e7\u00e3o n\u00ba 21 \u2013 mar\/abr 2021<\/a> <br \/><a href=\"https:\/\/www.medicina.ufmg.br\/cememor\/wp-content\/uploads\/sites\/51\/2021\/04\/Boletim_Extra-Pandemia-COVID19-N22-Mar-Abr1.pdf\">Edi\u00e7\u00e3o n\u00ba 22 \u2013 mar\/abr 2021<\/a> <br \/><a href=\"https:\/\/www.medicina.ufmg.br\/cememor\/wp-content\/uploads\/sites\/51\/2021\/12\/Boletim_23-Dezembro.pdf\" target=\"_blank\" rel=\"noreferrer noopener\" data-type=\"URL\" data-id=\"https:\/\/www.medicina.ufmg.br\/cememor\/wp-content\/uploads\/sites\/51\/2021\/12\/Boletim_23-Dezembro.pdf\">Edi\u00e7\u00e3o n\u00ba 23 &#8211; dez 2021<\/a><br \/><a href=\"https:\/\/www.medicina.ufmg.br\/cememor\/wp-content\/uploads\/sites\/51\/2022\/03\/Boletim_marcoabril2022-1.pdf\" data-type=\"URL\" data-id=\"https:\/\/www.medicina.ufmg.br\/cememor\/wp-content\/uploads\/sites\/51\/2022\/03\/Boletim_marcoabril2022-1.pdf\">Edi\u00e7\u00e3o n\u00ba 24 &#8211; mar\/abr 2022<\/a><br \/><a href=\"https:\/\/www.medicina.ufmg.br\/cememor\/wp-content\/uploads\/sites\/51\/2022\/06\/BOLETIM-25.pdf\">Edi\u00e7\u00e3o n\u00ba 25 &#8211; jun\/jul 2022<\/a><br \/><a href=\"https:\/\/www.medicina.ufmg.br\/cememor\/wp-content\/uploads\/sites\/51\/2022\/08\/boletim26-AgostoSetembro-2022.pdf\" data-type=\"URL\" data-id=\"https:\/\/www.medicina.ufmg.br\/cememor\/wp-content\/uploads\/sites\/51\/2022\/08\/boletim26-AgostoSetembro-2022.pdf\">Edi\u00e7\u00e3o n\u00ba 26 &#8211; ago\/set 2022<\/a> <br \/><a href=\"https:\/\/www.medicina.ufmg.br\/cememor\/wp-content\/uploads\/sites\/51\/2022\/10\/Edicao-no27.pdf\" data-type=\"URL\" data-id=\"https:\/\/www.medicina.ufmg.br\/cememor\/wp-content\/uploads\/sites\/51\/2022\/10\/Edicao-no27.pdf\">Edi\u00e7\u00e3o n\u00ba 27 &#8211; out\/nov 2022<\/a><br \/><a href=\"https:\/\/www.medicina.ufmg.br\/cememor\/wp-content\/uploads\/sites\/51\/2022\/12\/boletim-28-dez-2022.pdf\">Edi\u00e7\u00e3o n\u00ba 28 &#8211; dez\/2022<\/a><br \/><a href=\"https:\/\/www.medicina.ufmg.br\/cememor\/wp-content\/uploads\/sites\/51\/2023\/03\/Boletim-29.pdf\">Edi\u00e7\u00e3o n\u00ba 29 &#8211; jan\/mar 2023<\/a><br \/><a href=\"https:\/\/ftp.medicina.ufmg.br\/cememor\/2023\/BOLETIM%2030%20junho%20julho%202023.pdf\">Edi\u00e7\u00e3o n\u00ba 30 &#8211; jun\/jul 2023<\/a><br \/><a href=\"http:\/\/www.medicina.ufmg.br\/cememor\/wp-content\/uploads\/sites\/51\/2023\/09\/Boletim-31.pdf\">Edi\u00e7\u00e3o n\u00ba 31 &#8211; ago\/set 2023<\/a><br \/><a href=\"http:\/\/www.medicina.ufmg.br\/cememor\/wp-content\/uploads\/sites\/51\/2023\/11\/BoletimNovembro2023.pdf\">Edi\u00e7\u00e3o n\u00ba32 &#8211; out\/nov 2023<\/a><br \/><a href=\"http:\/\/www.medicina.ufmg.br\/cememor\/wp-content\/uploads\/sites\/51\/2023\/12\/boletimDezembro2023.pdf\">Edi\u00e7\u00e3o n\u00ba33 &#8211; dez 2023<\/a><br \/><a href=\"http:\/\/www.medicina.ufmg.br\/cememor\/wp-content\/uploads\/sites\/51\/2024\/10\/boletim35.pdf\">Edi\u00e7\u00e3o n\u00b035 &#8211; agos\/set 2024<\/a><br \/><a href=\"http:\/\/www.medicina.ufmg.br\/cememor\/wp-content\/uploads\/sites\/51\/2024\/10\/boletim36.pdf\">Edi\u00e7\u00e3o n\u00b036 &#8211; out\/nov 2024<\/a><br \/><a href=\"http:\/\/www.medicina.ufmg.br\/cememor\/wp-content\/uploads\/sites\/51\/2025\/12\/boletim-37.pdf\">Edi\u00e7\u00e3o n\u00b037 &#8211; novembro 2025<\/a><br \/><a href=\"http:\/\/www.medicina.ufmg.br\/cememor\/wp-content\/uploads\/sites\/51\/2025\/12\/Boletim-Cememor-39.pdf\">Edi\u00e7\u00e3o n\u00b039 &#8211; dezembro 2025<\/a><br \/><a href=\"http:\/\/www.medicina.ufmg.br\/cememor\/wp-content\/uploads\/sites\/51\/2026\/03\/Boletim-40.pdf\">Edi\u00e7\u00e3o n\u00ba40 &#8211; mar\u00e7o 2026<\/a><\/p>\n\n\n<h3 class=\"wp-block-heading\">Publica\u00e7\u00f5es<\/h3>\n\n\n\n<pre class=\"wp-block-preformatted\"><a href=\"https:\/\/www.medicina.ufmg.br\/cememor\/wp-content\/uploads\/sites\/51\/2020\/07\/Plano-de-Desenvolvimento-Institucional-CEMEMOR-1.pdf\">PLANO DE DESENVOLVIMENTO INSTITUCIONAL CEMEMOR<\/a>\n<a rel=\"noopener noreferrer\" href=\"https:\/\/www.medicina.ufmg.br\/cememor\/wp-content\/uploads\/sites\/51\/2018\/09\/MONOGRAFIA-NA-\u00cdNTEGRA-05-09-2018.pdf\" target=\"_blank\">A TRAJET\u00d3RIA DA ORGANIZA\u00c7\u00c3O DO ACERVO HIST\u00d3RICO DO CENTRO DE MEM\u00d3RIA DA MEDICINA DE MINAS GERAIS \u2013 CEMEMOR<\/a>\n<a rel=\"noreferrer noopener\" aria-label=\" (abre numa nova aba)\" href=\"https:\/\/www.medicina.ufmg.br\/cememor\/wp-content\/uploads\/sites\/51\/2019\/07\/miss\u00e3o-m\u00e9dica-FINALCEMEMOR.pdf\" target=\"_blank\">MISS\u00c3O M\u00c9DICA<\/a>\n<a rel=\"noreferrer noopener\" aria-label=\" (abre numa nova aba)\" href=\"https:\/\/www.medicina.ufmg.br\/cememor\/wp-content\/uploads\/sites\/51\/2019\/07\/analisadorpulmonar.pdf\" target=\"_blank\">ANALISADOR PULMONAR\n<\/a><a rel=\"noreferrer noopener\" aria-label=\"CONISC\u00d3PIO&lt;br&gt; (abre numa nova aba)\" href=\"https:\/\/www.medicina.ufmg.br\/cememor\/wp-content\/uploads\/sites\/51\/2019\/07\/coniscopio.pdf\" target=\"_blank\">CONISC\u00d3PIO\n<\/a><a rel=\"noreferrer noopener\" aria-label=\"NEBULIZADOR&lt;br&gt; (abre numa nova aba)\" href=\"https:\/\/www.medicina.ufmg.br\/cememor\/wp-content\/uploads\/sites\/51\/2019\/07\/nebulizador.pdf\" target=\"_blank\">NEBULIZADOR\n<\/a><a rel=\"noreferrer noopener\" aria-label=\"POLAR\u00cdMETRO (abre numa nova aba)\" href=\"https:\/\/www.medicina.ufmg.br\/cememor\/wp-content\/uploads\/sites\/51\/2019\/07\/polarimetro.pdf\" target=\"_blank\">POLAR\u00cdMETRO<\/a>\n<a rel=\"noreferrer noopener\" aria-label=\" M\u00c1SCARA DE ONBR\u00c9DANNE \ufffc (abre numa nova aba)\" href=\"https:\/\/www.medicina.ufmg.br\/cememor\/wp-content\/uploads\/sites\/51\/2019\/07\/M\u00e1scara-de-Onbr\u00e9danne.pdf\" target=\"_blank\">M\u00c1SCARA DE ONBR\u00c9DANNE<\/a>\n<a href=\"https:\/\/www.medicina.ufmg.br\/cememor\/wp-content\/uploads\/sites\/51\/2021\/03\/Convite-Medicina-1965-dezembro-50a-Turma-sem-caneta.pdf\">CONVITE MEDICINA 1965<\/a>\n<a href=\"https:\/\/www.medicina.ufmg.br\/cememor\/wp-content\/uploads\/sites\/51\/2021\/04\/Medicina-1979-julho-UFMG-convite.pdf\">CONVITE MEDICINA JULHO 1979<\/a> \n<a href=\"https:\/\/www.medicina.ufmg.br\/cememor\/wp-content\/uploads\/sites\/51\/2021\/04\/Medicina-1980-dezembro-UFMG-convite.pdf\">CONVITE MEDICINA DEZEMBRO 1980<\/a> \n<a href=\"https:\/\/www.medicina.ufmg.br\/cememor\/wp-content\/uploads\/sites\/51\/2021\/04\/Medicina-1981-dezemb-UFMG-convite.pdf\">CONVITE MEDICINA DEZEMBRO 1981<\/a> \n<a href=\"https:\/\/www.medicina.ufmg.br\/cememor\/wp-content\/uploads\/sites\/51\/2021\/03\/Salomao-Polakiewicz-M-8_Quando-a-Morte-Socorre-a-Vida-1996.pdf\">LIVRO: M-8 QUANDO A MORTE SOCORRE A VIDA;  SALOM\u00c3O POLAKIEWICZ, 1996<\/a>\n\n<\/pre>\n\n\n\n<h3 class=\"wp-block-heading\">Pe\u00e7as Publicit\u00e1rias Antigas<\/h3>\n\n\n\n<p><a href=\"https:\/\/www.medicina.ufmg.br\/cememor\/wp-content\/uploads\/sites\/51\/2016\/06\/folder_interior.jpg\" target=\"_blank\" rel=\"noopener noreferrer\">Folder Interior<\/a>&nbsp;| <a href=\"https:\/\/www.medicina.ufmg.br\/cememor\/wp-content\/uploads\/sites\/51\/2016\/06\/folder_exterior.jpg\" target=\"_blank\" rel=\"noopener noreferrer\">Folder Exterior<\/a><\/p>\n\n\n\n<p><a href=\"https:\/\/www.medicina.ufmg.br\/cememor\/wp-content\/uploads\/sites\/51\/2016\/06\/cartaz_exposicao_novo.pdf\" target=\"_blank\" rel=\"noopener noreferrer\">Cartaz Exposi\u00e7\u00e3o Centro de Mem\u00f3ria<\/a><\/p>\n\n\n\n<p><a href=\"https:\/\/www.medicina.ufmg.br\/cememor\/wp-content\/uploads\/sites\/51\/2016\/06\/cartaz_exposicao_novo.pdf\" target=\"_blank\" rel=\"noopener noreferrer\">Folder Antigo<\/a> | <a href=\"https:\/\/www.medicina.ufmg.br\/cememor\/wp-content\/uploads\/sites\/51\/2016\/06\/logo-cememor.pdf\" target=\"_blank\" rel=\"noopener noreferrer\">Logo Antiga Cememor<\/a><\/p>\n\n\n\n<h3 class=\"wp-block-heading\">Galeria de Imagens<\/h3>\n\n\n\n<p><b><style type=\"text\/css\">.amazingslider-img-box-40 { background-color: #202020}<\/style><div style=\"max-width:600px;margin:0 auto;padding-left:0px;padding-right:0px;padding-top:0px;padding-bottom:0px;\"><div class=\"wonderpluginslider\" id=\"wonderpluginslider-40\" data-sliderid=\"40\" data-width=\"600\" data-height=\"337\" data-skin=\"content\" data-autoplay=\"true\" data-randomplay=\"false\" data-autoplayvideo=\"false\" data-isresponsive=\"true\" data-fullwidth=\"false\" data-showtext=\"false\" data-showtimer=\"false\" data-showbottomshadow=\"false\" data-navshowpreview=\"false\" data-lightboxresponsive=\"true\" data-lightboxshownavigation=\"false\" data-lightboxshowtitle=\"true\" data-lightboxshowdescription=\"false\" data-scalemode=\"fit\" data-arrowstyle=\"mouseover\" data-transition=\"slide\" data-loop=\"0\" data-border=\"0\" data-slideinterval=\"8000\" data-arrowimage=\"arrows-32-32-4.png\" data-arrowwidth=\"32\" data-arrowheight=\"32\" data-arrowtop=\"50\" data-arrowmargin=\"0\" data-navimage=\"bullet-16-16-1.png\" data-navwidth=\"16\" data-navheight=\"16\" data-navspacing=\"8\" data-navmarginx=\"16\" data-navmarginy=\"16\" data-playvideoimage=\"playvideo-64-64-0.png\" data-playvideoimagewidth=\"64\" data-playvideoimageheight=\"64\" data-lightboxthumbwidth=\"90\" data-lightboxthumbheight=\"60\" data-lightboxthumbtopmargin=\"12\" data-lightboxthumbbottommargin=\"4\" data-lightboxbarheight=\"64\" data-lightboxtitlebottomcss=\"{color:#333; font-size:14px; font-family:Armata,sans-serif,Arial; overflow:hidden; text-align:left;}\" data-lightboxdescriptionbottomcss=\"{color:#333; font-size:12px; font-family:Arial,Helvetica,sans-serif; overflow:hidden; text-align:left; margin:4px 0px 0px; padding: 0px;}\" data-textformat=\"Center text\" data-textpositionstatic=\"bottom\" data-textpositiondynamic=\"centercenter\" data-paddingleft=\"0\" data-paddingright=\"0\" data-paddingtop=\"0\" data-paddingbottom=\"0\" data-textcss=\"display:block; padding:48px; text-align:center;\" data-textbgcss=\"display:none;\" data-titlecss=\"display:table; position:relative; font-weight:300; font-style:italic; font-size:32px; font-family:Georgia,sans-serif,Arial; color:#fff; padding:10px; margin:0px auto;\" data-descriptioncss=\"display:block; position:relative; font-weight:300; font-style:normal; font-size:20px; line-height:30px; font-family:Georgia,sans-serif,Arial; color:#fff; padding:10px; margin:0px auto;\" data-jsfolder=\"https:\/\/www.medicina.ufmg.br\/cememor\/wp-content\/plugins\/wonderplugin-slider\/engine\/\" style=\"display:none;\" ><ul class=\"amazingslider-slides\" style=\"display:none;\"><li><img decoding=\"async\" src=\"https:\/\/www.medicina.ufmg.br\/cememor\/wp-content\/uploads\/sites\/51\/2017\/04\/C\u00edcero-Ribeiro-Ferreira-Rodrigues-1911-1920.jpg\" alt=\"C\u00edcero Ribeiro Ferreira Rodrigues 1911-1920\" data-description=\"\" \/><\/li><li><img decoding=\"async\" src=\"https:\/\/www.medicina.ufmg.br\/cememor\/wp-content\/uploads\/sites\/51\/2017\/04\/corredor6.jpg\" alt=\"corredor6\" data-description=\"\" \/><\/li><li><img decoding=\"async\" src=\"https:\/\/www.medicina.ufmg.br\/cememor\/wp-content\/uploads\/sites\/51\/2017\/04\/DSCN4580.jpg\" alt=\"DSCN4580\" data-description=\"\" \/><\/li><li><img decoding=\"async\" src=\"https:\/\/www.medicina.ufmg.br\/cememor\/wp-content\/uploads\/sites\/51\/2017\/04\/DSCN4590.jpg\" alt=\"DSCN4590\" data-description=\"\" \/><\/li><li><img decoding=\"async\" src=\"https:\/\/www.medicina.ufmg.br\/cememor\/wp-content\/uploads\/sites\/51\/2017\/04\/DSCN4593.jpg\" alt=\"DSCN4593\" data-description=\"\" \/><\/li><li><img decoding=\"async\" src=\"https:\/\/www.medicina.ufmg.br\/cememor\/wp-content\/uploads\/sites\/51\/2017\/04\/DSCN4605.jpg\" alt=\"DSCN4605\" data-description=\"\" \/><\/li><li><img decoding=\"async\" src=\"https:\/\/www.medicina.ufmg.br\/cememor\/wp-content\/uploads\/sites\/51\/2017\/04\/f2.jpg\" alt=\"f2\" data-description=\"\" \/><\/li><li><img decoding=\"async\" src=\"https:\/\/www.medicina.ufmg.br\/cememor\/wp-content\/uploads\/sites\/51\/2017\/04\/fotografias.jpg\" alt=\"fotografias\" data-description=\"\" \/><\/li><li><img decoding=\"async\" src=\"https:\/\/www.medicina.ufmg.br\/cememor\/wp-content\/uploads\/sites\/51\/2017\/04\/Fotos-para-o-cat\u00e1logo-2-001.jpg\" alt=\"Fotos para o cat\u00e1logo 2 001\" data-description=\"\" \/><\/li><li><img decoding=\"async\" src=\"https:\/\/www.medicina.ufmg.br\/cememor\/wp-content\/uploads\/sites\/51\/2017\/04\/galeria4.jpg\" alt=\"galeria4\" data-description=\"\" \/><\/li><li><img decoding=\"async\" src=\"https:\/\/www.medicina.ufmg.br\/cememor\/wp-content\/uploads\/sites\/51\/2017\/04\/iluminar2.jpg\" alt=\"iluminar2\" data-description=\"\" \/><\/li><li><img decoding=\"async\" src=\"https:\/\/www.medicina.ufmg.br\/cememor\/wp-content\/uploads\/sites\/51\/2017\/04\/IMG_7289.jpg\" alt=\"IMG_7289\" data-description=\"\" \/><\/li><li><img decoding=\"async\" src=\"https:\/\/www.medicina.ufmg.br\/cememor\/wp-content\/uploads\/sites\/51\/2017\/04\/IMG_7364.jpg\" alt=\"IMG_7364\" data-description=\"\" \/><\/li><li><img decoding=\"async\" src=\"https:\/\/www.medicina.ufmg.br\/cememor\/wp-content\/uploads\/sites\/51\/2017\/04\/objetos-de-proced\u00eancia-alem\u00e3-029.jpg\" alt=\"objetos de proced\u00eancia alem\u00e3 029\" data-description=\"\" \/><\/li><li><img decoding=\"async\" src=\"https:\/\/www.medicina.ufmg.br\/cememor\/wp-content\/uploads\/sites\/51\/2017\/04\/2-2.jpg\" alt=\"2 (2)\" data-description=\"\" \/><\/li><li><img decoding=\"async\" src=\"https:\/\/www.medicina.ufmg.br\/cememor\/wp-content\/uploads\/sites\/51\/2017\/04\/Alfredo-Balena-1928-1933-e-1935-1949.jpg\" alt=\"Alfredo Balena 1928-1933 e 1935-1949\" data-description=\"\" \/><\/li><li><img decoding=\"async\" src=\"https:\/\/www.medicina.ufmg.br\/cememor\/wp-content\/uploads\/sites\/51\/2017\/04\/ampolas_2.jpg\" alt=\"ampolas_2\" data-description=\"\" \/><\/li><li><img decoding=\"async\" src=\"https:\/\/www.medicina.ufmg.br\/cememor\/wp-content\/uploads\/sites\/51\/2017\/04\/Anest\u00e9sico.jpg\" alt=\"Anest\u00e9sico\" data-description=\"\" \/><\/li><li><img decoding=\"async\" src=\"https:\/\/www.medicina.ufmg.br\/cememor\/wp-content\/uploads\/sites\/51\/2017\/04\/Assinatura-dos-fundadores-editada-6.jpg\" alt=\"Assinatura dos fundadores editada (6)\" data-description=\"\" \/><\/li><li><img decoding=\"async\" src=\"https:\/\/www.medicina.ufmg.br\/cememor\/wp-content\/uploads\/sites\/51\/2017\/04\/cememor_09.jpg\" alt=\"cememor_09\" data-description=\"\" \/><\/li><\/ul><ul class=\"amazingslider-thumbnails\" style=\"display:none;\"><li><img decoding=\"async\" src=\"https:\/\/www.medicina.ufmg.br\/cememor\/wp-content\/uploads\/sites\/51\/2017\/04\/C\u00edcero-Ribeiro-Ferreira-Rodrigues-1911-1920-150x150.jpg\" alt=\"C\u00edcero Ribeiro Ferreira Rodrigues 1911-1920\" title=\"\" \/><\/li><li><img decoding=\"async\" src=\"https:\/\/www.medicina.ufmg.br\/cememor\/wp-content\/uploads\/sites\/51\/2017\/04\/corredor6-150x150.jpg\" alt=\"corredor6\" title=\"\" \/><\/li><li><img decoding=\"async\" src=\"https:\/\/www.medicina.ufmg.br\/cememor\/wp-content\/uploads\/sites\/51\/2017\/04\/DSCN4580-150x150.jpg\" alt=\"DSCN4580\" title=\"\" \/><\/li><li><img decoding=\"async\" src=\"https:\/\/www.medicina.ufmg.br\/cememor\/wp-content\/uploads\/sites\/51\/2017\/04\/DSCN4590-150x150.jpg\" alt=\"DSCN4590\" title=\"\" \/><\/li><li><img decoding=\"async\" src=\"https:\/\/www.medicina.ufmg.br\/cememor\/wp-content\/uploads\/sites\/51\/2017\/04\/DSCN4593-150x150.jpg\" alt=\"DSCN4593\" title=\"\" \/><\/li><li><img decoding=\"async\" src=\"https:\/\/www.medicina.ufmg.br\/cememor\/wp-content\/uploads\/sites\/51\/2017\/04\/DSCN4605-150x150.jpg\" alt=\"DSCN4605\" title=\"\" \/><\/li><li><img decoding=\"async\" src=\"https:\/\/www.medicina.ufmg.br\/cememor\/wp-content\/uploads\/sites\/51\/2017\/04\/f2-150x150.jpg\" alt=\"f2\" title=\"\" \/><\/li><li><img decoding=\"async\" src=\"https:\/\/www.medicina.ufmg.br\/cememor\/wp-content\/uploads\/sites\/51\/2017\/04\/fotografias-150x150.jpg\" alt=\"fotografias\" title=\"\" \/><\/li><li><img decoding=\"async\" src=\"https:\/\/www.medicina.ufmg.br\/cememor\/wp-content\/uploads\/sites\/51\/2017\/04\/Fotos-para-o-cat\u00e1logo-2-001-150x150.jpg\" alt=\"Fotos para o cat\u00e1logo 2 001\" title=\"\" \/><\/li><li><img decoding=\"async\" src=\"https:\/\/www.medicina.ufmg.br\/cememor\/wp-content\/uploads\/sites\/51\/2017\/04\/galeria4-150x150.jpg\" alt=\"galeria4\" title=\"\" \/><\/li><li><img decoding=\"async\" src=\"https:\/\/www.medicina.ufmg.br\/cememor\/wp-content\/uploads\/sites\/51\/2017\/04\/iluminar2-150x150.jpg\" alt=\"iluminar2\" title=\"\" \/><\/li><li><img decoding=\"async\" src=\"https:\/\/www.medicina.ufmg.br\/cememor\/wp-content\/uploads\/sites\/51\/2017\/04\/IMG_7289-150x150.jpg\" alt=\"IMG_7289\" title=\"\" \/><\/li><li><img decoding=\"async\" src=\"https:\/\/www.medicina.ufmg.br\/cememor\/wp-content\/uploads\/sites\/51\/2017\/04\/IMG_7364-150x150.jpg\" alt=\"IMG_7364\" title=\"\" \/><\/li><li><img decoding=\"async\" src=\"https:\/\/www.medicina.ufmg.br\/cememor\/wp-content\/uploads\/sites\/51\/2017\/04\/objetos-de-proced\u00eancia-alem\u00e3-029-150x150.jpg\" alt=\"objetos de proced\u00eancia alem\u00e3 029\" title=\"\" \/><\/li><li><img decoding=\"async\" src=\"https:\/\/www.medicina.ufmg.br\/cememor\/wp-content\/uploads\/sites\/51\/2017\/04\/2-2-150x150.jpg\" alt=\"2 (2)\" title=\"\" \/><\/li><li><img decoding=\"async\" src=\"https:\/\/www.medicina.ufmg.br\/cememor\/wp-content\/uploads\/sites\/51\/2017\/04\/Alfredo-Balena-1928-1933-e-1935-1949-150x150.jpg\" alt=\"Alfredo Balena 1928-1933 e 1935-1949\" title=\"\" \/><\/li><li><img decoding=\"async\" src=\"https:\/\/www.medicina.ufmg.br\/cememor\/wp-content\/uploads\/sites\/51\/2017\/04\/ampolas_2-150x150.jpg\" alt=\"ampolas_2\" title=\"\" \/><\/li><li><img decoding=\"async\" src=\"https:\/\/www.medicina.ufmg.br\/cememor\/wp-content\/uploads\/sites\/51\/2017\/04\/Anest\u00e9sico-150x150.jpg\" alt=\"Anest\u00e9sico\" title=\"\" \/><\/li><li><img decoding=\"async\" src=\"https:\/\/www.medicina.ufmg.br\/cememor\/wp-content\/uploads\/sites\/51\/2017\/04\/Assinatura-dos-fundadores-editada-6-150x150.jpg\" alt=\"Assinatura dos fundadores editada (6)\" title=\"\" \/><\/li><li><img decoding=\"async\" src=\"https:\/\/www.medicina.ufmg.br\/cememor\/wp-content\/uploads\/sites\/51\/2017\/04\/cememor_09-150x150.jpg\" alt=\"cememor_09\" title=\"\" \/><\/li><\/ul><div class=\"wonderplugin-engine\"><a href=\"http:\/\/www.wonderplugin.com\/wordpress-slider\/\" title=\"WordPress Image Slideshow\">WordPress Image Slideshow<\/a><\/div><\/div><\/div><\/b><\/p>\n","protected":false},"excerpt":{"rendered":"<p>Boletins Edi\u00e7\u00e3o n\u00ba 01 &#8211; dez\/2016Edi\u00e7\u00e3o n\u00ba 02 &#8211; fev-mar\/2017Edi\u00e7\u00e3o n\u00ba 03 &#8211; abr-mai\/2017Edi\u00e7\u00e3o n\u00ba 04 &#8211; jun-jul\/2017Edi\u00e7\u00e3o n\u00ba 05 &#8211; ago-set\/2017Edi\u00e7\u00e3o n\u00ba 06 &#8211; nov-dez\/2017Edi\u00e7\u00e3o n\u00ba 07 &#8211; jan-fev\/2018Edi\u00e7\u00e3o n\u00ba 08 &#8211; mar-abr\/2018Edi\u00e7\u00e3o\u00a0n\u00ba 09 &#8211; mai-jun\/2018Edi\u00e7\u00e3o n\u00ba 10 &#8211; jul-ago\/2018Edi\u00e7\u00e3o Especial &#8211; set\/2018Edi\u00e7\u00e3o n\u00ba 11 &#8211; set-out\/2018Edi\u00e7\u00e3o n\u00ba 12 &#8211; nov-dez\/2018Edi\u00e7\u00e3o n\u00ba 13 &#8211; [&hellip;]<\/p>\n","protected":false},"author":27,"featured_media":0,"parent":0,"menu_order":0,"comment_status":"closed","ping_status":"closed","template":"page2.php","meta":{"footnotes":""},"class_list":["post-52","page","type-page","status-publish","hentry","page-entry","loop-entry clr"],"_links":{"self":[{"href":"https:\/\/www.medicina.ufmg.br\/cememor\/wp-json\/wp\/v2\/pages\/52","targetHints":{"allow":["GET"]}}],"collection":[{"href":"https:\/\/www.medicina.ufmg.br\/cememor\/wp-json\/wp\/v2\/pages"}],"about":[{"href":"https:\/\/www.medicina.ufmg.br\/cememor\/wp-json\/wp\/v2\/types\/page"}],"author":[{"embeddable":true,"href":"https:\/\/www.medicina.ufmg.br\/cememor\/wp-json\/wp\/v2\/users\/27"}],"replies":[{"embeddable":true,"href":"https:\/\/www.medicina.ufmg.br\/cememor\/wp-json\/wp\/v2\/comments?post=52"}],"version-history":[{"count":71,"href":"https:\/\/www.medicina.ufmg.br\/cememor\/wp-json\/wp\/v2\/pages\/52\/revisions"}],"predecessor-version":[{"id":2079,"href":"https:\/\/www.medicina.ufmg.br\/cememor\/wp-json\/wp\/v2\/pages\/52\/revisions\/2079"}],"wp:attachment":[{"href":"https:\/\/www.medicina.ufmg.br\/cememor\/wp-json\/wp\/v2\/media?parent=52"}],"curies":[{"name":"wp","href":"https:\/\/api.w.org\/{rel}","templated":true}]}}