{"id":55,"date":"2016-06-08T18:15:38","date_gmt":"2016-06-08T18:15:38","guid":{"rendered":"https:\/\/www.medicina.ufmg.br\/cememor\/?page_id=55"},"modified":"2023-11-01T13:10:55","modified_gmt":"2023-11-01T13:10:55","slug":"acoes-educativas","status":"publish","type":"page","link":"https:\/\/www.medicina.ufmg.br\/cememor\/acoes-educativas\/","title":{"rendered":"A\u00e7\u00f5es educativas"},"content":{"rendered":"<div class=\"otw-sc-toggle\"><h3 class=\"toggle-trigger widget-title closed\">Projetos e Programas <span class=\"icon\"><\/span><\/h3><div class=\"toggle-content\"><p><\/p><br \/>\n<p><a href=\"https:\/\/www.medicina.ufmg.br\/cememor\/wp-content\/uploads\/sites\/51\/2016\/06\/Doa%C3%A7%C3%A3o-de-Corpos-1-21-06-2016.pdf\" target=\"_blank\" rel=\"noopener noreferrer\">Programa Vida Ap\u00f3s a Vida<\/a><\/p><br \/>\n<p><a href=\"https:\/\/www.medicina.ufmg.br\/cememor\/wp-content\/uploads\/sites\/51\/2016\/06\/Siex402555-21-06-2016.pdf\" target=\"_blank\" rel=\"noopener noreferrer\">Projeto SIEX<\/a><\/p><br \/>\n<p><a href=\"https:\/\/www.medicina.ufmg.br\/cememor\/wp-content\/uploads\/sites\/51\/2016\/06\/cadaveres.pdf\">Projeto \u2013 O cad\u00e1ver a servi\u00e7o da humanidade: visita\u00e7\u00e3o guiada pelos alunos da Faculdade de Medicina<\/a><\/p><br \/>\n<p><a href=\"https:\/\/www.medicina.ufmg.br\/cememor\/wp-content\/uploads\/sites\/51\/2016\/06\/CircuitoVocacoes.pdf\">Projeto \u2013 Aprimoramento do circuito de divulga\u00e7\u00e3o cient\u00edfica da Rede de Museus da UFMG: Despertando voca\u00e7\u00f5es e incentivando a forma\u00e7\u00e3o de jovens estudantes<\/a><\/p><br \/>\n<p><a href=\"https:\/\/www.medicina.ufmg.br\/cememor\/wp-content\/uploads\/sites\/51\/2016\/06\/Corredor.pdf\">Evento \u2013 Corredor da Mem\u00f3ria: Trajet\u00f3rias, mem\u00f3rias, acervos e patrim\u00f4nio cient\u00edfico<\/a><\/p><br \/>\n<p><a href=\"https:\/\/www.medicina.ufmg.br\/cememor\/wp-content\/uploads\/sites\/51\/2016\/06\/materialdidatico.pdf\">Projeto \u2013 Material Did\u00e1tico: Patrim\u00f4nio cient\u00edfico da Faculdade de Medicina<\/a><\/p><br \/>\n<p><a href=\"https:\/\/www.medicina.ufmg.br\/cememor\/wp-content\/uploads\/sites\/51\/2016\/06\/RedeMuseus.pdf\">Programa \u2013 Rede de Museus e Espa\u00e7os de Ci\u00eancias e Cultura da UFMG<\/a><\/p><br \/>\n<p><\/p><\/div><\/div>\n<div class=\"otw-sc-toggle\"><h3 class=\"toggle-trigger widget-title closed\">Publica\u00e7\u00f5es <span class=\"icon\"><\/span><\/h3><div class=\"toggle-content\"><p><\/p><br \/>\n<p><a href=\"https:\/\/www.medicina.ufmg.br\/cememor\/wp-content\/uploads\/sites\/51\/2016\/06\/A-Dissec\u00e7\u00e3o-Humana-UFMG-16-05-2017.pdf\" target=\"_blank\" rel=\"noopener noreferrer\">A Dissec\u00e7\u00e3o Humana UFMG<\/a><\/p><br \/>\n<p><\/p><\/div><\/div>\n<div class=\"otw-sc-toggle\"><h3 class=\"toggle-trigger widget-title closed\">Teses Hist\u00f3ricas<span class=\"icon\"><\/span><\/h3><div class=\"toggle-content\"><p><\/p><br \/>\n<p><a href=\"https:\/\/www.medicina.ufmg.br\/cememor\/wp-content\/uploads\/sites\/51\/2019\/08\/Al\u00edpio-Corr\u00eaa-Netto0001.pdf\" target=\"_blank\" rel=\"noopener noreferrer\">1 &#8211; Alipio Corr\u00eaa Netto \u2013 Contribui\u00e7\u00e3o ao estudo dos Cystos cong\u00eanitos do pesco\u00e7o \u2013 1924<\/a><\/p><br \/>\n<p><a href=\"https:\/\/www.medicina.ufmg.br\/cememor\/wp-content\/uploads\/sites\/51\/2019\/08\/Carlos-Chagas-completo_compressed.pdf\" target=\"_blank\" rel=\"noopener noreferrer\">2 &#8211; Carlos Chagas \u2013 Estudos hematologicos no impaludismo \u2013 1903<\/a><\/p><br \/>\n<p><a href=\"https:\/\/www.medicina.ufmg.br\/cememor\/wp-content\/uploads\/sites\/51\/2019\/08\/Eduardo-Borges0001.pdf\" target=\"_blank\" rel=\"noopener noreferrer\">3 &#8211; Eduardo Borges Ribeiro da Costa \u2013 Contribui\u00e7\u00e3o para o diagnostico bacteriol\u00f3gico da difteria \u2013 1905<\/a><\/p><br \/>\n<p><a href=\"https:\/\/www.medicina.ufmg.br\/cememor\/wp-content\/uploads\/sites\/51\/2019\/09\/Emmanuel-Dias_compressed.pdf\" target=\"_blank\" rel=\"noopener noreferrer\">4 &#8211; Emmanuel Dias &#8211; Estudos sobre o Schizotrypanum Cruzi \u2013 1933<\/a><\/p><br \/>\n<p><a href=\"https:\/\/www.medicina.ufmg.br\/cememor\/wp-content\/uploads\/sites\/51\/2019\/08\/Geraldo-Queiroga0001.pdf\" target=\"_blank\" rel=\"noopener noreferrer\">5 &#8211; Geraldo Queiroga \u2013 Irido-esclerecto-ciclodialise: iridectomia perif\u00e9rica, esclerectomia de Foroni, ciclodialise \u2013 1939<\/a><\/p><br \/>\n<p>6 &#8211; <a href=\"https:\/\/www.medicina.ufmg.br\/cememor\/wp-content\/uploads\/sites\/51\/2019\/08\/Ildeu-completo.pdf\" target=\"_blank\" rel=\"noopener noreferrer\">Ildeu Duarte \u2013 Estudo clinico especializado da vertigem: suas causas e tratamento \u2013 1927<\/a><\/p><br \/>\n<p><a href=\"https:\/\/www.medicina.ufmg.br\/cememor\/wp-content\/uploads\/sites\/51\/2019\/09\/Ildeu-Duarte-Bronchoscopia_compressed-1-1.pdf\" target=\"_blank\" rel=\"noopener noreferrer\">7 &#8211; Ildeu Duarte &#8211; Bronchoscopia e esophagoscopia na crean\u00e7a \u2013 1927<\/a><\/p><br \/>\n<p><a href=\"https:\/\/www.medicina.ufmg.br\/cememor\/wp-content\/uploads\/sites\/51\/2019\/08\/Iracema-Figueira-de-Freitas0001.pdf\" target=\"_blank\" rel=\"noopener noreferrer\">8 &#8211; Iracema Figueira de Freitas \u2013 Contribui\u00e7\u00e3o ao estudo das meningites syphiliticas da inf\u00e2ncia \u2013 1921<\/a><\/p><br \/>\n<p><a href=\"https:\/\/www.medicina.ufmg.br\/cememor\/wp-content\/uploads\/sites\/51\/2019\/09\/Joaquim-Roque-P.-Alcantara0001_compressed.pdf\" target=\"_blank\" rel=\"noopener noreferrer\">9 &#8211; Joaquim Roque P. Alcantara &#8211; Psychologia da d\u00f4r \u2013 1919<\/a><\/p><br \/>\n<p><a href=\"https:\/\/www.medicina.ufmg.br\/cememor\/wp-content\/uploads\/sites\/51\/2019\/08\/J.-Baeta-Vianna0001.pdf\" target=\"_blank\" rel=\"noopener noreferrer\">10 &#8211; Jos\u00e9 Baeta Vianna \u2013 Contribui\u00e7\u00e3o a microchimica dos lipoides e novo processo de microdosagem da cholesterina com aplica\u00e7\u00f5es a biologia \u2013 1922<\/a><\/p><br \/>\n<p><a href=\"https:\/\/www.medicina.ufmg.br\/cememor\/wp-content\/uploads\/sites\/51\/2019\/08\/Jos\u00e9-Carlos-Ferreira-Pires0001.pdf\">11 &#8211; J Jos\u00e9 Carlos Ferreira Pires \u2013 Do diagn\u00f3stico das mol\u00e9stias chronicas do enc\u00e9falo \u2013 1878<\/a><\/p><br \/>\n<p><a href=\"https:\/\/www.medicina.ufmg.br\/cememor\/wp-content\/uploads\/sites\/51\/2019\/09\/Jos\u00e9-Rodrigo-da-Costa-Azevedo0001_compressed.pdf\" target=\"_blank\" rel=\"noopener noreferrer\">12 &#8211; Jos\u00e9 Rodrigo da Costa Azevedo &#8211; Pelviologia obst\u00e9trica \u2013 1914<\/a><\/p><br \/>\n<p><a href=\"https:\/\/www.medicina.ufmg.br\/cememor\/wp-content\/uploads\/sites\/51\/2019\/09\/Mario-Mendes-Campos_compressed.pdf\" target=\"_blank\" rel=\"noopener noreferrer\">13 &#8211; Mario Mendes Campos &#8211; Da rea\u00e7\u00e3o de Kellog e da Anatoxina Diphterica \u2013 1928<\/a><\/p><br \/>\n<p><a href=\"https:\/\/www.medicina.ufmg.br\/cememor\/wp-content\/uploads\/sites\/51\/2019\/08\/Martinho-da-Rocha0001_compressed-1.pdf\" target=\"_blank\" rel=\"noopener noreferrer\">14 &#8211; Martinho da Rocha \u2013 Considera\u00e7\u00f5es acerca da Eclampsia e seu tratamento \u2013 1885<\/a><\/p><br \/>\n<p><a href=\"https:\/\/www.medicina.ufmg.br\/cememor\/wp-content\/uploads\/sites\/51\/2019\/09\/Octaviano-de-Almeida0001_compressed.pdf\" target=\"_blank\" rel=\"noopener noreferrer\">15 &#8211; Octaviano de Almeida &#8211; Contribui\u00e7\u00e3o ao estudo da transposi\u00e7\u00e3o vesico-uterina \u2013 1914<\/a><\/p><br \/>\n<p><a href=\"https:\/\/www.medicina.ufmg.br\/cememor\/wp-content\/uploads\/sites\/51\/2019\/09\/Olyntho-Orsini-de-Castro0001_compressed.pdf\" target=\"_blank\" rel=\"noopener noreferrer\">16 &#8211; Olyntho Orsini de Castro &#8211; Contribui\u00e7\u00e3o ao estudo do pemphigo foli\u00e1ceo \u2013 1927<\/a><\/p><br \/>\n<p><a href=\"https:\/\/www.medicina.ufmg.br\/cememor\/wp-content\/uploads\/sites\/51\/2019\/08\/Oromar-Moreira-1936.pdf\" target=\"_blank\" rel=\"noopener noreferrer\">17 &#8211; Oromar Moreira \u2013 Glycose no sangue \u2013 1936<\/a><\/p><br \/>\n<p><a href=\"https:\/\/www.medicina.ufmg.br\/cememor\/wp-content\/uploads\/sites\/51\/2019\/08\/Oromar-Moreira-1938.pdf\" target=\"_blank\" rel=\"noopener noreferrer\">18 &#8211; Oromar Moreira \u2013 Estudos de oxido-redu\u00e7\u00e3o (redox e alguns corantes vitais) \u2013 1938<\/a><\/p><br \/>\n<p><a href=\"https:\/\/www.medicina.ufmg.br\/cememor\/wp-content\/uploads\/sites\/51\/2019\/08\/Oscar-Versiani-Caldeira0001_compressed.pdf\" target=\"_blank\" rel=\"noopener noreferrer\">19 &#8211; Oscar Versiani Caldeira \u2013 F\u00f3rmula leucocit\u00e1ria na rtuberculose \u2013 1939<\/a><\/p><br \/>\n<p><a href=\"https:\/\/www.medicina.ufmg.br\/cememor\/wp-content\/uploads\/sites\/51\/2019\/09\/Oscar-Versiani-Caldeira0001_compressed.pdf\" target=\"_blank\" rel=\"noopener noreferrer\">20 &#8211; Oscar Versiani Caldeira &#8211; <\/a><a href=\"https:\/\/www.medicina.ufmg.br\/cememor\/wp-content\/uploads\/sites\/51\/2019\/08\/Oscar-Versiani-Caldeira0001_compressed.pdf\" target=\"_blank\" rel=\"noopener noreferrer\" data-saferedirecturl=\"https:\/\/www.google.com\/url?q=https:\/\/www.medicina.ufmg.br\/cememor\/wp-content\/uploads\/sites\/51\/2019\/08\/Oscar-Versiani-Caldeira0001_compressed.pdf&amp;source=gmail&amp;ust=1568737154758000&amp;usg=AFQjCNEtIkY_5jB9qR7-qZHsV3vNPjUAdQ\">F\u00f3rmula leucocit\u00e1ria na rtuberculose \u2013 1939<\/a><\/p><br \/>\n<p><a href=\"https:\/\/www.medicina.ufmg.br\/cememor\/wp-content\/uploads\/sites\/51\/2019\/08\/Paulo-de-Carvalho-0001_compressed.pdf\" target=\"_blank\" rel=\"noopener noreferrer\">21 &#8211; Paulo de Carvalho Pinheiro Chagas \u2013 Semiotica do rhythmo respirat\u00f3rio \u2013 1931<\/a><\/p><br \/>\n<p><a href=\"https:\/\/www.medicina.ufmg.br\/cememor\/wp-content\/uploads\/sites\/51\/2019\/08\/Pedro-Salles0001.pdf\" target=\"_blank\" rel=\"noopener noreferrer\">22 &#8211; Pedro Salles \u2013 Empyema agudo na inf\u00e2ncia: considera\u00e7\u00f5es sobre o seu tratamento &#8211; 1937<\/a><\/p><br \/>\n<p><a href=\"https:\/\/www.medicina.ufmg.br\/cememor\/wp-content\/uploads\/sites\/51\/2019\/09\/Regozino-Macedo0001_compressed.pdf\" target=\"_blank\" rel=\"noopener noreferrer\">23 &#8211; Regozino Macedo &#8211; Contribui\u00e7\u00e3o ao estudo da Semiologia das Vias Biliares \u2013 1936<\/a><\/p><br \/>\n<p><a href=\"https:\/\/www.medicina.ufmg.br\/cememor\/wp-content\/uploads\/sites\/51\/2019\/09\/Rubem-C.-L.-Amarante0001_compressed.pdf\" target=\"_blank\" rel=\"noopener noreferrer\">24 &#8211; Rubem C. L. Amarante &#8211; Oto-antrite latente na primeira infancia \u2013 1933<\/a><\/p><br \/>\n<p><a href=\"https:\/\/ftp.medicina.ufmg.br\/cememor\/2022\/Tese%20Dr.%20David%20Rabello.pdf\">25 &#8211; David Rabello &#8211; Um caso de malforma\u00e7\u00e3o genito-urinaria tratado cirurgicamente &#8211; 1918<\/a><\/p><br \/>\n<p><\/p><\/div><\/div>\n<div class=\"otw-sc-toggle\"><h3 class=\"toggle-trigger widget-title closed\">Obras diversas <span class=\"icon\"><\/span><\/h3><div class=\"toggle-content\"><p><\/p><br \/>\n<div><a href=\"http:\/\/www.medicina.ufmg.br\/cememor\/wp-content\/uploads\/sites\/51\/2023\/11\/DO-TRATAMENTO-PREVENTIVO-DA-RAIVA-PELO-METHODO-PASTEUR.pdf\">1 &#8211; Augusto Ferreira dos Santos &#8211; Do tratamento preventivo da raiva pelo methodo Pasteur &#8211; 1888<\/a><\/div><br \/>\n<div><\/div><br \/>\n<p><\/p><\/div><\/div>\n<h1>Ensino<\/h1>\n<p><strong>Disciplina:<\/strong> <a href=\"https:\/\/www.medicina.ufmg.br\/cememor\/acoes-educativas\/disciplina-historia-da-medicina\" target=\"_blank\" rel=\"noopener noreferrer\">Hist\u00f3ria da Medicina<\/a><\/p>\n","protected":false},"excerpt":{"rendered":"<p>Ensino Disciplina: Hist\u00f3ria da Medicina<\/p>\n","protected":false},"author":16,"featured_media":0,"parent":0,"menu_order":0,"comment_status":"closed","ping_status":"closed","template":"page2.php","meta":{"footnotes":""},"class_list":["post-55","page","type-page","status-publish","hentry","page-entry","loop-entry clr"],"_links":{"self":[{"href":"https:\/\/www.medicina.ufmg.br\/cememor\/wp-json\/wp\/v2\/pages\/55","targetHints":{"allow":["GET"]}}],"collection":[{"href":"https:\/\/www.medicina.ufmg.br\/cememor\/wp-json\/wp\/v2\/pages"}],"about":[{"href":"https:\/\/www.medicina.ufmg.br\/cememor\/wp-json\/wp\/v2\/types\/page"}],"author":[{"embeddable":true,"href":"https:\/\/www.medicina.ufmg.br\/cememor\/wp-json\/wp\/v2\/users\/16"}],"replies":[{"embeddable":true,"href":"https:\/\/www.medicina.ufmg.br\/cememor\/wp-json\/wp\/v2\/comments?post=55"}],"version-history":[{"count":21,"href":"https:\/\/www.medicina.ufmg.br\/cememor\/wp-json\/wp\/v2\/pages\/55\/revisions"}],"predecessor-version":[{"id":1928,"href":"https:\/\/www.medicina.ufmg.br\/cememor\/wp-json\/wp\/v2\/pages\/55\/revisions\/1928"}],"wp:attachment":[{"href":"https:\/\/www.medicina.ufmg.br\/cememor\/wp-json\/wp\/v2\/media?parent=55"}],"curies":[{"name":"wp","href":"https:\/\/api.w.org\/{rel}","templated":true}]}}