
{"id":1011,"date":"2018-08-03T21:19:41","date_gmt":"2018-08-03T21:19:41","guid":{"rendered":"https:\/\/www.medicina.ufmg.br\/cenex\/?page_id=1011"},"modified":"2025-09-09T12:34:22","modified_gmt":"2025-09-09T12:34:22","slug":"fundacoes-de-apoio-a-ufmg","status":"publish","type":"page","link":"https:\/\/www.medicina.ufmg.br\/cenex\/fundacoes-de-apoio-a-ufmg\/","title":{"rendered":"Funda\u00e7\u00f5es de apoio \u00e0 UFMG"},"content":{"rendered":"\n<p>As seguintes Funda\u00e7\u00f5es de Apoio est\u00e3o credenciadas a contratar a gest\u00e3o administrativa e financeira de projetos, cursos e eventos no \u00e2mbito da UFMG:<\/p>\n\n\n\n<p><strong>Funda\u00e7\u00e3o de Desenvolvimento da Pesquisa \u2013 FUNDEP<\/strong><br>Contato:\u00a0<a href=\"mailto:extensaocae@fundep.com.br\" target=\"_blank\" rel=\"noreferrer noopener\">extensaocae@fundep.com.br<\/a><br>Tel: (31) 3409-4200<br><\/p>\n\n\n\n<p><strong>Funda\u00e7\u00e3o de Apoio ao Ensino Pesquisa e Extens\u00e3o \u2013 FEPE<\/strong><br>Contato:&nbsp;<a href=\"mailto:projetos@fepe.com.br\" target=\"_blank\" rel=\"noreferrer noopener\">projetos@fepe.com.br<\/a><br>Tel: 3409-2021 ou 3409-2071.<br>Site:&nbsp;<a href=\"https:\/\/www.fepe.com.br\/\" target=\"_blank\" rel=\"noreferrer noopener\"><strong><u>https:\/\/www.fepe.com.br\/<\/u><\/strong><\/a><\/p>\n\n\n\n<p><strong>Funda\u00e7\u00e3o Christiano Ottoni \u2013 FCO<\/strong><br><a href=\"mailto:contratos@fco.org.br\" target=\"_blank\" rel=\"noreferrer noopener\">contratos@fco.org.br<\/a><br>(31) 3409-1903<br>Site:&nbsp;<a href=\"http:\/\/www.fco.org.br\/\" target=\"_blank\" rel=\"noreferrer noopener\"><strong><u>http:\/\/www.fco.org.br\/<\/u><\/strong><\/a><\/p>\n\n\n\n<p><strong>Funda\u00e7\u00e3o IPEAD<\/strong><br>Contato:&nbsp;<a href=\"mailto:gestao@ipead.face.ufmg.br\" target=\"_blank\" rel=\"noreferrer noopener\">gestao@ipead.face.ufmg.br<\/a><br>Tel: 3409-7108<br>Site:&nbsp;<a href=\"http:\/\/www.ipead.face.ufmg.br\/site\/\" target=\"_blank\" rel=\"noreferrer noopener\"><strong><u>http:\/\/www.ipead.face.ufmg.br\/site\/<\/u><\/strong><\/a><\/p>\n","protected":false},"excerpt":{"rendered":"<p>As seguintes Funda\u00e7\u00f5es de Apoio est\u00e3o credenciadas a contratar a gest\u00e3o administrativa e financeira de projetos, cursos e eventos no \u00e2mbito da UFMG: Funda\u00e7\u00e3o de Desenvolvimento da Pesquisa \u2013 FUNDEPContato:\u00a0extensaocae@fundep.com.brTel: (31) 3409-4200 Funda\u00e7\u00e3o de Apoio ao Ensino Pesquisa e Extens\u00e3o \u2013 FEPEContato:&nbsp;projetos@fepe.com.brTel: 3409-2021 ou 3409-2071.Site:&nbsp;https:\/\/www.fepe.com.br\/ Funda\u00e7\u00e3o Christiano Ottoni \u2013 FCOcontratos@fco.org.br(31) 3409-1903Site:&nbsp;http:\/\/www.fco.org.br\/ Funda\u00e7\u00e3o IPEADContato:&nbsp;gestao@ipead.face.ufmg.brTel: 3409-7108Site:&nbsp;http:\/\/www.ipead.face.ufmg.br\/site\/<\/p>\n","protected":false},"author":33,"featured_media":0,"parent":0,"menu_order":0,"comment_status":"closed","ping_status":"closed","template":"","meta":{"footnotes":""},"class_list":["post-1011","page","type-page","status-publish","hentry"],"_links":{"self":[{"href":"https:\/\/www.medicina.ufmg.br\/cenex\/wp-json\/wp\/v2\/pages\/1011","targetHints":{"allow":["GET"]}}],"collection":[{"href":"https:\/\/www.medicina.ufmg.br\/cenex\/wp-json\/wp\/v2\/pages"}],"about":[{"href":"https:\/\/www.medicina.ufmg.br\/cenex\/wp-json\/wp\/v2\/types\/page"}],"author":[{"embeddable":true,"href":"https:\/\/www.medicina.ufmg.br\/cenex\/wp-json\/wp\/v2\/users\/33"}],"replies":[{"embeddable":true,"href":"https:\/\/www.medicina.ufmg.br\/cenex\/wp-json\/wp\/v2\/comments?post=1011"}],"version-history":[{"count":12,"href":"https:\/\/www.medicina.ufmg.br\/cenex\/wp-json\/wp\/v2\/pages\/1011\/revisions"}],"predecessor-version":[{"id":2489,"href":"https:\/\/www.medicina.ufmg.br\/cenex\/wp-json\/wp\/v2\/pages\/1011\/revisions\/2489"}],"wp:attachment":[{"href":"https:\/\/www.medicina.ufmg.br\/cenex\/wp-json\/wp\/v2\/media?parent=1011"}],"curies":[{"name":"wp","href":"https:\/\/api.w.org\/{rel}","templated":true}]}}