
{"id":11,"date":"2016-04-25T14:51:44","date_gmt":"2016-04-25T14:51:44","guid":{"rendered":"https:\/\/www.medicina.ufmg.br\/cenex\/?page_id=11"},"modified":"2026-03-20T14:24:26","modified_gmt":"2026-03-20T14:24:26","slug":"o-que-e-extensao","status":"publish","type":"page","link":"https:\/\/www.medicina.ufmg.br\/cenex\/","title":{"rendered":"In\u00edcio"},"content":{"rendered":"\t\t<div data-elementor-type=\"wp-page\" data-elementor-id=\"11\" class=\"elementor elementor-11\">\n\t\t\t\t<div class=\"elementor-element elementor-element-5b2fb30 e-flex e-con-boxed e-con e-parent\" data-id=\"5b2fb30\" data-element_type=\"container\" data-settings=\"{&quot;background_background&quot;:&quot;classic&quot;}\">\n\t\t\t\t\t<div class=\"e-con-inner\">\n\t\t<div class=\"elementor-element elementor-element-4503241 e-con-full e-flex e-con e-child\" data-id=\"4503241\" data-element_type=\"container\">\n\t\t\t\t<div class=\"elementor-element elementor-element-8f867d2 elementor-widget elementor-widget-heading\" data-id=\"8f867d2\" data-element_type=\"widget\" data-widget_type=\"heading.default\">\n\t\t\t\t<div class=\"elementor-widget-container\">\n\t\t\t\t\t<h1 class=\"elementor-heading-title elementor-size-default\">CENEX<\/h1>\t\t\t\t<\/div>\n\t\t\t\t<\/div>\n\t\t\t\t<div class=\"elementor-element elementor-element-f1c6187 elementor-widget elementor-widget-heading\" data-id=\"f1c6187\" data-element_type=\"widget\" data-widget_type=\"heading.default\">\n\t\t\t\t<div class=\"elementor-widget-container\">\n\t\t\t\t\t<h2 class=\"elementor-heading-title elementor-size-default\">Centro de Extens\u00e3o<\/h2>\t\t\t\t<\/div>\n\t\t\t\t<\/div>\n\t\t\t\t<div class=\"elementor-element elementor-element-629a8a3 elementor-widget elementor-widget-text-editor\" data-id=\"629a8a3\" data-element_type=\"widget\" data-widget_type=\"text-editor.default\">\n\t\t\t\t<div class=\"elementor-widget-container\">\n\t\t\t\t\t\t\t\t\t<article class=\"text-token-text-primary w-full\" dir=\"auto\" data-testid=\"conversation-turn-2\" data-scroll-anchor=\"true\"><div class=\"text-base my-auto mx-auto py-5 [--thread-content-margin:--spacing(4)] @[37rem]:[--thread-content-margin:--spacing(6)] @[72rem]:[--thread-content-margin:--spacing(16)] px-(--thread-content-margin)\"><div class=\"[--thread-content-max-width:32rem] @[34rem]:[--thread-content-max-width:40rem] @[64rem]:[--thread-content-max-width:48rem] mx-auto flex max-w-(--thread-content-max-width) flex-1 text-base gap-4 md:gap-5 lg:gap-6 group\/turn-messages focus-visible:outline-hidden\" tabindex=\"-1\"><div class=\"group\/conversation-turn relative flex w-full min-w-0 flex-col agent-turn\"><div class=\"relative flex-col gap-1 md:gap-3\"><div class=\"flex max-w-full flex-col grow\"><div class=\"min-h-8 text-message relative flex w-full flex-col items-end gap-2 text-start break-words whitespace-normal [.text-message+&amp;]:mt-5\" dir=\"auto\" data-message-author-role=\"assistant\" data-message-id=\"f4f5e344-4658-458e-a369-b0c7acf30670\" data-message-model-slug=\"gpt-4o\"><div class=\"flex w-full flex-col gap-1 empty:hidden first:pt-[3px]\"><div class=\"markdown prose dark:prose-invert w-full break-words dark\"><p><span style=\"font-weight: 400;\">O Centro de Extens\u00e3o \u00e9 um \u00f3rg\u00e3o colegiado de gest\u00e3o acad\u00eamica e administrativa das atividades de Extens\u00e3o, no \u00e2mbito da Faculdade de Medicina. Vincula-se administrativamente \u00e0 Diretoria e atua de forma articulada com a Pr\u00f3-Reitoria de Extens\u00e3o, contribuindo para a avalia\u00e7\u00e3o, a promo\u00e7\u00e3o e a gest\u00e3o das atividades de Extens\u00e3o na UFMG.\u00a0<\/span><\/p><p><span style=\"font-weight: 400;\">Suas atribui\u00e7\u00f5es s\u00e3o: viabilizar e implementar a pol\u00edtica de Extens\u00e3o da UFMG na Unidade; analisar e aprovar as atividades de Extens\u00e3o propostas no \u00e2mbito da Unidade, observando os princ\u00edpios e as diretrizes acad\u00eamicas da Extens\u00e3o Universit\u00e1ria adotados pela UFMG; validar e acompanhar os registros das a\u00e7\u00f5es de Extens\u00e3o no\u00a0Sistema Siex; certificar as a\u00e7\u00f5es registradas no \u00e2mbito da Faculdade de Medicina.<\/span><\/p><\/div><\/div><\/div><\/div><\/div><\/div><\/div><\/div><\/article>\t\t\t\t\t\t\t\t<\/div>\n\t\t\t\t<\/div>\n\t\t<div class=\"elementor-element elementor-element-e27ad7a e-grid e-con-full e-con e-child\" data-id=\"e27ad7a\" data-element_type=\"container\">\n\t\t<a class=\"elementor-element elementor-element-4cca304 e-con-full e-flex e-con e-child\" data-id=\"4cca304\" data-element_type=\"container\" data-settings=\"{&quot;background_background&quot;:&quot;classic&quot;}\" href=\"https:\/\/www.medicina.ufmg.br\/cenex\/menu\/\">\n\t\t\t\t<div class=\"elementor-element elementor-element-131db73 elementor-widget elementor-widget-heading\" data-id=\"131db73\" data-element_type=\"widget\" data-widget_type=\"heading.default\">\n\t\t\t\t<div class=\"elementor-widget-container\">\n\t\t\t\t\t<h3 class=\"elementor-heading-title elementor-size-default\">MENU COMPLETO<\/h3>\t\t\t\t<\/div>\n\t\t\t\t<\/div>\n\t\t\t\t<div class=\"elementor-element elementor-element-4052583 elementor-widget elementor-widget-text-editor\" data-id=\"4052583\" data-element_type=\"widget\" data-widget_type=\"text-editor.default\">\n\t\t\t\t<div class=\"elementor-widget-container\">\n\t\t\t\t\t\t\t\t\t<p><span style=\"color: #ffffff;\">Veja toda as p\u00e1ginas desse site.<\/span><\/p>\t\t\t\t\t\t\t\t<\/div>\n\t\t\t\t<\/div>\n\t\t\t\t<\/a>\n\t\t<a class=\"elementor-element elementor-element-7b42885 e-con-full e-flex e-con e-child\" data-id=\"7b42885\" data-element_type=\"container\" data-settings=\"{&quot;background_background&quot;:&quot;classic&quot;}\" href=\"https:\/\/www.medicina.ufmg.br\/cenex\/contato\/\">\n\t\t\t\t<div class=\"elementor-element elementor-element-551c9cd elementor-widget elementor-widget-heading\" data-id=\"551c9cd\" data-element_type=\"widget\" data-widget_type=\"heading.default\">\n\t\t\t\t<div class=\"elementor-widget-container\">\n\t\t\t\t\t<h3 class=\"elementor-heading-title elementor-size-default\">ATENDIMENTO<\/h3>\t\t\t\t<\/div>\n\t\t\t\t<\/div>\n\t\t\t\t<div class=\"elementor-element elementor-element-17da627 elementor-widget elementor-widget-text-editor\" data-id=\"17da627\" data-element_type=\"widget\" data-widget_type=\"text-editor.default\">\n\t\t\t\t<div class=\"elementor-widget-container\">\n\t\t\t\t\t\t\t\t\t<p><span style=\"color: #ffffff;\">Veja as informa\u00e7\u00f5es de contato<\/span><\/p>\t\t\t\t\t\t\t\t<\/div>\n\t\t\t\t<\/div>\n\t\t\t\t<\/a>\n\t\t\t\t<\/div>\n\t\t\t\t<\/div>\n\t\t\t\t\t<\/div>\n\t\t\t\t<\/div>\n\t\t\t\t<\/div>\n\t\t","protected":false},"excerpt":{"rendered":"<p>CENEX Centro de Extens\u00e3o O Centro de Extens\u00e3o \u00e9 um \u00f3rg\u00e3o colegiado de gest\u00e3o acad\u00eamica e administrativa das atividades de Extens\u00e3o, no \u00e2mbito da Faculdade de Medicina. Vincula-se administrativamente \u00e0 Diretoria e atua de forma articulada com a Pr\u00f3-Reitoria de Extens\u00e3o, contribuindo para a avalia\u00e7\u00e3o, a promo\u00e7\u00e3o e a gest\u00e3o das atividades de Extens\u00e3o na [&hellip;]<\/p>\n","protected":false},"author":17,"featured_media":0,"parent":0,"menu_order":0,"comment_status":"closed","ping_status":"closed","template":"elementor_header_footer","meta":{"footnotes":""},"class_list":["post-11","page","type-page","status-publish","hentry"],"_links":{"self":[{"href":"https:\/\/www.medicina.ufmg.br\/cenex\/wp-json\/wp\/v2\/pages\/11","targetHints":{"allow":["GET"]}}],"collection":[{"href":"https:\/\/www.medicina.ufmg.br\/cenex\/wp-json\/wp\/v2\/pages"}],"about":[{"href":"https:\/\/www.medicina.ufmg.br\/cenex\/wp-json\/wp\/v2\/types\/page"}],"author":[{"embeddable":true,"href":"https:\/\/www.medicina.ufmg.br\/cenex\/wp-json\/wp\/v2\/users\/17"}],"replies":[{"embeddable":true,"href":"https:\/\/www.medicina.ufmg.br\/cenex\/wp-json\/wp\/v2\/comments?post=11"}],"version-history":[{"count":175,"href":"https:\/\/www.medicina.ufmg.br\/cenex\/wp-json\/wp\/v2\/pages\/11\/revisions"}],"predecessor-version":[{"id":2558,"href":"https:\/\/www.medicina.ufmg.br\/cenex\/wp-json\/wp\/v2\/pages\/11\/revisions\/2558"}],"wp:attachment":[{"href":"https:\/\/www.medicina.ufmg.br\/cenex\/wp-json\/wp\/v2\/media?parent=11"}],"curies":[{"name":"wp","href":"https:\/\/api.w.org\/{rel}","templated":true}]}}