
{"id":1475,"date":"2019-11-22T16:18:12","date_gmt":"2019-11-22T16:18:12","guid":{"rendered":"https:\/\/www.medicina.ufmg.br\/cenex\/?page_id=1475"},"modified":"2025-05-07T15:46:08","modified_gmt":"2025-05-07T15:46:08","slug":"contato","status":"publish","type":"page","link":"https:\/\/www.medicina.ufmg.br\/cenex\/contato\/","title":{"rendered":"Contato"},"content":{"rendered":"\n<p><\/p>\n\n\n\n<div class=\"wp-block-columns has-2-columns is-layout-flex wp-container-core-columns-is-layout-1 wp-block-columns-is-layout-flex\">\n<div class=\"wp-block-column is-layout-flow wp-block-column-is-layout-flow\">\n<p class=\"has-text-align-center\"><strong>Hor\u00e1rio de atendimento externo<\/strong><br>8h30 \u00e0s 12h e 13h30 \u00e0s 16h<\/p>\n\n\n\n<p class=\"has-text-align-center\"><strong>Endere\u00e7o<\/strong><br>Av. Prof. Alfredo Balena, 190 \u2013 sala 121<br>Belo Horizonte \u2013 MG <\/p>\n<\/div>\n\n\n\n<div class=\"wp-block-column is-layout-flow wp-block-column-is-layout-flow\">\n<p class=\"has-text-align-center\"><strong>Contato<\/strong><br>Tel: (31) 3409-9644 \/ 9645<br>E-mail: cenex@medicina.ufmg.br<\/p>\n<\/div>\n<\/div>\n\n\n\n<p><\/p>\n","protected":false},"excerpt":{"rendered":"<p>Hor\u00e1rio de atendimento externo8h30 \u00e0s 12h e 13h30 \u00e0s 16h Endere\u00e7oAv. Prof. Alfredo Balena, 190 \u2013 sala 121Belo Horizonte \u2013 MG ContatoTel: (31) 3409-9644 \/ 9645E-mail: cenex@medicina.ufmg.br<\/p>\n","protected":false},"author":33,"featured_media":0,"parent":0,"menu_order":0,"comment_status":"closed","ping_status":"closed","template":"","meta":{"footnotes":""},"class_list":["post-1475","page","type-page","status-publish","hentry"],"_links":{"self":[{"href":"https:\/\/www.medicina.ufmg.br\/cenex\/wp-json\/wp\/v2\/pages\/1475","targetHints":{"allow":["GET"]}}],"collection":[{"href":"https:\/\/www.medicina.ufmg.br\/cenex\/wp-json\/wp\/v2\/pages"}],"about":[{"href":"https:\/\/www.medicina.ufmg.br\/cenex\/wp-json\/wp\/v2\/types\/page"}],"author":[{"embeddable":true,"href":"https:\/\/www.medicina.ufmg.br\/cenex\/wp-json\/wp\/v2\/users\/33"}],"replies":[{"embeddable":true,"href":"https:\/\/www.medicina.ufmg.br\/cenex\/wp-json\/wp\/v2\/comments?post=1475"}],"version-history":[{"count":7,"href":"https:\/\/www.medicina.ufmg.br\/cenex\/wp-json\/wp\/v2\/pages\/1475\/revisions"}],"predecessor-version":[{"id":2152,"href":"https:\/\/www.medicina.ufmg.br\/cenex\/wp-json\/wp\/v2\/pages\/1475\/revisions\/2152"}],"wp:attachment":[{"href":"https:\/\/www.medicina.ufmg.br\/cenex\/wp-json\/wp\/v2\/media?parent=1475"}],"curies":[{"name":"wp","href":"https:\/\/api.w.org\/{rel}","templated":true}]}}