
{"id":1753,"date":"2021-09-15T17:03:09","date_gmt":"2021-09-15T17:03:09","guid":{"rendered":"https:\/\/www.medicina.ufmg.br\/cenex\/?page_id=1753"},"modified":"2025-09-11T15:15:41","modified_gmt":"2025-09-11T15:15:41","slug":"tutoriais","status":"publish","type":"page","link":"https:\/\/www.medicina.ufmg.br\/cenex\/tutoriais\/","title":{"rendered":"Tutoriais"},"content":{"rendered":"\n<p><a href=\"http:\/\/www.medicina.ufmg.br\/cenex\/wp-content\/uploads\/sites\/52\/2024\/08\/TUTORIAL-TRAMITE-DO-TERMO-DE-ADESAO-COLABORADOR-EXTERNO-SEI-1-1.pdf\" data-type=\"link\" data-id=\"http:\/\/www.medicina.ufmg.br\/cenex\/wp-content\/uploads\/sites\/52\/2024\/08\/TUTORIAL-TRAMITE-DO-TERMO-DE-ADESAO-COLABORADOR-EXTERNO-SEI-1-1.pdf\"><em>TUTORIAL &#8211; TR\u00c2MITE DO TERMO DE ADES\u00c3O COLABORADOR EXTERNO &#8211; SEI<\/em><\/a><\/p>\n\n\n<p><a href=\"http:\/\/www.medicina.ufmg.br\/cenex\/wp-content\/uploads\/sites\/52\/2025\/04\/MANUAL-DO-USUARIO-EXTERNO-SEI-UFMG.pdf\" data-type=\"link\" data-id=\"http:\/\/www.medicina.ufmg.br\/cenex\/wp-content\/uploads\/sites\/52\/2025\/04\/MANUAL-DO-USUARIO-EXTERNO-SEI-UFMG.pdf\">MANUAL DO USU\u00c1RIO EXTERNO SEI UFMG<\/a><\/p>\n\n\n<p><em><a href=\"http:\/\/www.medicina.ufmg.br\/cenex\/wp-content\/uploads\/sites\/52\/2024\/08\/Tutorial-NOVAS-EDICOES-DE-UM-MESMO-EVENTO-OU-CURSO.pdf\" data-type=\"link\" data-id=\"http:\/\/www.medicina.ufmg.br\/cenex\/wp-content\/uploads\/sites\/52\/2024\/08\/Tutorial-NOVAS-EDICOES-DE-UM-MESMO-EVENTO-OU-CURSO.pdf\">TUTORIAL &#8211; NOVAS EDI\u00c7\u00d5ES DE UM MESMO EVENTO OU CURSO<\/a><\/em><\/p>\n\n\n\n<p><em><a href=\"http:\/\/www.medicina.ufmg.br\/cenex\/wp-content\/uploads\/sites\/52\/2024\/08\/Tutorial-SALVAR-CERTIFICADO-DO-SEI-EM-PDF.pdf\" data-type=\"link\" data-id=\"http:\/\/www.medicina.ufmg.br\/cenex\/wp-content\/uploads\/sites\/52\/2024\/08\/Tutorial-SALVAR-CERTIFICADO-DO-SEI-EM-PDF.pdf\">TUTORIAL &#8211; SALVAR CERTIFICADO DO SEI EM PDF<\/a><\/em><\/p>\n\n\n\n<p><a href=\"http:\/\/www.medicina.ufmg.br\/cenex\/wp-content\/uploads\/sites\/52\/2024\/09\/TUTORIAL-CONFIRMAR-PARTICIPACAO-PELO-SISTEMA-SIEX.pdf\"><em>TUTORIAL &#8211; CONFIRMAR PARTICIPA\u00c7\u00c3O PELO SISTEMA SIEX<\/em><\/a><br><br><\/p>\n","protected":false},"excerpt":{"rendered":"<p>TUTORIAL &#8211; TR\u00c2MITE DO TERMO DE ADES\u00c3O COLABORADOR EXTERNO &#8211; SEI MANUAL DO USU\u00c1RIO EXTERNO SEI UFMG TUTORIAL &#8211; NOVAS EDI\u00c7\u00d5ES DE UM MESMO EVENTO OU CURSO TUTORIAL &#8211; SALVAR CERTIFICADO DO SEI EM PDF TUTORIAL &#8211; CONFIRMAR PARTICIPA\u00c7\u00c3O PELO SISTEMA SIEX<\/p>\n","protected":false},"author":17,"featured_media":0,"parent":0,"menu_order":0,"comment_status":"closed","ping_status":"closed","template":"","meta":{"footnotes":""},"class_list":["post-1753","page","type-page","status-publish","hentry"],"_links":{"self":[{"href":"https:\/\/www.medicina.ufmg.br\/cenex\/wp-json\/wp\/v2\/pages\/1753","targetHints":{"allow":["GET"]}}],"collection":[{"href":"https:\/\/www.medicina.ufmg.br\/cenex\/wp-json\/wp\/v2\/pages"}],"about":[{"href":"https:\/\/www.medicina.ufmg.br\/cenex\/wp-json\/wp\/v2\/types\/page"}],"author":[{"embeddable":true,"href":"https:\/\/www.medicina.ufmg.br\/cenex\/wp-json\/wp\/v2\/users\/17"}],"replies":[{"embeddable":true,"href":"https:\/\/www.medicina.ufmg.br\/cenex\/wp-json\/wp\/v2\/comments?post=1753"}],"version-history":[{"count":11,"href":"https:\/\/www.medicina.ufmg.br\/cenex\/wp-json\/wp\/v2\/pages\/1753\/revisions"}],"predecessor-version":[{"id":2510,"href":"https:\/\/www.medicina.ufmg.br\/cenex\/wp-json\/wp\/v2\/pages\/1753\/revisions\/2510"}],"wp:attachment":[{"href":"https:\/\/www.medicina.ufmg.br\/cenex\/wp-json\/wp\/v2\/media?parent=1753"}],"curies":[{"name":"wp","href":"https:\/\/api.w.org\/{rel}","templated":true}]}}