
{"id":2097,"date":"2025-02-20T19:32:01","date_gmt":"2025-02-20T19:32:01","guid":{"rendered":"https:\/\/www.medicina.ufmg.br\/cenex\/?page_id=2097"},"modified":"2025-09-05T13:40:08","modified_gmt":"2025-09-05T13:40:08","slug":"sistema-siex","status":"publish","type":"page","link":"https:\/\/www.medicina.ufmg.br\/cenex\/sistema-siex\/","title":{"rendered":"Sistema SIEX"},"content":{"rendered":"\n<p>O Sistema de Informa\u00e7\u00e3o da Extens\u00e3o (SIEX \/UFMG) foi criado, \u00e9 gerido e atualizado pela Pr\u00f3-Reitoria de Extens\u00e3o. <a href=\"https:\/\/www.ufmg.br\/proex\/siexufmg\/\"><strong>Clique aqui<\/strong><\/a>&nbsp;para acessar as orienta\u00e7\u00f5es da Proex sobre o preenchimento de todas as abas e campos do sistema SIEX.<\/p>\n\n\n\n<p>Permiss\u00e3o para a equipe editar os registros de Extens\u00e3o<strong>&nbsp;\u2013&nbsp;<\/strong><a href=\"https:\/\/www.medicina.ufmg.br\/cenex\/permissao-para-a-equipe-editar-os-registros-de-extensao\/\"><strong>Clique aqui<\/strong><\/a><\/p>\n\n\n\n<p>Contato para &nbsp;d\u00favidas e envio de&nbsp;<em>Print<\/em>&nbsp;em casos de erros e falhas no sistema:&nbsp;<a href=\"mailto:siex@proex.ufmg.br\"><strong>siex@proex.ufmg.br<\/strong><\/a>&nbsp;e&nbsp;(31) 3409-4062.&nbsp;<\/p>\n\n\n\n<p>Confirma\u00e7\u00e3o de participa\u00e7\u00e3o da Equipe pelo Sistema de Informa\u00e7\u00e3o da Extens\u00e3o&nbsp;\u2013 SIEX&nbsp;<a href=\"http:\/\/www.medicina.ufmg.br\/cenex\/wp-content\/uploads\/sites\/52\/2025\/02\/TUTORIAL-CONFIRMAR-PARTICIPACAO-PELO-SISTEMA-SIEX.pdf\"><strong>(Ver tutorial)<\/strong><\/a><\/p>\n","protected":false},"excerpt":{"rendered":"<p>O Sistema de Informa\u00e7\u00e3o da Extens\u00e3o (SIEX \/UFMG) foi criado, \u00e9 gerido e atualizado pela Pr\u00f3-Reitoria de Extens\u00e3o. Clique aqui&nbsp;para acessar as orienta\u00e7\u00f5es da Proex sobre o preenchimento de todas as abas e campos do sistema SIEX. Permiss\u00e3o para a equipe editar os registros de Extens\u00e3o&nbsp;\u2013&nbsp;Clique aqui Contato para &nbsp;d\u00favidas e envio de&nbsp;Print&nbsp;em casos de [&hellip;]<\/p>\n","protected":false},"author":116,"featured_media":0,"parent":0,"menu_order":0,"comment_status":"closed","ping_status":"closed","template":"","meta":{"footnotes":""},"class_list":["post-2097","page","type-page","status-publish","hentry"],"_links":{"self":[{"href":"https:\/\/www.medicina.ufmg.br\/cenex\/wp-json\/wp\/v2\/pages\/2097","targetHints":{"allow":["GET"]}}],"collection":[{"href":"https:\/\/www.medicina.ufmg.br\/cenex\/wp-json\/wp\/v2\/pages"}],"about":[{"href":"https:\/\/www.medicina.ufmg.br\/cenex\/wp-json\/wp\/v2\/types\/page"}],"author":[{"embeddable":true,"href":"https:\/\/www.medicina.ufmg.br\/cenex\/wp-json\/wp\/v2\/users\/116"}],"replies":[{"embeddable":true,"href":"https:\/\/www.medicina.ufmg.br\/cenex\/wp-json\/wp\/v2\/comments?post=2097"}],"version-history":[{"count":9,"href":"https:\/\/www.medicina.ufmg.br\/cenex\/wp-json\/wp\/v2\/pages\/2097\/revisions"}],"predecessor-version":[{"id":2418,"href":"https:\/\/www.medicina.ufmg.br\/cenex\/wp-json\/wp\/v2\/pages\/2097\/revisions\/2418"}],"wp:attachment":[{"href":"https:\/\/www.medicina.ufmg.br\/cenex\/wp-json\/wp\/v2\/media?parent=2097"}],"curies":[{"name":"wp","href":"https:\/\/api.w.org\/{rel}","templated":true}]}}