
{"id":2154,"date":"2025-05-07T15:59:24","date_gmt":"2025-05-07T15:59:24","guid":{"rendered":"https:\/\/www.medicina.ufmg.br\/cenex\/?page_id=2154"},"modified":"2025-05-07T16:00:19","modified_gmt":"2025-05-07T16:00:19","slug":"permissao-para-a-equipe-editar-os-registros-de-extensao","status":"publish","type":"page","link":"https:\/\/www.medicina.ufmg.br\/cenex\/permissao-para-a-equipe-editar-os-registros-de-extensao\/","title":{"rendered":"Permiss\u00e3o para a equipe editar os registros de Extens\u00e3o\u00a0"},"content":{"rendered":"\n<p>H\u00e1 uma funcionalidade do&nbsp;<strong>Sistema de Informa\u00e7\u00e3o da Extens\u00e3o (Siex)&nbsp;<\/strong>que&nbsp;permite ao coordenador da a\u00e7\u00e3o delegar a edi\u00e7\u00e3o de dados para at\u00e9 dois membros da equipe.<\/p>\n\n\n\n<p>O coordenador do registro pode permitir que outros integrantes da Equipe (docentes, discentes, servidores t\u00e9cnico-administrativos) realizem atualiza\u00e7\u00f5es nos registros e submetam \u00e0 auditoria pelo Siex.<\/p>\n\n\n\n<p>Na\u00a0<strong>aba Equipe<\/strong>, em frente a cada nome e dados dos integrantes haver\u00e1 a op\u00e7\u00e3o\u00a0<strong>Permitir Edi\u00e7\u00e3o.\u00a0<\/strong>Basta clicar no<strong>\u00a0\u00edcone +<\/strong>\u00a0que o<strong>\u00a0N\u00c3O\u00a0<\/strong>mudar\u00e1 para<strong>\u00a0SIM\u00a0<\/strong>e aquele integrante estar\u00e1 liberado para editar o registro<strong>.<\/strong><br><\/p>\n\n\n\n<p>Os integrantes que receberem a permiss\u00e3o encontrar\u00e3o os registros no menu \u00e0 esquerda\u00a0do Siex\u00a0<strong>&#8211; Minhas Atividades de Extens\u00e3o\u00a0&#8211;\u00a0Atividades que permitem sua edi\u00e7\u00e3o<\/strong><\/p>\n","protected":false},"excerpt":{"rendered":"<p>H\u00e1 uma funcionalidade do&nbsp;Sistema de Informa\u00e7\u00e3o da Extens\u00e3o (Siex)&nbsp;que&nbsp;permite ao coordenador da a\u00e7\u00e3o delegar a edi\u00e7\u00e3o de dados para at\u00e9 dois membros da equipe. O coordenador do registro pode permitir que outros integrantes da Equipe (docentes, discentes, servidores t\u00e9cnico-administrativos) realizem atualiza\u00e7\u00f5es nos registros e submetam \u00e0 auditoria pelo Siex. Na\u00a0aba Equipe, em frente a cada [&hellip;]<\/p>\n","protected":false},"author":105,"featured_media":0,"parent":0,"menu_order":0,"comment_status":"closed","ping_status":"closed","template":"","meta":{"footnotes":""},"class_list":["post-2154","page","type-page","status-publish","hentry"],"_links":{"self":[{"href":"https:\/\/www.medicina.ufmg.br\/cenex\/wp-json\/wp\/v2\/pages\/2154","targetHints":{"allow":["GET"]}}],"collection":[{"href":"https:\/\/www.medicina.ufmg.br\/cenex\/wp-json\/wp\/v2\/pages"}],"about":[{"href":"https:\/\/www.medicina.ufmg.br\/cenex\/wp-json\/wp\/v2\/types\/page"}],"author":[{"embeddable":true,"href":"https:\/\/www.medicina.ufmg.br\/cenex\/wp-json\/wp\/v2\/users\/105"}],"replies":[{"embeddable":true,"href":"https:\/\/www.medicina.ufmg.br\/cenex\/wp-json\/wp\/v2\/comments?post=2154"}],"version-history":[{"count":2,"href":"https:\/\/www.medicina.ufmg.br\/cenex\/wp-json\/wp\/v2\/pages\/2154\/revisions"}],"predecessor-version":[{"id":2159,"href":"https:\/\/www.medicina.ufmg.br\/cenex\/wp-json\/wp\/v2\/pages\/2154\/revisions\/2159"}],"wp:attachment":[{"href":"https:\/\/www.medicina.ufmg.br\/cenex\/wp-json\/wp\/v2\/media?parent=2154"}],"curies":[{"name":"wp","href":"https:\/\/api.w.org\/{rel}","templated":true}]}}