
{"id":2405,"date":"2025-09-05T13:12:46","date_gmt":"2025-09-05T13:12:46","guid":{"rendered":"https:\/\/www.medicina.ufmg.br\/cenex\/?page_id=2405"},"modified":"2025-09-05T13:12:54","modified_gmt":"2025-09-05T13:12:54","slug":"resolucoes","status":"publish","type":"page","link":"https:\/\/www.medicina.ufmg.br\/cenex\/resolucoes\/","title":{"rendered":"RESOLU\u00c7\u00d5ES"},"content":{"rendered":"\n<p><a href=\"http:\/\/www.medicina.ufmg.br\/cenex\/wp-content\/uploads\/sites\/52\/2025\/09\/Resolucao-03_2024-NORMAS-GERAIS-DA-EXTENSAO.pdf\" data-type=\"link\" data-id=\"http:\/\/www.medicina.ufmg.br\/cenex\/wp-content\/uploads\/sites\/52\/2025\/09\/Resolucao-03_2024-NORMAS-GERAIS-DA-EXTENSAO.pdf\"><strong>RESOLU\u00c7\u00c3O COMPLEMENTAR N\u00ba 03\/2024, DE 4 DE JULHO DE 2024 (NORMAS GERAIS DA EXTENS\u00c3O da UFMG)<\/strong><\/a><\/p>\n\n\n\n<p><strong><a href=\"http:\/\/www.medicina.ufmg.br\/cenex\/wp-content\/uploads\/sites\/52\/2025\/07\/Resolucao-01-2025-Apresentacao-de-propostas-de-atividades-de-extensao.pdf\">RESOLU\u00c7\u00c3O N\u00ba 01\/2025 &#8211; Regulamenta a apresenta\u00e7\u00e3o de propostas de atividades de extens\u00e3o<\/a><\/strong><\/p>\n\n\n\n<p><strong><a href=\"http:\/\/www.medicina.ufmg.br\/cenex\/wp-content\/uploads\/sites\/52\/2025\/07\/Resolucao-03-2025-Colaborador-Voluntario-Externo.pdf\">RESOLU\u00c7\u00c3O N\u00b0 03-2025 COLABORADOR VOLUNT\u00c1RIO EXTERNO<\/a><\/strong><\/p>\n\n\n\n<p><a href=\"http:\/\/www.medicina.ufmg.br\/cenex\/wp-content\/uploads\/sites\/52\/2025\/09\/Resolucao-04_CEPE_2021_Regulamenta-os-Cursos-de-Aperfeicoamento-na-UFMG-1-.pdf\" data-type=\"link\" data-id=\"http:\/\/www.medicina.ufmg.br\/cenex\/wp-content\/uploads\/sites\/52\/2025\/09\/Resolucao-04_CEPE_2021_Regulamenta-os-Cursos-de-Aperfeicoamento-na-UFMG-1-.pdf\"><strong>RESOLU\u00c7\u00c3O N\u00ba 04\/2021- REGULAMENTA OS CURSOS DE APERFEI\u00c7OAMENTO NA UFMG<\/strong><\/a><\/p>\n\n\n\n<p><\/p>\n\n\n\n<p><\/p>\n\n\n\n<p><\/p>\n\n\n\n<p><\/p>\n","protected":false},"excerpt":{"rendered":"<p>RESOLU\u00c7\u00c3O COMPLEMENTAR N\u00ba 03\/2024, DE 4 DE JULHO DE 2024 (NORMAS GERAIS DA EXTENS\u00c3O da UFMG) RESOLU\u00c7\u00c3O N\u00ba 01\/2025 &#8211; Regulamenta a apresenta\u00e7\u00e3o de propostas de atividades de extens\u00e3o RESOLU\u00c7\u00c3O N\u00b0 03-2025 COLABORADOR VOLUNT\u00c1RIO EXTERNO RESOLU\u00c7\u00c3O N\u00ba 04\/2021- REGULAMENTA OS CURSOS DE APERFEI\u00c7OAMENTO NA UFMG<\/p>\n","protected":false},"author":105,"featured_media":0,"parent":0,"menu_order":0,"comment_status":"closed","ping_status":"closed","template":"","meta":{"footnotes":""},"class_list":["post-2405","page","type-page","status-publish","hentry"],"_links":{"self":[{"href":"https:\/\/www.medicina.ufmg.br\/cenex\/wp-json\/wp\/v2\/pages\/2405","targetHints":{"allow":["GET"]}}],"collection":[{"href":"https:\/\/www.medicina.ufmg.br\/cenex\/wp-json\/wp\/v2\/pages"}],"about":[{"href":"https:\/\/www.medicina.ufmg.br\/cenex\/wp-json\/wp\/v2\/types\/page"}],"author":[{"embeddable":true,"href":"https:\/\/www.medicina.ufmg.br\/cenex\/wp-json\/wp\/v2\/users\/105"}],"replies":[{"embeddable":true,"href":"https:\/\/www.medicina.ufmg.br\/cenex\/wp-json\/wp\/v2\/comments?post=2405"}],"version-history":[{"count":2,"href":"https:\/\/www.medicina.ufmg.br\/cenex\/wp-json\/wp\/v2\/pages\/2405\/revisions"}],"predecessor-version":[{"id":2409,"href":"https:\/\/www.medicina.ufmg.br\/cenex\/wp-json\/wp\/v2\/pages\/2405\/revisions\/2409"}],"wp:attachment":[{"href":"https:\/\/www.medicina.ufmg.br\/cenex\/wp-json\/wp\/v2\/media?parent=2405"}],"curies":[{"name":"wp","href":"https:\/\/api.w.org\/{rel}","templated":true}]}}