
{"id":2410,"date":"2025-09-05T13:15:11","date_gmt":"2025-09-05T13:15:11","guid":{"rendered":"https:\/\/www.medicina.ufmg.br\/cenex\/?page_id=2410"},"modified":"2025-09-29T18:25:51","modified_gmt":"2025-09-29T18:25:51","slug":"procedimentos","status":"publish","type":"page","link":"https:\/\/www.medicina.ufmg.br\/cenex\/procedimentos\/","title":{"rendered":"PROCEDIMENTOS"},"content":{"rendered":"\n<h4 class=\"wp-block-heading\"><strong>*COMO REGISTRAR ATIVIDADES DE EXTENS\u00c3O<\/strong><\/h4>\n\n\n\n<p>Servidores docentes e t\u00e9cnico-administrativos em educa\u00e7\u00e3o em efetivo exerc\u00edcio na UFMG podem propor e registrar atividades de Extens\u00e3o. Programa, Projeto, Presta\u00e7\u00e3o de Servi\u00e7o, Curso e Evento de Extens\u00e3o s\u00e3o registrados no Sistema de Informa\u00e7\u00e3o da Extens\u00e3o \u2013 SIEX. O registro no SIEX deve ser feito pelo proponente coordenador da a\u00e7\u00e3o, acessando o MinhaUFMG.<\/p>\n\n\n\n<p><strong>*COMO SOLICITAR APROVA\u00c7\u00c3O AO CENEX<\/strong><\/p>\n\n\n\n<p>1) O\u00a0primeiro passo no processo de apresenta\u00e7\u00e3o de uma\u00a0<strong>nova proposta<\/strong>\u00a0\u00e9 a inser\u00e7\u00e3o da atividade no<strong>\u00a0Sistema de Informa\u00e7\u00e3o da Extens\u00e3o (SIEX)<\/strong>, acesso pelo MinhaUFMG, pelo pr\u00f3prio coordenador proponente, selecionando a op\u00e7\u00e3o do menu \u00e0 esquerda\u00a0<strong>Inserir Atividade de Extens\u00e3o.\u00a0<\/strong>Todas as abas da proposta devem ser preenchidas, conforme a modalidade da a\u00e7\u00e3o de extens\u00e3o. Lembrando que, de acordo com as diretrizes da extens\u00e3o,\u00a0<strong>todas<\/strong>\u00a0as a\u00e7\u00f5es de extens\u00e3o devem ter discentes na equipe. O status do registro no SIEX deve estar\u00a0<strong>Aguardando aprova\u00e7\u00e3o do Cenex<\/strong>.\u00a0Este registro deve ser\u00a0<strong>salvo em PDF<\/strong>\u00a0e inserido como\u00a0<strong>documento externo<\/strong>\u00a0em processo no\u00a0<strong>Sistema SEI.\u00a0<\/strong>Para a\u00a0<strong>renova\u00e7\u00e3o do prazo de vig\u00eancia (05 anos<\/strong><strong>)<\/strong>\u00a0do registro de uma a\u00e7\u00e3o que j\u00e1 possui n\u00famero de Siex, n\u00e3o precisa inserir novamente a a\u00e7\u00e3o, basta salvar o registro que j\u00e1 existe em PDF (no status atual em que se encontra) e anexar como\u00a0<strong>documento externo<\/strong>\u00a0no processo via\u00a0<strong>Sistema SEI,\u00a0<\/strong>juntamente com os demais documentos listados no Art. 2\u00ba da Resolu\u00e7\u00e3o 01\/2025;<\/p>\n\n\n\n<p>2) O&nbsp;<strong>tempo m\u00ednimo&nbsp;<\/strong>entre o in\u00edcio do registro e a aprova\u00e7\u00e3o final da proposta ser\u00e1 em torno de&nbsp;<strong>60 dias<\/strong>, levando em considera\u00e7\u00e3o a obrigatoriedade de confirma\u00e7\u00e3o de todos os integrantes da Equipe pelo SIEX, a inser\u00e7\u00e3o e assinatura de todos os documentos via <strong>Sistema SEI<\/strong>, o tempo de an\u00e1lise de m\u00e9rito e adequa\u00e7\u00e3o \u00e0s diretrizes feita por um parecerista do Colegiado do Cenex, a resolu\u00e7\u00e3o de poss\u00edveis dilig\u00eancias e a aprova\u00e7\u00e3o final pelo Colegiado do Cenex;<\/p>\n\n\n\n<p>3) A Resolu\u00e7\u00e3o Complementar n\u00ba 05\/2020, de 22 de outubro de 2020 do CEPE instituiu os Centros de Extens\u00e3o (CENEX) como <strong>\u00d3rg\u00e3os Colegiados<\/strong>. A an\u00e1lise de estrutura e m\u00e9rito das propostas e das diretrizes de Extens\u00e3o \u00e9 realizada por meio de Parecer elaborado por um membro do Colegiado do Cenex. Este Parecer \u00e9 baseado na <strong>Matriz de Refer\u00eancia para An\u00e1lise de M\u00e9rito pelo Colegiado Cenex<\/strong>, elaborado pela Pr\u00f3-Reitoria de Extens\u00e3o em 2025 e padronizado para a toda a UFMG;<\/p>\n\n\n\n<p>4) A<strong> documenta\u00e7\u00e3o<\/strong>&nbsp;para solicitar a <strong>primeira aprova\u00e7\u00e3o e as renova\u00e7\u00f5es ap\u00f3s 05 (cinco) anos<\/strong> das atividades de extens\u00e3o dever\u00e1 ser inserida por meio de&nbsp;<strong>processo no Sistema SEI-UFMG<\/strong>. O&nbsp;<strong>endere\u00e7o do Cenex Medicina<\/strong>&nbsp;no&nbsp;<strong>Sistema SEI&nbsp;<\/strong>para envio do processo contendo toda a documenta\u00e7\u00e3o listada no Art. 2\u00ba da Resolu\u00e7\u00e3o 01\/2025 \u00e9<strong>&nbsp;MEDICINA &#8211; CENTRO DE EXTENS\u00c3O (MEDICINA-CNX);&nbsp;<\/strong><\/p>\n\n\n\n<p>5) O proponente dever\u00e1 iniciar um processo no&nbsp;<strong>Sistema SEI&nbsp;<\/strong>de acordo com a modalidade da a\u00e7\u00e3o proposta. Os modelos dos documentos obrigat\u00f3rios est\u00e3o dispon\u00edveis no&nbsp;<strong>SEI&nbsp;<\/strong>para edi\u00e7\u00e3o e assinatura. Seguem os links de acesso \u00e0s<strong>&nbsp;Bases de Conhecimento<\/strong>&nbsp;com o&nbsp;<strong>passo e passo, fluxograma e documenta\u00e7\u00e3o necess\u00e1ria<\/strong>&nbsp;para cada modalidade:<\/p>\n\n\n\n<p><a href=\"https:\/\/sei.ufmg.br\/index.php\/2019\/08\/28\/base-de-conhecimento\/?id_procedimento=100000775&amp;id_base=1399\" data-type=\"link\" data-id=\"https:\/\/sei.ufmg.br\/index.php\/2019\/08\/28\/base-de-conhecimento\/?id_procedimento=100000775&amp;id_base=1399\">PROPOSI\u00c7\u00c3O DE PROJETO DE EXTENS\u00c3O<\/a><\/p>\n\n\n\n<p><a href=\"https:\/\/sei.ufmg.br\/index.php\/2019\/08\/28\/base-de-conhecimento\/?id_procedimento=100000772&amp;id_base=1402\" data-type=\"link\" data-id=\"https:\/\/sei.ufmg.br\/index.php\/2019\/08\/28\/base-de-conhecimento\/?id_procedimento=100000772&amp;id_base=1402\">PROPOSI\u00c7\u00c3O DE PROGRAMA DE EXTENS\u00c3O<\/a><\/p>\n\n\n\n<p><a href=\"https:\/\/sei.ufmg.br\/index.php\/2019\/08\/28\/base-de-conhecimento\/?id_procedimento=100000774&amp;id_base=1404\" data-type=\"link\" data-id=\"https:\/\/sei.ufmg.br\/index.php\/2019\/08\/28\/base-de-conhecimento\/?id_procedimento=100000774&amp;id_base=1404\">PROPOSI\u00c7\u00c3O DE EVENTO DE EXTENS\u00c3O<\/a><\/p>\n\n\n\n<p><a href=\"https:\/\/sei.ufmg.br\/index.php\/2019\/08\/28\/base-de-conhecimento\/?id_procedimento=100000773&amp;id_base=1405\" data-type=\"link\" data-id=\"https:\/\/sei.ufmg.br\/index.php\/2019\/08\/28\/base-de-conhecimento\/?id_procedimento=100000773&amp;id_base=1405\">PROPOSI\u00c7\u00c3O DE CURSO DE EXTENS\u00c3O<\/a><\/p>\n\n\n\n<p><a href=\"https:\/\/sei.ufmg.br\/index.php\/2019\/08\/28\/base-de-conhecimento\/?id_procedimento=100000776&amp;id_base=1403\" data-type=\"link\" data-id=\"https:\/\/sei.ufmg.br\/index.php\/2019\/08\/28\/base-de-conhecimento\/?id_procedimento=100000776&amp;id_base=1403\">PROPOSI\u00c7\u00c3O DE PRESTA\u00c7\u00c3O DE SERVI\u00c7O DE EXTENS\u00c3O<\/a><\/p>\n\n\n\n<p>6) As Normas Gerais da Extens\u00e3o publicadas na Resolu\u00e7\u00e3o 03\/2024 do CEPE e o Sistema SIEX <strong>n\u00e3o permitem aprova\u00e7\u00e3o retroativa de uma a\u00e7\u00e3o de Extens\u00e3o<\/strong>, desta forma, todas as datas no Siex (data de In\u00edcio, aba Ofertas, campo Turmas, datas de Integrantes na aba Equipe) devem ser futuras e levar em considera\u00e7\u00e3o o tempo de tramita\u00e7\u00e3o e aprova\u00e7\u00e3o de 60 a 90 dias ap\u00f3s a data em que \u00e9 realizado o registro;<\/p>\n\n\n\n<p>7) O Colegiado do Cenex somente iniciar\u00e1 a avalia\u00e7\u00e3o das propostas ap\u00f3s o recebimento do processo pelo&nbsp;<strong>sistema SEI&nbsp;<\/strong>contendo a&nbsp;<strong>documenta\u00e7\u00e3o completa&nbsp;<\/strong>e com todas as<strong>&nbsp;assinaturas exigidas<\/strong>&nbsp;nos documentos. Caber\u00e1 ao proponente a confer\u00eancia antes do envio do processo para&nbsp;<strong>MEDICINA &#8211; CENTRO DE EXTENS\u00c3O (MEDICINA-CNX);<\/strong><\/p>\n\n\n\n<p>8) \u00c9 de<strong>&nbsp;<\/strong>responsabilidade do coordenador proponente acompanhar o status do registro no&nbsp;<strong>Sistema SIEX&nbsp;<\/strong>e as dilig\u00eancias recebidas por e-mail e inseridas no&nbsp;processo do <strong>Sistema SEI<\/strong>. Ap\u00f3s a resolu\u00e7\u00e3o de dilig\u00eancias pelo proponente, a submiss\u00e3o do registro novamente \u00e0 aprova\u00e7\u00e3o pelo Siex, se for o caso e o envio de toda documenta\u00e7\u00e3o por processo no <strong>Sistema SEI,<\/strong> o Cenex aprovar\u00e1 a a\u00e7\u00e3o de Extens\u00e3o e um n\u00famero de <strong>registro do SIEX <\/strong>ser\u00e1 gerado;<\/p>\n\n\n\n<p>09)<strong> <\/strong>Registros com status <strong>Preenchimento Incompleto<\/strong> e <strong>Aguardando Confirma\u00e7\u00e3o <\/strong>n\u00e3o iniciam o fluxo de aprova\u00e7\u00e3o pelo Cenex, sendo necess\u00e1rio que o proponente clique em <strong>Submeter \u00e0 aprova\u00e7\u00e3o<\/strong> no registro pelo Siex (casos de <strong>Preenchimento Incompleto<\/strong>) ou solicite aos integrantes que confirmem sua participa\u00e7\u00e3o na equipe (casos de <strong>Aguardando Confirma\u00e7\u00e3o). <\/strong>Somente ap\u00f3s a confirma\u00e7\u00e3o por parte de cada pessoa inclu\u00edda na aba <strong>Equipe <\/strong>do registro pelo Siex, a a\u00e7\u00e3o \u00e9 liberada pelo sistema para a tela de aprova\u00e7\u00e3o do Cenex. O status do registro no SIEX deve estar&nbsp;<strong>Aguardando aprova\u00e7\u00e3o do Cenex<\/strong>;<\/p>\n\n\n\n<p>10) Desde&nbsp;<strong>14 de maio de 2025,<\/strong>&nbsp;em atendimento \u00e0 Resolu\u00e7\u00e3o n\u00ba 01\/2025 da C\u00e2mara de Extens\u00e3o do CEPE, \u00e9&nbsp;<strong>obrigat\u00f3ria<\/strong> a tramita\u00e7\u00e3o de novas propostas e de renova\u00e7\u00e3o das atividades de Extens\u00e3o, ap\u00f3s a vig\u00eancia de 05 (cinco) anos, por processo p\u00fablico via&nbsp;<strong>SEI &#8211; Sistema Eletr\u00f4nico de Informa\u00e7\u00f5es.<\/strong><\/p>\n\n\n\n<p><strong>*COMO CONSULTAR ATIVIDADES DE EXTENS\u00c3O<\/strong><\/p>\n\n\n\n<p>Para consultar as atividades de extens\u00e3o ofertadas &nbsp;pelos coordenadores da Faculdade de Medicina, acesse o <strong>Sistema de Informa\u00e7\u00e3o da Extens\u00e3o (SIEX)<\/strong>&nbsp;e siga os seguintes passos:<\/p>\n\n\n\n<ol class=\"wp-block-list\">\n<li>\u00c0 esquerda da tela do SIEX, selecionar o item \u201cPesquisar Atividades de Extens\u00e3o\u201d;<\/li>\n\n\n\n<li>No item \u201cTipo\u201d, selecionar o tipo de a\u00e7\u00e3o que se pretende pesquisar: projeto, programa, curso, evento ou presta\u00e7\u00e3o de servi\u00e7o;<\/li>\n\n\n\n<li>Clique em \u201cPesquisa avan\u00e7ada\u201d para expandir os itens da pesquisa;<\/li>\n\n\n\n<li>No item Unidade, selecione \u201cFaculdade de Medicina\u201d;<\/li>\n\n\n\n<li>Para pesquisar a\u00e7\u00f5es de extens\u00e3o por Departamento, selecionar o Departamento em que se pretende fazer a pesquisa;<\/li>\n\n\n\n<li>Clique em \u201cPesquisar\u201d;<\/li>\n\n\n\n<li>Selecione o registro de interesse e localize, na aba \u201cEquipe\u201d do mesmo, os contatos do coordenador e dos membros da equipe para verificar a possibilidade de realizar aquela atividade de Extens\u00e3o;<\/li>\n\n\n\n<li>Verifique se a atividade est\u00e1 ativa pelo status da mesma:&nbsp;\u201cAtividade em desenvolvimento\u201d ou&nbsp;\u201cAtividade conclu\u00edda\u201d.<\/li>\n<\/ol>\n","protected":false},"excerpt":{"rendered":"<p>*COMO REGISTRAR ATIVIDADES DE EXTENS\u00c3O Servidores docentes e t\u00e9cnico-administrativos em educa\u00e7\u00e3o em efetivo exerc\u00edcio na UFMG podem propor e registrar atividades de Extens\u00e3o. Programa, Projeto, Presta\u00e7\u00e3o de Servi\u00e7o, Curso e Evento de Extens\u00e3o s\u00e3o registrados no Sistema de Informa\u00e7\u00e3o da Extens\u00e3o \u2013 SIEX. O registro no SIEX deve ser feito pelo proponente coordenador da a\u00e7\u00e3o, [&hellip;]<\/p>\n","protected":false},"author":105,"featured_media":0,"parent":0,"menu_order":0,"comment_status":"closed","ping_status":"closed","template":"","meta":{"footnotes":""},"class_list":["post-2410","page","type-page","status-publish","hentry"],"_links":{"self":[{"href":"https:\/\/www.medicina.ufmg.br\/cenex\/wp-json\/wp\/v2\/pages\/2410","targetHints":{"allow":["GET"]}}],"collection":[{"href":"https:\/\/www.medicina.ufmg.br\/cenex\/wp-json\/wp\/v2\/pages"}],"about":[{"href":"https:\/\/www.medicina.ufmg.br\/cenex\/wp-json\/wp\/v2\/types\/page"}],"author":[{"embeddable":true,"href":"https:\/\/www.medicina.ufmg.br\/cenex\/wp-json\/wp\/v2\/users\/105"}],"replies":[{"embeddable":true,"href":"https:\/\/www.medicina.ufmg.br\/cenex\/wp-json\/wp\/v2\/comments?post=2410"}],"version-history":[{"count":5,"href":"https:\/\/www.medicina.ufmg.br\/cenex\/wp-json\/wp\/v2\/pages\/2410\/revisions"}],"predecessor-version":[{"id":2517,"href":"https:\/\/www.medicina.ufmg.br\/cenex\/wp-json\/wp\/v2\/pages\/2410\/revisions\/2517"}],"wp:attachment":[{"href":"https:\/\/www.medicina.ufmg.br\/cenex\/wp-json\/wp\/v2\/media?parent=2410"}],"curies":[{"name":"wp","href":"https:\/\/api.w.org\/{rel}","templated":true}]}}