
{"id":2419,"date":"2025-09-05T13:42:28","date_gmt":"2025-09-05T13:42:28","guid":{"rendered":"https:\/\/www.medicina.ufmg.br\/cenex\/?page_id=2419"},"modified":"2025-09-05T13:42:29","modified_gmt":"2025-09-05T13:42:29","slug":"sistema-de-fomento-da-extensao","status":"publish","type":"page","link":"https:\/\/www.medicina.ufmg.br\/cenex\/sistema-de-fomento-da-extensao\/","title":{"rendered":"SISTEMA DE FOMENTO DA EXTENS\u00c3O"},"content":{"rendered":"\n<p>Submeta sua proposta a editais de fomento da Proex; indique e substitua bolsistas; acesse declara\u00e7\u00f5es de discentes bolsistas em atividades de extens\u00e3o emitidas pela Proex<br><a href=\"https:\/\/aplicativos.ufmg.br\/proex\/fomento\/\"><strong>https:\/\/aplicativos.ufmg.br\/proex\/fomento\/ <\/strong><\/a><\/p>\n","protected":false},"excerpt":{"rendered":"<p>Submeta sua proposta a editais de fomento da Proex; indique e substitua bolsistas; acesse declara\u00e7\u00f5es de discentes bolsistas em atividades de extens\u00e3o emitidas pela Proexhttps:\/\/aplicativos.ufmg.br\/proex\/fomento\/<\/p>\n","protected":false},"author":105,"featured_media":0,"parent":0,"menu_order":0,"comment_status":"closed","ping_status":"closed","template":"","meta":{"footnotes":""},"class_list":["post-2419","page","type-page","status-publish","hentry"],"_links":{"self":[{"href":"https:\/\/www.medicina.ufmg.br\/cenex\/wp-json\/wp\/v2\/pages\/2419","targetHints":{"allow":["GET"]}}],"collection":[{"href":"https:\/\/www.medicina.ufmg.br\/cenex\/wp-json\/wp\/v2\/pages"}],"about":[{"href":"https:\/\/www.medicina.ufmg.br\/cenex\/wp-json\/wp\/v2\/types\/page"}],"author":[{"embeddable":true,"href":"https:\/\/www.medicina.ufmg.br\/cenex\/wp-json\/wp\/v2\/users\/105"}],"replies":[{"embeddable":true,"href":"https:\/\/www.medicina.ufmg.br\/cenex\/wp-json\/wp\/v2\/comments?post=2419"}],"version-history":[{"count":1,"href":"https:\/\/www.medicina.ufmg.br\/cenex\/wp-json\/wp\/v2\/pages\/2419\/revisions"}],"predecessor-version":[{"id":2420,"href":"https:\/\/www.medicina.ufmg.br\/cenex\/wp-json\/wp\/v2\/pages\/2419\/revisions\/2420"}],"wp:attachment":[{"href":"https:\/\/www.medicina.ufmg.br\/cenex\/wp-json\/wp\/v2\/media?parent=2419"}],"curies":[{"name":"wp","href":"https:\/\/api.w.org\/{rel}","templated":true}]}}