
{"id":2421,"date":"2025-09-05T13:43:35","date_gmt":"2025-09-05T13:43:35","guid":{"rendered":"https:\/\/www.medicina.ufmg.br\/cenex\/?page_id=2421"},"modified":"2025-09-05T13:43:35","modified_gmt":"2025-09-05T13:43:35","slug":"sistema-semana-do-conhecimento","status":"publish","type":"page","link":"https:\/\/www.medicina.ufmg.br\/cenex\/sistema-semana-do-conhecimento\/","title":{"rendered":"SISTEMA SEMANA DO CONHECIMENTO"},"content":{"rendered":"\n<p>Realize inscri\u00e7\u00e3o de trabalhos para o Encontro de Extens\u00e3o da Semana do Conhecimento; aprove trabalhos do Encontro de Extens\u00e3o; retire os certificados relacionados.<\/p>\n\n\n\n<p><a href=\"https:\/\/www.ufmg.br\/semanadoconhecimento\"><strong>https:\/\/www.ufmg.br\/semanadoconhecimento<\/strong><\/a><\/p>\n","protected":false},"excerpt":{"rendered":"<p>Realize inscri\u00e7\u00e3o de trabalhos para o Encontro de Extens\u00e3o da Semana do Conhecimento; aprove trabalhos do Encontro de Extens\u00e3o; retire os certificados relacionados. https:\/\/www.ufmg.br\/semanadoconhecimento<\/p>\n","protected":false},"author":105,"featured_media":0,"parent":0,"menu_order":0,"comment_status":"closed","ping_status":"closed","template":"","meta":{"footnotes":""},"class_list":["post-2421","page","type-page","status-publish","hentry"],"_links":{"self":[{"href":"https:\/\/www.medicina.ufmg.br\/cenex\/wp-json\/wp\/v2\/pages\/2421","targetHints":{"allow":["GET"]}}],"collection":[{"href":"https:\/\/www.medicina.ufmg.br\/cenex\/wp-json\/wp\/v2\/pages"}],"about":[{"href":"https:\/\/www.medicina.ufmg.br\/cenex\/wp-json\/wp\/v2\/types\/page"}],"author":[{"embeddable":true,"href":"https:\/\/www.medicina.ufmg.br\/cenex\/wp-json\/wp\/v2\/users\/105"}],"replies":[{"embeddable":true,"href":"https:\/\/www.medicina.ufmg.br\/cenex\/wp-json\/wp\/v2\/comments?post=2421"}],"version-history":[{"count":1,"href":"https:\/\/www.medicina.ufmg.br\/cenex\/wp-json\/wp\/v2\/pages\/2421\/revisions"}],"predecessor-version":[{"id":2422,"href":"https:\/\/www.medicina.ufmg.br\/cenex\/wp-json\/wp\/v2\/pages\/2421\/revisions\/2422"}],"wp:attachment":[{"href":"https:\/\/www.medicina.ufmg.br\/cenex\/wp-json\/wp\/v2\/media?parent=2421"}],"curies":[{"name":"wp","href":"https:\/\/api.w.org\/{rel}","templated":true}]}}