
{"id":2442,"date":"2025-09-05T15:14:52","date_gmt":"2025-09-05T15:14:52","guid":{"rendered":"https:\/\/www.medicina.ufmg.br\/cenex\/?page_id=2442"},"modified":"2025-09-05T15:14:52","modified_gmt":"2025-09-05T15:14:52","slug":"quem-somos","status":"publish","type":"page","link":"https:\/\/www.medicina.ufmg.br\/cenex\/quem-somos\/","title":{"rendered":"QUEM SOMOS"},"content":{"rendered":"\n<p>O Centro de Extens\u00e3o foi criado em 1976 na Faculdade de Medicina. Em 22 de outubro de 2020, o Conselho Universit\u00e1rio da UFMG cria os Centros de Extens\u00e3o como \u00f3rg\u00e3os colegiados de gest\u00e3o acad\u00eamica e administrativa das atividades de Extens\u00e3o no \u00e2mbito das Unidades.<\/p>\n\n\n\n<p>&nbsp;O CENEX\/MED realiza a gest\u00e3o de aproximadamente 500 atividades de Extens\u00e3o anualmente no \u00e2mbito da Faculdade de Medicina.<\/p>\n\n\n\n<p>A Extens\u00e3o tem como finalidade consolidar o princ\u00edpio institucional da intera\u00e7\u00e3o e do di\u00e1logo permanente da UFMG com a sociedade por meio de uma atua\u00e7\u00e3o academicamente inovadora e comprometida com a democratiza\u00e7\u00e3o dos saberes cient\u00edfico, art\u00edstico e tecnol\u00f3gico, com os direitos humanos e com a promo\u00e7\u00e3o social e ambiental, assim como colaborar para a qualifica\u00e7\u00e3o do corpo discente.<\/p>\n","protected":false},"excerpt":{"rendered":"<p>O Centro de Extens\u00e3o foi criado em 1976 na Faculdade de Medicina. Em 22 de outubro de 2020, o Conselho Universit\u00e1rio da UFMG cria os Centros de Extens\u00e3o como \u00f3rg\u00e3os colegiados de gest\u00e3o acad\u00eamica e administrativa das atividades de Extens\u00e3o no \u00e2mbito das Unidades. &nbsp;O CENEX\/MED realiza a gest\u00e3o de aproximadamente 500 atividades de Extens\u00e3o [&hellip;]<\/p>\n","protected":false},"author":105,"featured_media":0,"parent":0,"menu_order":0,"comment_status":"closed","ping_status":"closed","template":"","meta":{"footnotes":""},"class_list":["post-2442","page","type-page","status-publish","hentry"],"_links":{"self":[{"href":"https:\/\/www.medicina.ufmg.br\/cenex\/wp-json\/wp\/v2\/pages\/2442","targetHints":{"allow":["GET"]}}],"collection":[{"href":"https:\/\/www.medicina.ufmg.br\/cenex\/wp-json\/wp\/v2\/pages"}],"about":[{"href":"https:\/\/www.medicina.ufmg.br\/cenex\/wp-json\/wp\/v2\/types\/page"}],"author":[{"embeddable":true,"href":"https:\/\/www.medicina.ufmg.br\/cenex\/wp-json\/wp\/v2\/users\/105"}],"replies":[{"embeddable":true,"href":"https:\/\/www.medicina.ufmg.br\/cenex\/wp-json\/wp\/v2\/comments?post=2442"}],"version-history":[{"count":1,"href":"https:\/\/www.medicina.ufmg.br\/cenex\/wp-json\/wp\/v2\/pages\/2442\/revisions"}],"predecessor-version":[{"id":2444,"href":"https:\/\/www.medicina.ufmg.br\/cenex\/wp-json\/wp\/v2\/pages\/2442\/revisions\/2444"}],"wp:attachment":[{"href":"https:\/\/www.medicina.ufmg.br\/cenex\/wp-json\/wp\/v2\/media?parent=2442"}],"curies":[{"name":"wp","href":"https:\/\/api.w.org\/{rel}","templated":true}]}}