
{"id":2446,"date":"2025-09-05T15:17:47","date_gmt":"2025-09-05T15:17:47","guid":{"rendered":"https:\/\/www.medicina.ufmg.br\/cenex\/?page_id=2446"},"modified":"2025-09-05T15:17:47","modified_gmt":"2025-09-05T15:17:47","slug":"membros-do-colegiado","status":"publish","type":"page","link":"https:\/\/www.medicina.ufmg.br\/cenex\/membros-do-colegiado\/","title":{"rendered":"MEMBROS DO COLEGIADO"},"content":{"rendered":"\n<p><strong>Prof\u00aa. Patr\u00edcia Gon\u00e7alves Teixeira<\/strong><br>Coordenadora do Colegiado do Centro de Extens\u00e3o&nbsp;<\/p>\n\n\n\n<p><strong>Prof\u00aa&nbsp;Luciana Diniz Silva<\/strong><br>Subcoordenadora&nbsp;do Colegiado do Centro de Extens\u00e3o<br><br><strong>Prof. Renato Santos Laboissi\u00e8re (APM)<\/strong><br>Profa.&nbsp; Camila Fran\u00e7a Campos<br><br><strong>Prof\u00aa Priscila do Carmo Santana (IMA)<\/strong><br>Prof. Lucas Paix\u00e3o Reis<br><br><strong>Prof\u00aa Fabiana de Miranda Moura (ALO)<\/strong><br>Prof\u00aa D\u00e9bora Cerqueira Calderaro<br><br><strong>Prof\u00aa &nbsp;Elisa de Paula Fran\u00e7a Resende (CLM)&nbsp; &nbsp;&nbsp;<\/strong>&nbsp; &nbsp; &nbsp;<br>Prof. Christiano Gon\u00e7alves de Ara\u00fajo<br><br><strong>Prof\u00aa Michelle dos Santos Severino (CIR)<\/strong><br>Prof. Tuian Santiago Cerqueira<br><br><strong>Prof\u00aa Izabel Cristina Campolina Miranda (FON)<\/strong><br>Prof Renata Jardim<br><br><strong>Prof\u00aa&nbsp; Eura Martins Lage (GOB)<\/strong><br><strong><br><\/strong><strong>Prof\u00aa&nbsp; Carolina Gomes Coelho (MPS)<\/strong><br>Prof\u00aa Graziella Lage Oliveira<br><strong><br><\/strong><strong>Prof. Fl\u00e1vio Barbosa Nunes (OFT)<\/strong><br>Prof. Giancarlo Bonotto Cherobin<br><br><strong>Prof\u00aa Elaine &nbsp;Alvarenga de Almeida Carvalho (PED<\/strong>)<br><br><strong>Prof\u00aa Taciana de Figueiredo Soares (PRO)<\/strong><br><strong><br><\/strong><strong>Prof. Frederico Duarte Garcia (PSIQ)<\/strong><br>Pro\u00aa&nbsp; Izabela Guimar\u00e3es Barbosa&nbsp;<br><br><strong>Representante dos servidores t\u00e9cnico-administrativos da Faculdade Medicina<\/strong><strong><br><\/strong><strong>Maria C\u00e9lia Graveli Neves<\/strong>&nbsp;<br>Viviane Cristina &nbsp;Gl\u00f3ria&nbsp;<br><br><strong>Representante discente do curso de Medicina&nbsp;<\/strong><br><strong>Bernardo Augusto Torres Rezende<\/strong><br>Ana L\u00edvia de Oliveira Andrade<\/p>\n\n\n\n<p>Representante discente do curso de Fonoaudiologia<\/p>\n\n\n\n<p><strong>Aguardando indica\u00e7\u00e3o<\/strong><\/p>\n\n\n\n<p>Representante discente do curso de Radiologia<\/p>\n\n\n\n<p><strong>Aguardando indica\u00e7\u00e3o<\/strong><\/p>\n","protected":false},"excerpt":{"rendered":"<p>Prof\u00aa. Patr\u00edcia Gon\u00e7alves TeixeiraCoordenadora do Colegiado do Centro de Extens\u00e3o&nbsp; Prof\u00aa&nbsp;Luciana Diniz SilvaSubcoordenadora&nbsp;do Colegiado do Centro de Extens\u00e3o Prof. Renato Santos Laboissi\u00e8re (APM)Profa.&nbsp; Camila Fran\u00e7a Campos Prof\u00aa Priscila do Carmo Santana (IMA)Prof. Lucas Paix\u00e3o Reis Prof\u00aa Fabiana de Miranda Moura (ALO)Prof\u00aa D\u00e9bora Cerqueira Calderaro Prof\u00aa &nbsp;Elisa de Paula Fran\u00e7a Resende (CLM)&nbsp; &nbsp;&nbsp;&nbsp; &nbsp; &nbsp;Prof. Christiano [&hellip;]<\/p>\n","protected":false},"author":105,"featured_media":0,"parent":0,"menu_order":0,"comment_status":"closed","ping_status":"closed","template":"","meta":{"footnotes":""},"class_list":["post-2446","page","type-page","status-publish","hentry"],"_links":{"self":[{"href":"https:\/\/www.medicina.ufmg.br\/cenex\/wp-json\/wp\/v2\/pages\/2446","targetHints":{"allow":["GET"]}}],"collection":[{"href":"https:\/\/www.medicina.ufmg.br\/cenex\/wp-json\/wp\/v2\/pages"}],"about":[{"href":"https:\/\/www.medicina.ufmg.br\/cenex\/wp-json\/wp\/v2\/types\/page"}],"author":[{"embeddable":true,"href":"https:\/\/www.medicina.ufmg.br\/cenex\/wp-json\/wp\/v2\/users\/105"}],"replies":[{"embeddable":true,"href":"https:\/\/www.medicina.ufmg.br\/cenex\/wp-json\/wp\/v2\/comments?post=2446"}],"version-history":[{"count":1,"href":"https:\/\/www.medicina.ufmg.br\/cenex\/wp-json\/wp\/v2\/pages\/2446\/revisions"}],"predecessor-version":[{"id":2447,"href":"https:\/\/www.medicina.ufmg.br\/cenex\/wp-json\/wp\/v2\/pages\/2446\/revisions\/2447"}],"wp:attachment":[{"href":"https:\/\/www.medicina.ufmg.br\/cenex\/wp-json\/wp\/v2\/media?parent=2446"}],"curies":[{"name":"wp","href":"https:\/\/api.w.org\/{rel}","templated":true}]}}