
{"id":2465,"date":"2025-09-05T15:47:57","date_gmt":"2025-09-05T15:47:57","guid":{"rendered":"https:\/\/www.medicina.ufmg.br\/cenex\/?page_id=2465"},"modified":"2025-09-05T16:02:30","modified_gmt":"2025-09-05T16:02:30","slug":"menu","status":"publish","type":"page","link":"https:\/\/www.medicina.ufmg.br\/cenex\/menu\/","title":{"rendered":"Menu Completo"},"content":{"rendered":"\n<p><strong>Selecione a p\u00e1gina de interesse para acessar informa\u00e7\u00f5es adicionais.<\/strong><\/p>\n\n\n<div class=\"menu-menu1-container\"><ul id=\"short_menu_69e2fac56b6a7\" class=\"shortcode_menu   \"><li id=\"menu-item-2216\" class=\"menu-item menu-item-type-custom menu-item-object-custom menu-item-home menu-item-2216\"><a href=\"https:\/\/www.medicina.ufmg.br\/cenex\">IN\u00cdCIO<\/a><\/li>\n<li id=\"menu-item-2217\" class=\"menu-item menu-item-type-custom menu-item-object-custom menu-item-has-children menu-item-2217\"><a href=\"#\">NORMAS<\/a>\n<ul class=\"sub-menu\">\n\t<li id=\"menu-item-2380\" class=\"menu-item menu-item-type-custom menu-item-object-custom menu-item-2380\"><a href=\"https:\/\/www.medicina.ufmg.br\/cenex\/resolucoes\/\">RESOLU\u00c7\u00d5ES<\/a><\/li>\n\t<li id=\"menu-item-2381\" class=\"menu-item menu-item-type-custom menu-item-object-custom menu-item-2381\"><a href=\"https:\/\/www.medicina.ufmg.br\/cenex\/procedimentos\/\">PROCEDIMENTOS<\/a><\/li>\n\t<li id=\"menu-item-2382\" class=\"menu-item menu-item-type-custom menu-item-object-custom menu-item-2382\"><a href=\"https:\/\/www.medicina.ufmg.br\/cenex\/tutoriais\/\">TUTORIAIS<\/a><\/li>\n<\/ul>\n<\/li>\n<li id=\"menu-item-2218\" class=\"menu-item menu-item-type-custom menu-item-object-custom menu-item-2218\"><a href=\"https:\/\/www.medicina.ufmg.br\/cenex\/certificados\/\">CERTIFICADOS<\/a><\/li>\n<li id=\"menu-item-2219\" class=\"menu-item menu-item-type-custom menu-item-object-custom menu-item-has-children menu-item-2219\"><a href=\"#\">GEST\u00c3O DE EXTENS\u00c3O<\/a>\n<ul class=\"sub-menu\">\n\t<li id=\"menu-item-2508\" class=\"menu-item menu-item-type-custom menu-item-object-custom menu-item-2508\"><a href=\"https:\/\/www.medicina.ufmg.br\/cenex\/modalidades-de-extensao\/\">MODALIDADES DE EXTENS\u00c3O<\/a><\/li>\n\t<li id=\"menu-item-2386\" class=\"menu-item menu-item-type-custom menu-item-object-custom menu-item-2386\"><a href=\"https:\/\/www.medicina.ufmg.br\/cenex\/editais\/\">EDITAIS<\/a><\/li>\n\t<li id=\"menu-item-2388\" class=\"menu-item menu-item-type-custom menu-item-object-custom menu-item-2388\"><a href=\"https:\/\/www.medicina.ufmg.br\/cenex\/sistema-siex\/\">SISTEMA DE INFORMA\u00c7\u00c3O DA EXTENS\u00c3O \u2013 SIEX<\/a><\/li>\n\t<li id=\"menu-item-2389\" class=\"menu-item menu-item-type-custom menu-item-object-custom menu-item-2389\"><a href=\"https:\/\/www.medicina.ufmg.br\/cenex\/sistema-de-fomento-da-extensao\/\">SISTEMA DE FOMENTO DA EXTENS\u00c3O<\/a><\/li>\n\t<li id=\"menu-item-2390\" class=\"menu-item menu-item-type-custom menu-item-object-custom menu-item-2390\"><a href=\"https:\/\/www.medicina.ufmg.br\/cenex\/sistema-semana-do-conhecimento\/\">SISTEMA SEMANA DO CONHECIMENTO<\/a><\/li>\n\t<li id=\"menu-item-2391\" class=\"menu-item menu-item-type-custom menu-item-object-custom menu-item-2391\"><a href=\"https:\/\/www.medicina.ufmg.br\/cenex\/fundacoes-de-apoio-a-ufmg\/\">FUNDA\u00c7\u00d5ES DE APOIO<\/a><\/li>\n\t<li id=\"menu-item-2392\" class=\"menu-item menu-item-type-custom menu-item-object-custom menu-item-2392\"><a href=\"https:\/\/www.ufmg.br\/proex\/\">PR\u00d3-REITORIA DE EXTENS\u00c3O (PROEX)<\/a><\/li>\n\t<li id=\"menu-item-2393\" class=\"menu-item menu-item-type-custom menu-item-object-custom menu-item-2393\"><a href=\"https:\/\/www.medicina.ufmg.br\/cenex\/registro-de-participantes\/\">REGISTRO DE PARTICIPANTES<\/a><\/li>\n<\/ul>\n<\/li>\n<li id=\"menu-item-2220\" class=\"menu-item menu-item-type-custom menu-item-object-custom menu-item-2220\"><a href=\"https:\/\/www.medicina.ufmg.br\/cenex\/duvidas-frequentes-2\">D\u00daVIDAS FREQUENTES<\/a><\/li>\n<li id=\"menu-item-2221\" class=\"menu-item menu-item-type-custom menu-item-object-custom menu-item-has-children menu-item-2221\"><a href=\"#\">SOBRE<\/a>\n<ul class=\"sub-menu\">\n\t<li id=\"menu-item-2394\" class=\"menu-item menu-item-type-custom menu-item-object-custom menu-item-2394\"><a href=\"https:\/\/www.medicina.ufmg.br\/cenex\/quem-somos\/\">QUEM SOMOS<\/a><\/li>\n\t<li id=\"menu-item-2395\" class=\"menu-item menu-item-type-custom menu-item-object-custom menu-item-2395\"><a href=\"https:\/\/www.medicina.ufmg.br\/cenex\/wp-content\/uploads\/sites\/52\/2022\/04\/RESOLUCAO-No-2-2021-Novo-Regimento-Interno-CENEX.pdf\">REGIMENTO<\/a><\/li>\n\t<li id=\"menu-item-2396\" class=\"menu-item menu-item-type-custom menu-item-object-custom menu-item-2396\"><a href=\"https:\/\/www.medicina.ufmg.br\/cenex\/equipe\/\">EQUIPE<\/a><\/li>\n\t<li id=\"menu-item-2397\" class=\"menu-item menu-item-type-custom menu-item-object-custom menu-item-2397\"><a href=\"https:\/\/www.medicina.ufmg.br\/cenex\/membros-do-colegiado\/\">MEMBROS DO COLEGIADO<\/a><\/li>\n\t<li id=\"menu-item-2398\" class=\"menu-item menu-item-type-custom menu-item-object-custom menu-item-2398\"><a href=\"https:\/\/www.medicina.ufmg.br\/cenex\/contato\/\">CONTATO<\/a><\/li>\n<\/ul>\n<\/li>\n<\/ul><\/div><div class=\"clear\"><\/div>\n\t\t\t<style>\n\t\t\t\t#short_menu_69e2fac56b6a7 { background:#ffffff;  }\n\t\t\t\t#short_menu_69e2fac56b6a7 ul.wpsm-arrow-enabled:before {  } \n\t\t\t\t#short_menu_69e2fac56b6a7 ul, #short_menu_69e2fac56b6a7 ul ul {  }\n\t\t\t\t#short_menu_69e2fac56b6a7 a { color:#034651;  }\n\t\t\t\t#short_menu_69e2fac56b6a7 a:hover { color:#000000;  }\n\t\t\t\t#short_menu_69e2fac56b6a7 ul a {  }\n\t\t\t\t#short_menu_69e2fac56b6a7 ul a:hover {  }\n\t\t\t\t\n\t\t\t<\/style>\n\t\t\t<script type=\"text\/javascript\">\n\t\t\t\tvar show_arrow = \"true\";<\/script>\n\n\n\n<p><\/p>\n","protected":false},"excerpt":{"rendered":"<p>Selecione a p\u00e1gina de interesse para acessar informa\u00e7\u00f5es adicionais.<\/p>\n","protected":false},"author":105,"featured_media":0,"parent":0,"menu_order":0,"comment_status":"closed","ping_status":"closed","template":"","meta":{"footnotes":""},"class_list":["post-2465","page","type-page","status-publish","hentry"],"_links":{"self":[{"href":"https:\/\/www.medicina.ufmg.br\/cenex\/wp-json\/wp\/v2\/pages\/2465","targetHints":{"allow":["GET"]}}],"collection":[{"href":"https:\/\/www.medicina.ufmg.br\/cenex\/wp-json\/wp\/v2\/pages"}],"about":[{"href":"https:\/\/www.medicina.ufmg.br\/cenex\/wp-json\/wp\/v2\/types\/page"}],"author":[{"embeddable":true,"href":"https:\/\/www.medicina.ufmg.br\/cenex\/wp-json\/wp\/v2\/users\/105"}],"replies":[{"embeddable":true,"href":"https:\/\/www.medicina.ufmg.br\/cenex\/wp-json\/wp\/v2\/comments?post=2465"}],"version-history":[{"count":11,"href":"https:\/\/www.medicina.ufmg.br\/cenex\/wp-json\/wp\/v2\/pages\/2465\/revisions"}],"predecessor-version":[{"id":2480,"href":"https:\/\/www.medicina.ufmg.br\/cenex\/wp-json\/wp\/v2\/pages\/2465\/revisions\/2480"}],"wp:attachment":[{"href":"https:\/\/www.medicina.ufmg.br\/cenex\/wp-json\/wp\/v2\/media?parent=2465"}],"curies":[{"name":"wp","href":"https:\/\/api.w.org\/{rel}","templated":true}]}}