{"id":306,"date":"2019-08-14T17:25:31","date_gmt":"2019-08-14T17:25:31","guid":{"rendered":"https:\/\/www.medicina.ufmg.br\/cins-novo\/?page_id=306"},"modified":"2019-09-04T10:33:20","modified_gmt":"2019-09-04T13:33:20","slug":"historia","status":"publish","type":"page","link":"https:\/\/www.medicina.ufmg.br\/cins\/historia\/","title":{"rendered":"HIST\u00d3RIA"},"content":{"rendered":"\t\t<div data-elementor-type=\"wp-post\" data-elementor-id=\"306\" class=\"elementor elementor-306\">\n\t\t\t\t\t\t<section class=\"elementor-section elementor-top-section elementor-element elementor-element-5e09ddb3 elementor-section-boxed elementor-section-height-default elementor-section-height-default\" data-id=\"5e09ddb3\" data-element_type=\"section\">\n\t\t\t\t\t\t<div class=\"elementor-container elementor-column-gap-default\">\n\t\t\t\t\t<div class=\"elementor-column elementor-col-100 elementor-top-column elementor-element elementor-element-240ca129\" data-id=\"240ca129\" data-element_type=\"column\" id=\"historia\">\n\t\t\t<div class=\"elementor-widget-wrap elementor-element-populated\">\n\t\t\t\t\t\t<div class=\"elementor-element elementor-element-1d1829ad elementor-widget elementor-widget-text-editor\" data-id=\"1d1829ad\" data-element_type=\"widget\" data-widget_type=\"text-editor.default\">\n\t\t\t\t<div class=\"elementor-widget-container\">\n\t\t\t\t\t\t\t\t\t\n<h4 class=\"wp-block-heading\">2013\/2012<\/h4>\n\n\n\n<ul class=\"wp-block-list\"><li>Coordenadora: Profa Zilma Silveira N. Reis<br><\/li><li>Renomeado Centro de Inform\u00e1tica em Sa\u00fade \u2013 CINS<br><\/li><li>Cria\u00e7\u00e3o do n\u00facleo de pesquisas NP-Infosaude<br><\/li><li>Investimenos em infraestrtuura<br><\/li><li>Coopera\u00e7\u00e3o com a Faculdade de Medicina da Universidade do Porto \u2013 UPorto<br><\/li><li>I Semin\u00e1rio Normaliza\u00e7\u00e3o de Registro Cl\u00ednicos \u2013 CINS: Introdu\u00e7\u00e3o ao padr\u00e3o baseado em arqu\u00e9tipos&nbsp;<em>open<\/em>EHR<br><\/li><\/ul>\n\n\n\n<h4 class=\"wp-block-heading\">2010<\/h4>\n\n\n\n<ul class=\"wp-block-list\"><li>Renomeado Centro de Inform\u00e1tica \u2013 CIN para contemplar todos os cursos da Faculdade de Medicina: Medicina, Fonoaudiologia, T\u00e9cnico em Radiologia<br><\/li><\/ul>\n\n\n\n<h4 class=\"wp-block-heading\">2009\/2008<\/h4>\n\n\n\n<ul class=\"wp-block-list\"><li>Intranet integrada ao MinhaUFMG<\/li><li>Instala\u00e7\u00e3o de rede sem fio<\/li><li>Cria\u00e7\u00e3o do dom\u00ednio Faculdade de Medicina<br><\/li><\/ul>\n\n\n\n<h4 class=\"wp-block-heading\">2007<\/h4>\n\n\n\n<ul class=\"wp-block-list\"><li>Coordenador Prof Humberto Jos\u00e9 Alves (CIM vinculado ao CETES)<\/li><li>Cria\u00e7\u00e3o do servi\u00e7o de suporte<\/li><li>Reestrutura\u00e7\u00e3o dos laboratorios de informatica<\/li><li>Desenvolvimento de sistemas<\/li><li>Novos servidores<br><\/li><\/ul>\n\n\n\n<h4 class=\"wp-block-heading\">1996<\/h4>\n\n\n\n<ul class=\"wp-block-list\"><li>Novas instala\u00e7\u00f5es<\/li><li>Servidor de internet pr\u00f3prio em conex\u00e3o com a RNP<\/li><li>Home-page:www.medicina.ufmg.br<\/li><li>Investimentos da Diretoria da Faculdade de Medicina, Prof Edison Jos\u00e9 Correia<br><\/li><\/ul>\n\n\n\n<h4 class=\"wp-block-heading\">1995<\/h4>\n\n\n\n<ul class=\"wp-block-list\"><li>Moderniza\u00e7\u00e3o e investimento PROGRAD<\/li><li>Cria\u00e7\u00e3o de Disciplina de Inform\u00e1tica M\u00e9dica (optatva 9. periodo, Professores Marcos Borato, Roberto Assis e S\u00edlvio Basques).<\/li><li>SISTEM \u00e9 prermiado no Concurso Nacional de Softwares Tecnol\u00f3gico e Educacional do MEC<br><\/li><\/ul>\n\n\n\n<h4 class=\"wp-block-heading\">1994<\/h4>\n\n\n\n<ul class=\"wp-block-list\"><li>Coordenador: Prof. S\u00edlvio de Almeida Basques<br><\/li><\/ul>\n\n\n\n<h4 class=\"wp-block-heading\">1993<\/h4>\n\n\n\n<ul class=\"wp-block-list\"><li>Coordenador: Prof Eug\u00eanio Marcio Andrade Goulart<br><\/li><\/ul>\n\n\n\n<h4 class=\"wp-block-heading\">1992<\/h4>\n\n\n\n<ul class=\"wp-block-list\"><li>Cria\u00e7\u00e3o do Centro de Inform\u00e1tica M\u00e9dica pelo Diretor \u00canio Pletra Pedroso a 22 de novembro<\/li><li>Coordenador: Prof. Joel Alves Lamounier<\/li><\/ul>\n\t\t\t\t\t\t\t\t<\/div>\n\t\t\t\t<\/div>\n\t\t\t\t<div class=\"elementor-element elementor-element-fc2b857 elementor-align-center elementor-widget elementor-widget-button\" data-id=\"fc2b857\" data-element_type=\"widget\" data-widget_type=\"button.default\">\n\t\t\t\t<div class=\"elementor-widget-container\">\n\t\t\t\t\t\t\t\t\t<div class=\"elementor-button-wrapper\">\n\t\t\t\t\t<a class=\"elementor-button elementor-button-link elementor-size-sm\" href=\"https:\/\/www.medicina.ufmg.br\/cins\/galeria-de-fotos\/\">\n\t\t\t\t\t\t<span class=\"elementor-button-content-wrapper\">\n\t\t\t\t\t\t\t\t\t<span class=\"elementor-button-text\">Galeria de fotos<\/span>\n\t\t\t\t\t<\/span>\n\t\t\t\t\t<\/a>\n\t\t\t\t<\/div>\n\t\t\t\t\t\t\t\t<\/div>\n\t\t\t\t<\/div>\n\t\t\t\t\t<\/div>\n\t\t<\/div>\n\t\t\t\t\t<\/div>\n\t\t<\/section>\n\t\t\t\t<\/div>\n\t\t","protected":false},"excerpt":{"rendered":"<p>2013\/2012 Coordenadora: Profa Zilma Silveira N. Reis Renomeado Centro de Inform\u00e1tica em Sa\u00fade \u2013 CINS Cria\u00e7\u00e3o do n\u00facleo de pesquisas NP-Infosaude Investimenos [&hellip;]<\/p>\n","protected":false},"author":101,"featured_media":0,"parent":0,"menu_order":0,"comment_status":"closed","ping_status":"closed","template":"","meta":{"footnotes":""},"class_list":["post-306","page","type-page","status-publish","hentry"],"_links":{"self":[{"href":"https:\/\/www.medicina.ufmg.br\/cins\/wp-json\/wp\/v2\/pages\/306","targetHints":{"allow":["GET"]}}],"collection":[{"href":"https:\/\/www.medicina.ufmg.br\/cins\/wp-json\/wp\/v2\/pages"}],"about":[{"href":"https:\/\/www.medicina.ufmg.br\/cins\/wp-json\/wp\/v2\/types\/page"}],"author":[{"embeddable":true,"href":"https:\/\/www.medicina.ufmg.br\/cins\/wp-json\/wp\/v2\/users\/101"}],"replies":[{"embeddable":true,"href":"https:\/\/www.medicina.ufmg.br\/cins\/wp-json\/wp\/v2\/comments?post=306"}],"version-history":[{"count":5,"href":"https:\/\/www.medicina.ufmg.br\/cins\/wp-json\/wp\/v2\/pages\/306\/revisions"}],"predecessor-version":[{"id":551,"href":"https:\/\/www.medicina.ufmg.br\/cins\/wp-json\/wp\/v2\/pages\/306\/revisions\/551"}],"wp:attachment":[{"href":"https:\/\/www.medicina.ufmg.br\/cins\/wp-json\/wp\/v2\/media?parent=306"}],"curies":[{"name":"wp","href":"https:\/\/api.w.org\/{rel}","templated":true}]}}