{"id":394,"date":"2019-08-20T18:38:46","date_gmt":"2019-08-20T18:38:46","guid":{"rendered":"https:\/\/www.medicina.ufmg.br\/cins-novo\/?page_id=394"},"modified":"2024-09-18T09:08:27","modified_gmt":"2024-09-18T12:08:27","slug":"laboratorios-de-informatica","status":"publish","type":"page","link":"https:\/\/www.medicina.ufmg.br\/cins\/laboratorios-de-informatica\/","title":{"rendered":"Laborat\u00f3rios de Inform\u00e1tica"},"content":{"rendered":"\t\t<div data-elementor-type=\"wp-post\" data-elementor-id=\"394\" class=\"elementor elementor-394\">\n\t\t\t\t\t\t<section class=\"elementor-section elementor-top-section elementor-element elementor-element-d01af57 elementor-section-boxed elementor-section-height-default elementor-section-height-default\" data-id=\"d01af57\" data-element_type=\"section\">\n\t\t\t\t\t\t<div class=\"elementor-container elementor-column-gap-default\">\n\t\t\t\t\t<div class=\"elementor-column elementor-col-50 elementor-top-column elementor-element elementor-element-d889380\" data-id=\"d889380\" data-element_type=\"column\">\n\t\t\t<div class=\"elementor-widget-wrap elementor-element-populated\">\n\t\t\t\t\t\t<div class=\"elementor-element elementor-element-d012f45 elementor-widget elementor-widget-text-editor\" data-id=\"d012f45\" data-element_type=\"widget\" data-widget_type=\"text-editor.default\">\n\t\t\t\t<div class=\"elementor-widget-container\">\n\t\t\t\t\t\t\t\t\t<p style=\"text-align: left;\">O CINS mant\u00e9m 6 laborat\u00f3rios, sendo 5 no pr\u00e9dio da Faculdade de Medicina para realiza\u00e7\u00e3o de aulas que necessitem apoio de Tecnologia da Informa\u00e7\u00e3o; e 1 no t\u00e9rreo da Biblioteca J. Baeta Vianna para uso de alunos da gradua\u00e7\u00e3o ou p\u00f3s-gradua\u00e7\u00e3o na realiza\u00e7\u00e3o de pesquisas, acesso \u00e0 internet e a publica\u00e7\u00f5es espec\u00edficas, uso de sotfware estat\u00edstico e edi\u00e7\u00e3o de documentos.<\/p>\t\t\t\t\t\t\t\t<\/div>\n\t\t\t\t<\/div>\n\t\t\t\t\t<\/div>\n\t\t<\/div>\n\t\t\t\t<div class=\"elementor-column elementor-col-50 elementor-top-column elementor-element elementor-element-b16cbbd\" data-id=\"b16cbbd\" data-element_type=\"column\">\n\t\t\t<div class=\"elementor-widget-wrap elementor-element-populated\">\n\t\t\t\t\t\t<div class=\"elementor-element elementor-element-f7dcd3f elementor-widget elementor-widget-text-editor\" data-id=\"f7dcd3f\" data-element_type=\"widget\" data-widget_type=\"text-editor.default\">\n\t\t\t\t<div class=\"elementor-widget-container\">\n\t\t\t\t\t\t\t\t\t<p style=\"margin-top: 13px; margin-bottom: 13px; padding: 0px; color: #696969; font-family: Tahoma, Arial, Helvetica, sans-serif; font-size: 13px; text-align: left;\"><strong>Configura\u00e7\u00e3o b\u00e1sica dos equipamentos:<\/strong><\/p><ul><li>Windows 10<\/li><li>Word<\/li><li>Excel<\/li><li>Power Point<\/li><li>SPSS<\/li><li>Minitab<\/li><li>R Statistic<\/li><li>R Studio<\/li><li>WHO_AnthroPlus<\/li><li>Mozilla Firefox<\/li><li>Google Chrome<\/li><\/ul><p style=\"text-align: left;\"><span style=\"font-family: Tahoma, Arial, Helvetica, sans-serif; font-size: 13px; color: #424242;\">O acesso ao computador \u00e9 liberado mediante o uso de login e senha do\u00a0<a style=\"margin: 0px; padding: 0px; line-height: 22.75px; color: #9c9c9c;\" href=\"https:\/\/sistemas.ufmg.br\/idp\/login.jsp\" target=\"_blank\" rel=\"noopener\">Portal Minha UFMG<\/a>.<\/span><\/p>\t\t\t\t\t\t\t\t<\/div>\n\t\t\t\t<\/div>\n\t\t\t\t\t<\/div>\n\t\t<\/div>\n\t\t\t\t\t<\/div>\n\t\t<\/section>\n\t\t\t\t<section class=\"elementor-section elementor-top-section elementor-element elementor-element-83174e6 elementor-section-boxed elementor-section-height-default elementor-section-height-default\" data-id=\"83174e6\" data-element_type=\"section\">\n\t\t\t\t\t\t<div class=\"elementor-container elementor-column-gap-default\">\n\t\t\t\t\t<div class=\"elementor-column elementor-col-50 elementor-top-column elementor-element elementor-element-ed892cf\" data-id=\"ed892cf\" data-element_type=\"column\">\n\t\t\t<div class=\"elementor-widget-wrap elementor-element-populated\">\n\t\t\t\t\t\t<div class=\"elementor-element elementor-element-11cbe44 elementor-widget elementor-widget-text-editor\" data-id=\"11cbe44\" data-element_type=\"widget\" data-widget_type=\"text-editor.default\">\n\t\t\t\t<div class=\"elementor-widget-container\">\n\t\t\t\t\t\t\t\t\t<p style=\"margin-top: 13px; margin-bottom: 13px; padding: 0px; color: #696969; font-family: Tahoma, Arial, Helvetica, sans-serif; font-size: 13px;\"><strong>Para aulas, est\u00e3o localizados nas salas:&nbsp;<\/strong><\/p>\n<ul style=\"margin: 1em 0px 1em 11px; padding: 0px; list-style-type: none; color: #696969; font-family: Tahoma, Arial, Helvetica, sans-serif; font-size: 13px;\">\n<li style=\"margin: 3px 0px 0px; padding: 0px 0px 0px 11px; line-height: 22.75px; color: #404040; overflow: visible hidden;\">189 (33 computadores)<\/li>\n<li style=\"margin: 3px 0px 0px; padding: 0px 0px 0px 11px; line-height: 22.75px; color: #404040; overflow: visible hidden;\">321 (33 computadores)<br>535 (40 computadores)<\/li>\n<li style=\"margin: 3px 0px 0px; padding: 0px 0px 0px 11px; line-height: 22.75px; color: #404040; overflow: visible hidden;\">528 (40 computadores)<\/li>\n<li style=\"margin: 3px 0px 0px; padding: 0px 0px 0px 11px; line-height: 22.75px; color: #404040; overflow: visible hidden;\">607 (33 computadores)<\/li>\n<\/ul>\n<p style=\"margin-top: 13px; margin-bottom: 13px; padding: 0px; color: #696969; font-family: Tahoma, Arial, Helvetica, sans-serif; font-size: 13px;\"><strong>Para livre acesso, na Biblioteca J. Baeta Vianna:&nbsp;<\/strong><\/p>\n<ul style=\"margin: 1em 0px 1em 11px; padding: 0px; list-style-type: none; color: #696969; font-family: Tahoma, Arial, Helvetica, sans-serif; font-size: 13px;\">\n<li style=\"margin: 3px 0px 0px; padding: 0px 0px 0px 11px; line-height: 22.75px; color: #404040; overflow: visible hidden;\">T\u00e9rreo (22 computadores)<\/li>\n<\/ul>\n<p style=\"margin-top: 13px; margin-bottom: 13px; padding: 0px; color: #696969; font-family: Tahoma, Arial, Helvetica, sans-serif; font-size: 13px;\"><strong>Hor\u00e1rio de funcionamento da Biblioteca:<\/strong><\/p>\n<ul style=\"margin: 1em 0px 1em 11px; padding: 0px; list-style-type: none; color: #696969; font-family: Tahoma, Arial, Helvetica, sans-serif; font-size: 13px;\">\n<li style=\"margin: 3px 0px 0px; padding: 0px 0px 0px 11px; line-height: 22.75px; color: #404040; overflow: visible hidden;\">7h \u00e0s 22h nos dias \u00fateis<\/li>\n<li style=\"margin: 3px 0px 0px; padding: 0px 0px 0px 11px; line-height: 22.75px; color: #404040; overflow: visible hidden;\">8h \u00e0s 12h nos s\u00e1bados letivos<\/li>\n<\/ul>\t\t\t\t\t\t\t\t<\/div>\n\t\t\t\t<\/div>\n\t\t\t\t\t<\/div>\n\t\t<\/div>\n\t\t\t\t<div class=\"elementor-column elementor-col-50 elementor-top-column elementor-element elementor-element-5a32ed9\" data-id=\"5a32ed9\" data-element_type=\"column\">\n\t\t\t<div class=\"elementor-widget-wrap elementor-element-populated\">\n\t\t\t\t\t\t<div class=\"elementor-element elementor-element-10f93bc elementor-widget elementor-widget-text-editor\" data-id=\"10f93bc\" data-element_type=\"widget\" data-widget_type=\"text-editor.default\">\n\t\t\t\t<div class=\"elementor-widget-container\">\n\t\t\t\t\t\t\t\t\t<h4 style=\"margin-bottom: 0px;padding: 0px;font-size: 18px;font-family: Verdana, Geneva, Arial, Helvetica, sans-serif;font-weight: normal;line-height: 21.6px;color: #696969\">Reserva de Laborat\u00f3rio<br \/><br \/><span style=\"color: #474747;font-family: Tahoma, Arial, Helvetica, sans-serif;font-size: 13px;line-height: 22px\">Acesse o sistema de Reserva de Salas na Intranet para agendar aulas no laborat\u00f3rio desejado. A\u00a0reserva de salas ou laborat\u00f3rios est\u00e1 dispon\u00edvel apenas para professores e funcion\u00e1rios.<br \/><br \/>\u00a0<a class=\"art-button\" style=\"padding: 0px 5px;border: 0px;border-collapse: separate;background-position: initial;height: 23px;line-height: 23px;color: #ffffff;vertical-align: middle;text-align: center;overflow: visible;cursor: pointer;margin: 0px 5px 0px 0px !important\" href=\"http:\/\/intranet.medicina.ufmg.br\/\" target=\"_blank\" rel=\"noopener\">Intranet<\/a>\u00a0<\/span><\/h4>\t\t\t\t\t\t\t\t<\/div>\n\t\t\t\t<\/div>\n\t\t\t\t\t<\/div>\n\t\t<\/div>\n\t\t\t\t\t<\/div>\n\t\t<\/section>\n\t\t\t\t<section class=\"elementor-section elementor-top-section elementor-element elementor-element-7ff050d elementor-section-boxed elementor-section-height-default elementor-section-height-default\" data-id=\"7ff050d\" data-element_type=\"section\">\n\t\t\t\t\t\t<div class=\"elementor-container elementor-column-gap-default\">\n\t\t\t\t\t<div class=\"elementor-column elementor-col-100 elementor-top-column elementor-element elementor-element-eddc8dc\" data-id=\"eddc8dc\" data-element_type=\"column\">\n\t\t\t<div class=\"elementor-widget-wrap elementor-element-populated\">\n\t\t\t\t\t\t<div class=\"elementor-element elementor-element-181148f elementor-widget elementor-widget-text-editor\" data-id=\"181148f\" data-element_type=\"widget\" data-widget_type=\"text-editor.default\">\n\t\t\t\t<div class=\"elementor-widget-container\">\n\t\t\t\t\t\t\t\t\t<h4 style=\"text-align: center\"><span style=\"text-decoration: underline\">Aten\u00e7\u00e3o<\/span><\/h4><p style=\"text-align: center\">Visando preservar a propriedade intelectual dos usu\u00e1rios, informamos que para sua seguran\u00e7a\u00a0<strong>todos os arquivos armazenados nas m\u00e1quinas dos laborat\u00f3rios ser\u00e3o apagados no momento do desligamento<\/strong>.\u00a0Solicitamos que os arquivos sejam criados e salvos em m\u00eddia remov\u00edvel (ex: pendrive) ou remotamente via e-mail ou servi\u00e7o de armazenamento em nuvem (ex: Google Drive, SkyDrive, Dropbox).\u00a0A pasta do professor tamb\u00e9m ser\u00e1 limpa no fim do dia. Esta medida faz parte do programa de manuten\u00e7\u00e3o preventiva para garantia do bom funcionamento do laborat\u00f3rio.<\/p><p style=\"text-align: center\"><strong>O Centro de Inform\u00e1tica em Sa\u00fade \u2013 CINS\u00a0n\u00e3o se se responsabiliza pelos arquivos dos usu\u00e1rios<\/strong><\/p>\t\t\t\t\t\t\t\t<\/div>\n\t\t\t\t<\/div>\n\t\t\t\t\t<\/div>\n\t\t<\/div>\n\t\t\t\t\t<\/div>\n\t\t<\/section>\n\t\t\t\t<\/div>\n\t\t","protected":false},"excerpt":{"rendered":"<p>O CINS mant\u00e9m 6 laborat\u00f3rios, sendo 5 no pr\u00e9dio da Faculdade de Medicina para realiza\u00e7\u00e3o de aulas que necessitem apoio de Tecnologia [&hellip;]<\/p>\n","protected":false},"author":101,"featured_media":0,"parent":0,"menu_order":0,"comment_status":"closed","ping_status":"closed","template":"","meta":{"footnotes":""},"class_list":["post-394","page","type-page","status-publish","hentry"],"_links":{"self":[{"href":"https:\/\/www.medicina.ufmg.br\/cins\/wp-json\/wp\/v2\/pages\/394","targetHints":{"allow":["GET"]}}],"collection":[{"href":"https:\/\/www.medicina.ufmg.br\/cins\/wp-json\/wp\/v2\/pages"}],"about":[{"href":"https:\/\/www.medicina.ufmg.br\/cins\/wp-json\/wp\/v2\/types\/page"}],"author":[{"embeddable":true,"href":"https:\/\/www.medicina.ufmg.br\/cins\/wp-json\/wp\/v2\/users\/101"}],"replies":[{"embeddable":true,"href":"https:\/\/www.medicina.ufmg.br\/cins\/wp-json\/wp\/v2\/comments?post=394"}],"version-history":[{"count":19,"href":"https:\/\/www.medicina.ufmg.br\/cins\/wp-json\/wp\/v2\/pages\/394\/revisions"}],"predecessor-version":[{"id":1068,"href":"https:\/\/www.medicina.ufmg.br\/cins\/wp-json\/wp\/v2\/pages\/394\/revisions\/1068"}],"wp:attachment":[{"href":"https:\/\/www.medicina.ufmg.br\/cins\/wp-json\/wp\/v2\/media?parent=394"}],"curies":[{"name":"wp","href":"https:\/\/api.w.org\/{rel}","templated":true}]}}