{"id":409,"date":"2019-08-21T18:50:04","date_gmt":"2019-08-21T18:50:04","guid":{"rendered":"https:\/\/www.medicina.ufmg.br\/cins-novo\/?page_id=409"},"modified":"2019-08-21T18:50:13","modified_gmt":"2019-08-21T18:50:13","slug":"rede","status":"publish","type":"page","link":"https:\/\/www.medicina.ufmg.br\/cins\/rede\/","title":{"rendered":"Rede"},"content":{"rendered":"\t\t<div data-elementor-type=\"wp-post\" data-elementor-id=\"409\" class=\"elementor elementor-409\">\n\t\t\t\t\t\t<section class=\"elementor-section elementor-top-section elementor-element elementor-element-86d431c elementor-section-boxed elementor-section-height-default elementor-section-height-default\" data-id=\"86d431c\" data-element_type=\"section\">\n\t\t\t\t\t\t<div class=\"elementor-container elementor-column-gap-default\">\n\t\t\t\t\t<div class=\"elementor-column elementor-col-33 elementor-top-column elementor-element elementor-element-1a8131a\" data-id=\"1a8131a\" data-element_type=\"column\">\n\t\t\t<div class=\"elementor-widget-wrap elementor-element-populated\">\n\t\t\t\t\t\t<div class=\"elementor-element elementor-element-fbb4f2a elementor-drop-cap-yes elementor-drop-cap-view-default elementor-widget elementor-widget-text-editor\" data-id=\"fbb4f2a\" data-element_type=\"widget\" data-settings=\"{&quot;drop_cap&quot;:&quot;yes&quot;}\" data-widget_type=\"text-editor.default\">\n\t\t\t\t<div class=\"elementor-widget-container\">\n\t\t\t\t\t\t\t\t\t<h3 style=\"margin-bottom: 0px; padding: 0px; font-size: 20px; font-family: Verdana, Geneva, Arial, Helvetica, sans-serif; font-weight: normal; line-height: 24px; color: #9c9c9c;\"><span style=\"text-decoration: underline;\"><span style=\"color: #000000; text-decoration: underline;\">Servidores<\/span><\/span><\/h3><p>\u00a0<\/p><p><span style=\"color: #696969; font-family: Tahoma, Arial, Helvetica, sans-serif; font-size: 13px;\">O centro administra uma sala de servidores climatizada e monitorada 24h. Os servidores adminitrados pelo CINS atualmente hospedam:<\/span><\/p><ul><li>Dom\u00ednio de e-mail @medicina.ufmg.br<\/li><li>P\u00e1ginas da Faculdade de Medicina<\/li><li>Aquivos administrativos dos departamentos<\/li><\/ul><h6><span style=\"color: #000000; font-family: Tahoma, Arial, Helvetica, sans-serif; font-size: 13px;\">Formul\u00e1rios para solicita\u00e7\u00e3o:<\/span><\/h6><ul><li><span style=\"color: #000080;\"><a style=\"margin: 0px; padding: 0px; line-height: 22.75px; color: #000080;\" href=\"https:\/\/www.medicina.ufmg.br\/cins\/wp-content\/uploads\/sites\/4\/2013\/10\/Termo-de-Responsabilidade-E-mail-CINS.pdf\" target=\"_blank\" rel=\"noopener\">E-mail institucional @medicina.ufmg.br<\/a><\/span><\/li><li><span style=\"color: #000080;\"><a style=\"margin: 0px; padding: 0px; line-height: 22.75px; color: #000080;\" href=\"https:\/\/www.medicina.ufmg.br\/cins\/wp-content\/uploads\/sites\/4\/2013\/10\/Termo-de-Responsabilidade-Hospedagem-CINS.pdf\" target=\"_blank\" rel=\"noopener\">Dom\u00ednio institucional e hospedagem nos servidores<\/a><\/span><\/li><\/ul>\t\t\t\t\t\t\t\t<\/div>\n\t\t\t\t<\/div>\n\t\t\t\t\t<\/div>\n\t\t<\/div>\n\t\t\t\t<div class=\"elementor-column elementor-col-33 elementor-top-column elementor-element elementor-element-4fd008b\" data-id=\"4fd008b\" data-element_type=\"column\">\n\t\t\t<div class=\"elementor-widget-wrap elementor-element-populated\">\n\t\t\t\t\t\t<div class=\"elementor-element elementor-element-31db049 elementor-widget elementor-widget-text-editor\" data-id=\"31db049\" data-element_type=\"widget\" data-widget_type=\"text-editor.default\">\n\t\t\t\t<div class=\"elementor-widget-container\">\n\t\t\t\t\t\t\t\t\t<h3 style=\"margin-bottom: 0px; padding: 0px; font-size: 20px; font-family: Verdana, Geneva, Arial, Helvetica, sans-serif; font-weight: normal; line-height: 24px; color: #9c9c9c;\"><span style=\"text-decoration: underline;\"><span style=\"color: #000000; text-decoration: underline;\">Rede<\/span><\/span><br \/><br \/><\/h3><p><span style=\"color: #696969; font-family: Tahoma, Arial, Helvetica, sans-serif; font-size: 13px;\">O N\u00facleo de Infraestrutura e Suporte do CINS \u00e9 respons\u00e1vel por todo o cabeamento de rede da Faculdade de Medicina, incluindo laborat\u00f3rios e terminais administrativos. O centro tamb\u00e9m administra os IPs necess\u00e1rios para as mais diversas finalidades.<\/span><\/p><p><span style=\"text-decoration: underline;\"><span style=\"color: #000000; text-decoration: underline;\"><span style=\"font-family: Verdana, Geneva, Arial, Helvetica, sans-serif; font-size: 20px; line-height: 24px;\">Seguran\u00e7a<\/span><span style=\"font-family: Tahoma, Arial, Helvetica, sans-serif; font-size: 13px;\">\u00a0<\/span><\/span><\/span><\/p><p><span style=\"color: #696969; font-family: Tahoma, Arial, Helvetica, sans-serif; font-size: 13px;\">Todo acesso \u00e0 rede da UFMG \u00e9 identificado por usu\u00e1rio e senha do Portal Minha UFMG, obtida atrav\u00e9s do NIP \u2013 N\u00famero de Identifica\u00e7\u00e3o Pessoal.<\/span><\/p>\t\t\t\t\t\t\t\t<\/div>\n\t\t\t\t<\/div>\n\t\t\t\t\t<\/div>\n\t\t<\/div>\n\t\t\t\t<div class=\"elementor-column elementor-col-33 elementor-top-column elementor-element elementor-element-2938b0f\" data-id=\"2938b0f\" data-element_type=\"column\">\n\t\t\t<div class=\"elementor-widget-wrap elementor-element-populated\">\n\t\t\t\t\t\t<div class=\"elementor-element elementor-element-d5afec3 elementor-widget elementor-widget-text-editor\" data-id=\"d5afec3\" data-element_type=\"widget\" data-widget_type=\"text-editor.default\">\n\t\t\t\t<div class=\"elementor-widget-container\">\n\t\t\t\t\t\t\t\t\t<h3 style=\"margin-bottom: 0px; padding: 0px; font-size: 20px; font-family: Verdana, Geneva, Arial, Helvetica, sans-serif; font-weight: normal; line-height: 24px; color: #9c9c9c;\"><span style=\"text-decoration: underline;\"><span style=\"color: #000000; text-decoration: underline;\">Acesso \u00e0 Rede<br \/><br \/><\/span><\/span><\/h3><p><span style=\"color: #696969; font-family: Tahoma, Arial, Helvetica, sans-serif; font-size: 13px;\">Tanto a rede cabeada quanto a rede sem fio t\u00eam acesso exlusivamente identificado, atrav\u00e9s de login e senha do\u00a0<\/span><span style=\"color: #333399;\"><a style=\"margin: 0px; padding: 0px; font-family: Tahoma, Arial, Helvetica, sans-serif; line-height: 22.75px; color: #333399; font-size: 13px; background-color: #ffffff;\" href=\"https:\/\/sistemas.ufmg.br\/idp\/login.jsp\" target=\"_blank\" rel=\"noopener\">Portal Minha UFMG<\/a><\/span><span style=\"color: #696969; font-family: Tahoma, Arial, Helvetica, sans-serif; font-size: 13px;\">. O registro pode ser feito:<\/span><\/p><ul style=\"margin: 1em 0px 1em 11px; padding: 0px; list-style-type: none; color: #696969; font-family: Tahoma, Arial, Helvetica, sans-serif; font-size: 13px;\"><li style=\"margin: 3px 0px 0px; padding: 0px 0px 0px 11px; line-height: 22.75px; color: #404040; overflow: visible hidden;\">no Campus Sa\u00fade, solicitando a\u00a0Carta de NIPs*\u00a0no balc\u00e3o de atendimento do CINS (sala 601**); ou<\/li><li style=\"margin: 3px 0px 0px; padding: 0px 0px 0px 11px; line-height: 22.75px; color: #404040; overflow: visible hidden;\">diretamente no Campus Pampulha, procurando o<span style=\"color: #333399;\">\u00a0<a style=\"margin: 0px; padding: 0px; line-height: 22.75px; color: #333399;\" href=\"http:\/\/www.lcc.ufmg.br\/\">LCC-CENAPAD<\/a><\/span>, no edif\u00edcio do\u00a0<span style=\"color: #333399;\"><a style=\"margin: 0px; padding: 0px; line-height: 22.75px; color: #333399;\" href=\"http:\/\/www.icex.ufmg.br\/\">Instituto de Ci\u00eancias Exatas \u2013 ICEx<\/a>.<\/span><\/li><\/ul><p><span style=\"color: #696969; font-family: Tahoma, Arial, Helvetica, sans-serif; font-size: 13px;\">* Prazo de 3 a 5 dias para emiss\u00e3o de Carta de NIPs, a ser retirada no balc\u00e3o de atendimento do CINS.<\/span><\/p>\t\t\t\t\t\t\t\t<\/div>\n\t\t\t\t<\/div>\n\t\t\t\t\t<\/div>\n\t\t<\/div>\n\t\t\t\t\t<\/div>\n\t\t<\/section>\n\t\t\t\t<\/div>\n\t\t","protected":false},"excerpt":{"rendered":"<p>Servidores \u00a0 O centro administra uma sala de servidores climatizada e monitorada 24h. Os servidores adminitrados pelo CINS atualmente hospedam: Dom\u00ednio de [&hellip;]<\/p>\n","protected":false},"author":101,"featured_media":0,"parent":0,"menu_order":0,"comment_status":"closed","ping_status":"closed","template":"","meta":{"footnotes":""},"class_list":["post-409","page","type-page","status-publish","hentry"],"_links":{"self":[{"href":"https:\/\/www.medicina.ufmg.br\/cins\/wp-json\/wp\/v2\/pages\/409","targetHints":{"allow":["GET"]}}],"collection":[{"href":"https:\/\/www.medicina.ufmg.br\/cins\/wp-json\/wp\/v2\/pages"}],"about":[{"href":"https:\/\/www.medicina.ufmg.br\/cins\/wp-json\/wp\/v2\/types\/page"}],"author":[{"embeddable":true,"href":"https:\/\/www.medicina.ufmg.br\/cins\/wp-json\/wp\/v2\/users\/101"}],"replies":[{"embeddable":true,"href":"https:\/\/www.medicina.ufmg.br\/cins\/wp-json\/wp\/v2\/comments?post=409"}],"version-history":[{"count":2,"href":"https:\/\/www.medicina.ufmg.br\/cins\/wp-json\/wp\/v2\/pages\/409\/revisions"}],"predecessor-version":[{"id":411,"href":"https:\/\/www.medicina.ufmg.br\/cins\/wp-json\/wp\/v2\/pages\/409\/revisions\/411"}],"wp:attachment":[{"href":"https:\/\/www.medicina.ufmg.br\/cins\/wp-json\/wp\/v2\/media?parent=409"}],"curies":[{"name":"wp","href":"https:\/\/api.w.org\/{rel}","templated":true}]}}