{"id":426,"date":"2019-08-22T14:07:58","date_gmt":"2019-08-22T14:07:58","guid":{"rendered":"https:\/\/www.medicina.ufmg.br\/cins-novo\/?page_id=426"},"modified":"2019-08-22T14:10:14","modified_gmt":"2019-08-22T14:10:14","slug":"acesso-a-arquivos-pdf","status":"publish","type":"page","link":"https:\/\/www.medicina.ufmg.br\/cins\/acesso-a-arquivos-pdf\/","title":{"rendered":"Acesso a Arquivos PDF"},"content":{"rendered":"\t\t<div data-elementor-type=\"wp-post\" data-elementor-id=\"426\" class=\"elementor elementor-426\">\n\t\t\t\t\t\t<section class=\"elementor-section elementor-top-section elementor-element elementor-element-283998b elementor-section-boxed elementor-section-height-default elementor-section-height-default\" data-id=\"283998b\" data-element_type=\"section\">\n\t\t\t\t\t\t<div class=\"elementor-container elementor-column-gap-default\">\n\t\t\t\t\t<div class=\"elementor-column elementor-col-100 elementor-top-column elementor-element elementor-element-2aabaf8\" data-id=\"2aabaf8\" data-element_type=\"column\">\n\t\t\t<div class=\"elementor-widget-wrap elementor-element-populated\">\n\t\t\t\t\t\t<div class=\"elementor-element elementor-element-79fde0f elementor-widget elementor-widget-text-editor\" data-id=\"79fde0f\" data-element_type=\"widget\" data-widget_type=\"text-editor.default\">\n\t\t\t\t<div class=\"elementor-widget-container\">\n\t\t\t\t\t\t\t\t\t<p style=\"margin-top: 13px; margin-bottom: 13px; padding: 0px 0px 0px 30px; color: #696969; font-family: Tahoma, Arial, Helvetica, sans-serif; font-size: 13px;\" align=\"left\">O formato PDF \u00e9 amplamente utilizado na distribui\u00e7\u00e3o de documentos\u00a0<em>online\u00a0<\/em>mas a desatualiza\u00e7\u00e3o dos navegadores pode impossibilitar sua visualiza\u00e7\u00e3o. Caso encontre dificuldade em visualizar PDFs online ou abrir PDFs baixados em sua m\u00e1quina, recomenda-se instalar o leitor PDF\u00a0<em>Acrobat Reader<\/em>\u00a0e atualizar seu navegador corrente para a vers\u00e3o mais recente.<br \/>Abaixo voc\u00ea encontra os links das \u00faltimas vers\u00f5es de leitores PDF e navegadores gratuitos mais comuns.<\/p><p style=\"margin-top: 13px; margin-bottom: 13px; padding: 0px 0px 0px 30px; color: #696969; font-family: Tahoma, Arial, Helvetica, sans-serif; font-size: 13px;\" align=\"left\"><strong>Leitores PDF Gratuitos<\/strong><\/p><ul><li><span style=\"color: #333399;\"><a style=\"margin: 0px; padding: 0px; line-height: 22.75px; color: #333399;\" title=\"Adobe Reader\" href=\"http:\/\/get.adobe.com\/br\/reader\/\" target=\"_blank\" rel=\"noopener\">Adobe Reader<\/a><\/span><\/li><\/ul><p style=\"margin-top: 13px; margin-bottom: 13px; padding: 0px 0px 0px 30px; color: #696969; font-family: Tahoma, Arial, Helvetica, sans-serif; font-size: 13px;\" align=\"left\">(recomenda-se desmarcar o box que instala o Mcafee Antivirus gratuito a menos que o equipamento n\u00e3o tenha antivirus insalado)<\/p><p style=\"margin-top: 13px; margin-bottom: 13px; padding: 0px 0px 0px 30px; color: #696969; font-family: Tahoma, Arial, Helvetica, sans-serif; font-size: 13px;\" align=\"left\"><strong>Navegadores Gratuitos<\/strong><\/p><ul><li><span style=\"color: #333399;\"><a style=\"margin: 0px; padding: 0px; line-height: 22.75px; color: #333399;\" title=\"Chrome\" href=\"http:\/\/www.google.com\/intl\/pt-BR\/chrome\/\" target=\"_blank\" rel=\"noopener\">Chrome (Google)<\/a><\/span><\/li><li><span style=\"color: #333399;\"><a style=\"margin: 0px; padding: 0px; line-height: 22.75px; color: #333399;\" title=\"Firefox\" href=\"http:\/\/www.mozilla.org\/pt-BR\/firefox\/new\/\" target=\"_blank\" rel=\"noopener\">Firefox (Mozilla)<\/a><\/span><\/li><li><span style=\"color: #333399;\"><a style=\"margin: 0px; padding: 0px; line-height: 22.75px; color: #333399;\" title=\"Internet Explorer\" href=\"http:\/\/windows.microsoft.com\/pt-BR\/internet-explorer\/download-ie\" target=\"_blank\" rel=\"noopener\">Internet Explorer (Microsoft)<\/a><\/span><\/li><\/ul><p style=\"margin-top: 13px; margin-bottom: 13px; padding: 0px 0px 0px 30px; color: #696969; font-family: Tahoma, Arial, Helvetica, sans-serif; font-size: 13px;\" align=\"left\">O Safari, utilizado em dispositivos\u00a0<em>Apple<\/em>, mantem-se atualizado automaticamente.<\/p><p style=\"margin-top: 13px; margin-bottom: 13px; padding: 0px 0px 0px 30px; color: #696969; font-family: Tahoma, Arial, Helvetica, sans-serif; font-size: 13px;\" align=\"left\">Caso prefira verificar se seu navegador est\u00e1 atualizado, acesse no menu de op\u00e7\u00f5es do navegador:<\/p><ul><li>Chrome \u2013 \u201cSobre o Google Chrome\u201d<\/li><li>Firefox \u2013 \u201cAjuda\u201d\/\u201dSobre o Firefox\u201d<\/li><li>Internet Explorer \u2013 \u201cSobre o Internet Explorer\u201d (marque a caixa \u201cRealizar atualiza\u00e7\u00f5es automaticamente\u201d).<\/li><\/ul><p style=\"margin-top: 13px; margin-bottom: 13px; padding: 0px 0px 0px 30px; color: #696969; font-family: Tahoma, Arial, Helvetica, sans-serif; font-size: 13px;\" align=\"left\">Ao final da verifica\u00e7\u00e3o, o navegador dever\u00e1 solicitar que reinicie o programa para concluir a atualiza\u00e7\u00e3o.<\/p><p style=\"margin-top: 13px; margin-bottom: 13px; padding: 0px 0px 0px 30px; color: #696969; font-family: Tahoma, Arial, Helvetica, sans-serif; font-size: 13px;\" align=\"left\">Uma vez instalado o leitor PDF e atualizado o navegador, acesse novamente o arquivo PDF\u00a0<em>online\u00a0<\/em>ou abra o arquivo local normalmente.<\/p><p style=\"margin-top: 13px; margin-bottom: 13px; padding: 0px 0px 0px 30px; color: #696969; font-family: Tahoma, Arial, Helvetica, sans-serif; font-size: 13px;\" align=\"left\">Nota importante: O Centro de Inform\u00e1tica em Sa\u00fade \u2013 CINS, n\u00e3o se resposabiliza pelo desempenho de software de terceiros, e tamb\u00e9m n\u00e3o poder\u00e1 ser responsabilizado pela eventual incompatibilidade das novas vers\u00f5es de leitor de PDF ou navegadores com aplica\u00e7\u00f5es do usu\u00e1rio.<br \/>Esta \u00e9 uma orienta\u00e7\u00e3o que visa exclusivamente sanar a dificuldade de acessar o conte\u00fado de arquivos PDF e o usu\u00e1rio realiza as instala\u00e7\u00f5es e atualiza\u00e7\u00f5es por sua pr\u00f3pria conta e risco.<\/p>\t\t\t\t\t\t\t\t<\/div>\n\t\t\t\t<\/div>\n\t\t\t\t\t<\/div>\n\t\t<\/div>\n\t\t\t\t\t<\/div>\n\t\t<\/section>\n\t\t\t\t<\/div>\n\t\t","protected":false},"excerpt":{"rendered":"<p>O formato PDF \u00e9 amplamente utilizado na distribui\u00e7\u00e3o de documentos\u00a0online\u00a0mas a desatualiza\u00e7\u00e3o dos navegadores pode impossibilitar sua visualiza\u00e7\u00e3o. Caso encontre dificuldade em [&hellip;]<\/p>\n","protected":false},"author":101,"featured_media":0,"parent":0,"menu_order":0,"comment_status":"closed","ping_status":"closed","template":"","meta":{"footnotes":""},"class_list":["post-426","page","type-page","status-publish","hentry"],"_links":{"self":[{"href":"https:\/\/www.medicina.ufmg.br\/cins\/wp-json\/wp\/v2\/pages\/426","targetHints":{"allow":["GET"]}}],"collection":[{"href":"https:\/\/www.medicina.ufmg.br\/cins\/wp-json\/wp\/v2\/pages"}],"about":[{"href":"https:\/\/www.medicina.ufmg.br\/cins\/wp-json\/wp\/v2\/types\/page"}],"author":[{"embeddable":true,"href":"https:\/\/www.medicina.ufmg.br\/cins\/wp-json\/wp\/v2\/users\/101"}],"replies":[{"embeddable":true,"href":"https:\/\/www.medicina.ufmg.br\/cins\/wp-json\/wp\/v2\/comments?post=426"}],"version-history":[{"count":2,"href":"https:\/\/www.medicina.ufmg.br\/cins\/wp-json\/wp\/v2\/pages\/426\/revisions"}],"predecessor-version":[{"id":428,"href":"https:\/\/www.medicina.ufmg.br\/cins\/wp-json\/wp\/v2\/pages\/426\/revisions\/428"}],"wp:attachment":[{"href":"https:\/\/www.medicina.ufmg.br\/cins\/wp-json\/wp\/v2\/media?parent=426"}],"curies":[{"name":"wp","href":"https:\/\/api.w.org\/{rel}","templated":true}]}}