{"id":430,"date":"2019-08-22T14:15:41","date_gmt":"2019-08-22T14:15:41","guid":{"rendered":"https:\/\/www.medicina.ufmg.br\/cins-novo\/?page_id=430"},"modified":"2019-09-04T11:19:52","modified_gmt":"2019-09-04T14:19:52","slug":"manutencao-e-consultoria","status":"publish","type":"page","link":"https:\/\/www.medicina.ufmg.br\/cins\/manutencao-e-consultoria\/","title":{"rendered":"Manuten\u00e7\u00e3o e Consultoria"},"content":{"rendered":"\t\t<div data-elementor-type=\"wp-post\" data-elementor-id=\"430\" class=\"elementor elementor-430\">\n\t\t\t\t\t\t<section class=\"elementor-section elementor-top-section elementor-element elementor-element-a4a157f elementor-section-boxed elementor-section-height-default elementor-section-height-default\" data-id=\"a4a157f\" data-element_type=\"section\">\n\t\t\t\t\t\t<div class=\"elementor-container elementor-column-gap-default\">\n\t\t\t\t\t<div class=\"elementor-column elementor-col-100 elementor-top-column elementor-element elementor-element-f2544d2\" data-id=\"f2544d2\" data-element_type=\"column\">\n\t\t\t<div class=\"elementor-widget-wrap elementor-element-populated\">\n\t\t\t\t\t\t<div class=\"elementor-element elementor-element-0f0ee6b elementor-widget elementor-widget-text-editor\" data-id=\"0f0ee6b\" data-element_type=\"widget\" data-widget_type=\"text-editor.default\">\n\t\t\t\t<div class=\"elementor-widget-container\">\n\t\t\t\t\t\t\t\t\t<h2>Suporte<\/h2>\t\t\t\t\t\t\t\t<\/div>\n\t\t\t\t<\/div>\n\t\t\t\t\t<\/div>\n\t\t<\/div>\n\t\t\t\t\t<\/div>\n\t\t<\/section>\n\t\t\t\t<section class=\"elementor-section elementor-top-section elementor-element elementor-element-b11a2ef elementor-section-boxed elementor-section-height-default elementor-section-height-default\" data-id=\"b11a2ef\" data-element_type=\"section\">\n\t\t\t\t\t\t<div class=\"elementor-container elementor-column-gap-default\">\n\t\t\t\t\t<div class=\"elementor-column elementor-col-50 elementor-top-column elementor-element elementor-element-5c1819e\" data-id=\"5c1819e\" data-element_type=\"column\">\n\t\t\t<div class=\"elementor-widget-wrap elementor-element-populated\">\n\t\t\t\t\t\t<div class=\"elementor-element elementor-element-c01dcfc elementor-widget elementor-widget-text-editor\" data-id=\"c01dcfc\" data-element_type=\"widget\" data-widget_type=\"text-editor.default\">\n\t\t\t\t<div class=\"elementor-widget-container\">\n\t\t\t\t\t\t\t\t\t<h3 style=\"margin-bottom: 0px;padding: 0px;font-size: 20px;font-family: Verdana, Geneva, Arial, Helvetica, sans-serif;font-weight: normal;line-height: 24px;color: #9c9c9c;text-align: center\"><span style=\"text-decoration: underline\"><span style=\"color: #000000;text-decoration: underline\">Manuten\u00e7\u00e3o<\/span><\/span><\/h3><p style=\"margin-top: 13px;margin-bottom: 13px;padding: 0px;color: #696969;font-family: Tahoma, Arial, Helvetica, sans-serif;font-size: 13px\">O centro realiza manuten\u00e7\u00e3o de equipamentos de inform\u00e1tica patrimoniados na Faculdade de Medicina a partir da abertura de chamados pelo Sistema de Suporte do CINS dispon\u00edvel na\u00a0<span style=\"color: #333399\"><a style=\"margin: 0px;padding: 0px;line-height: 22.75px;color: #333399\" href=\"http:\/\/intranet.medicina.ufmg.br\/\" target=\"_blank\" rel=\"noopener\">Intranet<\/a>.\u00a0<\/span><\/p><p style=\"margin-top: 13px;margin-bottom: 13px;padding: 0px;color: #696969;font-family: Tahoma, Arial, Helvetica, sans-serif;font-size: 13px\">Este servi\u00e7o n\u00e3o est\u00e1 dispon\u00edvel para equipamentos de particulares.<\/p>\t\t\t\t\t\t\t\t<\/div>\n\t\t\t\t<\/div>\n\t\t\t\t<div class=\"elementor-element elementor-element-6291a22 elementor-widget elementor-widget-text-editor\" data-id=\"6291a22\" data-element_type=\"widget\" data-widget_type=\"text-editor.default\">\n\t\t\t\t<div class=\"elementor-widget-container\">\n\t\t\t\t\t\t\t\t\t<h3 style=\"margin-bottom: 0px;padding: 0px;font-size: 20px;font-family: Verdana, Geneva, Arial, Helvetica, sans-serif;font-weight: normal;line-height: 24px;color: #9c9c9c;text-align: center\"><span style=\"text-decoration: underline\"><span style=\"color: #000000;text-decoration: underline\">Help Desk<\/span><\/span><\/h3><p style=\"margin-top: 13px;margin-bottom: 13px;padding: 0px;color: #696969;font-family: Tahoma, Arial, Helvetica, sans-serif;font-size: 13px\">Atrav\u00e9s do telefone 3409-9928 \u00e9 possivel obter suporte telef\u00f4nico. Esta modalidade \u00e9 indicada em casos de:<\/p><ul><li>Orienta\u00e7\u00f5es Gerais<\/li><li>Configura\u00e7\u00f5es de Sistema<\/li><li>Dificuldades de Acesso<\/li><\/ul><p style=\"margin-top: 13px;margin-bottom: 13px;padding: 0px;color: #696969;font-family: Tahoma, Arial, Helvetica, sans-serif;font-size: 13px\">Para suporte via e-mail, contacte:\u00a0<span style=\"color: #333399\"><a style=\"margin: 0px;padding: 0px;line-height: 22.75px;color: #333399\" href=\"mailto:%20cins@medicina.ufmg.br\">cins@medicina.ufmg.br<\/a><\/span><\/p>\t\t\t\t\t\t\t\t<\/div>\n\t\t\t\t<\/div>\n\t\t\t\t\t<\/div>\n\t\t<\/div>\n\t\t\t\t<div class=\"elementor-column elementor-col-50 elementor-top-column elementor-element elementor-element-945b0f8\" data-id=\"945b0f8\" data-element_type=\"column\">\n\t\t\t<div class=\"elementor-widget-wrap elementor-element-populated\">\n\t\t\t\t\t\t<div class=\"elementor-element elementor-element-77cf63a elementor-widget elementor-widget-text-editor\" data-id=\"77cf63a\" data-element_type=\"widget\" data-widget_type=\"text-editor.default\">\n\t\t\t\t<div class=\"elementor-widget-container\">\n\t\t\t\t\t\t\t\t\t<h3 style=\"margin-bottom: 0px;padding: 0px;font-size: 20px;font-family: Verdana, Geneva, Arial, Helvetica, sans-serif;font-weight: normal;line-height: 24px;color: #9c9c9c;text-align: center\"><span style=\"text-decoration: underline;color: #000000\">Tutoriais<\/span><\/h3><p style=\"margin-top: 13px;margin-bottom: 13px;padding: 0px;color: #474747;font-family: Tahoma, Arial, Helvetica, sans-serif;font-size: 13px\">Antes de entrar em contato ou procurar assis\u00eancia de balc\u00e3o, verifique se o que procura consta nos tutoriais:<\/p><ul><li><span style=\"color: #333399\"><a style=\"margin: 0px;padding: 0px;line-height: 22.75px;color: #333399\" href=\"https:\/\/www.medicina.ufmg.br\/cins\/acesso-a-arquivos-pdf\/\" target=\"_blank\" rel=\"noopener\">Acesso a Arquivos PDF<\/a><\/span><\/li><li><span style=\"color: #333399\"><a style=\"margin: 0px;padding: 0px;line-height: 22.75px;color: #333399\" href=\"https:\/\/www.cecom.ufmg.br\/cec\/proxy_http.shtml\" target=\"_blank\" rel=\"noopener\">Acesso ao Portal Capes<\/a><\/span><\/li><li><span style=\"color: #333399\"><a style=\"margin: 0px;padding: 0px;line-height: 22.75px;color: #333399\" href=\"http:\/\/www.redesemfio.ufmg.br\/\" target=\"_blank\" rel=\"noopener\">Acesso \u00e0 rede wi-fi (sem fio)<\/a><\/span><\/li><li><span style=\"color: #333399\"><a style=\"margin: 0px;padding: 0px;line-height: 22.75px;color: #333399\" href=\"http:\/\/www.youtube.com\/watch?v=6nrypvR8suc&amp;feature=share&amp;list=PLnRJ6im7-YOBxqkq6cqbEnci3zJCH8HzV\" target=\"_blank\" rel=\"noopener\">Sorteio de Optativas<\/a><\/span><\/li><\/ul><p style=\"margin-top: 13px;margin-bottom: 13px;padding: 0px;color: #474747;font-family: Tahoma, Arial, Helvetica, sans-serif;font-size: 13px\">Ou consulte as\u00a0<span style=\"color: #333399\"><a style=\"margin: 0px;padding: 0px;line-height: 22.75px;color: #333399\" href=\"https:\/\/www.medicina.ufmg.br\/cins-novo\/perguntas-frequentes\/\">perguntas frequentes<\/a>.<\/span><\/p>\t\t\t\t\t\t\t\t<\/div>\n\t\t\t\t<\/div>\n\t\t\t\t<div class=\"elementor-element elementor-element-0d5b8c3 elementor-widget elementor-widget-text-editor\" data-id=\"0d5b8c3\" data-element_type=\"widget\" data-widget_type=\"text-editor.default\">\n\t\t\t\t<div class=\"elementor-widget-container\">\n\t\t\t\t\t\t\t\t\t<h3 style=\"margin-bottom: 0px;padding: 0px;font-size: 20px;font-family: Verdana, Geneva, Arial, Helvetica, sans-serif;font-weight: normal;line-height: 24px;color: #9c9c9c;text-align: center\"><span style=\"text-decoration: underline;color: #000000\">Balc\u00e3o<\/span><\/h3><p style=\"margin-top: 13px;margin-bottom: 13px;padding: 0px;color: #696969;font-family: Tahoma, Arial, Helvetica, sans-serif;font-size: 13px\">Devem se dirigir ao Balc\u00e3o do CINS (sala 601*) alunos, professores e funcion\u00e1rios que precisem:<\/p><ul><li>Solicitar ou retirar Carta de NIPs<\/li><li>Configurar acesso ao Portal Capes<\/li><li>Configurar Rede Wi-Fi (sem fio)<\/li><li>Verificar e remover v\u00edrus de m\u00eddias remov\u00edveis, como pendrives<\/li><\/ul><p style=\"margin-top: 13px;margin-bottom: 13px;padding: 0px;color: #696969;font-family: Tahoma, Arial, Helvetica, sans-serif;font-size: 13px\">* Durante a reforma, atenderemos no Espa\u00e7o Multiuso (1\u00ba andar).<\/p>\t\t\t\t\t\t\t\t<\/div>\n\t\t\t\t<\/div>\n\t\t\t\t\t<\/div>\n\t\t<\/div>\n\t\t\t\t\t<\/div>\n\t\t<\/section>\n\t\t\t\t<section class=\"elementor-section elementor-top-section elementor-element elementor-element-c77228d elementor-section-boxed elementor-section-height-default elementor-section-height-default\" data-id=\"c77228d\" data-element_type=\"section\">\n\t\t\t\t\t\t<div class=\"elementor-container elementor-column-gap-default\">\n\t\t\t\t\t<div class=\"elementor-column elementor-col-50 elementor-top-column elementor-element elementor-element-ad754fa\" data-id=\"ad754fa\" data-element_type=\"column\">\n\t\t\t<div class=\"elementor-widget-wrap elementor-element-populated\">\n\t\t\t\t\t\t<div class=\"elementor-element elementor-element-49cc77d elementor-widget elementor-widget-text-editor\" data-id=\"49cc77d\" data-element_type=\"widget\" data-widget_type=\"text-editor.default\">\n\t\t\t\t<div class=\"elementor-widget-container\">\n\t\t\t\t\t\t\t\t\t<h3 style=\"margin-bottom: 0px;padding: 0px;font-size: 20px;font-family: Verdana, Geneva, Arial, Helvetica, sans-serif;font-weight: normal;line-height: 24px;color: #9c9c9c\"><span style=\"text-decoration: underline\"><span style=\"color: #000000;text-decoration: underline\">Consultoria T\u00e9cnica<\/span><\/span><\/h3><p style=\"margin-top: 13px;margin-bottom: 13px;padding: 0px;color: #696969;font-family: Tahoma, Arial, Helvetica, sans-serif;font-size: 13px\">A equipe do CINS presta ainda aux\u00edlio \u00e0 diretoria e aos departamentos para:<\/p><ul><li>Recep\u00e7\u00e3o t\u00e9cnica de equipamentos adquiridos<\/li><li>Especifica\u00e7\u00e3o de equipamentos para aquisi\u00e7\u00e3o pelo Setor de Compras<\/li><li>Defini\u00e7\u00e3o de requisitos para sele\u00e7\u00e3o de profissionais de inform\u00e1tica e afins<\/li><li>Emiss\u00e3o de laudo para substitui\u00e7\u00e3o ou manuten\u00e7\u00e3o externa de equipamentos<\/li><\/ul>\t\t\t\t\t\t\t\t<\/div>\n\t\t\t\t<\/div>\n\t\t\t\t\t<\/div>\n\t\t<\/div>\n\t\t\t\t<div class=\"elementor-column elementor-col-25 elementor-top-column elementor-element elementor-element-c939c8d\" data-id=\"c939c8d\" data-element_type=\"column\">\n\t\t\t<div class=\"elementor-widget-wrap elementor-element-populated\">\n\t\t\t\t\t\t<div class=\"elementor-element elementor-element-426e7d9 elementor-widget elementor-widget-text-editor\" data-id=\"426e7d9\" data-element_type=\"widget\" data-widget_type=\"text-editor.default\">\n\t\t\t\t<div class=\"elementor-widget-container\">\n\t\t\t\t\t\t\t\t\t<h3 style=\"margin-bottom: 0px;padding: 0px;font-size: 20px;font-family: Verdana, Geneva, Arial, Helvetica, sans-serif;font-weight: normal;line-height: 24px;color: #9c9c9c\"><span style=\"text-decoration: underline;color: #000000\">N\u00e3o encontrou<\/span><br \/><span style=\"text-decoration: underline;color: #000000\">o que precisa?<\/span><\/h3><p style=\"margin-top: 13px;margin-bottom: 13px;padding: 0px;color: #696969;font-family: Tahoma, Arial, Helvetica, sans-serif;font-size: 13px\">Para suporte em sistemas da Intranet, \u00a0sistemas administrativos ou sistemas desenvolvidos em projetos acad\u00eamicos ou em parceria com o CINS, acesse a aba\u00a0<span style=\"color: #333399\"><a style=\"margin: 0px;padding: 0px;line-height: 22.75px;color: #333399\" href=\"https:\/\/www.medicina.ufmg.br\/cins\/sistemas\/\">Infraestrutura e Suporte\/Sistemas de Apoio Administrativo<\/a>.<\/span><\/p>\t\t\t\t\t\t\t\t<\/div>\n\t\t\t\t<\/div>\n\t\t\t\t\t<\/div>\n\t\t<\/div>\n\t\t\t\t<div class=\"elementor-column elementor-col-25 elementor-top-column elementor-element elementor-element-647a100\" data-id=\"647a100\" data-element_type=\"column\">\n\t\t\t<div class=\"elementor-widget-wrap elementor-element-populated\">\n\t\t\t\t\t\t<div class=\"elementor-element elementor-element-12dad83 elementor-widget elementor-widget-text-editor\" data-id=\"12dad83\" data-element_type=\"widget\" data-widget_type=\"text-editor.default\">\n\t\t\t\t<div class=\"elementor-widget-container\">\n\t\t\t\t\t\t\t\t\t<h3 style=\"margin-bottom: 0px;padding: 0px;font-size: 20px;font-family: Verdana, Geneva, Arial, Helvetica, sans-serif;font-weight: normal;line-height: 24px;color: #9c9c9c\"><span style=\"text-decoration: underline;color: #000000\">Hor\u00e1rio de atendimento<\/span><\/h3><p style=\"margin-top: 13px;margin-bottom: 13px;padding: 0px;color: #3d3d3d;font-family: Tahoma, Arial, Helvetica, sans-serif;font-size: 13px\">De segunda a sexta-feira,<br \/>das 7h \u00e0s 12h e das 13h \u00e0s 17h.\u00a0<br \/><br \/><span style=\"font-style: italic\">Sexta-feira o departamento fecha das 14h \u00e0s 15h para reuni\u00e3o interna.<\/span><\/p>\t\t\t\t\t\t\t\t<\/div>\n\t\t\t\t<\/div>\n\t\t\t\t\t<\/div>\n\t\t<\/div>\n\t\t\t\t\t<\/div>\n\t\t<\/section>\n\t\t\t\t<\/div>\n\t\t","protected":false},"excerpt":{"rendered":"<p>Suporte Manuten\u00e7\u00e3o O centro realiza manuten\u00e7\u00e3o de equipamentos de inform\u00e1tica patrimoniados na Faculdade de Medicina a partir da abertura de chamados pelo [&hellip;]<\/p>\n","protected":false},"author":101,"featured_media":0,"parent":0,"menu_order":0,"comment_status":"closed","ping_status":"closed","template":"","meta":{"footnotes":""},"class_list":["post-430","page","type-page","status-publish","hentry"],"_links":{"self":[{"href":"https:\/\/www.medicina.ufmg.br\/cins\/wp-json\/wp\/v2\/pages\/430","targetHints":{"allow":["GET"]}}],"collection":[{"href":"https:\/\/www.medicina.ufmg.br\/cins\/wp-json\/wp\/v2\/pages"}],"about":[{"href":"https:\/\/www.medicina.ufmg.br\/cins\/wp-json\/wp\/v2\/types\/page"}],"author":[{"embeddable":true,"href":"https:\/\/www.medicina.ufmg.br\/cins\/wp-json\/wp\/v2\/users\/101"}],"replies":[{"embeddable":true,"href":"https:\/\/www.medicina.ufmg.br\/cins\/wp-json\/wp\/v2\/comments?post=430"}],"version-history":[{"count":6,"href":"https:\/\/www.medicina.ufmg.br\/cins\/wp-json\/wp\/v2\/pages\/430\/revisions"}],"predecessor-version":[{"id":563,"href":"https:\/\/www.medicina.ufmg.br\/cins\/wp-json\/wp\/v2\/pages\/430\/revisions\/563"}],"wp:attachment":[{"href":"https:\/\/www.medicina.ufmg.br\/cins\/wp-json\/wp\/v2\/media?parent=430"}],"curies":[{"name":"wp","href":"https:\/\/api.w.org\/{rel}","templated":true}]}}