{"id":442,"date":"2019-08-22T17:45:09","date_gmt":"2019-08-22T17:45:09","guid":{"rendered":"https:\/\/www.medicina.ufmg.br\/cins-novo\/?page_id=442"},"modified":"2019-08-22T17:46:37","modified_gmt":"2019-08-22T17:46:37","slug":"jaspers","status":"publish","type":"page","link":"https:\/\/www.medicina.ufmg.br\/cins\/jaspers\/","title":{"rendered":"Jaspers"},"content":{"rendered":"\t\t<div data-elementor-type=\"wp-post\" data-elementor-id=\"442\" class=\"elementor elementor-442\">\n\t\t\t\t\t\t<section class=\"elementor-section elementor-top-section elementor-element elementor-element-9f594b0 elementor-section-boxed elementor-section-height-default elementor-section-height-default\" data-id=\"9f594b0\" data-element_type=\"section\">\n\t\t\t\t\t\t<div class=\"elementor-container elementor-column-gap-default\">\n\t\t\t\t\t<div class=\"elementor-column elementor-col-100 elementor-top-column elementor-element elementor-element-283d7da\" data-id=\"283d7da\" data-element_type=\"column\">\n\t\t\t<div class=\"elementor-widget-wrap elementor-element-populated\">\n\t\t\t\t\t\t<div class=\"elementor-element elementor-element-f7d9eb8 elementor-widget elementor-widget-image\" data-id=\"f7d9eb8\" data-element_type=\"widget\" data-widget_type=\"image.default\">\n\t\t\t\t<div class=\"elementor-widget-container\">\n\t\t\t\t\t\t\t\t\t\t\t\t\t\t\t\t<a href=\"https:\/\/www.youtube.com\/playlist?list=PLnRJ6im7-YOCGACmSR4igZPY5ptfyih-b\">\n\t\t\t\t\t\t\t<img fetchpriority=\"high\" decoding=\"async\" width=\"620\" height=\"325\" src=\"https:\/\/www.medicina.ufmg.br\/cins\/wp-content\/uploads\/sites\/84\/2019\/08\/Jaspers.png\" class=\"attachment-large size-large wp-image-444\" alt=\"\" srcset=\"https:\/\/www.medicina.ufmg.br\/cins\/wp-content\/uploads\/sites\/84\/2019\/08\/Jaspers.png 620w, https:\/\/www.medicina.ufmg.br\/cins\/wp-content\/uploads\/sites\/84\/2019\/08\/Jaspers-300x157.png 300w, https:\/\/www.medicina.ufmg.br\/cins\/wp-content\/uploads\/sites\/84\/2019\/08\/Jaspers-230x121.png 230w, https:\/\/www.medicina.ufmg.br\/cins\/wp-content\/uploads\/sites\/84\/2019\/08\/Jaspers-350x183.png 350w, https:\/\/www.medicina.ufmg.br\/cins\/wp-content\/uploads\/sites\/84\/2019\/08\/Jaspers-480x252.png 480w\" sizes=\"(max-width: 620px) 100vw, 620px\" \/>\t\t\t\t\t\t\t\t<\/a>\n\t\t\t\t\t\t\t\t\t\t\t\t\t\t\t<\/div>\n\t\t\t\t<\/div>\n\t\t\t\t\t<\/div>\n\t\t<\/div>\n\t\t\t\t\t<\/div>\n\t\t<\/section>\n\t\t\t\t<section class=\"elementor-section elementor-top-section elementor-element elementor-element-8351651 elementor-section-boxed elementor-section-height-default elementor-section-height-default\" data-id=\"8351651\" data-element_type=\"section\">\n\t\t\t\t\t\t<div class=\"elementor-container elementor-column-gap-default\">\n\t\t\t\t\t<div class=\"elementor-column elementor-col-100 elementor-top-column elementor-element elementor-element-e54aac1\" data-id=\"e54aac1\" data-element_type=\"column\">\n\t\t\t<div class=\"elementor-widget-wrap elementor-element-populated\">\n\t\t\t\t\t\t<div class=\"elementor-element elementor-element-0dcd5ad elementor-widget elementor-widget-text-editor\" data-id=\"0dcd5ad\" data-element_type=\"widget\" data-widget_type=\"text-editor.default\">\n\t\t\t\t<div class=\"elementor-widget-container\">\n\t\t\t\t\t\t\t\t\t<h2 style=\"margin-bottom: 0px; padding: 0px 0px 0px 30px; font-size: 22px; font-family: Verdana, Geneva, Arial, Helvetica, sans-serif; font-weight: normal; line-height: 26.4px; color: #808080;\"><strong>Leituras Selecionadas: Jaspers<\/strong><\/h2><h3 style=\"margin-bottom: 0px; padding: 0px 0px 0px 30px; font-size: 20px; font-family: Verdana, Geneva, Arial, Helvetica, sans-serif; font-weight: normal; line-height: 24px; color: #9c9c9c;\"><strong>II Encontro Mineiro de Residentes de Psiquiatria<\/strong><\/h3><p style=\"margin-top: 13px; margin-bottom: 13px; padding: 0px 0px 0px 30px; color: #696969; font-family: Tahoma, Arial, Helvetica, sans-serif; font-size: 13px;\">Organiza\u00e7\u00e3o<br \/>Centro de Estudos Galba Velloso \u2013 CEGV.<\/p><p style=\"margin-top: 13px; margin-bottom: 13px; padding: 0px 0px 0px 30px; color: #696969; font-family: Tahoma, Arial, Helvetica, sans-serif; font-size: 13px;\">Grupo de Investiga\u00e7\u00e3o em Psicopatologia Conceitual \u2013 FM-UFMG.<\/p><p style=\"margin-top: 13px; margin-bottom: 13px; padding: 0px 0px 0px 30px; color: #696969; font-family: Tahoma, Arial, Helvetica, sans-serif; font-size: 13px;\">Associa\u00e7\u00e3o Acad\u00eamica Psiqui\u00e1trica de Minas Gerais \u2013 AAP-MG, federada da Associa\u00e7\u00e3o Brasileira de Psiquiatria\u2013 ABP<\/p><p style=\"margin-top: 13px; margin-bottom: 13px; padding: 0px 0px 0px 30px; color: #696969; font-family: Tahoma, Arial, Helvetica, sans-serif; font-size: 13px;\"><strong>Apoios<\/strong><b><br \/><\/b>Associa\u00e7\u00e3o Mineira de Psiquiatria \u2013 AMP, federada da ABP.<\/p><p style=\"margin-top: 13px; margin-bottom: 13px; padding: 0px 0px 0px 30px; color: #696969; font-family: Tahoma, Arial, Helvetica, sans-serif; font-size: 13px;\">Centro de Extens\u00e3o \u2013 CENEX da Faculdade de Medicina da UFMG.<\/p><p style=\"margin-top: 13px; margin-bottom: 13px; padding: 0px 0px 0px 30px; color: #696969; font-family: Tahoma, Arial, Helvetica, sans-serif; font-size: 13px;\">Conselho Regional de Minas Gerais \u2013 CRMMG.<\/p><p style=\"margin-top: 13px; margin-bottom: 13px; padding: 0px 0px 0px 30px; color: #696969; font-family: Tahoma, Arial, Helvetica, sans-serif; font-size: 13px;\">Funda\u00e7\u00e3o Hospitalar de Minas Gerais \u2013 FHEMIG<\/p><p style=\"margin-top: 13px; margin-bottom: 13px; padding: 0px 0px 0px 30px; color: #696969; font-family: Tahoma, Arial, Helvetica, sans-serif; font-size: 13px;\"><strong>Local<\/strong><br \/>Conselho Regional de Medicina de Minas Gerais \u2013 CRMMG. Belo Horizonte, MG.<\/p><p style=\"margin-top: 13px; margin-bottom: 13px; padding: 0px 0px 0px 30px; color: #696969; font-family: Tahoma, Arial, Helvetica, sans-serif; font-size: 13px;\"><strong>V\u00eddeos do evento<\/strong><\/p>\t\t\t\t\t\t\t\t<\/div>\n\t\t\t\t<\/div>\n\t\t\t\t<div class=\"elementor-element elementor-element-d1ea309 elementor-widget elementor-widget-video\" data-id=\"d1ea309\" data-element_type=\"widget\" data-settings=\"{&quot;youtube_url&quot;:&quot;https:\\\/\\\/www.youtube.com\\\/watch?list=PLnRJ6im7-YOCGACmSR4igZPY5ptfyih-b&amp;v=pHvt462WPNE&quot;,&quot;_animation&quot;:&quot;none&quot;,&quot;video_type&quot;:&quot;youtube&quot;,&quot;controls&quot;:&quot;yes&quot;}\" data-widget_type=\"video.default\">\n\t\t\t\t<div class=\"elementor-widget-container\">\n\t\t\t\t\t\t\t<div class=\"elementor-wrapper elementor-open-inline\">\n\t\t\t<div class=\"elementor-video\"><\/div>\t\t<\/div>\n\t\t\t\t\t\t<\/div>\n\t\t\t\t<\/div>\n\t\t\t\t<div class=\"elementor-element elementor-element-4aeae26 elementor-widget elementor-widget-text-editor\" data-id=\"4aeae26\" data-element_type=\"widget\" data-widget_type=\"text-editor.default\">\n\t\t\t\t<div class=\"elementor-widget-container\">\n\t\t\t\t\t\t\t\t\t<p style=\"margin-top: 13px; margin-bottom: 13px; padding: 0px 0px 0px 30px; color: #696969; font-family: Tahoma, Arial, Helvetica, sans-serif; font-size: 13px;\"><strong>Programa\u00e7\u00e3o<\/strong><\/p><p style=\"margin-top: 13px; margin-bottom: 13px; padding: 0px 0px 0px 30px; color: #696969; font-family: Tahoma, Arial, Helvetica, sans-serif; font-size: 13px;\">13\/12\/13<\/p><p style=\"margin-top: 13px; margin-bottom: 13px; padding: 0px 0px 0px 30px; color: #696969; font-family: Tahoma, Arial, Helvetica, sans-serif; font-size: 13px;\">14 h<br \/><strong>Introdu\u00e7\u00e3o \u00e0s Leituras<\/strong>\u00a0\u2013 Maur\u00edcio Viotti Daker (UFMG)<\/p><p style=\"margin-top: 13px; margin-bottom: 13px; padding: 0px 0px 0px 30px; color: #696969; font-family: Tahoma, Arial, Helvetica, sans-serif; font-size: 13px;\">14 h 30 min.<br \/><strong>Leituras I<\/strong><br \/>Coordena\u00e7\u00e3o: Roberto Schmidlin (Projeto extens\u00e3o UFMG)<\/p><p style=\"margin-top: 13px; margin-bottom: 13px; padding: 0px 0px 0px 30px; color: #696969; font-family: Tahoma, Arial, Helvetica, sans-serif; font-size: 13px;\"><strong>Fenomenologia e Psicopatologia: em busca de um m\u00e9todo<\/strong><br \/>Programa de Resid\u00eancia M\u00e9dica \u2013 IPSEMG<br \/>Residente: Marina Amaral Tavares<br \/>Preceptor: Paulo Jos\u00e9 Teixeira<\/p><p style=\"margin-top: 13px; margin-bottom: 13px; padding: 0px 0px 0px 30px; color: #696969; font-family: Tahoma, Arial, Helvetica, sans-serif; font-size: 13px;\"><strong>Forma e conte\u00fado na psicopatologia de Jaspers<\/strong><br \/>Programa de Resid\u00eancia M\u00e9dica \u2013 Hospital Regional de Betim<br \/>Residente: Maria Elvira Anastasia<br \/>Preceptor: Vin\u00edcius Tavares<\/p><p style=\"margin-top: 13px; margin-bottom: 13px; padding: 0px 0px 0px 30px; color: #696969; font-family: Tahoma, Arial, Helvetica, sans-serif; font-size: 13px;\"><strong>Jaspers e a neuroci\u00eancia<\/strong><br \/>Programa de Resid\u00eancia M\u00e9dica \u2013 HC-UFMG<br \/>Residente: Paula Januzzi<br \/>Preceptor: Maur\u00edcio Viotti Daker<\/p><p style=\"margin-top: 13px; margin-bottom: 13px; padding: 0px 0px 0px 30px; color: #696969; font-family: Tahoma, Arial, Helvetica, sans-serif; font-size: 13px;\">17 h<br \/><strong>Leituras II<\/strong><br \/>Coordena\u00e7\u00e3o: Elie Cheniaux (UFRJ\/UERJ)<\/p><p style=\"margin-top: 13px; margin-bottom: 13px; padding: 0px 0px 0px 30px; color: #696969; font-family: Tahoma, Arial, Helvetica, sans-serif; font-size: 13px;\"><strong>Princ\u00edpios hier\u00e1rquicos de Karl Jaspers e a classifica\u00e7\u00e3o psiqui\u00e1trica corrente<\/strong><br \/>Programa de Resid\u00eancia M\u00e9dica \u2013 Hospital de Ensino Instituto Raul Soares<br \/>Residente: Saulo Carvalho (CEGV)<br \/>Preceptor: Simone Scarioli<\/p><p style=\"margin-top: 13px; margin-bottom: 13px; padding: 0px 0px 0px 30px; color: #696969; font-family: Tahoma, Arial, Helvetica, sans-serif; font-size: 13px;\"><strong>O self na esquizofrenia: Jaspers, Schneider e al\u00e9m<\/strong><br \/>Programa de Resid\u00eancia M\u00e9dica \u2013 Hospital de Ensino Instituto Raul Soares<br \/>Residente: Guilherme Beltrame (CEGV)<br \/>Preceptor: H\u00e9lio Lauar<\/p><p style=\"margin-top: 13px; margin-bottom: 13px; padding: 0px 0px 0px 30px; color: #696969; font-family: Tahoma, Arial, Helvetica, sans-serif; font-size: 13px;\"><strong>Processo e desenvolvimento em pacientes man\u00edacos e melanc\u00f3licos depressivos<\/strong><br \/>Programa de Resid\u00eancia M\u00e9dica \u2013 Barbacena<br \/>Residentes: Rafael Lima, Edson Brand\u00e3o<br \/>Preceptor: Carlos Eduardo Leal Vidal<\/p><p style=\"margin-top: 13px; margin-bottom: 13px; padding: 0px 0px 0px 30px; color: #696969; font-family: Tahoma, Arial, Helvetica, sans-serif; font-size: 13px;\">19 h 30 min.<br \/><strong>Confer\u00eancia I<\/strong>\u00a0\u2013 Elie Cheniaux (UFRJ\/UERJ)<br \/>Psicopatologia descritiva: mania<br \/>Coordenador: Alan de Freitas Passos (AAP-MG)<\/p><p style=\"margin-top: 13px; margin-bottom: 13px; padding: 0px 0px 0px 30px; color: #696969; font-family: Tahoma, Arial, Helvetica, sans-serif; font-size: 13px;\">20 h 30 min.<br \/><strong>Confer\u00eancia II<\/strong>\u00a0\u2013 Guilherme Peres Messas (FCMSCSP)<br \/>Jaspers e al\u00e9m na fenomenologia: estruturas, perspectivas, projetos<br \/>Coordenador: Maur\u00edcio Le\u00e3o de Rezende (AMP)<\/p><p style=\"margin-top: 13px; margin-bottom: 13px; padding: 0px 0px 0px 30px; color: #696969; font-family: Tahoma, Arial, Helvetica, sans-serif; font-size: 13px;\">14\/12\/13<\/p><p style=\"margin-top: 13px; margin-bottom: 13px; padding: 0px 0px 0px 30px; color: #696969; font-family: Tahoma, Arial, Helvetica, sans-serif; font-size: 13px;\">9 h<br \/><strong>A Psicopatologia no ensino da resid\u00eancia: perguntas e respostas<\/strong><br \/>Convidados:Elie Cheniaux, Guilherme Peres Messas, Paulo Dalgalarrondo<br \/>Coordena\u00e7\u00e3o e debate: Rafael Miranda (CEGV), Vitor Figueiredo Am\u00e9rico (CEGV)<\/p><p style=\"margin-top: 13px; margin-bottom: 13px; padding: 0px 0px 0px 30px; color: #696969; font-family: Tahoma, Arial, Helvetica, sans-serif; font-size: 13px;\">10 h 30 min.<br \/><strong>Confer\u00eancia III<\/strong>\u00a0\u2013 Paulo Dalgalarrondo (Unicamp)<br \/>Doen\u00e7a mental e criatividade em Jaspers<br \/>Coordena\u00e7\u00e3o: Raimundo Jorge Mour\u00e3o (CEGV)<\/p><p style=\"margin-top: 13px; margin-bottom: 13px; padding: 0px 0px 0px 30px; color: #696969; font-family: Tahoma, Arial, Helvetica, sans-serif; font-size: 13px;\">11 h 30 min.<br \/><strong>Encerramento com homenagem a Sylvio Magalh\u00e3es Velloso<\/strong><br \/>Carlos Eduardo Lages Bel\u00e9m (CEGV), Maur\u00edcio Viotti Daker (UFMG)<\/p>\t\t\t\t\t\t\t\t<\/div>\n\t\t\t\t<\/div>\n\t\t\t\t\t<\/div>\n\t\t<\/div>\n\t\t\t\t\t<\/div>\n\t\t<\/section>\n\t\t\t\t<\/div>\n\t\t","protected":false},"excerpt":{"rendered":"<p>Leituras Selecionadas: Jaspers II Encontro Mineiro de Residentes de Psiquiatria Organiza\u00e7\u00e3oCentro de Estudos Galba Velloso \u2013 CEGV. Grupo de Investiga\u00e7\u00e3o em Psicopatologia [&hellip;]<\/p>\n","protected":false},"author":101,"featured_media":0,"parent":0,"menu_order":0,"comment_status":"closed","ping_status":"closed","template":"","meta":{"footnotes":""},"class_list":["post-442","page","type-page","status-publish","hentry"],"_links":{"self":[{"href":"https:\/\/www.medicina.ufmg.br\/cins\/wp-json\/wp\/v2\/pages\/442","targetHints":{"allow":["GET"]}}],"collection":[{"href":"https:\/\/www.medicina.ufmg.br\/cins\/wp-json\/wp\/v2\/pages"}],"about":[{"href":"https:\/\/www.medicina.ufmg.br\/cins\/wp-json\/wp\/v2\/types\/page"}],"author":[{"embeddable":true,"href":"https:\/\/www.medicina.ufmg.br\/cins\/wp-json\/wp\/v2\/users\/101"}],"replies":[{"embeddable":true,"href":"https:\/\/www.medicina.ufmg.br\/cins\/wp-json\/wp\/v2\/comments?post=442"}],"version-history":[{"count":3,"href":"https:\/\/www.medicina.ufmg.br\/cins\/wp-json\/wp\/v2\/pages\/442\/revisions"}],"predecessor-version":[{"id":446,"href":"https:\/\/www.medicina.ufmg.br\/cins\/wp-json\/wp\/v2\/pages\/442\/revisions\/446"}],"wp:attachment":[{"href":"https:\/\/www.medicina.ufmg.br\/cins\/wp-json\/wp\/v2\/media?parent=442"}],"curies":[{"name":"wp","href":"https:\/\/api.w.org\/{rel}","templated":true}]}}