{"id":447,"date":"2019-08-22T17:53:36","date_gmt":"2019-08-22T17:53:36","guid":{"rendered":"https:\/\/www.medicina.ufmg.br\/cins-novo\/?page_id=447"},"modified":"2020-07-15T15:49:16","modified_gmt":"2020-07-15T18:49:16","slug":"apoio-ao-ensino","status":"publish","type":"page","link":"https:\/\/www.medicina.ufmg.br\/cins\/apoio-ao-ensino\/","title":{"rendered":"Apoio ao Ensino"},"content":{"rendered":"\t\t<div data-elementor-type=\"wp-post\" data-elementor-id=\"447\" class=\"elementor elementor-447\">\n\t\t\t\t\t\t<section class=\"elementor-section elementor-top-section elementor-element elementor-element-55e6984 elementor-section-boxed elementor-section-height-default elementor-section-height-default\" data-id=\"55e6984\" data-element_type=\"section\">\n\t\t\t\t\t\t<div class=\"elementor-container elementor-column-gap-default\">\n\t\t\t\t\t<div class=\"elementor-column elementor-col-33 elementor-top-column elementor-element elementor-element-85da63d\" data-id=\"85da63d\" data-element_type=\"column\">\n\t\t\t<div class=\"elementor-widget-wrap elementor-element-populated\">\n\t\t\t\t\t\t<div class=\"elementor-element elementor-element-eb24446 elementor-widget elementor-widget-text-editor\" data-id=\"eb24446\" data-element_type=\"widget\" data-widget_type=\"text-editor.default\">\n\t\t\t\t<div class=\"elementor-widget-container\">\n\t\t\t\t\t\t\t\t\t<div class=\"art-content-layout\" style=\"width: 1130px; border-collapse: collapse; color: #696969; font-family: Tahoma, Arial, Helvetica, sans-serif; font-size: 13px;\"><div class=\"art-content-layout-row\"><div class=\"art-layout-cell layout-item-3\" style=\"vertical-align: top; color: #474747; background: #f7f7f7; padding: 15px; width: 1100px;\"><h2 style=\"margin-bottom: 0px; padding: 0px; font-size: 22px; font-family: Verdana, Geneva, Arial, Helvetica, sans-serif; font-weight: normal; line-height: 26.4px; color: #808080;\"><span style=\"text-decoration: underline;\"><span style=\"color: #000000; text-decoration: underline;\">V\u00eddeos Educacionais<\/span><\/span><\/h2><\/div><\/div><\/div><div class=\"art-content-layout-wrapper layout-item-4\" style=\"margin-bottom: 15px; color: #696969; font-family: Tahoma, Arial, Helvetica, sans-serif; font-size: 13px;\"><div class=\"art-content-layout\" style=\"width: 1130px; border-collapse: collapse;\"><div class=\"art-content-layout-row\"><div class=\"art-layout-cell layout-item-5\" style=\"vertical-align: top; border-right: 1px solid #dedede; padding-right: 15px; padding-left: 15px; width: 343px;\"><h4 style=\"margin-bottom: 0px; padding: 0px; font-size: 18px; font-family: Verdana, Geneva, Arial, Helvetica, sans-serif; font-weight: normal; line-height: 21.6px;\"><span style=\"color: #000000;\">\u00a0<\/span><\/h4><h4 style=\"margin-bottom: 0px; padding: 0px; font-size: 18px; font-family: Verdana, Geneva, Arial, Helvetica, sans-serif; font-weight: normal; line-height: 21.6px;\"><span style=\"color: #000000;\">Apoio \u00e0 Gradua\u00e7\u00e3o e P\u00f3s-Gradua\u00e7\u00e3o<\/span><\/h4><p><span style=\"color: #000000; font-family: Verdana, Geneva, Arial, Helvetica, sans-serif; font-size: 15px;\"><br \/>Conceitos e ferramentas da Epidemiologia\u00a0<\/span><\/p><p style=\"margin-top: 13px; margin-bottom: 13px; padding: 0px 0px 0px 20px;\"><span style=\"color: #333399;\"><a style=\"margin: 0px; padding: 0px; line-height: 22.75px; color: #333399;\" href=\"http:\/\/www.youtube.com\/watch?v=BwQ2AhPC-ek\" target=\"_blank\" rel=\"noopener\">Conceitos de Epidemiologia\u00a0<br \/><\/a><span style=\"color: #000000;\">UNASUS<\/span><\/span><\/p><p style=\"margin-top: 13px; margin-bottom: 13px; padding: 0px 0px 0px 20px;\"><span style=\"color: #333399;\"><a style=\"margin: 0px; padding: 0px; line-height: 22.75px; color: #333399;\" href=\"http:\/\/www.youtube.com\/watch?v=xzGalHQv8e0\" target=\"_blank\" rel=\"noopener\">Indicadores de Sa\u00fade\u00a0<br \/><\/a><span style=\"color: #000000;\">UNASUS<\/span><\/span><\/p><p style=\"margin-top: 13px; margin-bottom: 13px; padding: 0px 0px 0px 20px;\"><a style=\"margin: 0px; padding: 0px; line-height: 22.75px; color: #9c9c9c;\" href=\"http:\/\/www.youtube.com\/watch?v=nACSaI4fEK4\" target=\"_blank\" rel=\"noopener\"><span style=\"color: #333399;\">Sistema de Informa\u00e7\u00f5es em Sa\u00fade (SIS)\u00a0<\/span><br \/><\/a><span style=\"color: #000000;\">UNASUS<\/span><\/p><h5 style=\"margin-bottom: 0px; padding: 0px; font-size: 15px; font-family: Verdana, Geneva, Arial, Helvetica, sans-serif; font-weight: normal; line-height: 18px; color: #292929;\">Eventos<\/h5><p style=\"margin-top: 13px; margin-bottom: 13px; padding: 0px 0px 0px 20px;\"><a style=\"margin: 0px; padding: 0px; line-height: 22.75px; color: #9c9c9c;\" href=\"https:\/\/www.medicina.ufmg.br\/cins\/jaspers\/\" target=\"_blank\" rel=\"noopener\"><span style=\"color: #333399;\">Leituras selecionadas: Jaspers (Psicopatologia)<\/span><br \/><span style=\"color: #333399;\">II Encontro Mineiro de Residentes de Psiquiatria<\/span><br \/><\/a>Prof. Dr. Maur\u00edcio Viotti Daker, SAM-UFMG<\/p><h5 style=\"margin-bottom: 0px; padding: 0px; font-size: 15px; font-family: Verdana, Geneva, Arial, Helvetica, sans-serif; font-weight: normal; line-height: 18px; color: #292929;\">Reda\u00e7\u00e3o cient\u00edfica<\/h5><p style=\"margin-top: 13px; margin-bottom: 13px; padding: 0px 0px 0px 20px;\"><a style=\"margin: 0px; padding: 0px; line-height: 22.75px; color: #9c9c9c;\" href=\"http:\/\/www.gilsonvolpato.com.br\/\" target=\"_blank\" rel=\"noopener\"><span style=\"color: #333399;\">M\u00e9todo l\u00f3gico de reda\u00e7\u00e3o cient\u00edfica\u00a0<\/span><br \/><\/a>Prof. Gilson Volpato, USP \u2013 S\u00e3o Carlos<\/p><p style=\"margin-top: 13px; margin-bottom: 13px; padding: 0px 0px 0px 20px;\"><a style=\"margin: 0px; padding: 0px; line-height: 22.75px; color: #9c9c9c;\" href=\"http:\/\/www.escritacientifica.sc.usp.br\/\" target=\"_blank\" rel=\"noopener\"><span style=\"color: #333399;\">Escrita cient\u00edfica\u00a0<\/span><br \/><\/a>Edgar Zanoto,\u00a0USP \u2013 S\u00e3o Carlos<\/p><\/div><\/div><\/div><\/div>\t\t\t\t\t\t\t\t<\/div>\n\t\t\t\t<\/div>\n\t\t\t\t\t<\/div>\n\t\t<\/div>\n\t\t\t\t<div class=\"elementor-column elementor-col-33 elementor-top-column elementor-element elementor-element-6b8a5a5\" data-id=\"6b8a5a5\" data-element_type=\"column\">\n\t\t\t<div class=\"elementor-widget-wrap elementor-element-populated\">\n\t\t\t\t\t\t<div class=\"elementor-element elementor-element-1e532a2 elementor-widget elementor-widget-text-editor\" data-id=\"1e532a2\" data-element_type=\"widget\" data-widget_type=\"text-editor.default\">\n\t\t\t\t<div class=\"elementor-widget-container\">\n\t\t\t\t\t\t\t\t\t<h4 style=\"margin-bottom: 0px;padding: 0px;font-size: 18px;font-family: Verdana, Geneva, Arial, Helvetica, sans-serif;font-weight: normal;line-height: 21.6px;color: #696969\">\u00a0<\/h4><h4 style=\"margin-bottom: 0px;padding: 0px;font-size: 18px;font-family: Verdana, Geneva, Arial, Helvetica, sans-serif;font-weight: normal;line-height: 21.6px;color: #696969\">\u00a0<\/h4><h4 style=\"margin-bottom: 0px;padding: 0px;font-size: 18px;font-family: Verdana, Geneva, Arial, Helvetica, sans-serif;font-weight: normal;line-height: 21.6px;color: #696969\">\u00a0<\/h4><h4 style=\"margin-bottom: 0px;padding: 0px;font-size: 18px;font-family: Verdana, Geneva, Arial, Helvetica, sans-serif;font-weight: normal;line-height: 21.6px;color: #696969\"><span style=\"color: #000000\">Software de uso acad\u00eamico\u00a0<\/span><\/h4><p><br style=\"color: #696969;font-family: Tahoma, Arial, Helvetica, sans-serif;font-size: 13px\" \/><span style=\"color: #292929;font-family: Verdana, Geneva, Arial, Helvetica, sans-serif;font-size: 15px;line-height: 18px\">Inform\u00e1tica<\/span><\/p><p style=\"margin-top: 13px;margin-bottom: 13px;padding: 0px 0px 0px 20px;color: #696969;font-family: Tahoma, Arial, Helvetica, sans-serif;font-size: 13px\"><a style=\"margin: 0px;padding: 0px;line-height: 22.75px;color: #9c9c9c\" href=\"http:\/\/www.ev.org.br\/Cursos\/Paginas\/Online.aspx\" target=\"_blank\" rel=\"noopener\"><span style=\"color: #333399\">Escola virtual\u00a0<\/span><br \/><\/a>Funda\u00e7\u00e3o BRADESCO<\/p><p><span style=\"color: #292929;font-family: Verdana, Geneva, Arial, Helvetica, sans-serif;font-size: 15px;line-height: 18px\">Office<\/span><\/p><p style=\"margin-top: 13px;margin-bottom: 13px;padding: 0px 0px 0px 20px;color: #696969;font-family: Tahoma, Arial, Helvetica, sans-serif;font-size: 13px\"><a style=\"margin: 0px;padding: 0px;line-height: 22.75px;color: #9c9c9c\" href=\"http:\/\/office.microsoft.com\/pt-br\/support\/treinamento-FX010056500.aspx\" target=\"_blank\" rel=\"noopener\"><span style=\"color: #333399\">Treinamento em Office\u00a0<\/span><br \/><\/a>(Word, Excell, Powerpoint) Microsoft<\/p><p><span style=\"color: #292929;font-family: Verdana, Geneva, Arial, Helvetica, sans-serif;font-size: 15px;line-height: 18px\">Prezi<\/span><\/p><p style=\"margin-top: 13px;margin-bottom: 13px;padding: 0px 0px 0px 20px;color: #696969;font-family: Tahoma, Arial, Helvetica, sans-serif;font-size: 13px\"><a style=\"margin: 0px;padding: 0px;line-height: 22.75px;color: #9c9c9c\" href=\"http:\/\/www.prezibrasil.com.br\/category\/tutorial-prezi\/\" target=\"_blank\" rel=\"noopener\"><span style=\"color: #333399\">Tutorial Prezi\u00a0<\/span><br \/><\/a>Prezi Brasil<\/p><p>Exemplos de Prezi:<\/p><p style=\"margin-top: 13px;margin-bottom: 13px;padding: 0px 0px 0px 20px;color: #696969;font-family: Tahoma, Arial, Helvetica, sans-serif;font-size: 13px\"><a style=\"margin: 0px;padding: 0px;line-height: 22.75px;color: #9c9c9c\" href=\"http:\/\/prezi.com\/pakheakeh3is\/?utm_campaign=share&amp;utm_medium=copy\" target=\"_blank\" rel=\"noopener\"><span style=\"color: #333399\">Novas ferramentas para uso em ensino e pesquisa<\/span><br \/><\/a>Autora: Prof.\u00aa Zilma Reis<br \/>Design: Dimitri Santos \u2013 CINS<\/p><p style=\"margin-top: 13px;margin-bottom: 13px;padding: 0px 0px 0px 20px;color: #696969;font-family: Tahoma, Arial, Helvetica, sans-serif;font-size: 13px\"><a style=\"margin: 0px;padding: 0px;line-height: 22.75px;color: #9c9c9c\" href=\"http:\/\/prezi.com\/evyhwev8lsib\/?utm_campaign=share&amp;utm_medium=copy\" target=\"_blank\" rel=\"noopener\"><span style=\"color: #333399\">No mundo da internet<\/span><br \/><span style=\"color: #333399\">Como garantir audi\u00eancia em sala de aula?<\/span><br \/><\/a>Autora: Prof.\u00aa Zilma Reis<br \/>Design: Dimitri Santos \u2013 CINS<\/p>\t\t\t\t\t\t\t\t<\/div>\n\t\t\t\t<\/div>\n\t\t\t\t\t<\/div>\n\t\t<\/div>\n\t\t\t\t<div class=\"elementor-column elementor-col-33 elementor-top-column elementor-element elementor-element-18299be\" data-id=\"18299be\" data-element_type=\"column\">\n\t\t\t<div class=\"elementor-widget-wrap elementor-element-populated\">\n\t\t\t\t\t\t<div class=\"elementor-element elementor-element-016be1e elementor-widget elementor-widget-text-editor\" data-id=\"016be1e\" data-element_type=\"widget\" data-widget_type=\"text-editor.default\">\n\t\t\t\t<div class=\"elementor-widget-container\">\n\t\t\t\t\t\t\t\t\t<h4 style=\"margin-bottom: 0px;padding: 0px;font-size: 18px;font-family: Verdana, Geneva, Arial, Helvetica, sans-serif;font-weight: normal;line-height: 21.6px;color: #696969\">\u00a0<\/h4><h4 style=\"margin-bottom: 0px;padding: 0px;font-size: 18px;font-family: Verdana, Geneva, Arial, Helvetica, sans-serif;font-weight: normal;line-height: 21.6px;color: #696969\">\u00a0<\/h4><h4 style=\"margin-bottom: 0px;padding: 0px;font-size: 18px;font-family: Verdana, Geneva, Arial, Helvetica, sans-serif;font-weight: normal;line-height: 21.6px;color: #696969\">\u00a0<\/h4><h4 style=\"margin-bottom: 0px;padding: 0px;font-size: 18px;font-family: Verdana, Geneva, Arial, Helvetica, sans-serif;font-weight: normal;line-height: 21.6px;color: #696969\"><span style=\"color: #000000\">Inform\u00e1tica em Apoio \u00e0 Sa\u00fade\u00a0<\/span><\/h4><p><br style=\"color: #696969;font-family: Tahoma, Arial, Helvetica, sans-serif;font-size: 13px\" \/><span style=\"color: #292929;font-family: Verdana, Geneva, Arial, Helvetica, sans-serif;font-size: 15px;line-height: 18px\">Conceitos e ferramentas da Epidemiologia<\/span><\/p><p style=\"margin-top: 13px;margin-bottom: 13px;padding: 0px 0px 0px 20px;color: #696969;font-family: Tahoma, Arial, Helvetica, sans-serif;font-size: 13px\"><span style=\"color: #333399\"><a style=\"margin: 0px;padding: 0px;line-height: 22.75px;color: #333399\" href=\"http:\/\/www.youtube.com\/watch?v=nACSaI4fEK4\" target=\"_blank\" rel=\"noopener\">Sistema de Informa\u00e7\u00f5es em Sa\u00fade (SIS)\u00a0<br \/>UNASUS\u00a0<\/a><\/span><\/p><p><span style=\"color: #292929;font-family: Verdana, Geneva, Arial, Helvetica, sans-serif;font-size: 15px;line-height: 18px\">Tecnologia da Informa\u00e7\u00e3o em Sa\u00fade<\/span><\/p><p style=\"margin-top: 13px;margin-bottom: 13px;padding: 0px 0px 0px 20px;color: #696969;font-family: Tahoma, Arial, Helvetica, sans-serif;font-size: 13px\"><a style=\"margin: 0px;padding: 0px;line-height: 22.75px;color: #9c9c9c\" href=\"http:\/\/www.youtube.com\/watch?v=AFE5FrHR6cs&amp;feature=share\" target=\"_blank\" rel=\"noopener\"><span style=\"color: #333399\">Healthcare IT Live! #17\u00a0<\/span><br \/><\/a><span style=\"color: #292929;font-family: Verdana, Geneva, Arial, Helvetica, sans-serif;font-size: 15px;line-height: 18px\"><span style=\"color: #696969;font-family: Tahoma, Arial, Helvetica, sans-serif;font-size: 13px;line-height: 22px\">(en) Prof. Jeremy Wyatt, University of Leeds<\/span><\/span><\/p><p><span style=\"color: #292929;font-family: Verdana, Geneva, Arial, Helvetica, sans-serif;font-size: 15px;line-height: 18px\">Semin\u00e1rios<\/span><\/p><p style=\"margin-top: 13px;margin-bottom: 13px;padding: 0px 0px 0px 20px;color: #696969;font-family: Tahoma, Arial, Helvetica, sans-serif;font-size: 13px\"><a style=\"margin: 0px;padding: 0px;line-height: 22.75px;color: #9c9c9c\" href=\"http:\/\/www.youtube.com\/watch?v=d2-RlyUdLio&amp;feature=share&amp;list=PLnRJ6im7-YOCOTdID4m6b2Xc9Vv9V00K6\" target=\"_blank\" rel=\"noopener\"><span style=\"color: #333399\">I Semin\u00e1rio Normaliza\u00e7\u00e3o de Registros Cl\u00ednicos\/CINS\u00a0<\/span><br \/><\/a>(Introdu\u00e7\u00e3o ao padr\u00e3o de arqu\u00e9tipos open<span style=\"font-style: italic\">EHR<\/span>)<\/p><ul><li><span style=\"color: #333399\"><a style=\"margin: 0px;padding: 0px;line-height: 22.75px;color: #333399\" href=\"http:\/\/www.youtube.com\/watch?v=d2-RlyUdLio&amp;feature=share&amp;list=PLnRJ6im7-YOCOTdID4m6b2Xc9Vv9V00K6\" target=\"_blank\" rel=\"noopener\">Dr. Gustavo Bacelar<\/a>,<\/span> openEHR Brasil<\/li><li><span style=\"color: #333399\"><a style=\"margin: 0px;padding: 0px;line-height: 22.75px;color: #333399\" href=\"http:\/\/www.youtube.com\/watch?v=X-MV95yxm8I&amp;feature=share&amp;list=PLnRJ6im7-YOCOTdID4m6b2Xc9Vv9V00K6\" target=\"_blank\" rel=\"noopener\">Dr.\u00aa Rigoleta Dias<\/a><\/span>, CASNAV-Marinha do Brasil<\/li><li><span style=\"color: #333399\"><a style=\"margin: 0px;padding: 0px;line-height: 22.75px;color: #333399\" href=\"http:\/\/www.youtube.com\/watch?v=yvwfnF9gRXE&amp;feature=share&amp;list=PLnRJ6im7-YOCOTdID4m6b2Xc9Vv9V00K6\" target=\"_blank\" rel=\"noopener\">Prof. Claudio de Souza<\/a><\/span>, UFMG\/CFM<\/li><li><span style=\"color: #333399\"><a style=\"margin: 0px;padding: 0px;line-height: 22.75px;color: #333399\" href=\"http:\/\/www.youtube.com\/watch?v=MgJc0RBeUqc&amp;feature=share&amp;list=PLnRJ6im7-YOCOTdID4m6b2Xc9Vv9V00K6\" target=\"_blank\" rel=\"noopener\">Rodrigo Queiroga<\/a><\/span>\u00a0e<span style=\"color: #333399\">\u00a0<a style=\"margin: 0px;padding: 0px;line-height: 22.75px;color: #333399\" href=\"http:\/\/www.youtube.com\/watch?v=H4rbc9BFzIs&amp;feature=share&amp;list=PLnRJ6im7-YOCOTdID4m6b2Xc9Vv9V00K6\" target=\"_blank\" rel=\"noopener\">Thais Abreu Maia<\/a><\/span>, SES-MG<\/li><li><span style=\"color: #333399\"><a style=\"margin: 0px;padding: 0px;line-height: 22.75px;color: #333399\" href=\"http:\/\/www.youtube.com\/watch?v=xpzR2yCU2b4&amp;feature=share&amp;list=PLnRJ6im7-YOCOTdID4m6b2Xc9Vv9V00K6\" target=\"_blank\" rel=\"noopener\">Dr. Sam Heard<\/a><\/span>, open<span style=\"font-style: italic\">EHR<\/span>\/Ocean Informatics<\/li><\/ul><p style=\"margin-top: 13px;margin-bottom: 13px;padding: 0px 0px 0px 20px;color: #696969;font-family: Tahoma, Arial, Helvetica, sans-serif;font-size: 13px\">Organiza\u00e7\u00e3o: Zilma Reis, Cooredenadora do CINS Apoio: SES-MG e CETES<\/p>\t\t\t\t\t\t\t\t<\/div>\n\t\t\t\t<\/div>\n\t\t\t\t\t<\/div>\n\t\t<\/div>\n\t\t\t\t\t<\/div>\n\t\t<\/section>\n\t\t\t\t<section class=\"elementor-section elementor-top-section elementor-element elementor-element-6f8efc7 elementor-section-boxed elementor-section-height-default elementor-section-height-default\" data-id=\"6f8efc7\" data-element_type=\"section\">\n\t\t\t\t\t\t<div class=\"elementor-container elementor-column-gap-default\">\n\t\t\t\t\t<div class=\"elementor-column elementor-col-100 elementor-top-column elementor-element elementor-element-d5f0273\" data-id=\"d5f0273\" data-element_type=\"column\">\n\t\t\t<div class=\"elementor-widget-wrap elementor-element-populated\">\n\t\t\t\t\t\t<div class=\"elementor-element elementor-element-9b70d04 elementor-widget elementor-widget-text-editor\" data-id=\"9b70d04\" data-element_type=\"widget\" data-widget_type=\"text-editor.default\">\n\t\t\t\t<div class=\"elementor-widget-container\">\n\t\t\t\t\t\t\t\t\t<div class=\"art-content-layout-wrapper layout-item-4\" style=\"margin-bottom: 15px;color: #696969;font-family: Tahoma, Arial, Helvetica, sans-serif;font-size: 13px\"><div class=\"art-content-layout layout-item-7\" style=\"width: 1130px;border-collapse: collapse;color: #474747;background: #f7f7f7\"><div class=\"art-content-layout-row\"><div class=\"art-layout-cell layout-item-8\" style=\"vertical-align: top;border-right: 1px solid #dedede;padding: 15px;width: 1100px\"><h2 style=\"margin-bottom: 0px;padding: 0px;font-size: 22px;font-family: Verdana, Geneva, Arial, Helvetica, sans-serif;font-weight: normal;line-height: 26.4px;color: #808080\">Cursos Online<\/h2><\/div><\/div><\/div><\/div><div class=\"art-content-layout-wrapper layout-item-4\" style=\"margin-bottom: 15px;color: #696969;font-family: Tahoma, Arial, Helvetica, sans-serif;font-size: 13px\"><div class=\"art-content-layout\" style=\"width: 1130px;border-collapse: collapse\"><div class=\"art-content-layout-row\"><div class=\"art-layout-cell layout-item-5\" style=\"vertical-align: top;border-right: 1px solid #dedede;padding-right: 15px;padding-left: 15px;width: 343px\"><h4 style=\"margin-bottom: 0px;padding: 0px;font-size: 18px;font-family: Verdana, Geneva, Arial, Helvetica, sans-serif;font-weight: normal;line-height: 21.6px;color: #696969\"><a style=\"margin: 0px;padding: 0px;line-height: 21.6px;color: #9c9c9c\" href=\"http:\/\/coursera.org\/\">Coursera<\/a><\/h4><\/div><div class=\"art-layout-cell layout-item-5\" style=\"vertical-align: top;border-right: 1px solid #dedede;padding-right: 15px;padding-left: 15px;width: 726px\">Coursera \u00e9 uma empresa de educa\u00e7\u00e3o que tem parceria com as melhores universidades e organiza\u00e7\u00f5es em todo o mundo para oferecer cursos on-line para qualquer um cursar gratuitamente.<\/div><\/div><\/div><\/div><div class=\"art-content-layout-wrapper layout-item-4\" style=\"margin-bottom: 15px;color: #696969;font-family: Tahoma, Arial, Helvetica, sans-serif;font-size: 13px\"><div class=\"art-content-layout layout-item-7\" style=\"width: 1130px;border-collapse: collapse;color: #474747;background: #f7f7f7\"><div class=\"art-content-layout-row\"><div class=\"art-layout-cell layout-item-8\" style=\"vertical-align: top;border-right: 1px solid #dedede;padding: 15px;width: 1100px\"><h2 style=\"margin-bottom: 0px;padding: 0px;font-size: 22px;font-family: Verdana, Geneva, Arial, Helvetica, sans-serif;font-weight: normal;line-height: 26.4px;color: #808080\">Tutoriais CINS<\/h2><\/div><\/div><\/div><\/div><div class=\"art-content-layout-wrapper layout-item-4\" style=\"margin-bottom: 15px;color: #696969;font-family: Tahoma, Arial, Helvetica, sans-serif;font-size: 13px\"><div class=\"art-content-layout\" style=\"width: 1130px;border-collapse: collapse\"><div class=\"art-content-layout-row\"><div class=\"art-layout-cell layout-item-5\" style=\"vertical-align: top;border-right: 1px solid #dedede;padding-right: 15px;padding-left: 15px;width: 343px\"><h4 style=\"margin-bottom: 0px;padding: 0px;font-size: 18px;font-family: Verdana, Geneva, Arial, Helvetica, sans-serif;font-weight: normal;line-height: 21.6px;color: #696969\"><a style=\"margin: 0px;padding: 0px;line-height: 21.6px;color: #9c9c9c\" href=\"https:\/\/www.medicina.ufmg.br\/cins\/acesso-a-arquivos-pdf\/\">Acesso a Arquivos PDF<\/a><\/h4><\/div><div class=\"art-layout-cell layout-item-5\" style=\"vertical-align: top;border-right: 1px solid #dedede;padding-right: 15px;padding-left: 15px;width: 726px\">O formato PDF \u00e9 amplamente utilizado na distribui\u00e7\u00e3o de documentos online mas a desatualiza\u00e7\u00e3o dos navegadores pode impossibilitar sua visualiza\u00e7\u00e3o. Acesse o tutorial com links para as vers\u00f5es mais atuais dos navegadores e leitor de PDF.<\/div><\/div><\/div><\/div><div class=\"art-content-layout-wrapper layout-item-4\" style=\"margin-bottom: 15px;color: #696969;font-family: Tahoma, Arial, Helvetica, sans-serif;font-size: 13px\"><div class=\"art-content-layout\" style=\"width: 1130px;border-collapse: collapse\"><div class=\"art-content-layout-row\"><div class=\"art-layout-cell layout-item-5\" style=\"vertical-align: top;border-right: 1px solid #dedede;padding-right: 15px;padding-left: 15px;width: 343px\"><h4 style=\"margin-bottom: 0px;padding: 0px;font-size: 18px;font-family: Verdana, Geneva, Arial, Helvetica, sans-serif;font-weight: normal;line-height: 21.6px;color: #696969\"><a style=\"margin: 0px;padding: 0px;line-height: 21.6px;color: #9c9c9c\" href=\"http:\/\/www.youtube.com\/watch?v=6nrypvR8suc&amp;feature=share&amp;list=PLnRJ6im7-YOBxqkq6cqbEnci3zJCH8HzV\">Sorteio de Optativas<\/a><\/h4><\/div><div class=\"art-layout-cell layout-item-5\" style=\"vertical-align: top;border-right: 1px solid #dedede;padding-right: 15px;padding-left: 15px;width: 726px\">Acompanhe o envio de proposta para o sorteio de optativas, o acompanhamento dos resultados e a atualiza\u00e7\u00e3o de sua proposta para os sorteios subsequentes.<\/div><\/div><\/div><\/div>\t\t\t\t\t\t\t\t<\/div>\n\t\t\t\t<\/div>\n\t\t\t\t\t<\/div>\n\t\t<\/div>\n\t\t\t\t\t<\/div>\n\t\t<\/section>\n\t\t\t\t<section class=\"elementor-section elementor-top-section elementor-element elementor-element-7d6db1b elementor-section-boxed elementor-section-height-default elementor-section-height-default\" data-id=\"7d6db1b\" data-element_type=\"section\">\n\t\t\t\t\t\t<div class=\"elementor-container elementor-column-gap-default\">\n\t\t\t\t\t<div class=\"elementor-column elementor-col-100 elementor-top-column elementor-element elementor-element-3d663f9\" data-id=\"3d663f9\" data-element_type=\"column\">\n\t\t\t<div class=\"elementor-widget-wrap elementor-element-populated\">\n\t\t\t\t\t\t<div class=\"elementor-element elementor-element-e432734 elementor-widget elementor-widget-text-editor\" data-id=\"e432734\" data-element_type=\"widget\" data-widget_type=\"text-editor.default\">\n\t\t\t\t<div class=\"elementor-widget-container\">\n\t\t\t\t\t\t\t\t\t<p style=\"text-align: center\">Aten\u00e7\u00e3o: estes cursos est\u00e3o gratuitamente disponbilizados na internet e os direitos autorais preservados \u00e0s institui\u00e7\u00f5es de ensino, autores e\/ou empresas envolvidas. O CINS apenas selecionou os que considera e recomenda como sendo os mais importantes para sua forma\u00e7\u00e3o acad\u00eamica.<\/p>\t\t\t\t\t\t\t\t<\/div>\n\t\t\t\t<\/div>\n\t\t\t\t\t<\/div>\n\t\t<\/div>\n\t\t\t\t\t<\/div>\n\t\t<\/section>\n\t\t\t\t<\/div>\n\t\t","protected":false},"excerpt":{"rendered":"<p>V\u00eddeos Educacionais \u00a0 Apoio \u00e0 Gradua\u00e7\u00e3o e P\u00f3s-Gradua\u00e7\u00e3o Conceitos e ferramentas da Epidemiologia\u00a0 Conceitos de Epidemiologia\u00a0UNASUS Indicadores de Sa\u00fade\u00a0UNASUS Sistema de Informa\u00e7\u00f5es [&hellip;]<\/p>\n","protected":false},"author":101,"featured_media":0,"parent":0,"menu_order":0,"comment_status":"closed","ping_status":"closed","template":"","meta":{"footnotes":""},"class_list":["post-447","page","type-page","status-publish","hentry"],"_links":{"self":[{"href":"https:\/\/www.medicina.ufmg.br\/cins\/wp-json\/wp\/v2\/pages\/447","targetHints":{"allow":["GET"]}}],"collection":[{"href":"https:\/\/www.medicina.ufmg.br\/cins\/wp-json\/wp\/v2\/pages"}],"about":[{"href":"https:\/\/www.medicina.ufmg.br\/cins\/wp-json\/wp\/v2\/types\/page"}],"author":[{"embeddable":true,"href":"https:\/\/www.medicina.ufmg.br\/cins\/wp-json\/wp\/v2\/users\/101"}],"replies":[{"embeddable":true,"href":"https:\/\/www.medicina.ufmg.br\/cins\/wp-json\/wp\/v2\/comments?post=447"}],"version-history":[{"count":12,"href":"https:\/\/www.medicina.ufmg.br\/cins\/wp-json\/wp\/v2\/pages\/447\/revisions"}],"predecessor-version":[{"id":820,"href":"https:\/\/www.medicina.ufmg.br\/cins\/wp-json\/wp\/v2\/pages\/447\/revisions\/820"}],"wp:attachment":[{"href":"https:\/\/www.medicina.ufmg.br\/cins\/wp-json\/wp\/v2\/media?parent=447"}],"curies":[{"name":"wp","href":"https:\/\/api.w.org\/{rel}","templated":true}]}}