{"id":457,"date":"2019-08-22T18:13:23","date_gmt":"2019-08-22T18:13:23","guid":{"rendered":"https:\/\/www.medicina.ufmg.br\/cins-novo\/?page_id=457"},"modified":"2019-08-22T18:15:51","modified_gmt":"2019-08-22T18:15:51","slug":"projetos-de-extensao","status":"publish","type":"page","link":"https:\/\/www.medicina.ufmg.br\/cins\/projetos-de-extensao\/","title":{"rendered":"Projetos de Extens\u00e3o"},"content":{"rendered":"\t\t<div data-elementor-type=\"wp-post\" data-elementor-id=\"457\" class=\"elementor elementor-457\">\n\t\t\t\t\t\t<section class=\"elementor-section elementor-top-section elementor-element elementor-element-99d5e39 elementor-section-boxed elementor-section-height-default elementor-section-height-default\" data-id=\"99d5e39\" data-element_type=\"section\">\n\t\t\t\t\t\t<div class=\"elementor-container elementor-column-gap-default\">\n\t\t\t\t\t<div class=\"elementor-column elementor-col-66 elementor-top-column elementor-element elementor-element-acd7bc1\" data-id=\"acd7bc1\" data-element_type=\"column\">\n\t\t\t<div class=\"elementor-widget-wrap elementor-element-populated\">\n\t\t\t\t\t\t<div class=\"elementor-element elementor-element-0b8d64d elementor-widget elementor-widget-text-editor\" data-id=\"0b8d64d\" data-element_type=\"widget\" data-widget_type=\"text-editor.default\">\n\t\t\t\t<div class=\"elementor-widget-container\">\n\t\t\t\t\t\t\t\t\t<h3 style=\"margin-bottom: 0px; padding: 0px; font-size: 20px; font-family: Verdana, Geneva, Arial, Helvetica, sans-serif; font-weight: normal; line-height: 24px; color: #9c9c9c;\"><span style=\"color: #000000;\">Comiss\u00e3o de Estudo Especial de Inform\u00e1tica em Sa\u00fade\u00a0(CEEIS)<\/span><\/h3><p>\u00a0<\/p><p style=\"margin-top: 13px; margin-bottom: 13px; padding: 0px; font-family: Tahoma, Arial, Helvetica, sans-serif; font-size: 13px; color: #000000;\">Bem-vindos ao\u00a0<strong>Grupo de Trabalho 1 \u2013 MODELOS, FRAMWORKS E ARQUITETURA<\/strong>\u00a0da\u00a0<strong>CEE-78 Comiss\u00e3o de Estudo Especial de Inform\u00e1tica em Sa\u00fade\u00a0<\/strong>(CEEIS), da\u00a0<strong>Associa\u00e7\u00e3o Brasileira de Normas T\u00e9cnicas<\/strong>\u00a0(ABNT).<\/p><p style=\"margin-top: 13px; margin-bottom: 13px; padding: 0px; font-family: Tahoma, Arial, Helvetica, sans-serif; font-size: 13px; color: #000000;\">Aqui voc\u00ea vai encontrar diversas informa\u00e7\u00f5es sobre as atividades realizadas por esse grupo.<\/p><p style=\"margin-top: 13px; margin-bottom: 13px; padding: 0px; font-family: Tahoma, Arial, Helvetica, sans-serif; font-size: 13px; color: #000000;\">Cumpre lembrar que este portal n\u00e3o substitui o site oficial da ABNT (<span class=\"link-external\"><span class=\"link-external\"><a class=\"external-link\" style=\"margin: 0px; padding: 0px; line-height: 22.75px; color: purple;\" href=\"http:\/\/www.abnt.org.br\/\" target=\"_blank\" rel=\"noopener\">http:\/\/www.abnt.org.br<\/a><\/span><\/span>), nem sua ferramenta de comunica\u00e7\u00e3o online, o Livelink (<span class=\"link-external\"><span class=\"link-external\"><a class=\"external-link\" style=\"margin: 0px; padding: 0px; line-height: 22.75px; color: purple;\" href=\"http:\/\/abnt.iso.org\/livelink\/livelink\" target=\"_blank\" rel=\"noopener\">http:\/\/abnt.iso.org\/livelink\/livelink<\/a><\/span><\/span>).<\/p><p style=\"margin-top: 13px; margin-bottom: 13px; padding: 0px; font-family: Tahoma, Arial, Helvetica, sans-serif; font-size: 13px; color: #000000;\">Trata-se apenas de um meio para facilitar as atividades colaborativas dos integrantes desse GT, que ap\u00f3s a conclus\u00e3o das etapas de estudo, discuss\u00e3o e harmoniza\u00e7\u00e3o, coloca (via upload) o material relativo a normaliza\u00e7\u00e3o no Livelink da ABNT.<\/p><p style=\"margin-top: 13px; margin-bottom: 13px; padding: 0px; font-family: Tahoma, Arial, Helvetica, sans-serif; font-size: 13px; color: #000000;\">Parte das informa\u00e7\u00f5es aqui disponibilizadas n\u00e3o s\u00e3o p\u00fablicas (ou seja, s\u00e3o restritas \u00e0s pessoas participantes do GT1).<\/p><p style=\"margin-top: 13px; margin-bottom: 13px; padding: 0px; font-family: Tahoma, Arial, Helvetica, sans-serif; font-size: 13px; color: #000000;\">Caso voc\u00ea encontre algum erro, inconsist\u00eancia ou queira fazer uma sugest\u00e3o, entre em contato. Essa \u00e9 uma ferramenta de comunica\u00e7\u00e3o em evolu\u00e7\u00e3o cont\u00ednua que depende muito da ajuda de todos para cumprir seus objetivos.<\/p><p style=\"margin-top: 13px; margin-bottom: 13px; padding: 0px; font-family: Tahoma, Arial, Helvetica, sans-serif; font-size: 13px; color: #000000;\">Muito obrigado,<\/p><p style=\"margin-top: 13px; margin-bottom: 13px; padding: 0px; font-family: Tahoma, Arial, Helvetica, sans-serif; font-size: 13px; color: #000000;\">Equipe do GT1<\/p><p style=\"margin-top: 13px; margin-bottom: 13px; padding: 0px; font-family: Tahoma, Arial, Helvetica, sans-serif; font-size: 13px; color: #000000;\">Relatora: Beatriz Le\u00e3o<\/p><p style=\"margin-top: 13px; margin-bottom: 13px; padding: 0px; font-family: Tahoma, Arial, Helvetica, sans-serif; font-size: 13px; color: #000000; text-align: center;\"><a class=\"art-button\" style=\"padding: 0px 5px; border: 0px; border-collapse: separate; background-image: -webkit-linear-gradient(top, #5ba2dc 0px, #2d88d2 79%, #2a80c6 100%); background-position: initial; background-size: initial; background-repeat: no-repeat; background-attachment: initial; background-clip: initial; border-radius: 3px; box-shadow: rgba(0, 0, 0, 0.2) 0px 0px 2px 1px; height: 23px; line-height: 23px; color: #ffffff; position: relative; display: inline-block; vertical-align: middle; white-space: nowrap; text-align: center; overflow: visible; cursor: pointer; box-sizing: content-box; margin: 0px 5px 0px 0px !important; background-origin: border-box !important;\" href=\"http:\/\/gt1.medicina.ufmg.br\/\" target=\"_blank\" rel=\"noopener\">Acesse o GT1<\/a><\/p>\t\t\t\t\t\t\t\t<\/div>\n\t\t\t\t<\/div>\n\t\t\t\t\t<\/div>\n\t\t<\/div>\n\t\t\t\t<div class=\"elementor-column elementor-col-33 elementor-top-column elementor-element elementor-element-f9f38da\" data-id=\"f9f38da\" data-element_type=\"column\">\n\t\t\t<div class=\"elementor-widget-wrap elementor-element-populated\">\n\t\t\t\t\t\t<div class=\"elementor-element elementor-element-c71178a elementor-widget elementor-widget-text-editor\" data-id=\"c71178a\" data-element_type=\"widget\" data-widget_type=\"text-editor.default\">\n\t\t\t\t<div class=\"elementor-widget-container\">\n\t\t\t\t\t\t\t\t\t<p><span style=\"color: #696969; font-family: Tahoma, Arial, Helvetica, sans-serif; font-size: 13px;\">Contato:<span style=\"color: #333399;\">\u00a0<\/span><\/span><span style=\"color: #333399;\"><a style=\"margin: 0px; padding: 0px; font-family: Tahoma, Arial, Helvetica, sans-serif; line-height: 22.75px; color: #333399; font-size: 13px; background-color: #ffffff;\" href=\"mailto:%20gt1-arq@googlegroups.com\">gt1-arq@googlegroups.com<\/a><\/span><\/p><p style=\"margin-top: 13px; margin-bottom: 13px; padding: 0px 0px 0px 30px; color: #696969; font-family: Tahoma, Arial, Helvetica, sans-serif; font-size: 13px;\">Parceiros:\u00a0<span style=\"color: #333399;\"><a style=\"margin: 0px; padding: 0px; line-height: 22.75px; color: #333399;\" href=\"http:\/\/www.abnt.org.br\/\" target=\"_blank\" rel=\"noopener\">ABNT \u2013 Associa\u00e7\u00e3o Brasileira de Normas T\u00e9cnicas<\/a><\/span><\/p><p style=\"margin-top: 13px; margin-bottom: 13px; padding: 0px 0px 0px 30px; color: #696969; font-family: Tahoma, Arial, Helvetica, sans-serif; font-size: 13px;\">Financiamento: voluntariado<\/p>\t\t\t\t\t\t\t\t<\/div>\n\t\t\t\t<\/div>\n\t\t\t\t\t<\/div>\n\t\t<\/div>\n\t\t\t\t\t<\/div>\n\t\t<\/section>\n\t\t\t\t<section class=\"elementor-section elementor-top-section elementor-element elementor-element-369109d elementor-section-boxed elementor-section-height-default elementor-section-height-default\" data-id=\"369109d\" data-element_type=\"section\">\n\t\t\t\t\t\t<div class=\"elementor-container elementor-column-gap-default\">\n\t\t\t\t\t<div class=\"elementor-column elementor-col-100 elementor-top-column elementor-element elementor-element-000c883\" data-id=\"000c883\" data-element_type=\"column\">\n\t\t\t<div class=\"elementor-widget-wrap elementor-element-populated\">\n\t\t\t\t\t\t<div class=\"elementor-element elementor-element-07de746 elementor-widget elementor-widget-text-editor\" data-id=\"07de746\" data-element_type=\"widget\" data-widget_type=\"text-editor.default\">\n\t\t\t\t<div class=\"elementor-widget-container\">\n\t\t\t\t\t\t\t\t\t<p>\u00a0<\/p><h3 style=\"margin-bottom: 0px; padding: 0px; font-size: 20px; font-family: Verdana, Geneva, Arial, Helvetica, sans-serif; font-weight: normal; line-height: 24px; color: #9c9c9c;\">Comiss\u00e3o de Estudo Especial de Inform\u00e1tica em Sa\u00fade\u00a0(CEEIS)<\/h3><p style=\"margin-top: 13px; margin-bottom: 13px; padding: 0px; font-family: Tahoma, Arial, Helvetica, sans-serif; font-size: 13px; color: #000000;\">Bem-vindos ao\u00a0<strong>Grupo de Trabalho 1 \u2013 MODELOS, FRAMWORKS E ARQUITETURA<\/strong>\u00a0da\u00a0<strong>CEE-78 Comiss\u00e3o de Estudo Especial de Inform\u00e1tica em Sa\u00fade\u00a0<\/strong>(CEEIS), da\u00a0<strong>Associa\u00e7\u00e3o Brasileira de Normas T\u00e9cnicas<\/strong>\u00a0(ABNT).<\/p><p style=\"margin-top: 13px; margin-bottom: 13px; padding: 0px; font-family: Tahoma, Arial, Helvetica, sans-serif; font-size: 13px; color: #000000;\">Aqui voc\u00ea vai encontrar diversas informa\u00e7\u00f5es sobre as atividades realizadas por esse grupo.<\/p><p style=\"margin-top: 13px; margin-bottom: 13px; padding: 0px; font-family: Tahoma, Arial, Helvetica, sans-serif; font-size: 13px; color: #000000;\">Cumpre lembrar que este portal n\u00e3o substitui o site oficial da ABNT (<span class=\"link-external\"><span class=\"link-external\"><a class=\"external-link\" style=\"margin: 0px; padding: 0px; line-height: 22.75px; color: purple;\" href=\"http:\/\/www.abnt.org.br\/\" target=\"_blank\" rel=\"noopener\">http:\/\/www.abnt.org.br<\/a><\/span><\/span>), nem sua ferramenta de comunica\u00e7\u00e3o online, o Livelink (<span class=\"link-external\"><span class=\"link-external\"><a class=\"external-link\" style=\"margin: 0px; padding: 0px; line-height: 22.75px; color: purple;\" href=\"http:\/\/abnt.iso.org\/livelink\/livelink\" target=\"_blank\" rel=\"noopener\">http:\/\/abnt.iso.org\/livelink\/livelink<\/a><\/span><\/span>).<\/p><p style=\"margin-top: 13px; margin-bottom: 13px; padding: 0px; font-family: Tahoma, Arial, Helvetica, sans-serif; font-size: 13px; color: #000000;\">Trata-se apenas de um meio para facilitar as atividades colaborativas dos integrantes desse GT, que ap\u00f3s a conclus\u00e3o das etapas de estudo, discuss\u00e3o e harmoniza\u00e7\u00e3o, coloca (via upload) o material relativo a normaliza\u00e7\u00e3o no Livelink da ABNT.<\/p><p style=\"margin-top: 13px; margin-bottom: 13px; padding: 0px; font-family: Tahoma, Arial, Helvetica, sans-serif; font-size: 13px; color: #000000;\">Parte das informa\u00e7\u00f5es aqui disponibilizadas n\u00e3o s\u00e3o p\u00fablicas (ou seja, s\u00e3o restritas \u00e0s pessoas participantes do GT1).<\/p><p style=\"margin-top: 13px; margin-bottom: 13px; padding: 0px; font-family: Tahoma, Arial, Helvetica, sans-serif; font-size: 13px; color: #000000;\">Caso voc\u00ea encontre algum erro, inconsist\u00eancia ou queira fazer uma sugest\u00e3o, entre em contato. Essa \u00e9 uma ferramenta de comunica\u00e7\u00e3o em evolu\u00e7\u00e3o cont\u00ednua que depende muito da ajuda de todos para cumprir seus objetivos.<\/p><p style=\"margin-top: 13px; margin-bottom: 13px; padding: 0px; font-family: Tahoma, Arial, Helvetica, sans-serif; font-size: 13px; color: #000000;\">Muito obrigado,<\/p><p style=\"margin-top: 13px; margin-bottom: 13px; padding: 0px; font-family: Tahoma, Arial, Helvetica, sans-serif; font-size: 13px; color: #000000;\">Equipe do GT1<\/p><p style=\"margin-top: 13px; margin-bottom: 13px; padding: 0px; font-family: Tahoma, Arial, Helvetica, sans-serif; font-size: 13px; color: #000000;\">Relatora: Beatriz Le\u00e3o<\/p><p style=\"margin-top: 13px; margin-bottom: 13px; padding: 0px; font-family: Tahoma, Arial, Helvetica, sans-serif; font-size: 13px; color: #000000;\"><a class=\"art-button\" style=\"padding: 0px 5px; border: 0px; border-collapse: separate; background-image: -webkit-linear-gradient(top, #5ba2dc 0px, #2d88d2 79%, #2a80c6 100%); background-position: initial; background-size: initial; background-repeat: no-repeat; background-attachment: initial; background-clip: initial; border-radius: 3px; box-shadow: rgba(0, 0, 0, 0.2) 0px 0px 2px 1px; height: 23px; line-height: 23px; color: #ffffff; position: relative; display: inline-block; vertical-align: middle; white-space: nowrap; text-align: center; overflow: visible; cursor: pointer; box-sizing: content-box; margin: 0px 5px 0px 0px !important; background-origin: border-box !important;\" href=\"http:\/\/gt1.medicina.ufmg.br\/\" target=\"_blank\" rel=\"noopener\">Acesse o GT1<\/a><\/p>\t\t\t\t\t\t\t\t<\/div>\n\t\t\t\t<\/div>\n\t\t\t\t\t<\/div>\n\t\t<\/div>\n\t\t\t\t\t<\/div>\n\t\t<\/section>\n\t\t\t\t<\/div>\n\t\t","protected":false},"excerpt":{"rendered":"<p>Comiss\u00e3o de Estudo Especial de Inform\u00e1tica em Sa\u00fade\u00a0(CEEIS) \u00a0 Bem-vindos ao\u00a0Grupo de Trabalho 1 \u2013 MODELOS, FRAMWORKS E ARQUITETURA\u00a0da\u00a0CEE-78 Comiss\u00e3o de Estudo [&hellip;]<\/p>\n","protected":false},"author":101,"featured_media":0,"parent":0,"menu_order":0,"comment_status":"closed","ping_status":"closed","template":"","meta":{"footnotes":""},"class_list":["post-457","page","type-page","status-publish","hentry"],"_links":{"self":[{"href":"https:\/\/www.medicina.ufmg.br\/cins\/wp-json\/wp\/v2\/pages\/457","targetHints":{"allow":["GET"]}}],"collection":[{"href":"https:\/\/www.medicina.ufmg.br\/cins\/wp-json\/wp\/v2\/pages"}],"about":[{"href":"https:\/\/www.medicina.ufmg.br\/cins\/wp-json\/wp\/v2\/types\/page"}],"author":[{"embeddable":true,"href":"https:\/\/www.medicina.ufmg.br\/cins\/wp-json\/wp\/v2\/users\/101"}],"replies":[{"embeddable":true,"href":"https:\/\/www.medicina.ufmg.br\/cins\/wp-json\/wp\/v2\/comments?post=457"}],"version-history":[{"count":2,"href":"https:\/\/www.medicina.ufmg.br\/cins\/wp-json\/wp\/v2\/pages\/457\/revisions"}],"predecessor-version":[{"id":459,"href":"https:\/\/www.medicina.ufmg.br\/cins\/wp-json\/wp\/v2\/pages\/457\/revisions\/459"}],"wp:attachment":[{"href":"https:\/\/www.medicina.ufmg.br\/cins\/wp-json\/wp\/v2\/media?parent=457"}],"curies":[{"name":"wp","href":"https:\/\/api.w.org\/{rel}","templated":true}]}}