{"id":31,"date":"2015-02-23T20:56:09","date_gmt":"2015-02-23T20:56:09","guid":{"rendered":"https:\/\/www.medicina.ufmg.br\/cir\/?page_id=31"},"modified":"2026-04-15T19:36:51","modified_gmt":"2026-04-15T19:36:51","slug":"ensino","status":"publish","type":"page","link":"https:\/\/www.medicina.ufmg.br\/cir\/ensino\/","title":{"rendered":"Ensino"},"content":{"rendered":"\n<h2 class=\"wp-block-heading\">Gradua\u00e7\u00e3o<\/h2>\n\n\n\n<figure class=\"wp-block-table\"><table><tbody><tr><td><strong>Disciplina<\/strong><\/td><td><strong>Categoria<\/strong><\/td><td><strong>Per\u00edodo<\/strong><\/td><td><strong>Coordenador<\/strong><\/td><td><strong>Arquivos<\/strong><\/td><\/tr><tr><td>Cirurgia I<\/td><td>Obrigat\u00f3ria<\/td><td>5\u00b0 per\u00edodo<\/td><td>Coordenador: Prof. Luiz Ronaldo Alberti <br><p>Subcoordenador: Prof. Marcelo Eller Miranda<\/p><span style=\"font-size: inherit; font-family: inherit; font-weight: inherit;\">Coordenador do Laborat\u00f3rio Integrado de Habilidades em Cirurgia<\/span> <p>(Labihac): Prof. Marcelo Eller Miranda<\/p> <\/td><td><a href=\"http:\/\/www.medicina.ufmg.br\/cir\/wp-content\/uploads\/sites\/25\/2026\/03\/Plano-de-Ensino-CIR-I-2026-1.pdf\">Plano de ensino<\/a><br>*atualizado em 02\/03\/2026<\/td><\/tr><tr><td>Cirurgia II<\/td><td>Obrigat\u00f3ria<\/td><td>6\u00b0 per\u00edodo<\/td><td>Prof\u00aa. Dr\u00aa Michelle dos Santos S. Costa<br><br><span style=\"font-size: inherit; font-family: inherit; font-weight: inherit;\">Prof. Dr. Renato Santiago&nbsp;Gomez<\/span><\/td><td><a href=\"http:\/\/www.medicina.ufmg.br\/wp-content\/uploads\/sites\/7\/2026\/03\/20261o-Plano-de-Ensino-CIR-II.pdf\" data-type=\"link\" data-id=\"http:\/\/www.medicina.ufmg.br\/wp-content\/uploads\/sites\/7\/2026\/03\/20261o-Plano-de-Ensino-CIR-II.pdf\">Plano de Ensino<br><\/a>*atualizado em 02\/03\/2026<br><br><\/td><\/tr><tr><td>Cirurgia III<\/td><td>Obrigat\u00f3ria<\/td><td>7\u00ba per\u00edodo<\/td><td>Coordenador: Prof. Marco Ant\u00f4nio Gon\u00e7alves Rodrigues <br><br>Subcoordenador: Prof. Tuian&nbsp;Santiago Cerqueira<\/td><td><a href=\"http:\/\/www.medicina.ufmg.br\/cir\/wp-content\/uploads\/sites\/25\/2026\/02\/Plano-de-Ensino-da-CIRURGIA-III-versao-1-de-03_02_2026-_-Portal-Minhas-Turmas.pdf\" data-type=\"URL\" target=\"_blank\" rel=\"noreferrer noopener\">Plano de Ensino<\/a><a href=\"http:\/\/www.medicina.ufmg.br\/cir\/wp-content\/uploads\/sites\/25\/2025\/04\/Plano-de-Ensino-da-CIRURGIA-III-25-02-2025.pdf\" data-type=\"URL\" target=\"_blank\" rel=\"noreferrer noopener\"><br><\/a>*atualizado em 10\/02\/2026<br><br><a href=\"http:\/\/www.medicina.ufmg.br\/cir\/wp-content\/uploads\/sites\/25\/2026\/02\/Cronograma-especialidades-cirurgicas-2026-1sem.pdf\" target=\"_blank\" rel=\"noreferrer noopener\">Cronograma<\/a><br>*atualizado em 23\/02\/2026<br><br><a href=\"http:\/\/www.medicina.ufmg.br\/cir\/wp-content\/uploads\/sites\/25\/2026\/02\/CALENDARIO-CIR-III-2026_01_1.pdf\" target=\"_blank\" rel=\"noreferrer noopener\">Calend\u00e1rio<\/a><br>*atualizado em 23\/02\/2026<br><br><a href=\"http:\/\/www.medicina.ufmg.br\/cir\/wp-content\/uploads\/sites\/25\/2026\/02\/CIR-III-Cronograma-especialidades-cirurgicas-2026-1sem.pdf\" target=\"_blank\" rel=\"noreferrer noopener\">Cronograma da Enfermaria<br><\/a>*atualizado em 23\/02\/2026<\/td><\/tr><tr><td>Cirurgia IV<\/td><td>&nbsp;<\/td><td>8\u00ba per\u00edodo<\/td><td>Coordenadora: Profa. Soraya Rodrigues de Almeida Sanches <br><p>Subcoordenador: Prof. Alexandre Varella Giannetti<\/p> <\/td><td><a href=\"http:\/\/www.medicina.ufmg.br\/cir\/wp-content\/uploads\/sites\/25\/2026\/02\/Programa-CIR-IV-2026-1-semestre.pdf\" data-type=\"link\" data-id=\"http:\/\/www.medicina.ufmg.br\/cir\/wp-content\/uploads\/sites\/25\/2024\/08\/programa-2024-2-CIR-IV-Julho-2024.pdf\" target=\"_blank\" rel=\"noreferrer noopener\">Programa<\/a><br>*atualizado em 25\/02\/2026<\/td><\/tr><tr><td>Est\u00e1gio&nbsp;em Cl\u00ednica Cir\u00fargica<\/td><td>Obrigat\u00f3ria<\/td><td>10\u00b0 per\u00edodo<\/td><td>Coordenadora:  <span style=\"font-size: inherit; font-family: inherit; font-weight: inherit;\">Prof\u00aa. Magda Profeta da Luz<\/span><br><br><span style=\"font-size: inherit; font-family: inherit; font-weight: inherit;\">Subcoordenador: Prof. Rafael Calv\u00e3o Barbuto<\/span><\/td><td><p><a href=\"http:\/\/www.medicina.ufmg.br\/cir\/wp-content\/uploads\/sites\/25\/2026\/04\/Programa-do-Segundo-Trimestre-de-2026.pdf\" data-type=\"link\" data-id=\"http:\/\/www.medicina.ufmg.br\/cir\/wp-content\/uploads\/sites\/25\/2026\/04\/Programa-do-Segundo-Trimestre-de-2026.pdf\">Programa<br><\/a>*atualizado em 15\/04\/2026<\/p><a href=\"https:\/\/ftp.medicina.ufmg.br\/cir\/2021\/Ficha%20de%20acompanhamento%20e%20Resumo%20Atividades.docx\">Ficha de acompanhamento e Resumo Atividades<\/a><\/td><\/tr><tr><td>Coloproctologia<\/td><td>Optativa<\/td><td>&nbsp;<\/td><td> Coordenadora: Profa. Kelly Cristine de Lacerda Rodrigues Buzatti<br><br>Subcoordenador: Prof. Ant\u00f4nio Lacerda Filho <\/td><td><\/td><\/tr><tr><td>Cirurgia Vascular&nbsp;<\/td><td><\/td><td><\/td><td>Coordenador: Prof. T\u00falio Pinho Navarro<\/td><td><a href=\"http:\/\/www.medicina.ufmg.br\/cir\/wp-content\/uploads\/sites\/25\/2025\/11\/TOPICOS-EM-CIRURGIA-VASCULAR.pdf\" data-type=\"link\" data-id=\"http:\/\/www.medicina.ufmg.br\/cir\/wp-content\/uploads\/sites\/25\/2025\/11\/TOPICOS-EM-CIRURGIA-VASCULAR.pdf\">T\u00f3picos em Cirurgia Vascular<br><\/a>*atualizado 25\/11\/2025<\/td><\/tr><tr><td>Cirurgia Pedi\u00e1trica<\/td><td>Optativa<\/td><td>&nbsp;<\/td><td>Prof. Marcelo Eller Miranda<\/td><td><a href=\"http:\/\/www.medicina.ufmg.br\/cir\/wp-content\/uploads\/sites\/25\/2024\/02\/Programa-Cirurgia-Pediatrica-2024-1-1.pdf\" data-type=\"link\" data-id=\"http:\/\/www.medicina.ufmg.br\/cir\/wp-content\/uploads\/sites\/25\/2024\/02\/Programa-Cirurgia-Pediatrica-2024-1-1.pdf\">Programa<\/a><br>*atualiza\u00e7\u00e3o 28\/02\/2024<\/td><\/tr><tr><td>Sutura<\/td><td>Optativa<\/td><td>&nbsp;<\/td><td>&nbsp;<\/td><td><a href=\"http:\/\/www.medicina.ufmg.br\/cir\/wp-content\/uploads\/sites\/25\/2024\/07\/Alunos-do-3-e-4-trimestre-2024_Hosp-Joao-XXIII.pdf\">Turmas &#8211; Est\u00e1gio<\/a><br>*atualiza\u00e7\u00e3o 19\/07\/2024<\/td><\/tr><tr><td>Est\u00e1gio Opcional em Anestesiologia e Cl\u00ednica de Dor<\/td><td>&nbsp;<\/td><td>&nbsp;<\/td><td>Coordenador: Emerson Seiberlich Rezende<\/td><td><a href=\"https:\/\/www.medicina.ufmg.br\/cir\/wp-content\/uploads\/sites\/25\/2022\/08\/opcional-3T2022.pdf\" data-type=\"URL\" data-id=\"https:\/\/www.medicina.ufmg.br\/cir\/wp-content\/uploads\/sites\/25\/2022\/08\/opcional-3T2022.pdf\">Programa &#8211; terceiro trimestre<\/a><br>*atualizado em 17\/08\/2022<br><br><a href=\"https:\/\/www.medicina.ufmg.br\/cir\/wp-content\/uploads\/sites\/25\/2022\/08\/opcional-4T2022.pdf\" data-type=\"URL\" data-id=\"https:\/\/www.medicina.ufmg.br\/cir\/wp-content\/uploads\/sites\/25\/2022\/08\/opcional-4T2022.pdf\">Programa- quarto trimestre<br><\/a> *atualizado em 17\/08\/2022<br> <br><a href=\"https:\/\/www.medicina.ufmg.br\/cir\/wp-content\/uploads\/sites\/25\/2022\/10\/CIR-Estagio-Anes-Opcional-4T2022.pdf\">Programa<\/a><br>*atualizado em 19\/10\/2022 <\/td><\/tr><tr><td>Anatomia Cir\u00fargica<\/td><td>&nbsp;<\/td><td>&nbsp;<\/td><td>Coordenador: Prof. Marcelo Eller Miranda<\/td><td><a href=\"http:\/\/www.medicina.ufmg.br\/cir\/wp-content\/uploads\/sites\/25\/2024\/02\/Programa-Anatomia-Cirugica-2024-1-1.pdf\" data-type=\"link\" data-id=\"http:\/\/www.medicina.ufmg.br\/cir\/wp-content\/uploads\/sites\/25\/2024\/02\/Programa-Anatomia-Cirugica-2024-1-1.pdf\">Programa<br><\/a>*atualiza\u00e7\u00e3o 28\/02\/2024<br><br><a href=\"http:\/\/www.medicina.ufmg.br\/cir\/wp-content\/uploads\/sites\/25\/2024\/02\/Topicos-em-Cirurgia-Anatomia-Cirurgica-2024-1-1.pdf\" data-type=\"link\" data-id=\"http:\/\/www.medicina.ufmg.br\/cir\/wp-content\/uploads\/sites\/25\/2024\/02\/Topicos-em-Cirurgia-Anatomia-Cirurgica-2024-1-1.pdf\">T\u00f3picos<br><\/a>*atualiza\u00e7\u00e3o 28\/02\/2024<\/td><\/tr><tr><td>Anatomia Cir\u00fargica &#8211; EAD<\/td><td>Optativa <\/td><td>9\u00ba ao 11\u00ba Per\u00edodo <\/td><td>Coordenador: Prof. Marcelo Eller Miranda<br><br>Subcoordenadora a Prof\u00aa. Kelly C. L.&nbsp;Rodrigues Buzatti&nbsp;<\/td><td><a href=\"http:\/\/www.medicina.ufmg.br\/cir\/wp-content\/uploads\/sites\/25\/2023\/08\/Anatomia-Cirurgica-EAD.pdf\">Programa<\/a><br>*atualizado 10\/08\/2023<\/td><\/tr><tr><td>Cirurgia Pedi\u00e1trica<\/td><td>Optativa  <\/td><td><\/td><td>Coordenador: Prof. Marcelo Eller Miranda<br><br>Vice-Coordenador: Prof. Cl\u00e9cio Pi\u00e7arro<\/td><td><a href=\"http:\/\/www.medicina.ufmg.br\/cir\/wp-content\/uploads\/sites\/25\/2023\/08\/Cirurgia-Pediatrica.pdf\">Programa<\/a><br>*atualizado 10\/08\/2023<\/td><\/tr><\/tbody><\/table><\/figure>\n\n\n\n<p><\/p>\n\n\n\n<p><a href=\"https:\/\/www.medicina.ufmg.br\/cir\/wp-content\/uploads\/sites\/25\/2018\/09\/TERMO-COMPROMISSO-HOSPITAL-LIFE-CENTER-25.09.2018.pdf\" target=\"_blank\" rel=\"noopener noreferrer\">Termo de compromisso<\/a><\/p>\n\n\n\n<p><a href=\"https:\/\/www.medicina.ufmg.br\/cir\/wp-content\/uploads\/sites\/25\/2015\/02\/Documenta\u00e7\u00e3o-est\u00e1gio-Lifecenter-3-29-03-2017.pdf\">Documenta\u00e7\u00e3o<\/a><\/p>\n\n\n\n<p><a href=\"https:\/\/www.medicina.ufmg.br\/cir\/wp-content\/uploads\/sites\/25\/2022\/02\/Orientacoes-para-assinatura-Termos-de-Compromisso-Estagio.pdf\">Orienta\u00e7\u00f5es para Assinatura TC<\/a><\/p>\n\n\n\n<p><a href=\"https:\/\/ftp.medicina.ufmg.br\/cir\/2021\/MANUAL_USU%c1RIO_EXTERNO_RESUMIDO%20(1)-1.pdf\" data-type=\"URL\" data-id=\"https:\/\/ftp.medicina.ufmg.br\/cir\/2021\/MANUAL_USU%c1RIO_EXTERNO_RESUMIDO%20(1)-1.pdf\">Manual de Cadastro Externo do Usu\u00e1rio do SEI<\/a><\/p>\n\n\n\n<p><a href=\"https:\/\/ftp.medicina.ufmg.br\/cir\/2021\/Ficha%20do%20estagi%e1rio.%20Hospital%20RISOLETA.doc\" data-type=\"URL\" data-id=\"https:\/\/ftp.medicina.ufmg.br\/cir\/2021\/Ficha%20do%20estagi%e1rio.%20Hospital%20RISOLETA.doc\">Ficha do Estagi\u00e1rio do Hospital Risoleta<\/a><\/p>\n\n\n\n<p><a href=\"https:\/\/ftp.medicina.ufmg.br\/cir\/2021\/FORM.%20REGISTRO%20ACADEMICO%20HMDCC.docx\" data-type=\"URL\" data-id=\"https:\/\/ftp.medicina.ufmg.br\/cir\/2021\/FORM.%20REGISTRO%20ACADEMICO%20HMDCC.docx\">Formul\u00e1rio de Registro Acad\u00eamico do HMDCC<\/a><\/p>\n\n\n\n<p><a href=\"https:\/\/ftp.medicina.ufmg.br\/cir\/2021\/TERMO%20DE%20CI%caNCIA%20E%20RESPONSABILIDADE%20Hospital%20Militar.docx\" data-type=\"URL\" data-id=\"https:\/\/ftp.medicina.ufmg.br\/cir\/2021\/TERMO%20DE%20CI%caNCIA%20E%20RESPONSABILIDADE%20Hospital%20Militar.docx\">Termo de Ci\u00eancia e Responsabilidade do Hospital Militar<\/a><\/p>\n\n\n\n<p><br><strong>Termos de Compromisso<\/strong><\/p>\n\n\n\n<p><a href=\"https:\/\/ftp.medicina.ufmg.br\/cir\/2021\/TERMO%20DE%20COMPROMISSO%20HOSP.%20BALEIA.docx\" data-type=\"URL\" data-id=\"https:\/\/ftp.medicina.ufmg.br\/cir\/2021\/TERMO%20DE%20COMPROMISSO%20HOSP.%20BALEIA.docx\">Termo de Compromisso &#8211; Hospital da Baleia<\/a> <\/p>\n\n\n\n<p><a href=\"https:\/\/ftp.medicina.ufmg.br\/cir\/2021\/Termo%20de%20Compromisso%20-%20HOSPITAL%20EVANGELICO.doc\" data-type=\"URL\" data-id=\"https:\/\/ftp.medicina.ufmg.br\/cir\/2021\/Termo%20de%20Compromisso%20-%20HOSPITAL%20EVANGELICO.doc\">Termo de Compromisso &#8211; Hospital Evang\u00e9lico<\/a><\/p>\n\n\n\n<p><a href=\"https:\/\/ftp.medicina.ufmg.br\/cir\/2022\/TC-%20LUXEMBURGO%20(3).doc\">Termo de Compromisso &#8211; Hospital Jo\u00e3o XVIII<\/a><\/p>\n\n\n\n<p><a href=\"https:\/\/ftp.medicina.ufmg.br\/cir\/2021\/Termo-de-Compromisso-HMDCC%20-%20Hospital%20Metropolitano.docx\" data-type=\"URL\" data-id=\"https:\/\/ftp.medicina.ufmg.br\/cir\/2021\/Termo-de-Compromisso-HMDCC%20-%20Hospital%20Metropolitano.docx\">Termo Compromisso &#8211; Hospital Metropolitano<\/a><\/p>\n\n\n\n<p><a href=\"https:\/\/ftp.medicina.ufmg.br\/cir\/2021\/TC%20Hospital%20P.%20Militar.doc\" data-type=\"URL\" data-id=\"https:\/\/ftp.medicina.ufmg.br\/cir\/2021\/TC%20Hospital%20P.%20Militar.doc\">Termo Compromisso &#8211; Hospital Militar<\/a><\/p>\n\n\n\n<p><a href=\"https:\/\/ftp.medicina.ufmg.br\/cir\/2021\/TERMO_DE_COMPROMISSO_DE_EST%c1GIO_CURRICULAR_-ODILON.docx\" data-type=\"URL\" data-id=\"https:\/\/ftp.medicina.ufmg.br\/cir\/2021\/TERMO_DE_COMPROMISSO_DE_EST%c1GIO_CURRICULAR_-ODILON.docx\">Termo de Compromisso &#8211; Hospital Odilon Behrens<\/a><\/p>\n\n\n\n<p><a href=\"https:\/\/ftp.medicina.ufmg.br\/cir\/2021\/TC%20-Hospital%20%20RISOLETA.doc\" data-type=\"URL\" data-id=\"https:\/\/ftp.medicina.ufmg.br\/cir\/2021\/TC%20-Hospital%20%20RISOLETA.doc\">Termo de Compromisso &#8211; Hospital Risoleta Neves<\/a><\/p>\n\n\n\n<p><a href=\"https:\/\/ftp.medicina.ufmg.br\/cir\/2021\/TC%20-%20UFMG.doc\" data-type=\"URL\" data-id=\"https:\/\/ftp.medicina.ufmg.br\/cir\/2021\/TC%20-%20UFMG.doc\">Termo de Compromisso &#8211; UFMG<\/a><\/p>\n\n\n\n<p><a href=\"http:\/\/www.medicina.ufmg.br\/cir\/wp-content\/uploads\/sites\/25\/2024\/06\/Resolucao-Ligas-Academicas-e-Grupos-de-Estudo-3.pdf\" data-type=\"link\" data-id=\"http:\/\/www.medicina.ufmg.br\/cir\/wp-content\/uploads\/sites\/25\/2024\/06\/Resolucao-Ligas-Academicas-e-Grupos-de-Estudo-3.pdf\">RESOLU\u00c7\u00c3O No 01, DE 26 DE JUNHO DE 2019: <\/a><\/p>\n\n\n\n<h2 class=\"wp-block-heading\"><strong>Ligas Acad\u00eamicas do Departamento de Cirurgia<\/strong><\/h2>\n\n\n\n<p>A cria\u00e7\u00e3o e acompanhamento de atividades de Ligas Acad\u00eamicas se baseiam&nbsp;<strong><a href=\"http:\/\/www.medicina.ufmg.br\/cir\/wp-content\/uploads\/sites\/25\/2024\/06\/Resolucao-Ligas-Academicas-e-Grupos-de-Estudo-3.pdf\" target=\"_blank\" rel=\"noreferrer noopener\">RESOLU\u00c7\u00c3O No 01, DE 26 DE JUNHO DE 2019<\/a><\/strong>&nbsp;&nbsp;&nbsp;e no&nbsp;<a href=\"http:\/\/www.medicina.ufmg.br\/cir\/wp-content\/uploads\/sites\/25\/2024\/06\/Regulamento-do-curso-medico.pdf\" target=\"_blank\" rel=\"noreferrer noopener\">R<strong>EGULAMENTO DO CURSO M\u00c9DICO , DE 13 DE NOVEMBRO DE 2023<\/strong><\/a>.&nbsp;os relat\u00f3rios, pedidos de renova\u00e7\u00e3o e outras solicita\u00e7\u00f5es relacionadas \u00e0s Ligas Acad\u00eamicas dever\u00e3o ser enviados para o email:&nbsp;<a href=\"mailto:cirurgia.medicina@gmail.com\" target=\"_blank\" rel=\"noreferrer noopener\">cirurgia.medicina@gmail.com<\/a><\/p>\n\n\n\n<p><a href=\"http:\/\/www.medicina.ufmg.br\/cir\/wp-content\/uploads\/sites\/25\/2026\/04\/SEI_UFMG-4485959-Resolucao-no-3-de-22-de-agosto-de-2025-Regulamenta-as-Ligas-Academicas-e-os-Grupos-de-Estudo.pdf\" data-type=\"link\" data-id=\"http:\/\/www.medicina.ufmg.br\/cir\/wp-content\/uploads\/sites\/25\/2026\/04\/SEI_UFMG-4485959-Resolucao-no-3-de-22-de-agosto-de-2025-Regulamenta-as-Ligas-Academicas-e-os-Grupos-de-Estudo.pdf\">Resolu\u00e7\u00e3o N\u00ba 3, de 22 de Agosto de 2025, Liga Acad\u00eamica<\/a>: Regulamenta as Ligas Acad\u00eamicas e os Grupos de Estudo no \u00e2mbito da Faculdade de Medicina da Universidade Federal de Minas Gerais<\/p>\n\n\n\n<p><strong><a href=\"https:\/\/ftp.medicina.ufmg.br\/cegrad\/arquivos\/2025\/FORMUL%c1RIO%20DE%20PROPOSTA%20DE%20CRIA%c7%c3O%20DE%20LIGA%20ACAD%caMICA.docx\" data-type=\"link\" data-id=\"https:\/\/ftp.medicina.ufmg.br\/cegrad\/arquivos\/2025\/FORMUL%c1RIO%20DE%20PROPOSTA%20DE%20CRIA%c7%c3O%20DE%20LIGA%20ACAD%caMICA.docx\">Formul\u00e1rio de Proposta de Cria\u00e7\u00e3o de Liga Acad\u00eamica<\/a><\/strong><\/p>\n\n\n\n<h2 class=\"wp-block-heading\">P\u00f3s-Gradua\u00e7\u00e3o<\/h2>\n\n\n\n<p><a href=\"http:\/\/medicina.ufmg.br\/cpg\/programas\/cirurgiaoft\/\">Cirurgia e Oftamologia &#8211; Programa de P\u00f3s-Gradua\u00e7\u00e3o em Ci\u00eancias Aplicadas \u00e0 Cirurgia e \u00e0 Oftalmologia<\/a><\/p>\n\n\n\n<h2 class=\"wp-block-heading\">Resid\u00eancia M\u00e9dica<\/h2>\n\n\n\n<p>A Resid\u00eancia M\u00e9dica em Cirurgia Geral iniciou-se em 1959, no Servi\u00e7o de T\u00e9cnica Operat\u00f3ria e Cirurgia Experimental, sob a orienta\u00e7\u00e3o do Prof. Jo\u00e3o Baptista de Resende Alves e reconhecida pela Congrega\u00e7\u00e3o da Faculdade de Medicina. No in\u00edcio, eram quatro vagas\/ano em cirurgia geral com dura\u00e7\u00e3o de dois anos. Foi implantada no Hospital da Cruz Vermelha, posteriormente, no Hospital Borges da Costa, e, atualmente, no Hospital das Cl\u00ednicas da UFMG onde \u00e9 coordenada e orientada por professores deste Departamento. As especialidades, o n\u00famero de vagas e a dura\u00e7\u00e3o do est\u00e1gio est\u00e3o demonstradas no quadro abaixo.<\/p>\n\n\n\n<figure class=\"wp-block-table\"><table><tbody><tr><td><strong>Especialidade<\/strong><\/td><td><strong>Vagas\/Semestre<\/strong><\/td><td><strong>Dura\u00e7\u00e3o<\/strong><\/td><\/tr><tr><td>Anestesiologia<\/td><td>09<\/td><td>3 anos<\/td><\/tr><tr><td>Cirurgia Card\u00edaca<\/td><td>01<\/td><td>3 anos<\/td><\/tr><tr><td>Cirurgia Geral<\/td><td>04<\/td><td>3 anos<\/td><\/tr><tr><td>Cirurgia de Cabe\u00e7a e Pesco\u00e7o<\/td><td>01<\/td><td>2 anos<\/td><\/tr><tr><td>Cirurgia do Aparelho Digestivo<\/td><td>04<\/td><td>2 anos<\/td><\/tr><tr><td>Cirurgia Pedi\u00e1trica<\/td><td>01<\/td><td>3 anos<\/td><\/tr><tr><td>Cirurgia Pl\u00e1stica<\/td><td>02<\/td><td>3 anos<\/td><\/tr><tr><td>Coloproctologia<\/td><td>01<\/td><td>2 anos<\/td><\/tr><tr><td>Urologia<\/td><td>02<\/td><td>3 anos<\/td><\/tr><\/tbody><\/table><\/figure>\n","protected":false},"excerpt":{"rendered":"<p>Gradua\u00e7\u00e3o Disciplina Categoria Per\u00edodo Coordenador Arquivos Cirurgia I Obrigat\u00f3ria 5\u00b0 per\u00edodo Coordenador: Prof. Luiz Ronaldo Alberti Subcoordenador: Prof. Marcelo Eller Miranda Coordenador do Laborat\u00f3rio Integrado de Habilidades em Cirurgia (Labihac): Prof. Marcelo Eller Miranda Plano de ensino*atualizado em 02\/03\/2026 Cirurgia II Obrigat\u00f3ria 6\u00b0 per\u00edodo Prof\u00aa. Dr\u00aa Michelle dos Santos S. Costa Prof. Dr. Renato Santiago&nbsp;Gomez [&hellip;]<\/p>\n","protected":false},"author":27,"featured_media":0,"parent":0,"menu_order":0,"comment_status":"closed","ping_status":"closed","template":"","meta":{"footnotes":""},"class_list":["post-31","page","type-page","status-publish","hentry"],"_links":{"self":[{"href":"https:\/\/www.medicina.ufmg.br\/cir\/wp-json\/wp\/v2\/pages\/31","targetHints":{"allow":["GET"]}}],"collection":[{"href":"https:\/\/www.medicina.ufmg.br\/cir\/wp-json\/wp\/v2\/pages"}],"about":[{"href":"https:\/\/www.medicina.ufmg.br\/cir\/wp-json\/wp\/v2\/types\/page"}],"author":[{"embeddable":true,"href":"https:\/\/www.medicina.ufmg.br\/cir\/wp-json\/wp\/v2\/users\/27"}],"replies":[{"embeddable":true,"href":"https:\/\/www.medicina.ufmg.br\/cir\/wp-json\/wp\/v2\/comments?post=31"}],"version-history":[{"count":421,"href":"https:\/\/www.medicina.ufmg.br\/cir\/wp-json\/wp\/v2\/pages\/31\/revisions"}],"predecessor-version":[{"id":2342,"href":"https:\/\/www.medicina.ufmg.br\/cir\/wp-json\/wp\/v2\/pages\/31\/revisions\/2342"}],"wp:attachment":[{"href":"https:\/\/www.medicina.ufmg.br\/cir\/wp-json\/wp\/v2\/media?parent=31"}],"curies":[{"name":"wp","href":"https:\/\/api.w.org\/{rel}","templated":true}]}}