{"id":34,"date":"2015-02-23T20:56:17","date_gmt":"2015-02-23T20:56:17","guid":{"rendered":"https:\/\/www.medicina.ufmg.br\/cir\/?page_id=34"},"modified":"2015-02-24T15:20:27","modified_gmt":"2015-02-24T15:20:27","slug":"links","status":"publish","type":"page","link":"https:\/\/www.medicina.ufmg.br\/cir\/links\/","title":{"rendered":"Links"},"content":{"rendered":"<p><a href=\"www.medicina.ufmg.br\/cirurgia\/fupec\/index.htm\">Funda\u00e7\u00e3o de Ensino e Pesquisa em Cirurgia &#8211; FUPEC<\/a><\/p>\n<p><a href=\"www.facs.org\">American College of Surgeons<\/a><\/p>\n<p><a href=\"journals.lww.com\/annalsofsurgery\/pages\/default.aspx\">Annals of Surgery<\/a><\/p>\n<p><a href=\"www.cipe.org.br\">Associa\u00e7\u00e3o Brasileira de Cirurgia Pedi\u00e1trica<\/a><\/p>\n<p><a href=\"www.abto.org.br\/abtov02\/portugues\/populacao\/home\/home.aspx\">Associa\u00e7\u00e3o Brasileira de Transplante de \u00d3rg\u00e3os \u2013 Popula\u00e7\u00e3o<\/a><\/p>\n<p><a href=\"www.abto.org.br\/abtov02\/portugues\/populacao\/ABTONews\/ano20Anos\/index.aspx\">Associa\u00e7\u00e3o Brasileira de Transplante de \u00d3rg\u00e3os \u2013 Profissionais<\/a><\/p>\n<p><a href=\"www.ammg.org.br\">Associa\u00e7\u00e3o M\u00e9dica de Minas Gerais<\/a><\/p>\n<p><a href=\"www.bibliotecadigital.ufmg.br\">Biblioteca Digital UFMG<\/a><br \/>\n<a href=\"%20www.cbc.org.br\">Col\u00e9gio Brasileiro de Cirurgi\u00f5es<\/a><\/p>\n<p><a href=\"www.cnpq.br\">CNPq<\/a><\/p>\n<p><a href=\"www.capes.gov.br\">CAPES &#8211; Coordena\u00e7\u00e3o de Aperfei\u00e7oamento de Pessoal de N\u00edvel Superior<\/a><\/p>\n<p><a href=\"www.crmmg.org.br\">Conselho Nacional de Medicina de Minas Gerais<\/a><\/p>\n<p><a href=\"www.fm.usp.br\/cirurgiageral\/mostrahp.php?origem=cirurgiageral&amp;xcod=Home\">Departamento de Cirurgia Geral da Faculdade de Medicina da USP<\/a><\/p>\n<p><a href=\"www.fapemig.br\">FAPEMIG \u2013 Funda\u00e7\u00e3o de Amparo \u00e0 Pesquisa do Estado de Minas Gerais<\/a><\/p>\n<p><a href=\"www.hc.ufmg.br\">Hospital das Cl\u00ednicas de UFMG<\/a><\/p>\n<p><a href=\"www.hc.ufmg.br\/iag\">Instituto Alfa de Gastroenterologia<\/a><\/p>\n<p><a href=\"www.portaldapesquisa.com.br\/databases\/sites\">Portal da Pesquisa<\/a><\/p>\n<p><a href=\"www.ncbi.nlm.nih.gov\/sites\/entrez\">PubMed &#8211; A service of the U.S. National Library of Medicine and the National Institutes of Health<\/a><\/p>\n<p><a href=\"www.scielo.org\/php\/index.php\">Scielo \u2013 Sientific Eletronic Library Online<\/a><\/p>\n<p><a href=\"www.sciencedirect.com\">ScienceDirect<\/a><\/p>\n<p><a href=\"www.scopus.com\/home.url\">Scopus \u2013 Basic Searh<\/a><\/p>\n<p><a href=\"www.springer.com\/medicine\/surgery?SGWID=0-10084-0-0-0\">Springer \u2013 Surgery Journals, Academic Books and Online Media<\/a><\/p>\n<p><a href=\"www.vesalius.com\">Vesalius \u2013 The Internet Resource for Surgical Education<\/a><\/p>\n<p><a href=\"www.websurg.com\">WebSurge \u2013 Laparoscopic Surgery<\/a><\/p>\n","protected":false},"excerpt":{"rendered":"<p>Funda\u00e7\u00e3o de Ensino e Pesquisa em Cirurgia &#8211; FUPEC American College of Surgeons Annals of Surgery Associa\u00e7\u00e3o Brasileira de Cirurgia Pedi\u00e1trica Associa\u00e7\u00e3o Brasileira de Transplante de \u00d3rg\u00e3os \u2013 Popula\u00e7\u00e3o Associa\u00e7\u00e3o Brasileira de Transplante de \u00d3rg\u00e3os \u2013 Profissionais Associa\u00e7\u00e3o M\u00e9dica de Minas Gerais Biblioteca Digital UFMG Col\u00e9gio Brasileiro de Cirurgi\u00f5es CNPq CAPES &#8211; Coordena\u00e7\u00e3o de Aperfei\u00e7oamento [&hellip;]<\/p>\n","protected":false},"author":16,"featured_media":0,"parent":0,"menu_order":0,"comment_status":"closed","ping_status":"closed","template":"","meta":{"footnotes":""},"class_list":["post-34","page","type-page","status-publish","hentry"],"_links":{"self":[{"href":"https:\/\/www.medicina.ufmg.br\/cir\/wp-json\/wp\/v2\/pages\/34","targetHints":{"allow":["GET"]}}],"collection":[{"href":"https:\/\/www.medicina.ufmg.br\/cir\/wp-json\/wp\/v2\/pages"}],"about":[{"href":"https:\/\/www.medicina.ufmg.br\/cir\/wp-json\/wp\/v2\/types\/page"}],"author":[{"embeddable":true,"href":"https:\/\/www.medicina.ufmg.br\/cir\/wp-json\/wp\/v2\/users\/16"}],"replies":[{"embeddable":true,"href":"https:\/\/www.medicina.ufmg.br\/cir\/wp-json\/wp\/v2\/comments?post=34"}],"version-history":[{"count":3,"href":"https:\/\/www.medicina.ufmg.br\/cir\/wp-json\/wp\/v2\/pages\/34\/revisions"}],"predecessor-version":[{"id":65,"href":"https:\/\/www.medicina.ufmg.br\/cir\/wp-json\/wp\/v2\/pages\/34\/revisions\/65"}],"wp:attachment":[{"href":"https:\/\/www.medicina.ufmg.br\/cir\/wp-json\/wp\/v2\/media?parent=34"}],"curies":[{"name":"wp","href":"https:\/\/api.w.org\/{rel}","templated":true}]}}