{"id":32,"date":"2015-02-23T18:32:39","date_gmt":"2015-02-23T18:32:39","guid":{"rendered":"https:\/\/www.medicina.ufmg.br\/clm\/?page_id=32"},"modified":"2026-01-05T11:06:33","modified_gmt":"2026-01-05T11:06:33","slug":"ensino","status":"publish","type":"page","link":"https:\/\/www.medicina.ufmg.br\/clm\/ensino\/","title":{"rendered":"Ensino"},"content":{"rendered":"\n<h2 class=\"wp-block-heading\">Gradua\u00e7\u00e3o<\/h2>\n\n\n\n<p>Clique para conferir o local das aulas: <br><a href=\"http:\/\/www.medicina.ufmg.br\/clm\/wp-content\/uploads\/sites\/24\/2025\/08\/Escala-2025-2-Sem-disciplinas-MED.pdf\" target=\"_blank\" rel=\"noreferrer noopener\">Escala de Disciplinas \u2013 2\u00b0 Semestre de 2025<\/a><br>*atualizado em 10\/03\/2025<\/p>\n\n\n\n<figure class=\"wp-block-table\"><table class=\"has-fixed-layout\"><tbody><tr><td><strong>DISCIPLINA<\/strong><\/td><td><strong>CATEGORIA<\/strong><\/td><td><strong>PER\u00cdODO<\/strong><\/td><td><strong>COORDENA\u00c7\u00c3O<\/strong><\/td><td><strong>ARQUIVOS<\/strong><\/td><\/tr><tr><td>Cl\u00ednica M\u00e9dica I<\/td><td>Obrigat\u00f3ria<\/td><td>4\u00ba&nbsp;<\/td><td>Eliane Viana Mancuzo<br><br>elianevmancuzo4@gmail.com<\/td><td><a href=\"https:\/\/www.medicina.ufmg.br\/cegrad\/programas-das-aacs\/\" data-type=\"link\" data-id=\"https:\/\/www.medicina.ufmg.br\/cegrad\/programas-das-aacs\/\">Plano de ensino<\/a><\/td><\/tr><tr><td>Cl\u00ednica M\u00e9dica II<\/td><td>Obrigat\u00f3ria<\/td><td>5\u00ba<\/td><td>Jos\u00e9 Roberto de Faria<br><br>joserfaria@gmail.com<\/td><td><a href=\"https:\/\/www.medicina.ufmg.br\/cegrad\/programas-das-aacs\/\" data-type=\"link\" data-id=\"https:\/\/www.medicina.ufmg.br\/cegrad\/programas-das-aacs\/\">Plano de ensino<br><\/a><\/td><\/tr><tr><td>Cl\u00ednica M\u00e9dica III<\/td><td>Obrigat\u00f3ria<\/td><td>6\u00ba<\/td><td>Melissa Orlandin <br><br>premaormeopremaor@gmail.com<\/td><td><a href=\"https:\/\/www.medicina.ufmg.br\/cegrad\/programas-das-aacs\/\" data-type=\"link\" data-id=\"https:\/\/www.medicina.ufmg.br\/cegrad\/programas-das-aacs\/\">Plano de ensino<\/a><\/td><\/tr><tr><td>Cl\u00ednica M\u00e9dica IV<\/td><td>Obrigat\u00f3ria<\/td><td>7\u00ba<\/td><td>Ricardo Mesquita camelomcamelo@hotmail.com<\/td><td><a href=\"https:\/\/www.medicina.ufmg.br\/cegrad\/programas-das-aacs\/\" data-type=\"link\" data-id=\"https:\/\/www.medicina.ufmg.br\/cegrad\/programas-das-aacs\/\">Plano de ensino<br><\/a><\/td><\/tr><tr><td>Cl\u00ednica M\u00e9dica V<\/td><td>Obrigat\u00f3ria<\/td><td>8\u00ba<\/td><td>Let\u00edcia Ferreira Gontijo Silveira<br><br>leticiafgs@gmail.com<\/td><td><a href=\"https:\/\/www.medicina.ufmg.br\/cegrad\/programas-das-aacs\/\" data-type=\"link\" data-id=\"https:\/\/www.medicina.ufmg.br\/cegrad\/programas-das-aacs\/\">Plano de ensino<br><\/a><br><a href=\"http:\/\/www.medicina.ufmg.br\/clm\/wp-content\/uploads\/sites\/24\/2025\/08\/Informacoes-sobre-CLM5.pdf\" data-type=\"link\" data-id=\"http:\/\/www.medicina.ufmg.br\/clm\/wp-content\/uploads\/sites\/24\/2025\/08\/Informacoes-sobre-CLM5.pdf\">Informa\u00e7\u00f5es sobre a CLM-V<\/a><\/td><\/tr><tr><td>Aten\u00e7\u00e3o secund\u00e1ria em dermatologia<\/td><td>Obrigat\u00f3ria<\/td><td>9\u00ba<\/td><td>Lucas Campos Garcialucascampos@outlook.com<\/td><td><a href=\"https:\/\/www.medicina.ufmg.br\/cegrad\/programas-das-aacs\/\" data-type=\"link\" data-id=\"https:\/\/www.medicina.ufmg.br\/cegrad\/programas-das-aacs\/\">Plano de ensino<br><\/a><br><a href=\"http:\/\/www.medicina.ufmg.br\/clm\/wp-content\/uploads\/sites\/24\/2025\/08\/Plano-de-trabalho-Atencao-secundaria-em-dermatologia-3-trimestre.pdf\" data-type=\"link\" data-id=\"http:\/\/www.medicina.ufmg.br\/clm\/wp-content\/uploads\/sites\/24\/2025\/08\/Plano-de-trabalho-Atencao-secundaria-em-dermatologia-3-trimestre.pdf\">Plano de trabalho -3\u00ba trimestre<br><\/a><br><a href=\"http:\/\/www.medicina.ufmg.br\/clm\/wp-content\/uploads\/sites\/24\/2025\/08\/Plano-de-trabalho-Atencao-secundaria-em-dermatologia-4-trimestre.pdf\" data-type=\"link\" data-id=\"http:\/\/www.medicina.ufmg.br\/clm\/wp-content\/uploads\/sites\/24\/2025\/08\/Plano-de-trabalho-Atencao-secundaria-em-dermatologia-4-trimestre.pdf\">Plano de trabalho- 4\u00ba trimestre<\/a><\/td><\/tr><tr><td>Aten\u00e7\u00e3o secund\u00e1ria em Neurologia<\/td><td>Obrigat\u00f3ria<\/td><td>9\u00ba<\/td><td>Paulo Pereira Christo<br><br>ppchristo@gmail.com<\/td><td><a href=\"https:\/\/www.medicina.ufmg.br\/cegrad\/programas-das-aacs\/\" data-type=\"link\" data-id=\"https:\/\/www.medicina.ufmg.br\/cegrad\/programas-das-aacs\/\">Plano de ensino<br><\/a><br><a href=\"http:\/\/www.medicina.ufmg.br\/clm\/wp-content\/uploads\/sites\/24\/2025\/08\/Plano-de-trabalho-Neuro-3o-trimestre.pdf\" data-type=\"link\" data-id=\"http:\/\/www.medicina.ufmg.br\/clm\/wp-content\/uploads\/sites\/24\/2025\/08\/Plano-de-trabalho-Neuro-3o-trimestre.pdf\">&nbsp;Plano de trabalho- 3\u00ba trimestre<\/a><\/td><\/tr><tr><td>Est\u00e1gio em Cl\u00ednica M\u00e9dica<\/td><td>Obrigat\u00f3ria<\/td><td>9\u00ba<\/td><td>Carolina Coimbra Marinhocarolinac<br>marinho@gmail.com<\/td><td><a href=\"https:\/\/www.medicina.ufmg.br\/cegrad\/programas-das-aacs\/\" data-type=\"link\" data-id=\"https:\/\/www.medicina.ufmg.br\/cegrad\/programas-das-aacs\/\">Plano de ensino<br><\/a><\/td><\/tr><tr><td>Extens\u00e3o em Sa\u00fade e Medicina<\/td><td>Obrigat\u00f3ria<\/td><td>12\u00ba<\/td><td>Una\u00ed Tupinamb\u00e1s<br><br>unaitupi@gmail.com<\/td><td><a href=\"https:\/\/www.medicina.ufmg.br\/cegrad\/programas-das-aacs\/\" data-type=\"link\" data-id=\"https:\/\/www.medicina.ufmg.br\/cegrad\/programas-das-aacs\/\">Plano de ensino<br><\/a><br><\/td><\/tr><\/tbody><\/table><\/figure>\n\n\n\n<h2 class=\"wp-block-heading\">Disciplinas Optativas<\/h2>\n\n\n\n<p>Confira abaixo o local das aulas &#8211; <a href=\"http:\/\/www.medicina.ufmg.br\/clm\/wp-content\/uploads\/sites\/24\/2023\/08\/ESCALA-OPTATIVAS-2023-2.pdf\">(Escala de Disciplinas Optativas)<\/a>&nbsp;*atualizado em&nbsp;30\/08\/2022<\/p>\n\n\n\n<figure class=\"wp-block-table\"><table class=\"has-fixed-layout\"><tbody><tr><td><strong>DISCIPLINA<\/strong><\/td><td><strong>CATEGORIA<\/strong><\/td><td><strong>PER\u00cdODO<\/strong><\/td><td><strong>COORDENA\u00c7\u00c3O<\/strong><\/td><td><strong>ARQUIVOS<\/strong><\/td><\/tr><tr><td>Terap\u00eautica Cl\u00ednica I<\/td><td>Optativa<\/td><td>9\u00ba<\/td><td>\u00canio Roberto Pietra <br><br>pedrosoeniopietra@gmail.com<\/td><td><a href=\"http:\/\/www.medicina.ufmg.br\/clm\/wp-content\/uploads\/sites\/24\/2025\/08\/Terapeutica-I-20252.pdf\" data-type=\"link\" data-id=\"http:\/\/www.medicina.ufmg.br\/clm\/wp-content\/uploads\/sites\/24\/2025\/08\/Terapeutica-I-20252.pdf\">Plano de trabalho 2\u00ba semestre 2025<\/a><\/td><\/tr><tr><td>Terap\u00eautica Cl\u00ednica II<\/td><td>Optativa<\/td><td>9\u00ba<\/td><td>\u00canio Roberto Pietra <br><br>pedrosoeniopietra@gmail.com<\/td><td><a href=\"http:\/\/www.medicina.ufmg.br\/clm\/wp-content\/uploads\/sites\/24\/2026\/01\/primeirotrimestre.pdf\" data-type=\"link\" data-id=\"http:\/\/www.medicina.ufmg.br\/clm\/wp-content\/uploads\/sites\/24\/2026\/01\/primeirotrimestre.pdf\">Plano de ensino 1\u00b0 trimestre<br><\/a><br><a href=\"http:\/\/www.medicina.ufmg.br\/clm\/wp-content\/uploads\/sites\/24\/2025\/08\/Terapeutica-II-A-3o-trimestre.pdf\" data-type=\"link\" data-id=\"http:\/\/www.medicina.ufmg.br\/clm\/wp-content\/uploads\/sites\/24\/2025\/08\/Terapeutica-II-A-3o-trimestre.pdf\">Plano de trabalho 3\u00ba trimestre <br><\/a><br><a href=\"http:\/\/www.medicina.ufmg.br\/clm\/wp-content\/uploads\/sites\/24\/2025\/08\/Terapeutica-II-B-4o-trimestre.pdf\" data-type=\"link\" data-id=\"http:\/\/www.medicina.ufmg.br\/clm\/wp-content\/uploads\/sites\/24\/2025\/08\/Terapeutica-II-B-4o-trimestre.pdf\">Plano de trabalho 4\u00ba trimestre<\/a><\/td><\/tr><tr><td>Terap\u00eautica Cl\u00ednica III<\/td><td>Optativa<\/td><td>9\u00ba<\/td><td>\u00canio Roberto Pietra <br><br>pedrosoeniopietra@gmail.com<\/td><td><a href=\"http:\/\/www.medicina.ufmg.br\/clm\/wp-content\/uploads\/sites\/24\/2025\/08\/Terapeutica-III-20252.pdf\" data-type=\"link\" data-id=\"http:\/\/www.medicina.ufmg.br\/clm\/wp-content\/uploads\/sites\/24\/2025\/08\/Terapeutica-III-20252.pdf\">Plano de trabalho 2\u00ba semestre 2025<\/a><\/td><\/tr><tr><td>Curso B\u00e1sico de<br>Interpreta\u00e7\u00e3o do<br>Eletrocardiograma<br>de Repouso<\/td><td>Optativa<\/td><td>9\u00ba<\/td><td>Ros\u00e1lia Maria Torres<br><br>rosaliamoraistorres@gmail.com<\/td><td><\/td><\/tr><tr><td>T\u00f3pico em Cl\u00ednica<br>M\u00e9dica: A Logosofia<br>e a humaniza\u00e7\u00e3o na<br>\u00e1rea da sa\u00fade<\/td><td>Optativa&nbsp;<\/td><td><\/td><td>Cl\u00e1udia Alves Couto<br><br>clacouto@gmail.com<\/td><td><a href=\"http:\/\/www.medicina.ufmg.br\/clm\/wp-content\/uploads\/sites\/24\/2025\/08\/CLM040.pdf\" data-type=\"URL\" data-id=\"https:\/\/www.medicina.ufmg.br\/clm\/wp-content\/uploads\/sites\/24\/2023\/02\/EMENTA-E-CRONOGRAMA-DISCIPLINA-Logosofia-e-Humanizac\u0327ao-na-Area-da-Saude-2023_1.pdf\" target=\"_blank\" rel=\"noreferrer noopener\">Programa<\/a><br> *atualizado em 11\/08\/2025<\/td><\/tr><\/tbody><\/table><\/figure>\n\n\n\n<h2 class=\"wp-block-heading\">P\u00f3s-Gradua\u00e7\u00e3o<\/h2>\n\n\n\n<p><a href=\"https:\/\/www.medicina.ufmg.br\/cpginfectologia\/\">Programa de P\u00f3s-Gradua\u00e7\u00e3o em Ci\u00eancias da Sa\u00fade: Infectologia e Medicina Tropical<\/a><\/p>\n\n\n\n<p><a href=\"https:\/\/www.medicina.ufmg.br\/cpgsaudedoadulto\/\">Programa de P\u00f3s-Gradua\u00e7\u00e3o Sa\u00fade do Adulto<\/a><\/p>\n","protected":false},"excerpt":{"rendered":"<p>Gradua\u00e7\u00e3o Clique para conferir o local das aulas: Escala de Disciplinas \u2013 2\u00b0 Semestre de 2025*atualizado em 10\/03\/2025 DISCIPLINA CATEGORIA PER\u00cdODO COORDENA\u00c7\u00c3O ARQUIVOS Cl\u00ednica M\u00e9dica I Obrigat\u00f3ria 4\u00ba&nbsp; Eliane Viana Mancuzo elianevmancuzo4@gmail.com Plano de ensino Cl\u00ednica M\u00e9dica II Obrigat\u00f3ria 5\u00ba Jos\u00e9 Roberto de Faria joserfaria@gmail.com Plano de ensino Cl\u00ednica M\u00e9dica III Obrigat\u00f3ria 6\u00ba Melissa Orlandin [&hellip;]<\/p>\n","protected":false},"author":27,"featured_media":0,"parent":0,"menu_order":0,"comment_status":"closed","ping_status":"closed","template":"","meta":{"footnotes":""},"class_list":["post-32","page","type-page","status-publish","hentry"],"_links":{"self":[{"href":"https:\/\/www.medicina.ufmg.br\/clm\/wp-json\/wp\/v2\/pages\/32","targetHints":{"allow":["GET"]}}],"collection":[{"href":"https:\/\/www.medicina.ufmg.br\/clm\/wp-json\/wp\/v2\/pages"}],"about":[{"href":"https:\/\/www.medicina.ufmg.br\/clm\/wp-json\/wp\/v2\/types\/page"}],"author":[{"embeddable":true,"href":"https:\/\/www.medicina.ufmg.br\/clm\/wp-json\/wp\/v2\/users\/27"}],"replies":[{"embeddable":true,"href":"https:\/\/www.medicina.ufmg.br\/clm\/wp-json\/wp\/v2\/comments?post=32"}],"version-history":[{"count":209,"href":"https:\/\/www.medicina.ufmg.br\/clm\/wp-json\/wp\/v2\/pages\/32\/revisions"}],"predecessor-version":[{"id":1747,"href":"https:\/\/www.medicina.ufmg.br\/clm\/wp-json\/wp\/v2\/pages\/32\/revisions\/1747"}],"wp:attachment":[{"href":"https:\/\/www.medicina.ufmg.br\/clm\/wp-json\/wp\/v2\/media?parent=32"}],"curies":[{"name":"wp","href":"https:\/\/api.w.org\/{rel}","templated":true}]}}