
{"id":1258,"date":"2019-08-26T12:56:30","date_gmt":"2019-08-26T12:56:30","guid":{"rendered":"https:\/\/www.medicina.ufmg.br\/cpg\/?page_id=1258"},"modified":"2025-05-22T13:07:24","modified_gmt":"2025-05-22T13:07:24","slug":"diplomas","status":"publish","type":"page","link":"https:\/\/www.medicina.ufmg.br\/cpg\/diplomas\/","title":{"rendered":"Diplomas"},"content":{"rendered":"\n<p>&nbsp;expedi\u00e7\u00e3o de diplomas \u00e9 realizada pela Pr\u00f3-Reitoria de P\u00f3s-Gradua\u00e7\u00e3o \u2013 Setor de Expedi\u00e7\u00e3o de Diplomas, aonde a documenta\u00e7\u00e3o ser\u00e1 analisada e realizada a confec\u00e7\u00e3o do documento.&nbsp;<\/p>\n\n\n\n<p>O interessado deve seguir os procedimentos relacionados a seguir:<\/p>\n\n\n\n<p><strong>REQUERIMENTO DE DIPLOMA&nbsp;1\u00aa&nbsp;VIA<\/strong><\/p>\n\n\n\n<p><strong>&nbsp;1\u00ba PASSO<\/strong><\/p>\n\n\n\n<p>Ajuste sua disserta\u00e7\u00e3o ou tese para garantir um padr\u00e3o m\u00ednimo de padroniza\u00e7\u00e3o (normas da Associa\u00e7\u00e3o Brasileira de Normas T\u00e9cnicas \u2013 ABNT) e permitir a compatibilidade da informa\u00e7\u00e3o entre diferentes sistemas computacionais (bases de dados, cat\u00e1logos, bibliotecas digitais e reposit\u00f3rios institucionais). O manual foi desenvolvido Biblioteca Universit\u00e1ria (BU) alinhada \u00e0s Pr\u00f3-reitorias de Pesquisa e P\u00f3s-Gradua\u00e7\u00e3o da UFMG.<\/p>\n\n\n\n<ul class=\"wp-block-list\">\n<li><strong>Link com as Diretrizes para normatiza\u00e7\u00e3o: <\/strong><strong>https:\/\/repositorio.ufmg.br\/static\/politica\/diretrizes-para-normalizacao-de-trabalhos-academicos-da-UFMG.pdf <\/strong><strong>(copiar o link e abrir em qualquer navegador)\u00a0<\/strong><\/li>\n<\/ul>\n\n\n\n<p><strong>Ficha Catalogr\u00e1fica<\/strong>&nbsp;\u2013 envie e-mail para &nbsp;<a href=\"mailto:fichabiblioteca@medicina.ufmg.br\"><strong>fichabiblioteca@medicina.ufmg.br<\/strong><\/a><strong>,&nbsp;<\/strong>ou ligue para o telefone 3409-9733;<\/p>\n\n\n\n<p>Em&nbsp;caso de d\u00favida&nbsp;com a normatiza\u00e7\u00e3o de trabalhos acad\u00eamicos&nbsp;(monografia, disserta\u00e7\u00f5es e teses),&nbsp;consulte a biblioteca da Faculdade de Medicina,&nbsp;<a href=\"mailto:biblioteca@medicina.ufmg.br\"><strong>biblioteca@medicina.ufmg.br<\/strong><\/a>, telefone 3409-9733,&nbsp;isso evitar\u00e1 que o seu trabalho seja reprovado pelo reposit\u00f3rio da UFMG.<\/p>\n\n\n\n<p><strong>2\u00ba PASSO<\/strong><\/p>\n\n\n\n<p>Deposite seu trabalho no reposit\u00f3rio atrav\u00e9s do link:&nbsp;<a href=\"https:\/\/repositorio.ufmg.br\/custom\/instructions.jsp\"><strong>https:\/\/repositorio.ufmg.br\/custom\/instructions.jsp<\/strong><\/a>&nbsp;<\/p>\n\n\n\n<ul class=\"wp-block-list\">\n<li><strong>Link para o novo tutorial em v\u00eddeo:\u00a0<\/strong><a href=\"https:\/\/youtu.be\/Bd8YPRWfLa0\"><strong>https:\/\/youtu.be\/Bd8YPRWfLa0<\/strong><\/a><strong>\u00a0(copiar o link e abrir em qualquer navegador)<\/strong><\/li>\n\n\n\n<li><strong>Arquivo de novo tutorial em pdf:\u00a0<\/strong><a href=\"https:\/\/repositorio.ufmg.br\/static\/politica\/tutorial-de-autoarquivamento-trabalhos-academicos.pdf\"><strong>https:\/\/repositorio.ufmg.br\/static\/politica\/tutorial-de-autoarquivamento-trabalhos-academicos.pdf<\/strong><\/a><strong>\u00a0(copiar o link e abrir em qualquer navegador)<\/strong><\/li>\n<\/ul>\n\n\n\n<p><strong>3\u00ba PASSO&nbsp;<\/strong><\/p>\n\n\n\n<p>Abra o processo no sistema SEI: <strong>https:\/\/sei.ufmg.br\/sei\/controlador_externo.php?acao=usuario_externo_logar&amp;id_orgao_acesso_externo&nbsp;<\/strong><\/p>\n\n\n\n<p><strong>ORIENTA\u00c7\u00d5ES&nbsp;<\/strong><\/p>\n\n\n\n<ol class=\"wp-block-list\">\n<li>Para que o aluno fa\u00e7a o dep\u00f3sito do trabalho no Reposit\u00f3rio, ele precisar\u00e1 realizar cadastro como\u00a0<strong>usu\u00e1rio externo SEI<\/strong>.\u00a0<\/li>\n<\/ol>\n\n\n\n<ul class=\"wp-block-list\">\n<li><strong>Link para solicita\u00e7\u00e3o de cadastro como usu\u00e1rio externo SEI:\u00a0<\/strong><a href=\"https:\/\/sei.ufmg.br\/sei\/controlador_externo.php?acao=usuario_externo_logar&amp;id_orgao_acesso_externo=0\"><strong>https:\/\/sei.ufmg.br\/sei\/controlador_externo.php?acao=usuario_externo_logar&amp;id_orgao_acesso_externo=0<\/strong><\/a><strong>\u00a0(copiar o link e abrir em qualquer navegador)<\/strong><\/li>\n<\/ul>\n\n\n\n<ol start=\"2\" class=\"wp-block-list\">\n<li>Ap\u00f3s o cadastro o aluno dever\u00e1 acessar o SEI e selecionar a op\u00e7\u00e3o\u00a0<strong>Peticionamento\u00a0<\/strong>> Processo Novo.\u00a0<\/li>\n\n\n\n<li>Aloca\u00e7\u00e3o do processo no SEI:\u00a0<strong>MEDICINA \u2013CPG\u00a0<\/strong><\/li>\n\n\n\n<li>O processo SEI gerado pelo aluno ser\u00e1 enviado automaticamente para o Reposit\u00f3rio\u00a0<\/li>\n<\/ol>\n\n\n\n<p>Todos os tramites para a obten\u00e7\u00e3o da declara\u00e7\u00e3o de dep\u00f3sito de trabalho acad\u00eamico a ser emitida pelo REPOSIT\u00d3RIO s\u00e3o de inteira responsabilidade do aluno.&nbsp;&nbsp;<strong>D\u00daVIDAS:&nbsp;<\/strong><strong>repositorio-trabacad@servicos.ufmg.br.<\/strong>&nbsp;<\/p>\n\n\n\n<p><strong>4\u00ba PASSO&nbsp;<\/strong><\/p>\n\n\n\n<p><strong>Encaminhe a documenta\u00e7\u00e3o relacionada abaixo para o e-mail&nbsp;<\/strong><a href=\"mailto:cpgmedrcp@gmail.com\"><strong>cpgmedrcp@gmail.com<\/strong><\/a><strong>:&nbsp;<\/strong><\/p>\n\n\n\n<ul class=\"wp-block-list\">\n<li>C\u00f3pia Certid\u00e3o de nascimento ou de casamento;\u00a0<\/li>\n\n\n\n<li>C\u00f3pia de documento de identidade (preferencialmente, RG);\u00a0<\/li>\n\n\n\n<li>C\u00f3pia do diploma de gradua\u00e7\u00e3o frente e verso\u00a0<\/li>\n\n\n\n<li>Hist\u00f3rico Escolar do curso com QRCode\u00a0<strong>(<\/strong><a href=\"https:\/\/sistemas.ufmg.br\/iapWeb\/\"><strong>https:\/\/sistemas.ufmg.br\/iapWeb\/<\/strong><\/a><strong>)<\/strong><\/li>\n<\/ul>\n\n\n\n<p>Se urgente, anexar tamb\u00e9m o seguinte formul\u00e1rio:&nbsp;<a href=\"https:\/\/pos.direito.ufmg.br\/downloads\/Formulario-008-Requerimento-de-Diploma-em-Carater-Prioritario.pdf\"><strong>Requerimento de Diploma com Urg\u00eancia<\/strong><\/a>&nbsp;<\/p>\n\n\n\n<p>D\u00favidas dever\u00e3o ser encaminhadas para o e-mail <a href=\"mailto:cpgmedrcp@gmail.com\"><strong>cpgmedrcp@gmail.com<\/strong><\/a>.&nbsp;<\/p>\n\n\n\n<p><strong>REQUERIMENTO DE DIPLOMA 2\u00aa&nbsp;VIA<\/strong><\/p>\n\n\n\n<p>Encaminhe a documenta\u00e7\u00e3o na ordem abaixo,&nbsp;<strong>em arquivo \u00fanico no formato PDF<\/strong>, para o e-mail <a href=\"mailto:cpgmedrcp@gmail.com\"><strong>cpgmedrcp@gmail.com<\/strong><\/a><strong>.&nbsp;<\/strong>\u201cSOLICITA\u00c7\u00c3O DE DIPLOMA 2\u00aa VIA \u2013 (MESTRADO OU DOUTORADO) \u2013 NOME DO REQUERENTE\u201d.<\/p>\n\n\n\n<p>ATEN\u00c7\u00c3O, o&nbsp;<strong>arquivo \u00fanico em PDF&nbsp;<\/strong>deve conter a documenta\u00e7\u00e3o na seguinte ordem:<\/p>\n\n\n\n<p>1. Carta com a justificativa para o pedido de 2\u00aa via;<\/p>\n\n\n\n<p>&nbsp;2. C\u00f3pia do Diploma de Gradua\u00e7\u00e3o (frente e verso);&nbsp;<\/p>\n\n\n\n<p>&nbsp;3. C\u00f3pia da carteira de identidade (frente e verso). No caso de alunos estrangeiros, anexar c\u00f3pia do passaporte;&nbsp;<\/p>\n\n\n\n<p>&nbsp;4. C\u00f3pia da certid\u00e3o de nascimento, certid\u00e3o de casamento ou de uni\u00e3o est\u00e1vel;&nbsp;<\/p>\n\n\n\n<p>&nbsp;5. Guia GRU do DRCA, conforme orienta\u00e7\u00f5es:&nbsp;<a href=\"https:\/\/www2.ufmg.br\/drca\/content\/view\/full\/14908\"><strong>Clique aqui!&nbsp;<\/strong><\/a><\/p>\n\n\n\n<p>Se urgente, anexar tamb\u00e9m o&nbsp; formul\u00e1rio&nbsp;<a href=\"https:\/\/pos.direito.ufmg.br\/downloads\/Formulario-008-Requerimento-de-Diploma-em-Carater-Prioritario.pdf\"><strong>Requerimento de Diploma com Urg\u00eancia<\/strong><\/a><\/p>\n\n\n\n<p><strong>REQUERIMENTO CERTIFICADO RESID\u00caNCIA P\u00d3S-DOUTORAL<\/strong><\/p>\n\n\n\n<p>Assim que receber a aprova\u00e7\u00e3o do seu relat\u00f3rio final pela Coordena\u00e7\u00e3o ou pelo Colegiado, encaminhe a documenta\u00e7\u00e3o,&nbsp;<strong>na ordem abaixo<\/strong>,&nbsp;<strong>em arquivo \u00fanico no formato PDF<\/strong>, para o e-mail da secretaria: com o t\u00edtulo \u201cSOLICITA\u00c7\u00c3O DE CERTIFICADO RPD \u2013 NOME DO REQUERENTE\u201d.<\/p>\n\n\n\n<p>ATEN\u00c7\u00c3O, o&nbsp;<strong>arquivo \u00fanico em PDF&nbsp;<\/strong>deve conter a documenta\u00e7\u00e3o na seguinte ordem:<\/p>\n\n\n\n<p>Documentos:<\/p>\n\n\n\n<ul class=\"wp-block-list\">\n<li>Formul\u00e1rio para Emiss\u00e3o de Certificado de Resid\u00eancia P\u00f3s-Doutoral (emitido pela secretaria);<\/li>\n\n\n\n<li>C\u00f3pia da carteira de identidade (frente e verso) ou passaporte se o residente for estrangeiro;<\/li>\n\n\n\n<li>C\u00f3pia da certid\u00e3o de nascimento ou casamento.<\/li>\n<\/ul>\n\n\n\n<p><strong>A falta de qualquer um destes documentos inviabilizar\u00e1 a emiss\u00e3o do Certificado.<\/strong><\/p>\n\n\n\n<p><strong>TRADU\u00c7\u00d5ES JURAMENTADAS&nbsp;<\/strong><\/p>\n\n\n\n<p>A DRI n\u00e3o realiza tradu\u00e7\u00f5es nem certifica\u00e7\u00f5es. &nbsp;Na UFMG, recomenda-se procurar o CENEX da FALE, por meio do e-mail: <strong>tamr@letras.ufmg.br<\/strong>, para o servi\u00e7o de tradu\u00e7\u00e3o. O CENEX possui uma tabela de pre\u00e7os especiais para FUMP 1 e 2. &nbsp;Quando solicitada a tradu\u00e7\u00e3o juramentada, recomenda-se a busca pelos tradutores p\u00fablicos e int\u00e9rpretes comerciais listados na p\u00e1gina da Junta Comercial do Estado de Minas Gerais \u2013 JUCEMG (<a href=\"https:\/\/jucemg.mg.gov.br\/servicos\"><strong>https:\/\/jucemg.mg.gov.br\/servicos<\/strong><\/a>). Os tradutores p\u00fablicos e int\u00e9rpretes comerciais matriculados no Brasil est\u00e3o reunidos na FENAJU:&nbsp;<a href=\"https:\/\/fenaju.com.br\/\"><strong>https:\/\/fenaju.com.br<\/strong><\/a><\/p>\n","protected":false},"excerpt":{"rendered":"<p>&nbsp;expedi\u00e7\u00e3o de diplomas \u00e9 realizada pela Pr\u00f3-Reitoria de P\u00f3s-Gradua\u00e7\u00e3o \u2013 Setor de Expedi\u00e7\u00e3o de Diplomas, aonde a documenta\u00e7\u00e3o ser\u00e1 analisada e realizada a confec\u00e7\u00e3o do documento.&nbsp; O interessado deve seguir os procedimentos relacionados a seguir: REQUERIMENTO DE DIPLOMA&nbsp;1\u00aa&nbsp;VIA &nbsp;1\u00ba PASSO Ajuste sua disserta\u00e7\u00e3o ou tese para garantir um padr\u00e3o m\u00ednimo de padroniza\u00e7\u00e3o (normas da Associa\u00e7\u00e3o [&hellip;]<\/p>\n","protected":false},"author":17,"featured_media":0,"parent":0,"menu_order":0,"comment_status":"closed","ping_status":"closed","template":"","meta":{"footnotes":""},"class_list":["post-1258","page","type-page","status-publish","hentry"],"_links":{"self":[{"href":"https:\/\/www.medicina.ufmg.br\/cpg\/wp-json\/wp\/v2\/pages\/1258","targetHints":{"allow":["GET"]}}],"collection":[{"href":"https:\/\/www.medicina.ufmg.br\/cpg\/wp-json\/wp\/v2\/pages"}],"about":[{"href":"https:\/\/www.medicina.ufmg.br\/cpg\/wp-json\/wp\/v2\/types\/page"}],"author":[{"embeddable":true,"href":"https:\/\/www.medicina.ufmg.br\/cpg\/wp-json\/wp\/v2\/users\/17"}],"replies":[{"embeddable":true,"href":"https:\/\/www.medicina.ufmg.br\/cpg\/wp-json\/wp\/v2\/comments?post=1258"}],"version-history":[{"count":7,"href":"https:\/\/www.medicina.ufmg.br\/cpg\/wp-json\/wp\/v2\/pages\/1258\/revisions"}],"predecessor-version":[{"id":2775,"href":"https:\/\/www.medicina.ufmg.br\/cpg\/wp-json\/wp\/v2\/pages\/1258\/revisions\/2775"}],"wp:attachment":[{"href":"https:\/\/www.medicina.ufmg.br\/cpg\/wp-json\/wp\/v2\/media?parent=1258"}],"curies":[{"name":"wp","href":"https:\/\/api.w.org\/{rel}","templated":true}]}}