
{"id":1280,"date":"2019-09-12T13:52:57","date_gmt":"2019-09-12T13:52:57","guid":{"rendered":"https:\/\/www.medicina.ufmg.br\/cpg\/?page_id=1280"},"modified":"2026-03-24T13:15:43","modified_gmt":"2026-03-24T13:15:43","slug":"sobre","status":"publish","type":"page","link":"https:\/\/www.medicina.ufmg.br\/cpg\/sobre\/","title":{"rendered":"Sobre"},"content":{"rendered":"\n<p>A P\u00f3s-Gradua\u00e7\u00e3o em Medicina iniciou-se na Universidade Federal de Minas Gerais em 1969 com a cria\u00e7\u00e3o do Curso de Oftalmologia. Em 18 de fevereiro de 1977 foi criado o Centro de P\u00f3s-Gradua\u00e7\u00e3o da Faculdade de Medicina com a finalidade de ser uma se\u00e7\u00e3o operacional para assuntos de p\u00f3s-gradua\u00e7\u00e3o.<\/p>\n\n\n\n<p>O CPG compreende, no \u00e2mbito da Faculdade de Medicina, os programas de p\u00f3s-gradua\u00e7\u00e3o <em>\u201cstricto sensu\u201d<\/em>; administra oito programas acad\u00eamicos nos n\u00edveis de mestrado e doutorado, um programa de mestrado profissional. Al\u00e9m, de um curso regular <em>\u201clato sensu\u201d<\/em> n\u00edvel de especializa\u00e7\u00e3o.<\/p>\n\n\n\n<h2 class=\"wp-block-heading\">EQUIPE<\/h2>\n\n\n\n<p><strong>Coordenadora Geral do Centro de P\u00f3s-Gradua\u00e7\u00e3o:<br><\/strong>Ana Cristina Sim\u00f5es e Silva<br><strong>Subcoordenador Geral do Centro de P\u00f3s-Gradua\u00e7\u00e3o:<br><\/strong>Teresa Cristina de Abreu Ferrari<\/p>\n\n\n\n<p><strong>SECRET\u00c1RIOS(AS) DOS PROGRAMAS DE P\u00d3S-GRADUA\u00c7\u00c3O:<\/strong><\/p>\n\n\n\n<p><strong>PPG Ci\u00eancias Aplicadas \u00e0 Cirurgia e a Oftalmologia<br><\/strong>Secret\u00e1ria \u2013 Camila Silva<br>ppg.ciroft.ufmg@gmail.com \u2013 9166<\/p>\n\n\n\n<p><br><strong>PPG Ci\u00eancias Aplicadas \u00e0 Sa\u00fade do Adulto<br><\/strong>Secret\u00e1ria \u2013 K\u00edssila Moura<br>cpg.ppg.casa@gmail.com \u2013 9640<\/p>\n\n\n\n<p><br><strong>PPG Ci\u00eancias da Sa\u00fade: Infectologia e Medicina Tropical<br><\/strong>Secret\u00e1ria \u2013 Luciene Vieira da Silva<br>ppgimt@medicina.ufmg.br \u2013 9641<\/p>\n\n\n\n<p><br><strong>PPG Ci\u00eancias da Sa\u00fade: Sa\u00fade da Crian\u00e7a e do Adolescente<br><\/strong>Secret\u00e1rio \u2013 Wilton Evangelista<br>cpg.ppg.sca@gmail.com \u2013 9640<\/p>\n\n\n\n<p><br><strong>PPG Ci\u00eancias Fonoaudiol\u00f3gicas<br><\/strong>Secret\u00e1rio \u2013 Thiago Campolina Diniz<br>pgfonoufmg@gmail.com \u2013 9641<\/p>\n\n\n\n<p><br><strong>PPG Sa\u00fade da Mulher<br><\/strong>Secret\u00e1ria \u2013 Mar\u00edlia Silva<br>pgsaudedamulherufmg@gmail.com \u2013 9641<\/p>\n\n\n\n<p><br><strong>PPG Medicina Molecular<br><\/strong>Secret\u00e1ria \u2013 Mar\u00edlia Silva<br>ppgmm@medicina.ufmg.br \u2013 9641<\/p>\n\n\n\n<p><br><strong>PPG Sa\u00fade P\u00fablica<br><\/strong>Secret\u00e1ria \u2013 Eneida Ferraz<br>ppgsp@medicina.ufmg.br \u2013 9640<\/p>\n\n\n\n<p><br><strong>PPG Promo\u00e7\u00e3o da Sa\u00fade e Preven\u00e7\u00e3o da Viol\u00eancia<br><\/strong>Secret\u00e1ria \u2013 Daniela Costa<br>pspv.cpg@gmail.com \u2013 9640<\/p>\n\n\n\n<p><strong>ESPECIALIZA\u00c7\u00c3O:<br><\/strong><br>Especializa\u00e7\u00e3o em Sa\u00fade do Adolescente<br>Secret\u00e1ria \u2013 K\u00edssila Moura<br>espec.cpg.ufmg@gmail.com &#8211; 9640<\/p>\n\n\n\n<p><strong>ATENDIMENTO DIPLOMA:<br><\/strong>cpgmedrcp@gmail.com<\/p>\n\n\n\n<p><strong>HOR\u00c1RIO DE ATENDIMENTO EXTERNO:<br><\/strong>Das 8h \u00e0s 12h e das 14h \u00e0s 16h<\/p>\n\n\n\n<p><\/p>\n","protected":false},"excerpt":{"rendered":"<p>A P\u00f3s-Gradua\u00e7\u00e3o em Medicina iniciou-se na Universidade Federal de Minas Gerais em 1969 com a cria\u00e7\u00e3o do Curso de Oftalmologia. Em 18 de fevereiro de 1977 foi criado o Centro de P\u00f3s-Gradua\u00e7\u00e3o da Faculdade de Medicina com a finalidade de ser uma se\u00e7\u00e3o operacional para assuntos de p\u00f3s-gradua\u00e7\u00e3o. O CPG compreende, no \u00e2mbito da Faculdade [&hellip;]<\/p>\n","protected":false},"author":33,"featured_media":0,"parent":0,"menu_order":0,"comment_status":"closed","ping_status":"closed","template":"","meta":{"footnotes":""},"class_list":["post-1280","page","type-page","status-publish","hentry"],"_links":{"self":[{"href":"https:\/\/www.medicina.ufmg.br\/cpg\/wp-json\/wp\/v2\/pages\/1280","targetHints":{"allow":["GET"]}}],"collection":[{"href":"https:\/\/www.medicina.ufmg.br\/cpg\/wp-json\/wp\/v2\/pages"}],"about":[{"href":"https:\/\/www.medicina.ufmg.br\/cpg\/wp-json\/wp\/v2\/types\/page"}],"author":[{"embeddable":true,"href":"https:\/\/www.medicina.ufmg.br\/cpg\/wp-json\/wp\/v2\/users\/33"}],"replies":[{"embeddable":true,"href":"https:\/\/www.medicina.ufmg.br\/cpg\/wp-json\/wp\/v2\/comments?post=1280"}],"version-history":[{"count":14,"href":"https:\/\/www.medicina.ufmg.br\/cpg\/wp-json\/wp\/v2\/pages\/1280\/revisions"}],"predecessor-version":[{"id":2963,"href":"https:\/\/www.medicina.ufmg.br\/cpg\/wp-json\/wp\/v2\/pages\/1280\/revisions\/2963"}],"wp:attachment":[{"href":"https:\/\/www.medicina.ufmg.br\/cpg\/wp-json\/wp\/v2\/media?parent=1280"}],"curies":[{"name":"wp","href":"https:\/\/api.w.org\/{rel}","templated":true}]}}