
{"id":2076,"date":"2022-09-27T17:07:56","date_gmt":"2022-09-27T17:07:56","guid":{"rendered":"https:\/\/www.medicina.ufmg.br\/cpg\/?page_id=2076"},"modified":"2025-01-15T12:21:14","modified_gmt":"2025-01-15T12:21:14","slug":"ementas","status":"publish","type":"page","link":"https:\/\/www.medicina.ufmg.br\/cpg\/ementas\/","title":{"rendered":"Ementas"},"content":{"rendered":"\n<p><a href=\"https:\/\/sucupira-legado.capes.gov.br\/sucupira\/public\/consultas\/coleta\/disciplina\/listaDisciplina.jsf\">Clique aqui<\/a> para acessar as ementas das disciplinas de todos os Programas de p\u00f3s-gradua\u00e7\u00e3o da Faculdade de Medicina.\u00a0<br>Basta clicar em <strong>&lt;COLETA CAPES><\/strong><br>Logo ap\u00f3s, clique em <strong>&lt;DISCIPLINAS><\/strong><br>Preencha os dados para pesquisa <strong>&lt;INSTITUI\u00c7\u00c3O E PROGRAMA><\/strong><\/p>\n","protected":false},"excerpt":{"rendered":"<p>Clique aqui para acessar as ementas das disciplinas de todos os Programas de p\u00f3s-gradua\u00e7\u00e3o da Faculdade de Medicina.\u00a0Basta clicar em &lt;COLETA CAPES>Logo ap\u00f3s, clique em &lt;DISCIPLINAS>Preencha os dados para pesquisa &lt;INSTITUI\u00c7\u00c3O E PROGRAMA><\/p>\n","protected":false},"author":105,"featured_media":0,"parent":0,"menu_order":0,"comment_status":"closed","ping_status":"closed","template":"","meta":{"footnotes":""},"class_list":["post-2076","page","type-page","status-publish","hentry"],"_links":{"self":[{"href":"https:\/\/www.medicina.ufmg.br\/cpg\/wp-json\/wp\/v2\/pages\/2076","targetHints":{"allow":["GET"]}}],"collection":[{"href":"https:\/\/www.medicina.ufmg.br\/cpg\/wp-json\/wp\/v2\/pages"}],"about":[{"href":"https:\/\/www.medicina.ufmg.br\/cpg\/wp-json\/wp\/v2\/types\/page"}],"author":[{"embeddable":true,"href":"https:\/\/www.medicina.ufmg.br\/cpg\/wp-json\/wp\/v2\/users\/105"}],"replies":[{"embeddable":true,"href":"https:\/\/www.medicina.ufmg.br\/cpg\/wp-json\/wp\/v2\/comments?post=2076"}],"version-history":[{"count":3,"href":"https:\/\/www.medicina.ufmg.br\/cpg\/wp-json\/wp\/v2\/pages\/2076\/revisions"}],"predecessor-version":[{"id":2624,"href":"https:\/\/www.medicina.ufmg.br\/cpg\/wp-json\/wp\/v2\/pages\/2076\/revisions\/2624"}],"wp:attachment":[{"href":"https:\/\/www.medicina.ufmg.br\/cpg\/wp-json\/wp\/v2\/media?parent=2076"}],"curies":[{"name":"wp","href":"https:\/\/api.w.org\/{rel}","templated":true}]}}