
{"id":670,"date":"2017-03-29T18:13:44","date_gmt":"2017-03-29T18:13:44","guid":{"rendered":"https:\/\/www.medicina.ufmg.br\/cpg\/?page_id=670"},"modified":"2026-03-06T17:56:45","modified_gmt":"2026-03-06T17:56:45","slug":"informacoes-gerais-sobre-matriculas-semestrais-em-disciplinas-isoladas","status":"publish","type":"page","link":"https:\/\/www.medicina.ufmg.br\/cpg\/informacoes-gerais-sobre-matriculas-semestrais-em-disciplinas-isoladas\/","title":{"rendered":"DISCIPLINAS ISOLADAS"},"content":{"rendered":"\n<p><strong>DISCIPLINAS ISOLADAS 2026\/1<\/strong><\/p>\n\n\n\n<p>Disciplina Isolada refere-se \u00e0 modalidade de matr\u00edcula permitida a pessoas que n\u00e3o integram o corpo discente da UFMG e n\u00e3o possuem v\u00ednculo acad\u00eamico ativo em cursos de gradua\u00e7\u00e3o, especializa\u00e7\u00e3o, mestrado ou doutorado.<\/p>\n\n\n\n<p><strong>CRONOGRAMA DE INSCRI\u00c7\u00c3O EM DISCIPLINAS ISOLADAS<\/strong><\/p>\n\n\n\n<figure class=\"wp-block-table\"><table class=\"has-fixed-layout\"><tbody><tr><td><strong>27\/02\/2026&nbsp;&nbsp;&nbsp;&nbsp;&nbsp;&nbsp;&nbsp;&nbsp;&nbsp;&nbsp;&nbsp;&nbsp;<\/strong><strong>&nbsp;<\/strong>a partir&nbsp; das 17:00h<\/td><td><strong>DIVULGA\u00c7\u00c3O DAS DISCIPLINAS OFERTADAS E LINK PARA INSCRI\u00c7\u00c3O.<\/strong><\/td><\/tr><tr><td><strong>02\/03\/2026<\/strong><strong>&nbsp; &nbsp; &nbsp; &nbsp; &nbsp; <\/strong>das 09:00h \u00e0s&nbsp; 23:59h<\/td><td><strong>REQUERIMENTO ON-LINE (SOMENTE NA DATA INFORMADA)<\/strong><\/td><\/tr><tr><td><strong>05\/03\/2026<\/strong><strong> &nbsp; &nbsp; &nbsp; &nbsp; &nbsp; &nbsp; &nbsp; &nbsp; <\/strong>a partir&nbsp; das 17:00h<\/td><td>DIVULGA\u00c7\u00c3O DO RESULTADO DOS PEDIDOS NO SITE DO CENTRO DE P\u00d3S-GRADUA\u00c7\u00c3O<\/td><\/tr><tr><td><strong>05 \u00e0 10\/03\/2026<\/strong><\/td><td>MATR\u00cdCULA DOS SELECIONADOS MEDIANTE ENVIO DO COMPROVANTE DE PAGAMENTO DA GRU <strong>(SOMENTE NAS DATAS INFORMADAS)<\/strong><\/td><\/tr><\/tbody><\/table><\/figure>\n\n\n\n<ul class=\"wp-block-list\">\n<li><strong>CONSULTE AS DISCIPLINAS OFERTADAS NO SEMESTRE <a href=\"http:\/\/www.medicina.ufmg.br\/cpg\/wp-content\/uploads\/sites\/14\/2026\/02\/Quadro-de-oferta-Disciplinas-Isoladas-2026-1-CPG.pdf\" data-type=\"link\" data-id=\"http:\/\/www.medicina.ufmg.br\/cpg\/wp-content\/uploads\/sites\/14\/2026\/02\/Quadro-de-oferta-Disciplinas-Isoladas-2026-1-CPG.pdf\" target=\"_blank\" rel=\"noreferrer noopener\">(CLIQUE AQUI)<\/a><\/strong><\/li>\n\n\n\n<li><strong>REQUERIMENTO DE DISCIPLINA ISOLADA ACESSE: &nbsp;<\/strong><a href=\"https:\/\/forms.gle\/xr29XjGdXQxZLafW8\"><strong>https:\/\/forms.gle\/xr29XjGdXQxZLafW8<\/strong><\/a><\/li>\n<\/ul>\n\n\n\n<p><strong>N\u00c3O SER\u00c3O ACEITOS FORMUL\u00c1RIOS IMPRESSOS DO DRCA<\/strong><\/p>\n\n\n\n<p>Cada candidato poder\u00e1 requerer <strong>at\u00e9 02 (duas) disciplinas, mediante preenchimento de 02 (dois) formul\u00e1rio<\/strong>.&nbsp;<\/p>\n\n\n\n<p>A aprova\u00e7\u00e3o dos requerimentos ser\u00e1 feita de acordo com avalia\u00e7\u00e3o e aprova\u00e7\u00e3o do docente coordenador da disciplina.<\/p>\n\n\n\n<ul class=\"wp-block-list\">\n<li><strong><a href=\"http:\/\/www.medicina.ufmg.br\/cpg\/wp-content\/uploads\/sites\/14\/2026\/03\/Quadro-da-Relacao-dos-Pedidos-Deferidos-Disciplinas-Isoladas-2026-1-CPG.pdf\" target=\"_blank\" rel=\"noreferrer noopener\">RESULTADO &#8211; REQUERIMENTOS DEFERIDOS (CLIQUE AQUI)<\/a><\/strong><\/li>\n<\/ul>\n\n\n\n<p><strong>SEU PEDIDO FOI DEFERIDO, VEJA ABAIXO AS INSTRU\u00c7\u00d5ES PARA A MATR\u00cdCULA.&nbsp;<\/strong><\/p>\n\n\n\n<p><strong>SEU PEDIDO FOI INDEFERIDO. QUE PENA! ESPERAMOS QUE TENTE NOVAMENTE NO PR\u00d3XIMO SEMESTRE.&nbsp;<\/strong><\/p>\n\n\n\n<p><strong>PASSO A PASSO PARA MATR\u00cdCULA<\/strong><\/p>\n\n\n\n<p>Documentos que devem ser enviados por e-mail <strong>somente pelos candidatos com pedido deferido<\/strong><strong>:<\/strong><\/p>\n\n\n\n<ol class=\"wp-block-list\">\n<li>C\u00f3pia simples de carteira de identidade ou CNH<\/li>\n\n\n\n<li>C\u00f3pia simples do CPF<\/li>\n\n\n\n<li>Comprovante de Endere\u00e7o.<\/li>\n\n\n\n<li>Passaporte com visto tempor\u00e1rio de estudante ou permanente v\u00e1lido, se estrangeiro;<\/li>\n\n\n\n<li>C\u00f3pia do Contracheque (somente para servidores e residentes da UFMG)<\/li>\n\n\n\n<li>Autoriza\u00e7\u00e3o da chefia (somente para servidores e residentes da UFMG)<\/li>\n\n\n\n<li>Comprovante de pagamento da Guia de Recolhimento da Uni\u00e3o (GRU) \u2013 Instru\u00e7\u00f5es abaixo.<\/li>\n<\/ol>\n\n\n\n<p><strong>ATEN\u00c7\u00c3O<\/strong><\/p>\n\n\n\n<ol class=\"wp-block-list\">\n<li>O candidato com <strong>pedido aprovado<\/strong> dever\u00e1 enviar a documenta\u00e7\u00e3o mencionada acima para o e-mail <strong>isoladamedicina2020@gmail.com<\/strong>, no per\u00edodo informado no cronograma, seguindo <strong>AS INSTRU\u00c7\u00d5ES<\/strong> abaixo para o envio:<\/li>\n\n\n\n<li><strong>NO ASSUNTO DO E-MAIL <\/strong>escreva:<strong> <\/strong><strong>ISOLADA 2026\/1\u00b0 \u2013 C\u00d3DIGO DA DISCIPLINA<\/strong><em>&nbsp;(composto por 3 letras e 3 n\u00fameros) <\/em><strong>E<\/strong><strong><em> <\/em><\/strong><strong>TURMA<\/strong><em> (uma letra) \u2013 <\/em><strong>NOME DO CANDIDATO<\/strong><em>. <\/em>As informa\u00e7\u00f5es da disciplina est\u00e3o dispon\u00edveis no quadro de oferta de disciplina ex.: <strong>&nbsp;&nbsp;<\/strong><strong>ISOLADAS 2026\/1\u00b0 <\/strong>&#8211; <strong>PED843A \u2013 ALFREDO AFRANIO ALVES<\/strong><em>;<\/em><\/li>\n\n\n\n<li>Todos os documentos reunidos em&nbsp;<strong>arquivo \u00fanico, em formato PDF<\/strong><\/li>\n\n\n\n<li>N\u00c3O ser\u00e1 aceito comprovante de <strong>agendamento de pagamento, pagamento em cart\u00e3o de cr\u00e9dito\/d\u00e9bito e PIX<\/strong>.<\/li>\n\n\n\n<li>Servidores e Residentes da UFMG s\u00e3o isentos da taxa de matr\u00edcula, conforme Resolu\u00e7\u00e3o n\u00ba 05\/95.&nbsp;<\/li>\n\n\n\n<li>A Secretaria n\u00e3o efetivar\u00e1 a matr\u00edcula daqueles que n\u00e3o apresentarem o comprovante de pagamento. Ressaltamos que a matr\u00edcula ser\u00e1 lan\u00e7ada pela pr\u00f3pria Secretaria, com base nas informa\u00e7\u00f5es contidas nos documentos apresentados no ato do requerimento.&nbsp;<strong>O candidato que<\/strong>&nbsp;<strong>n\u00e3o apresentar a documenta\u00e7\u00e3o completa n\u00e3o ser\u00e1 matriculado<\/strong>.<\/li>\n\n\n\n<li>N\u00e3o ser\u00e3o fornecidas informa\u00e7\u00f5es sobre o resultado por telefone ou por e-mail.<\/li>\n\n\n\n<li><strong>Gerar&nbsp;Guia de Recolhimento da Uni\u00e3o (GRU)<\/strong>&nbsp;pela internet. Clique no link abaixo:<\/li>\n<\/ol>\n\n\n\n<p><a href=\"https:\/\/sistemas.ufmg.br\/sisarc\/emissaogru\/gerir\/geriremissaogru.seam?codigo=9YA6pJts3\">https:\/\/sistemas.ufmg.br\/sisarc\/emissaogru\/gerir\/geriremissaogru.seam?codigo=9YA6pJts3<\/a><\/p>\n\n\n\n<p><strong>ATEN\u00c7\u00c3O: <\/strong>Antes de efetuar o pagamento da taxa de matr\u00edcula verifique se sua matr\u00edcula foi aceita. Alunos com v\u00ednculo em cursos&nbsp;(Gradua\u00e7\u00e3o, Especializa\u00e7\u00e3o e P\u00f3s-gradua\u00e7\u00e3o)&nbsp;da UFMG n\u00e3o poder\u00e3o solicitar matr\u00edcula em disciplina isolada.&nbsp;&nbsp;Em hip\u00f3tese alguma ser\u00e1 devolvida a taxa de matr\u00edcula<strong>.<\/strong><\/p>\n\n\n\n<p>Preencher a GRU informando os seguintes dados:<\/p>\n\n\n\n<figure class=\"wp-block-table\"><table class=\"has-fixed-layout\"><tbody><tr><td><strong>PF\/CNPJ:<\/strong><\/td><td><strong>digitar o n\u00famero do CPF de quem cursar\u00e1 a disciplina isolada<\/strong><\/td><\/tr><tr><td><strong>Nome do Contribuinte:<\/strong><\/td><td><strong>nome da pessoa que cursar\u00e1 a disciplina isolada<\/strong><\/td><\/tr><tr><td><strong>Compet\u00eancia:<\/strong><\/td><td><strong>m\u00eas da matr\u00edcula \/ ano de oferta da disciplina<\/strong><\/td><\/tr><tr><td><strong>Data do Vencimento:<\/strong><\/td><td><strong>data para efetuar o pagamento<\/strong><\/td><\/tr><tr><td><strong>Valor Principal:<\/strong><\/td><td><strong>valor da taxa de disciplina isolada R$ 194,57<\/strong><\/td><\/tr><tr><td><strong>Valor Total:<\/strong><\/td><td><strong>repetir o valor da taxa de disciplina isolada R$ 194,57<\/strong><\/td><\/tr><tr><td>Clicar em&nbsp;<strong>GERAR&nbsp;GRU<\/strong><\/td><td>&nbsp;<\/td><\/tr><\/tbody><\/table><\/figure>\n","protected":false},"excerpt":{"rendered":"<p>DISCIPLINAS ISOLADAS 2026\/1 Disciplina Isolada refere-se \u00e0 modalidade de matr\u00edcula permitida a pessoas que n\u00e3o integram o corpo discente da UFMG e n\u00e3o possuem v\u00ednculo acad\u00eamico ativo em cursos de gradua\u00e7\u00e3o, especializa\u00e7\u00e3o, mestrado ou doutorado. CRONOGRAMA DE INSCRI\u00c7\u00c3O EM DISCIPLINAS ISOLADAS 27\/02\/2026&nbsp;&nbsp;&nbsp;&nbsp;&nbsp;&nbsp;&nbsp;&nbsp;&nbsp;&nbsp;&nbsp;&nbsp;&nbsp;a partir&nbsp; das 17:00h DIVULGA\u00c7\u00c3O DAS DISCIPLINAS OFERTADAS E LINK PARA INSCRI\u00c7\u00c3O. 02\/03\/2026&nbsp; &nbsp; [&hellip;]<\/p>\n","protected":false},"author":17,"featured_media":0,"parent":0,"menu_order":0,"comment_status":"closed","ping_status":"closed","template":"","meta":{"footnotes":""},"class_list":["post-670","page","type-page","status-publish","hentry"],"_links":{"self":[{"href":"https:\/\/www.medicina.ufmg.br\/cpg\/wp-json\/wp\/v2\/pages\/670","targetHints":{"allow":["GET"]}}],"collection":[{"href":"https:\/\/www.medicina.ufmg.br\/cpg\/wp-json\/wp\/v2\/pages"}],"about":[{"href":"https:\/\/www.medicina.ufmg.br\/cpg\/wp-json\/wp\/v2\/types\/page"}],"author":[{"embeddable":true,"href":"https:\/\/www.medicina.ufmg.br\/cpg\/wp-json\/wp\/v2\/users\/17"}],"replies":[{"embeddable":true,"href":"https:\/\/www.medicina.ufmg.br\/cpg\/wp-json\/wp\/v2\/comments?post=670"}],"version-history":[{"count":177,"href":"https:\/\/www.medicina.ufmg.br\/cpg\/wp-json\/wp\/v2\/pages\/670\/revisions"}],"predecessor-version":[{"id":2957,"href":"https:\/\/www.medicina.ufmg.br\/cpg\/wp-json\/wp\/v2\/pages\/670\/revisions\/2957"}],"wp:attachment":[{"href":"https:\/\/www.medicina.ufmg.br\/cpg\/wp-json\/wp\/v2\/media?parent=670"}],"curies":[{"name":"wp","href":"https:\/\/api.w.org\/{rel}","templated":true}]}}