
{"id":10,"date":"2016-03-15T13:53:10","date_gmt":"2016-03-15T13:53:10","guid":{"rendered":"https:\/\/www.medicina.ufmg.br\/cpgcirurgiaoft\/?page_id=10"},"modified":"2026-03-16T12:19:02","modified_gmt":"2026-03-16T12:19:02","slug":"10-2","status":"publish","type":"page","link":"https:\/\/www.medicina.ufmg.br\/cpgcirurgiaoft\/","title":{"rendered":"Pagina Inicial"},"content":{"rendered":"\t\t<div data-elementor-type=\"wp-page\" data-elementor-id=\"10\" class=\"elementor elementor-10\">\n\t\t\t\t<div class=\"elementor-element elementor-element-5d28a28 e-flex e-con-boxed e-con e-parent\" data-id=\"5d28a28\" data-element_type=\"container\" data-settings=\"{&quot;background_background&quot;:&quot;classic&quot;}\">\n\t\t\t\t\t<div class=\"e-con-inner\">\n\t\t<div class=\"elementor-element elementor-element-d151a7d e-con-full e-flex e-con e-child\" data-id=\"d151a7d\" data-element_type=\"container\">\n\t\t\t\t<div class=\"elementor-element elementor-element-2496c55 elementor-widget elementor-widget-heading\" data-id=\"2496c55\" data-element_type=\"widget\" data-widget_type=\"heading.default\">\n\t\t\t\t<div class=\"elementor-widget-container\">\n\t\t\t\t\t<h3 class=\"elementor-heading-title elementor-size-default\">P\u00f3s-Gradua\u00e7\u00e3o:<\/h3>\t\t\t\t<\/div>\n\t\t\t\t<\/div>\n\t\t\t\t<div class=\"elementor-element elementor-element-ee92283 elementor-widget elementor-widget-heading\" data-id=\"ee92283\" data-element_type=\"widget\" data-widget_type=\"heading.default\">\n\t\t\t\t<div class=\"elementor-widget-container\">\n\t\t\t\t\t<h1 class=\"elementor-heading-title elementor-size-default\">Ci\u00eancias Aplicadas \u00e0 Cirurgia e a Oftalmologia<\/h1>\t\t\t\t<\/div>\n\t\t\t\t<\/div>\n\t\t\t\t<div class=\"elementor-element elementor-element-99e96ca elementor-widget__width-initial elementor-widget elementor-widget-text-editor\" data-id=\"99e96ca\" data-element_type=\"widget\" data-widget_type=\"text-editor.default\">\n\t\t\t\t<div class=\"elementor-widget-container\">\n\t\t\t\t\t\t\t\t\t<p><\/p>\n<div class=\"elementor-element elementor-element-1366f713 elementor-widget elementor-widget-text-editor\" data-id=\"1366f713\" data-element_type=\"widget\" data-widget_type=\"text-editor.default\">\n<div class=\"elementor-widget-container\">\n<p>A hist\u00f3ria deste Programa teve in\u00edcio em 1959, quando foi iniciada a Resid\u00eancia em Cirurgia Geral, no Servi\u00e7o de T\u00e9cnica Operat\u00f3ria e Cirurgia Experimental do HC-UFMG. Em 1969, foi aprovado o Curso de P\u00f3s-Gradua\u00e7\u00e3o, a n\u00edvel de Doutorado, pelo Conselho de P\u00f3s-Gradua\u00e7\u00e3o da UFMG. No mesmo ano, solicitou-se o seu credenciamento ao Conselho Federal de Educa\u00e7\u00e3o. <a href=\"https:\/\/www.medicina.ufmg.br\/cpgcirurgiaoft\/sobre\/\">Continue lendo&#8230;<\/a><\/p>\n<\/div>\n<\/div>\t\t\t\t\t\t\t\t<\/div>\n\t\t\t\t<\/div>\n\t\t\t\t<\/div>\n\t\t<div class=\"elementor-element elementor-element-3f76049 e-con-full e-flex e-con e-child\" data-id=\"3f76049\" data-element_type=\"container\" data-settings=\"{&quot;background_background&quot;:&quot;classic&quot;}\">\n\t\t\t\t<div class=\"elementor-element elementor-element-e375d96 elementor-widget elementor-widget-image\" data-id=\"e375d96\" data-element_type=\"widget\" data-widget_type=\"image.default\">\n\t\t\t\t<div class=\"elementor-widget-container\">\n\t\t\t\t\t\t\t\t\t\t\t\t\t\t\t<img fetchpriority=\"high\" decoding=\"async\" width=\"667\" height=\"667\" src=\"https:\/\/www.medicina.ufmg.br\/cpgcirurgiaoft\/wp-content\/uploads\/sites\/47\/2026\/03\/NOTAS-CAPES-06.png\" class=\"attachment-large size-large wp-image-1542\" alt=\"\" srcset=\"https:\/\/www.medicina.ufmg.br\/cpgcirurgiaoft\/wp-content\/uploads\/sites\/47\/2026\/03\/NOTAS-CAPES-06.png 667w, https:\/\/www.medicina.ufmg.br\/cpgcirurgiaoft\/wp-content\/uploads\/sites\/47\/2026\/03\/NOTAS-CAPES-06-300x300.png 300w, https:\/\/www.medicina.ufmg.br\/cpgcirurgiaoft\/wp-content\/uploads\/sites\/47\/2026\/03\/NOTAS-CAPES-06-150x150.png 150w\" sizes=\"(max-width: 667px) 100vw, 667px\" \/>\t\t\t\t\t\t\t\t\t\t\t\t\t\t\t<\/div>\n\t\t\t\t<\/div>\n\t\t\t\t<\/div>\n\t\t\t\t\t<\/div>\n\t\t\t\t<\/div>\n\t\t\t\t<section class=\"elementor-section elementor-top-section elementor-element elementor-element-8f36c31 elementor-section-boxed elementor-section-height-default elementor-section-height-default\" data-id=\"8f36c31\" data-element_type=\"section\">\n\t\t\t\t\t\t<div class=\"elementor-container elementor-column-gap-default\">\n\t\t\t\t\t<div class=\"elementor-column elementor-col-100 elementor-top-column elementor-element elementor-element-a256a37\" data-id=\"a256a37\" data-element_type=\"column\">\n\t\t\t<div class=\"elementor-widget-wrap elementor-element-populated\">\n\t\t\t\t\t\t<div class=\"elementor-element elementor-element-527144f elementor-widget elementor-widget-html\" data-id=\"527144f\" data-element_type=\"widget\" data-widget_type=\"html.default\">\n\t\t\t\t<div class=\"elementor-widget-container\">\n\t\t\t\t\t<style>\n    \n   body {background-color: #034651;} \n<\/style>\t\t\t\t<\/div>\n\t\t\t\t<\/div>\n\t\t\t\t\t<\/div>\n\t\t<\/div>\n\t\t\t\t\t<\/div>\n\t\t<\/section>\n\t\t<div class=\"elementor-element elementor-element-3f7015d e-flex e-con-boxed e-con e-parent\" data-id=\"3f7015d\" data-element_type=\"container\">\n\t\t\t\t\t<div class=\"e-con-inner\">\n\t\t\t\t<div class=\"elementor-element elementor-element-98eb804 elementor-widget elementor-widget-heading\" data-id=\"98eb804\" data-element_type=\"widget\" data-widget_type=\"heading.default\">\n\t\t\t\t<div class=\"elementor-widget-container\">\n\t\t\t\t\t<h2 class=\"elementor-heading-title elementor-size-default\">Linhas de Pesquisa<\/h2>\t\t\t\t<\/div>\n\t\t\t\t<\/div>\n\t\t\t\t\t<\/div>\n\t\t\t\t<\/div>\n\t\t<div class=\"elementor-element elementor-element-a5f730e e-flex e-con-boxed e-con e-parent\" data-id=\"a5f730e\" data-element_type=\"container\">\n\t\t\t\t\t<div class=\"e-con-inner\">\n\t\t\t\t<div class=\"elementor-element elementor-element-22553f5 elementor-widget elementor-widget-heading\" data-id=\"22553f5\" data-element_type=\"widget\" data-widget_type=\"heading.default\">\n\t\t\t\t<div class=\"elementor-widget-container\">\n\t\t\t\t\t<h2 class=\"elementor-heading-title elementor-size-default\">CICATRIZA\u00c7\u00c3O\n\n<\/h2>\t\t\t\t<\/div>\n\t\t\t\t<\/div>\n\t\t\t\t\t<\/div>\n\t\t\t\t<\/div>\n\t\t<div class=\"elementor-element elementor-element-8b3a0e9 e-grid e-con-boxed e-con e-parent\" data-id=\"8b3a0e9\" data-element_type=\"container\">\n\t\t\t\t\t<div class=\"e-con-inner\">\n\t\t<a class=\"elementor-element elementor-element-fd6b29e e-con-full e-flex e-con e-child\" data-id=\"fd6b29e\" data-element_type=\"container\" data-settings=\"{&quot;background_background&quot;:&quot;classic&quot;}\" href=\"https:\/\/www.medicina.ufmg.br\/cpgcirurgiaoft\/linha-de-pesquisa-e-areas-de-concentracao\/\">\n\t\t\t\t<div class=\"elementor-element elementor-element-af04b4a elementor-widget elementor-widget-text-editor\" data-id=\"af04b4a\" data-element_type=\"widget\" data-widget_type=\"text-editor.default\">\n\t\t\t\t<div class=\"elementor-widget-container\">\n\t\t\t\t\t\t\t\t\t<p style=\"text-align: center;\"><span style=\"color: #ffffff;\">FATORES INTERVENIENTES NA CICATRIZA\u00c7\u00c3O<\/span><\/p>\t\t\t\t\t\t\t\t<\/div>\n\t\t\t\t<\/div>\n\t\t\t\t<\/a>\n\t\t<a class=\"elementor-element elementor-element-4d93330 e-con-full e-flex e-con e-child\" data-id=\"4d93330\" data-element_type=\"container\" data-settings=\"{&quot;background_background&quot;:&quot;classic&quot;}\" href=\"https:\/\/www.medicina.ufmg.br\/cpgcirurgiaoft\/linha-de-pesquisa-e-areas-de-concentracao\/\">\n\t\t\t\t<div class=\"elementor-element elementor-element-ef0de98 elementor-widget elementor-widget-text-editor\" data-id=\"ef0de98\" data-element_type=\"widget\" data-widget_type=\"text-editor.default\">\n\t\t\t\t<div class=\"elementor-widget-container\">\n\t\t\t\t\t\t\t\t\t<p style=\"text-align: center;\"><span style=\"color: #ffffff;\">REPERCUSS\u00d5ES MORFOFUNCIONAIS A T\u00c9CNICAS MINIMAMENTE INVASIVAS\n<\/span><\/p>\t\t\t\t\t\t\t\t<\/div>\n\t\t\t\t<\/div>\n\t\t\t\t<\/a>\n\t\t<a class=\"elementor-element elementor-element-bc9b1e6 e-con-full e-flex e-con e-child\" data-id=\"bc9b1e6\" data-element_type=\"container\" data-settings=\"{&quot;background_background&quot;:&quot;classic&quot;}\" href=\"https:\/\/www.medicina.ufmg.br\/cpgcirurgiaoft\/linha-de-pesquisa-e-areas-de-concentracao\/\">\n\t\t\t\t<div class=\"elementor-element elementor-element-7649335 elementor-widget elementor-widget-text-editor\" data-id=\"7649335\" data-element_type=\"widget\" data-widget_type=\"text-editor.default\">\n\t\t\t\t<div class=\"elementor-widget-container\">\n\t\t\t\t\t\t\t\t\t<p style=\"text-align: center;\"><span style=\"color: #ffffff;\">MODELOS CL\u00cdNICOS E EXPERIMENTAIS EM T\u00c9CNICA CIR\u00daRGICA\n<\/span><\/p>\t\t\t\t\t\t\t\t<\/div>\n\t\t\t\t<\/div>\n\t\t\t\t<\/a>\n\t\t\t\t\t<\/div>\n\t\t\t\t<\/div>\n\t\t\t\t<section class=\"elementor-section elementor-top-section elementor-element elementor-element-638ffe6 elementor-section-boxed elementor-section-height-default elementor-section-height-default\" data-id=\"638ffe6\" data-element_type=\"section\">\n\t\t\t\t\t\t<div class=\"elementor-container elementor-column-gap-default\">\n\t\t\t\t\t<div class=\"elementor-column elementor-col-100 elementor-top-column elementor-element elementor-element-9371758\" data-id=\"9371758\" data-element_type=\"column\">\n\t\t\t<div class=\"elementor-widget-wrap elementor-element-populated\">\n\t\t\t\t<div class=\"elementor-element elementor-element-81f3afa e-flex e-con-boxed e-con e-parent\" data-id=\"81f3afa\" data-element_type=\"container\">\n\t\t\t\t\t<div class=\"e-con-inner\">\n\t\t\t\t<div class=\"elementor-element elementor-element-d5801f2 elementor-widget elementor-widget-heading\" data-id=\"d5801f2\" data-element_type=\"widget\" data-widget_type=\"heading.default\">\n\t\t\t\t<div class=\"elementor-widget-container\">\n\t\t\t\t\t<h2 class=\"elementor-heading-title elementor-size-default\">ANATOMO FISIOPATOGENIA CIR\u00daRGICA<\/h2>\t\t\t\t<\/div>\n\t\t\t\t<\/div>\n\t\t\t\t\t<\/div>\n\t\t\t\t<\/div>\n\t\t\t\t\t<\/div>\n\t\t<\/div>\n\t\t\t\t\t<\/div>\n\t\t<\/section>\n\t\t<div class=\"elementor-element elementor-element-c5d5fb9 e-grid e-con-boxed e-con e-parent\" data-id=\"c5d5fb9\" data-element_type=\"container\">\n\t\t\t\t\t<div class=\"e-con-inner\">\n\t\t<a class=\"elementor-element elementor-element-c508d3f e-con-full e-flex e-con e-child\" data-id=\"c508d3f\" data-element_type=\"container\" data-settings=\"{&quot;background_background&quot;:&quot;classic&quot;}\" href=\"https:\/\/www.medicina.ufmg.br\/cpgcirurgiaoft\/linha-de-pesquisa-e-areas-de-concentracao\/\">\n\t\t\t\t<div class=\"elementor-element elementor-element-1ee8337 elementor-widget elementor-widget-text-editor\" data-id=\"1ee8337\" data-element_type=\"widget\" data-widget_type=\"text-editor.default\">\n\t\t\t\t<div class=\"elementor-widget-container\">\n\t\t\t\t\t\t\t\t\t<p style=\"text-align: center;\"><span style=\"color: #ffffff;\">BASES MOLECULARES DE FISIOPATOL\u00d3GICAS DE NEOPLASIAS<\/span><\/p>\t\t\t\t\t\t\t\t<\/div>\n\t\t\t\t<\/div>\n\t\t\t\t<\/a>\n\t\t<a class=\"elementor-element elementor-element-31573ba e-con-full e-flex e-con e-child\" data-id=\"31573ba\" data-element_type=\"container\" data-settings=\"{&quot;background_background&quot;:&quot;classic&quot;}\" href=\"https:\/\/www.medicina.ufmg.br\/cpgcirurgiaoft\/linha-de-pesquisa-e-areas-de-concentracao\/\">\n\t\t\t\t<div class=\"elementor-element elementor-element-95719eb elementor-widget elementor-widget-text-editor\" data-id=\"95719eb\" data-element_type=\"widget\" data-widget_type=\"text-editor.default\">\n\t\t\t\t<div class=\"elementor-widget-container\">\n\t\t\t\t\t\t\t\t\t<p style=\"text-align: center;\"><span style=\"color: #ffffff;\">CORRELA\u00c7\u00c3O ENTRE IMAGEM, MORFOLOGIA E FISIOPATOLOGIA CIR\u00daRGICAS\n<\/span><\/p>\t\t\t\t\t\t\t\t<\/div>\n\t\t\t\t<\/div>\n\t\t\t\t<\/a>\n\t\t\t\t\t<\/div>\n\t\t\t\t<\/div>\n\t\t\t\t<section class=\"elementor-section elementor-top-section elementor-element elementor-element-2dc8f215 elementor-section-boxed elementor-section-height-default elementor-section-height-default\" data-id=\"2dc8f215\" data-element_type=\"section\">\n\t\t\t\t\t\t<div class=\"elementor-container elementor-column-gap-default\">\n\t\t\t\t\t<div class=\"elementor-column elementor-col-100 elementor-top-column elementor-element elementor-element-530e3c1e\" data-id=\"530e3c1e\" data-element_type=\"column\">\n\t\t\t<div class=\"elementor-widget-wrap elementor-element-populated\">\n\t\t\t\t<div class=\"elementor-element elementor-element-4624091 e-flex e-con-boxed e-con e-parent\" data-id=\"4624091\" data-element_type=\"container\">\n\t\t\t\t\t<div class=\"e-con-inner\">\n\t\t\t\t<div class=\"elementor-element elementor-element-d97af9f elementor-widget elementor-widget-heading\" data-id=\"d97af9f\" data-element_type=\"widget\" data-widget_type=\"heading.default\">\n\t\t\t\t<div class=\"elementor-widget-container\">\n\t\t\t\t\t<h2 class=\"elementor-heading-title elementor-size-default\">RESPOSTA INFLAMAT\u00d3RIA \u00c0 AGRESS\u00c3O TECIDUAL<\/h2>\t\t\t\t<\/div>\n\t\t\t\t<\/div>\n\t\t\t\t\t<\/div>\n\t\t\t\t<\/div>\n\t\t\t\t\t<\/div>\n\t\t<\/div>\n\t\t\t\t\t<\/div>\n\t\t<\/section>\n\t\t<div class=\"elementor-element elementor-element-fcac917 e-grid e-con-boxed e-con e-parent\" data-id=\"fcac917\" data-element_type=\"container\">\n\t\t\t\t\t<div class=\"e-con-inner\">\n\t\t<a class=\"elementor-element elementor-element-3b0806c e-con-full e-flex e-con e-child\" data-id=\"3b0806c\" data-element_type=\"container\" data-settings=\"{&quot;background_background&quot;:&quot;classic&quot;}\" href=\"https:\/\/www.medicina.ufmg.br\/cpgcirurgiaoft\/linha-de-pesquisa-e-areas-de-concentracao\/\">\n\t\t\t\t<div class=\"elementor-element elementor-element-570b900 elementor-widget elementor-widget-text-editor\" data-id=\"570b900\" data-element_type=\"widget\" data-widget_type=\"text-editor.default\">\n\t\t\t\t<div class=\"elementor-widget-container\">\n\t\t\t\t\t\t\t\t\t<p style=\"text-align: center;\"><span style=\"color: #ffffff;\">RESPOSTA SIST\u00caMICA A TRANSPLANTES DE \u00d3RG\u00c3OS E TECIDOS<\/span><\/p>\t\t\t\t\t\t\t\t<\/div>\n\t\t\t\t<\/div>\n\t\t\t\t<\/a>\n\t\t<a class=\"elementor-element elementor-element-85acd55 e-con-full e-flex e-con e-child\" data-id=\"85acd55\" data-element_type=\"container\" data-settings=\"{&quot;background_background&quot;:&quot;classic&quot;}\" href=\"https:\/\/www.medicina.ufmg.br\/cpgcirurgiaoft\/linha-de-pesquisa-e-areas-de-concentracao\/\">\n\t\t\t\t<div class=\"elementor-element elementor-element-018f71f elementor-widget elementor-widget-text-editor\" data-id=\"018f71f\" data-element_type=\"widget\" data-widget_type=\"text-editor.default\">\n\t\t\t\t<div class=\"elementor-widget-container\">\n\t\t\t\t\t\t\t\t\t<p style=\"text-align: center;\"><span style=\"color: #ffffff;\">REPERCUSS\u00d5ES LOCAIS E SIST\u00caMICAS A LES\u00d5ES TECIDUAIS E A F\u00c1RMACOS APLICADOS EM CIRURGIA\n<\/span><\/p>\t\t\t\t\t\t\t\t<\/div>\n\t\t\t\t<\/div>\n\t\t\t\t<\/a>\n\t\t<a class=\"elementor-element elementor-element-7c9f08c e-con-full e-flex e-con e-child\" data-id=\"7c9f08c\" data-element_type=\"container\" data-settings=\"{&quot;background_background&quot;:&quot;classic&quot;}\" href=\"https:\/\/www.medicina.ufmg.br\/cpgcirurgiaoft\/linha-de-pesquisa-e-areas-de-concentracao\/\">\n\t\t\t\t<div class=\"elementor-element elementor-element-97aa39e elementor-widget elementor-widget-text-editor\" data-id=\"97aa39e\" data-element_type=\"widget\" data-widget_type=\"text-editor.default\">\n\t\t\t\t<div class=\"elementor-widget-container\">\n\t\t\t\t\t\t\t\t\t<p style=\"text-align: center;\"><span style=\"color: #ffffff;\">RESPOSTA MORFOFUNCIONAL DO SISTEMA VISUAL A AGENTES F\u00cdSICOS, QU\u00cdMICOS E BIOL\u00d3GICOS\n<\/span><\/p>\t\t\t\t\t\t\t\t<\/div>\n\t\t\t\t<\/div>\n\t\t\t\t<\/a>\n\t\t\t\t\t<\/div>\n\t\t\t\t<\/div>\n\t\t<div class=\"elementor-element elementor-element-f9e72ce e-flex e-con-boxed e-con e-parent\" data-id=\"f9e72ce\" data-element_type=\"container\" data-settings=\"{&quot;background_background&quot;:&quot;classic&quot;}\">\n\t\t\t\t\t<div class=\"e-con-inner\">\n\t\t<div class=\"elementor-element elementor-element-41bbdb4 e-flex e-con-boxed e-con e-child\" data-id=\"41bbdb4\" data-element_type=\"container\">\n\t\t\t\t\t<div class=\"e-con-inner\">\n\t\t<a class=\"elementor-element elementor-element-5d45a1c e-flex e-con-boxed e-con e-child\" data-id=\"5d45a1c\" data-element_type=\"container\" data-settings=\"{&quot;background_background&quot;:&quot;classic&quot;}\" href=\"https:\/\/www.medicina.ufmg.br\/cpg\">\n\t\t\t\t\t<div class=\"e-con-inner\">\n\t\t\t\t<div class=\"elementor-element elementor-element-42f7e4b elementor-widget elementor-widget-heading\" data-id=\"42f7e4b\" data-element_type=\"widget\" data-widget_type=\"heading.default\">\n\t\t\t\t<div class=\"elementor-widget-container\">\n\t\t\t\t\t<h3 class=\"elementor-heading-title elementor-size-default\">CPG<\/h3>\t\t\t\t<\/div>\n\t\t\t\t<\/div>\n\t\t\t\t<div class=\"elementor-element elementor-element-f955c3c elementor-widget elementor-widget-text-editor\" data-id=\"f955c3c\" data-element_type=\"widget\" data-widget_type=\"text-editor.default\">\n\t\t\t\t<div class=\"elementor-widget-container\">\n\t\t\t\t\t\t\t\t\t<p><span style=\"color: #ffffff;\">Acesse o portal do Centro de P\u00f3s-Gradua\u00e7\u00e3o<\/span><\/p>\t\t\t\t\t\t\t\t<\/div>\n\t\t\t\t<\/div>\n\t\t\t\t\t<\/div>\n\t\t\t\t<\/a>\n\t\t<a class=\"elementor-element elementor-element-8e433c6 e-flex e-con-boxed e-con e-child\" data-id=\"8e433c6\" data-element_type=\"container\" data-settings=\"{&quot;background_background&quot;:&quot;classic&quot;}\" href=\"https:\/\/www.medicina.ufmg.br\/portal\/posgraduacao\/\">\n\t\t\t\t\t<div class=\"e-con-inner\">\n\t\t\t\t<div class=\"elementor-element elementor-element-aabfafb elementor-widget elementor-widget-heading\" data-id=\"aabfafb\" data-element_type=\"widget\" data-widget_type=\"heading.default\">\n\t\t\t\t<div class=\"elementor-widget-container\">\n\t\t\t\t\t<h3 class=\"elementor-heading-title elementor-size-default\">NOT\u00cdCIAS DA P\u00d3S-GRADUA\u00c7\u00c3O<\/h3>\t\t\t\t<\/div>\n\t\t\t\t<\/div>\n\t\t\t\t<div class=\"elementor-element elementor-element-32f5f82 elementor-widget elementor-widget-text-editor\" data-id=\"32f5f82\" data-element_type=\"widget\" data-widget_type=\"text-editor.default\">\n\t\t\t\t<div class=\"elementor-widget-container\">\n\t\t\t\t\t\t\t\t\t<p><span style=\"color: #ffffff;\">Acompanhe not\u00edcias da P\u00f3s-Gradua\u00e7\u00e3o no portal da Faculdade de Medicina da UFMG<\/span><\/p>\t\t\t\t\t\t\t\t<\/div>\n\t\t\t\t<\/div>\n\t\t\t\t\t<\/div>\n\t\t\t\t<\/a>\n\t\t\t\t\t<\/div>\n\t\t\t\t<\/div>\n\t\t\t\t\t<\/div>\n\t\t\t\t<\/div>\n\t\t\t\t<\/div>\n\t\t","protected":false},"excerpt":{"rendered":"<p>P\u00f3s-Gradua\u00e7\u00e3o: Ci\u00eancias Aplicadas \u00e0 Cirurgia e a Oftalmologia A hist\u00f3ria deste Programa teve in\u00edcio em 1959, quando foi iniciada a Resid\u00eancia em Cirurgia Geral, no Servi\u00e7o de T\u00e9cnica Operat\u00f3ria e Cirurgia Experimental do HC-UFMG. Em 1969, foi aprovado o Curso de P\u00f3s-Gradua\u00e7\u00e3o, a n\u00edvel de Doutorado, pelo Conselho de P\u00f3s-Gradua\u00e7\u00e3o da UFMG. No mesmo ano, [&hellip;]<\/p>\n","protected":false},"author":17,"featured_media":0,"parent":0,"menu_order":0,"comment_status":"closed","ping_status":"closed","template":"elementor_header_footer","meta":{"footnotes":""},"class_list":["post-10","page","type-page","status-publish","hentry"],"_links":{"self":[{"href":"https:\/\/www.medicina.ufmg.br\/cpgcirurgiaoft\/wp-json\/wp\/v2\/pages\/10","targetHints":{"allow":["GET"]}}],"collection":[{"href":"https:\/\/www.medicina.ufmg.br\/cpgcirurgiaoft\/wp-json\/wp\/v2\/pages"}],"about":[{"href":"https:\/\/www.medicina.ufmg.br\/cpgcirurgiaoft\/wp-json\/wp\/v2\/types\/page"}],"author":[{"embeddable":true,"href":"https:\/\/www.medicina.ufmg.br\/cpgcirurgiaoft\/wp-json\/wp\/v2\/users\/17"}],"replies":[{"embeddable":true,"href":"https:\/\/www.medicina.ufmg.br\/cpgcirurgiaoft\/wp-json\/wp\/v2\/comments?post=10"}],"version-history":[{"count":62,"href":"https:\/\/www.medicina.ufmg.br\/cpgcirurgiaoft\/wp-json\/wp\/v2\/pages\/10\/revisions"}],"predecessor-version":[{"id":1545,"href":"https:\/\/www.medicina.ufmg.br\/cpgcirurgiaoft\/wp-json\/wp\/v2\/pages\/10\/revisions\/1545"}],"wp:attachment":[{"href":"https:\/\/www.medicina.ufmg.br\/cpgcirurgiaoft\/wp-json\/wp\/v2\/media?parent=10"}],"curies":[{"name":"wp","href":"https:\/\/api.w.org\/{rel}","templated":true}]}}