
{"id":1320,"date":"2025-02-10T17:36:05","date_gmt":"2025-02-10T17:36:05","guid":{"rendered":"https:\/\/www.medicina.ufmg.br\/cpgcirurgiaoft\/?page_id=1320"},"modified":"2025-04-11T19:07:45","modified_gmt":"2025-04-11T19:07:45","slug":"historia","status":"publish","type":"page","link":"https:\/\/www.medicina.ufmg.br\/cpgcirurgiaoft\/historia\/","title":{"rendered":"Hist\u00f3ria"},"content":{"rendered":"\t\t<div data-elementor-type=\"wp-page\" data-elementor-id=\"1320\" class=\"elementor elementor-1320\">\n\t\t\t\t<div class=\"elementor-element elementor-element-292e5a74 e-flex e-con-boxed e-con e-parent\" data-id=\"292e5a74\" data-element_type=\"container\">\n\t\t\t\t\t<div class=\"e-con-inner\">\n\t\t\t\t<div class=\"elementor-element elementor-element-4d2354a1 elementor-widget elementor-widget-text-editor\" data-id=\"4d2354a1\" data-element_type=\"widget\" data-widget_type=\"text-editor.default\">\n\t\t\t\t<div class=\"elementor-widget-container\">\n\t\t\t\t\t\t\t\t\t\n<p style=\"text-align: justify;\">A hist\u00f3ria deste Programa teve in\u00edcio em 1959, quando iniciou a\u00a0 Resid\u00eancia em Cirurgia Geral, no Servi\u00e7o de T\u00e9cnica Operat\u00f3ria e Cirurgia\u00a0 Experimental do HC-UFMG. Em 1969, foi aprovado o Curso de P\u00f3s gradua\u00e7\u00e3o, a n\u00edvel de Doutorado, pelo Conselho de P\u00f3s-Gradua\u00e7\u00e3o da\u00a0 UFMG. Em 1969, solicitou-se o seu credenciamento ao Conselho Federal de\u00a0 Educa\u00e7\u00e3o.\u00a0<\/p>\n\n<p style=\"text-align: justify;\">No dia 26\/01\/1972 foram selecionados os primeiros alunos da P\u00f3s gradua\u00e7\u00e3o. No dia 13\/03\/1973, foi aprovado o primeiro curr\u00edculo do Curso. A\u00a0 primeira defesa de Tese ocorreu em 18\/12\/1974. Em 09\/01\/1975 o curso foi\u00a0 credenciado e homologado em 31\/12\/1975, tendo sido publicado no Di\u00e1rio\u00a0 Oficial na Se\u00e7\u00e3o 1, Parte 2, p\u00e1gina 514 em 15\/01\/1976.\u00a0<\/p>\n\n<p style=\"text-align: justify;\">Em 2003, houve a uni\u00e3o do Programa de P\u00f3s-gradua\u00e7\u00e3o em Cirurgia\u00a0 Abdominal com o Curso de P\u00f3s-gradua\u00e7\u00e3o em Oftalmologia da Faculdade de\u00a0 Medicina da UFMG, recebendo o nome de Programa de P\u00f3s-gradua\u00e7\u00e3o em\u00a0 Ci\u00eancias Aplicadas \u00e0 Cirurgia e \u00e0 Oftalmologia (PPGCO). A CAPES\u00a0(Coordena\u00e7\u00e3o de Aperfei\u00e7oamento de Pessoal de N\u00edvel Superior) aprovou o\u00a0 novo Programa atribuindo-lhe conceito quatro. Esse conceito foi mantido em\u00a0 dois tri\u00eanios consecutivos (2004-2009). No tri\u00eanio 2010-2012 esse conceito\u00a0 foi para tr\u00eas. No quadri\u00eanio (2012-2916) o conceito foi para quatro e no \u00faltimo\u00a0 quadri\u00eanio (2017-2020) recebeu o conceito cinco.\u00a0<\/p>\n\n<p style=\"text-align: justify;\">O PPGCO \u00e9 constitu\u00eddo por docentes de diferentes Departamentos da\u00a0 Faculdade de Medicina. A maioria deles \u00e9 do Departamento de Cirurgia e\u00a0 provenientes de diferentes \u00e1reas de atua\u00e7\u00e3o: Cirurgia Geral e do Aparelho\u00a0 Digestivo, Neurocirurgia, Cirurgia Vascular, Cirurgia Pedi\u00e1trica,\u00a0 Anestesiologia, Transplantes de \u00d3rg\u00e3os e Nutri\u00e7\u00e3o. Quatro docentes s\u00e3o do\u00a0 Departamento de Oftalmologia e Otorrinolaringologia, uma Infectologista \u00e9\u00a0 vinculada ao Departamento de Proped\u00eautica Complementar e um docente \u00e9\u00a0 da Ortopedia. Essa diversidade na origem de forma\u00e7\u00e3o \u00e9 importante para\u00a0 atender \u00e0 proposta do Programa quanto \u00e0 inser\u00e7\u00e3o em suas \u00c1reas de\u00a0 Concentra\u00e7\u00e3o e Linhas de Pesquisa.\u00a0\u00a0<\/p>\n\n<p style=\"text-align: justify;\">O Programa tem abrang\u00eancia multidisciplinar e agrega discentes de\u00a0 diferentes \u00e1reas de forma\u00e7\u00e3o: Medicina, Biomedicina, Fisioterapia,\u00a0Enfermagem, Ci\u00eancias Biol\u00f3gicas, Medicina Veterin\u00e1ria entre outras. O Programa atua na \u00e1rea da Sa\u00fade e envolve diversas modalidades\u00a0 cl\u00ednico-cir\u00fargicas. Pelo seu amplo n\u00edvel de abrang\u00eancia, desempenha\u00a0 relevante papel na forma\u00e7\u00e3o de recursos humanos contribuindo na forma\u00e7\u00e3o\u00a0 de docentes da pr\u00f3pria UFMG e de outras Institui\u00e7\u00f5es de Ensino Superior de\u00a0 Minas Gerais e do Brasil, seja como docente-pesquisador ou no exerc\u00edcio de\u00a0 cargos administrativos, criando novos centros de pesquisa e forma\u00e7\u00e3o de\u00a0 recursos humanos. As principais cidades onde se encontram egressos do\u00a0 Programa inseridos no mercado de trabalho s\u00e3o: Belo Horizonte, Assun\u00e7\u00e3o\u00a0 (Paraguai), Santa Cruz de la Sierra e La Paz (Bol\u00edvia), Bogot\u00e1 (Col\u00f4mbia),\u00a0 Quito (Equador), Toronto e Chicoutimi (Canad\u00e1), Pittsburgh (USA), Rio de\u00a0 Janeiro, S\u00e3o Paulo, Vit\u00f3ria (ES), Salvador, Recife, Teresina, Goi\u00e2nia, Bel\u00e9m\u00a0 (PA), Rio Grande (RS), Jo\u00e3o Pessoa, Taubat\u00e9, Vi\u00e7osa, Ouro Preto, Sete\u00a0 Lagoas, Diamantina, Governador Valadares, Montes Claros, S\u00e3o Jo\u00e3o Del\u00a0 Rei, Itajub\u00e1, Pouso Alegre, Lavras, Juiz de Fora, Barbacena, etc. Vale\u00a0 salientar que grande maioria do Corpo Docente do Departamento de Cirurgia\u00a0 da Faculdade de Medicina da UFMG e da Universidade Federal de Juiz de\u00a0 Fora foi titulada no PPGCO.\u00a0\u00a0<\/p>\n\n<p style=\"text-align: justify;\">O Programa desenvolve-se integrado a outros dez Programas do\u00a0 Centro de P\u00f3s-Gradua\u00e7\u00e3o da Faculdade de Medicina da UFMG e ao\u00a0 complexo hospitalar do Hospital das Cl\u00ednicas da UFMG (Campus da Sa\u00fade),\u00a0 contando com o suporte de s\u00f3lida infraestrutura para ensino e pesquisa\u00a0 experimental e cl\u00ednica. A proposta curricular \u00e9 constitu\u00edda por tr\u00eas \u00e1reas\u00a0 de concentra\u00e7\u00e3o e oito linhas de pesquisa. A grade curricular inclui 14 disciplinas de n\u00facleo central e dom\u00ednio conexo e 12 disciplinas de apoio \u00e0s\u00a0 linhas de pesquisa.\u00a0Entre 1974 a 2024 o PPG possui o total de 674 defesas, sendo 399 (58,19%) Mestrados e 275 (40,80%) Doutorados. O n\u00famero total de defesas\u00a0 conclu\u00eddas ao final do quadri\u00eanio (2021-2024) foi de 112, sendo 60 (53,57%)\u00a0 Mestrados e 52 (46,47%) Doutorados. A produ\u00e7\u00e3o intelectual do Programa\u00a0 elevou-se qualitativamente. Os docentes publicaram em peri\u00f3dicos\u00a0 internacionais de maior impacto. As metas do Programa est\u00e3o focadas na excel\u00eancia do Ensino e Pesquisa na P\u00f3s-Gradua\u00e7\u00e3o.<\/p>\n\t\t\t\t\t\t\t\t<\/div>\n\t\t\t\t<\/div>\n\t\t\t\t\t<\/div>\n\t\t\t\t<\/div>\n\t\t\t\t<\/div>\n\t\t","protected":false},"excerpt":{"rendered":"<p>A hist\u00f3ria deste Programa teve in\u00edcio em 1959, quando iniciou a\u00a0 Resid\u00eancia em Cirurgia Geral, no Servi\u00e7o de T\u00e9cnica Operat\u00f3ria e Cirurgia\u00a0 Experimental do HC-UFMG. Em 1969, foi aprovado o Curso de P\u00f3s gradua\u00e7\u00e3o, a n\u00edvel de Doutorado, pelo Conselho de P\u00f3s-Gradua\u00e7\u00e3o da\u00a0 UFMG. Em 1969, solicitou-se o seu credenciamento ao Conselho Federal de\u00a0 Educa\u00e7\u00e3o.\u00a0 [&hellip;]<\/p>\n","protected":false},"author":105,"featured_media":0,"parent":0,"menu_order":0,"comment_status":"closed","ping_status":"closed","template":"","meta":{"footnotes":""},"class_list":["post-1320","page","type-page","status-publish","hentry"],"_links":{"self":[{"href":"https:\/\/www.medicina.ufmg.br\/cpgcirurgiaoft\/wp-json\/wp\/v2\/pages\/1320","targetHints":{"allow":["GET"]}}],"collection":[{"href":"https:\/\/www.medicina.ufmg.br\/cpgcirurgiaoft\/wp-json\/wp\/v2\/pages"}],"about":[{"href":"https:\/\/www.medicina.ufmg.br\/cpgcirurgiaoft\/wp-json\/wp\/v2\/types\/page"}],"author":[{"embeddable":true,"href":"https:\/\/www.medicina.ufmg.br\/cpgcirurgiaoft\/wp-json\/wp\/v2\/users\/105"}],"replies":[{"embeddable":true,"href":"https:\/\/www.medicina.ufmg.br\/cpgcirurgiaoft\/wp-json\/wp\/v2\/comments?post=1320"}],"version-history":[{"count":4,"href":"https:\/\/www.medicina.ufmg.br\/cpgcirurgiaoft\/wp-json\/wp\/v2\/pages\/1320\/revisions"}],"predecessor-version":[{"id":1356,"href":"https:\/\/www.medicina.ufmg.br\/cpgcirurgiaoft\/wp-json\/wp\/v2\/pages\/1320\/revisions\/1356"}],"wp:attachment":[{"href":"https:\/\/www.medicina.ufmg.br\/cpgcirurgiaoft\/wp-json\/wp\/v2\/media?parent=1320"}],"curies":[{"name":"wp","href":"https:\/\/api.w.org\/{rel}","templated":true}]}}